{"id":44,"date":"2010-03-01T15:58:15","date_gmt":"2010-03-01T15:58:15","guid":{"rendered":"http:\/\/www.rakemonkey.com\/fr\/?page_id=44"},"modified":"2010-03-01T15:58:15","modified_gmt":"2010-03-01T15:58:15","slug":"cashback-vip-a-sun-poker","status":"publish","type":"page","link":"https:\/\/www.rakemonkey.com\/fr\/poker-reviews\/cashback-vip-a-sun-poker\/","title":{"rendered":"Cashback VIP \u00e0 Sun Poker"},"content":{"rendered":"<p>Sun Poker offre aux joueurs une grande vari\u00e9t\u00e9 de jeux de poker, une plate-forme impressionnante, des grandes promotions de poker, et 30.000 joueurs de poker pour tenter leurs talents durant la plus fr\u00e9quent\u00e9e partie de la journ\u00e9e.<\/p>\n<p>Sun Poker n&#8217;offre plus de rakeback, comme de nombreuses salles de poker en ligne r\u00e9cemment, le site s&#8217;est d\u00e9plac\u00e9, au lieu, vers le nouveau programme de \u2018cashback\u2019. Les programmes de cashback travaillent de la m\u00eame fa\u00e7on que les programmes de rakeback, cependant, ils sont diff\u00e9renci\u00e9s en fonction des programmes en grande partie sur la fid\u00e9lit\u00e9 des joueurs et le nombre de jeux que chaque joueur joue pour d\u00e9terminer des pourcentages de rakeback.<\/p>\n<h2><strong>D\u00e9tails sur le cashback VIP \u00e0 Sun Poker <\/strong><\/h2>\n<p>Le programme VIP de cashback de Sun Poker est un peu comme recevoir le rakeback par un contrat de rakeback ici \u00e0 Rake Monkey. La chose qui distingue vraiment le syst\u00e8me de cashback en dehors des programmes de rakeback de forme traditionnelle est que le programme VIP joue un r\u00f4le tr\u00e8s important dans la d\u00e9termination des montants rembours\u00e9s.<\/p>\n<p>Comme vous jouez, si vous choisissez de jouer en jeux d\u2019argent r\u00e9el ou tournois (y compris les tournois Sit N Go), vous gagnez des points VIP, ces points peuvent d\u00e9j\u00e0 \u00eatre \u00e9chang\u00e9s contre des esp\u00e8ces. Pour tous les 1000 points VIP, les joueurs peuvent acheter un jeton de poker de 1 $.<\/p>\n<p>En plus de cet avantage, les joueurs gagnent maintenant un pourcentage de leur rake globale. Chaque joueur est un membre de l&#8217;un des cinq clubs de fid\u00e9lit\u00e9 \u00e0 Sun Poker, Mars, Terre, V\u00e9nus, Mercure et bien s\u00fbr Soleil. Tous les joueurs commencent sur Mars, et faire leur chemin vers la chaleur du Soleil.<\/p>\n<p>Le montant de rakeback, ou excuse-moi, de cashback que chaque joueur va gagner, d\u00e9pendant de leur niveau de programme de fid\u00e9lisation est le suivant:<\/p>\n<ul>\n<li>Niveau de Mars &#8211; 15%<\/li>\n<li>Niveau de Earth &#8211; 22.5%<\/li>\n<li>Niveau de Venus &#8211; 25%<\/li>\n<li>Niveau de Mercury &#8211; 30%<\/li>\n<li>Niveau de Sun &#8211; 45%<\/li>\n<\/ul>\n<p>Pour passer du niveau de Mars aux plus payants niveaux, il vous suffit de jouer plus de poker (torture que nous connaissons). Chez Sun Poker, plus votre niveau augmente, plus vous gagnez des points, donc une fois que vous vous lancez, il devient beaucoup plus facile d&#8217;avancer.<\/p>\n<p>Si vous vous inscrivez par un lien ici, \u00e0 Rake Monkey, non seulement que vous gagnez cashback pour chaque main de poker que vous jouez, vous serez \u00e9galement autoris\u00e9 \u00e0 jouer \u00e0 des freerolls qui sont exclusivement \u00e0 la disposition des autres membres du m\u00eame niveau de fid\u00e9lit\u00e9 que vous appartiennent.<\/p>\n<p><strong>Retraits quotidiennement lorsque vous vous inscrivez d\u00e8s maintenant! <\/strong><\/p>\n<p>Si vous vous inscrivez \u00e0 un accord de cashback ici \u00e0 Rake Monkey, vous pourrez revenir ici chaque jour si vous le souhaitez et encaisser votre remboursement de rake de Sun Poker.<\/p>\n<h2><strong>Bonus de Sun Poker <\/strong><\/h2>\n<p>Si vous avez un tout nouveau compte de Sun Poker, Sun Poker vous donnera jusqu&#8217;\u00e0 500 $ en jetons de poker gratuits, correspondant \u00e0 votre premier d\u00e9p\u00f4t de 100%. Le bonus doit \u00eatre autoris\u00e9, toutefois, ce qu\u2019il signifie que vous ne pouvez pas d\u00e9poser seulement 500 $ et retirer quelques minutes plus tard 1000 $.<\/p>\n<p>L&#8217;argent est lib\u00e9r\u00e9 dans votre compte de joueur chez Sun Poker par incr\u00e9ments de 1 $, chaque fois que vous gagnez 1000 points, vous pouvez encaisser 1 $. Vous avez trois mois pour lib\u00e9rer les bonus, \u00e0 la fin des trois mois, le bonus est perdu.<\/p>\n<h2><strong>Options de d\u00e9p\u00f4t \u00e0 Sun Poker <\/strong><\/h2>\n<p>Ouvrir et financer votre compte \u00e0 Sun Poker est simple comme bonjour, \u00e0 moins bien s\u00fbr que vous soyez de provenance des \u00c9tats-Unis. Sun Poker n&#8217;accepte pas de d\u00e9p\u00f4ts de joueurs de poker des \u00c9tats-Unis, les joueurs des Etats peuvent essayer une salle avec un programme de cashback similaire telle que Bodog (LIEN, LIEN, LIEN!!!). Pour les joueurs de provenance du reste du monde, Sun Poker offre plusieurs m\u00e9thodes de paiement pour choisir, par exemple:<\/p>\n<ul>\n<li>Visa<\/li>\n<li>MasterCard<\/li>\n<li>MoneyBookers<\/li>\n<li>NETeller<\/li>\n<li>UKash<\/li>\n<li>Entropay<\/li>\n<li>Click2Pay<\/li>\n<li>PaySafeCard<\/li>\n<li>Wire Transfer<\/li>\n<li>Virement bancaire<\/li>\n<li>Delta<\/li>\n<\/ul>\n","protected":false},"excerpt":{"rendered":"<p>Sun Poker offre aux joueurs une grande vari\u00e9t\u00e9 de jeux de poker, une plate-forme impressionnante, des grandes promotions de poker, et 30.000 joueurs de poker pour tenter leurs talents durant la plus fr\u00e9quent\u00e9e partie de la journ\u00e9e. Sun Poker n&#8217;offre<a class=\"post-link\" href=\"https:\/\/www.rakemonkey.com\/fr\/poker-reviews\/cashback-vip-a-sun-poker\/\"> read more&#8230;<\/a><\/p>\n","protected":false},"author":9,"featured_media":0,"parent":209,"menu_order":0,"comment_status":"closed","ping_status":"open","template":"rm_review.php","meta":[],"acf":[],"yoast_head":"<!-- This site is optimized with the Yoast SEO plugin v19.6.1 - https:\/\/yoast.com\/wordpress\/plugins\/seo\/ -->\n<title>Sun Poker Cashback - 15% to 45% for French Players<\/title>\n<meta name=\"description\" content=\"Sun Poker n&#039;offre plus de rakeback, comme de nombreuses salles de poker en ligne r\u00e9cemment, le site s&#039;est d\u00e9plac\u00e9, au lieu, vers le nouveau programme de \u2018cashback\u2019.\" \/>\n<meta name=\"robots\" content=\"index, follow, max-snippet:-1, max-image-preview:large, max-video-preview:-1\" \/>\n<link rel=\"canonical\" href=\"https:\/\/www.rakemonkey.com\/fr\/poker-reviews\/cashback-vip-a-sun-poker\/\" \/>\n<meta property=\"og:locale\" content=\"en_US\" \/>\n<meta property=\"og:type\" content=\"article\" \/>\n<meta property=\"og:title\" content=\"Sun Poker Cashback - 15% to 45% for French Players\" \/>\n<meta property=\"og:description\" content=\"Sun Poker n&#039;offre plus de rakeback, comme de nombreuses salles de poker en ligne r\u00e9cemment, le site s&#039;est d\u00e9plac\u00e9, au lieu, vers le nouveau programme de \u2018cashback\u2019.\" \/>\n<meta property=\"og:url\" content=\"https:\/\/www.rakemonkey.com\/fr\/poker-reviews\/cashback-vip-a-sun-poker\/\" \/>\n<meta property=\"og:site_name\" content=\"RakeMonkey.com\" \/>\n<meta name=\"twitter:card\" content=\"summary\" \/>\n<meta name=\"twitter:label1\" content=\"Est. reading time\" \/>\n\t<meta name=\"twitter:data1\" content=\"3 minutes\" \/>\n<script type=\"application\/ld+json\" class=\"yoast-schema-graph\">{\"@context\":\"https:\/\/schema.org\",\"@graph\":[{\"@type\":\"WebPage\",\"@id\":\"https:\/\/www.rakemonkey.com\/fr\/poker-reviews\/cashback-vip-a-sun-poker\/\",\"url\":\"https:\/\/www.rakemonkey.com\/fr\/poker-reviews\/cashback-vip-a-sun-poker\/\",\"name\":\"Sun Poker Cashback - 15% to 45% for French Players\",\"isPartOf\":{\"@id\":\"https:\/\/www.rakemonkey.com\/fr\/#website\"},\"datePublished\":\"2010-03-01T15:58:15+00:00\",\"dateModified\":\"2010-03-01T15:58:15+00:00\",\"description\":\"Sun Poker n'offre plus de rakeback, comme de nombreuses salles de poker en ligne r\u00e9cemment, le site s'est d\u00e9plac\u00e9, au lieu, vers le nouveau programme de \u2018cashback\u2019.\",\"breadcrumb\":{\"@id\":\"https:\/\/www.rakemonkey.com\/fr\/poker-reviews\/cashback-vip-a-sun-poker\/#breadcrumb\"},\"inLanguage\":\"en-US\",\"potentialAction\":[{\"@type\":\"ReadAction\",\"target\":[\"https:\/\/www.rakemonkey.com\/fr\/poker-reviews\/cashback-vip-a-sun-poker\/\"]}]},{\"@type\":\"BreadcrumbList\",\"@id\":\"https:\/\/www.rakemonkey.com\/fr\/poker-reviews\/cashback-vip-a-sun-poker\/#breadcrumb\",\"itemListElement\":[{\"@type\":\"ListItem\",\"position\":1,\"name\":\"Home\",\"item\":\"https:\/\/www.rakemonkey.com\/fr\/\"},{\"@type\":\"ListItem\",\"position\":2,\"name\":\"Poker Reviews\",\"item\":\"https:\/\/www.rakemonkey.com\/fr\/poker-reviews\/\"},{\"@type\":\"ListItem\",\"position\":3,\"name\":\"Cashback VIP \u00e0 Sun Poker\"}]},{\"@type\":\"WebSite\",\"@id\":\"https:\/\/www.rakemonkey.com\/fr\/#website\",\"url\":\"https:\/\/www.rakemonkey.com\/fr\/\",\"name\":\"RakeMonkey.com\",\"description\":\"\",\"potentialAction\":[{\"@type\":\"SearchAction\",\"target\":{\"@type\":\"EntryPoint\",\"urlTemplate\":\"https:\/\/www.rakemonkey.com\/fr\/?s={search_term_string}\"},\"query-input\":\"required name=search_term_string\"}],\"inLanguage\":\"en-US\"}]}<\/script>\n<!-- \/ Yoast SEO plugin. -->","yoast_head_json":{"title":"Sun Poker Cashback - 15% to 45% for French Players","description":"Sun Poker n'offre plus de rakeback, comme de nombreuses salles de poker en ligne r\u00e9cemment, le site s'est d\u00e9plac\u00e9, au lieu, vers le nouveau programme de \u2018cashback\u2019.","robots":{"index":"index","follow":"follow","max-snippet":"max-snippet:-1","max-image-preview":"max-image-preview:large","max-video-preview":"max-video-preview:-1"},"canonical":"https:\/\/www.rakemonkey.com\/fr\/poker-reviews\/cashback-vip-a-sun-poker\/","og_locale":"en_US","og_type":"article","og_title":"Sun Poker Cashback - 15% to 45% for French Players","og_description":"Sun Poker n'offre plus de rakeback, comme de nombreuses salles de poker en ligne r\u00e9cemment, le site s'est d\u00e9plac\u00e9, au lieu, vers le nouveau programme de \u2018cashback\u2019.","og_url":"https:\/\/www.rakemonkey.com\/fr\/poker-reviews\/cashback-vip-a-sun-poker\/","og_site_name":"RakeMonkey.com","twitter_card":"summary","twitter_misc":{"Est. reading time":"3 minutes"},"schema":{"@context":"https:\/\/schema.org","@graph":[{"@type":"WebPage","@id":"https:\/\/www.rakemonkey.com\/fr\/poker-reviews\/cashback-vip-a-sun-poker\/","url":"https:\/\/www.rakemonkey.com\/fr\/poker-reviews\/cashback-vip-a-sun-poker\/","name":"Sun Poker Cashback - 15% to 45% for French Players","isPartOf":{"@id":"https:\/\/www.rakemonkey.com\/fr\/#website"},"datePublished":"2010-03-01T15:58:15+00:00","dateModified":"2010-03-01T15:58:15+00:00","description":"Sun Poker n'offre plus de rakeback, comme de nombreuses salles de poker en ligne r\u00e9cemment, le site s'est d\u00e9plac\u00e9, au lieu, vers le nouveau programme de \u2018cashback\u2019.","breadcrumb":{"@id":"https:\/\/www.rakemonkey.com\/fr\/poker-reviews\/cashback-vip-a-sun-poker\/#breadcrumb"},"inLanguage":"en-US","potentialAction":[{"@type":"ReadAction","target":["https:\/\/www.rakemonkey.com\/fr\/poker-reviews\/cashback-vip-a-sun-poker\/"]}]},{"@type":"BreadcrumbList","@id":"https:\/\/www.rakemonkey.com\/fr\/poker-reviews\/cashback-vip-a-sun-poker\/#breadcrumb","itemListElement":[{"@type":"ListItem","position":1,"name":"Home","item":"https:\/\/www.rakemonkey.com\/fr\/"},{"@type":"ListItem","position":2,"name":"Poker Reviews","item":"https:\/\/www.rakemonkey.com\/fr\/poker-reviews\/"},{"@type":"ListItem","position":3,"name":"Cashback VIP \u00e0 Sun Poker"}]},{"@type":"WebSite","@id":"https:\/\/www.rakemonkey.com\/fr\/#website","url":"https:\/\/www.rakemonkey.com\/fr\/","name":"RakeMonkey.com","description":"","potentialAction":[{"@type":"SearchAction","target":{"@type":"EntryPoint","urlTemplate":"https:\/\/www.rakemonkey.com\/fr\/?s={search_term_string}"},"query-input":"required name=search_term_string"}],"inLanguage":"en-US"}]}},"_links":{"self":[{"href":"https:\/\/www.rakemonkey.com\/fr\/wp-json\/wp\/v2\/pages\/44"}],"collection":[{"href":"https:\/\/www.rakemonkey.com\/fr\/wp-json\/wp\/v2\/pages"}],"about":[{"href":"https:\/\/www.rakemonkey.com\/fr\/wp-json\/wp\/v2\/types\/page"}],"author":[{"embeddable":true,"href":"https:\/\/www.rakemonkey.com\/fr\/wp-json\/wp\/v2\/users\/9"}],"replies":[{"embeddable":true,"href":"https:\/\/www.rakemonkey.com\/fr\/wp-json\/wp\/v2\/comments?post=44"}],"version-history":[{"count":0,"href":"https:\/\/www.rakemonkey.com\/fr\/wp-json\/wp\/v2\/pages\/44\/revisions"}],"up":[{"embeddable":true,"href":"https:\/\/www.rakemonkey.com\/fr\/wp-json\/wp\/v2\/pages\/209"}],"wp:attachment":[{"href":"https:\/\/www.rakemonkey.com\/fr\/wp-json\/wp\/v2\/media?parent=44"}],"curies":[{"name":"wp","href":"https:\/\/api.w.org\/{rel}","templated":true}]}}