{"id":46,"date":"2010-03-01T16:04:23","date_gmt":"2010-03-01T16:04:23","guid":{"rendered":"http:\/\/www.rakemonkey.com\/fr\/?page_id=46"},"modified":"2017-08-03T01:12:20","modified_gmt":"2017-08-03T01:12:20","slug":"vip-cashback-a-bodog-poker","status":"publish","type":"page","link":"https:\/\/www.rakemonkey.com\/fr\/poker-reviews\/vip-cashback-a-bodog-poker\/","title":{"rendered":"VIP Cashback \u00e0 Bodog Poker"},"content":{"rendered":"<p><strong>Bodog Poker<\/strong> est une division de l&#8217;un des plus anciens groupes de jeux d&#8217;argent en ligne sur l&#8217;Internet, qui remonte \u00e0 1994. Bodog Poker s\u2019a toujours tenu \u00e0 l&#8217;\u00e9cart de la foule. La salle de poker en ligne a commenc\u00e9 \u00e0 elle seule, sans l&#8217;utilisation de tout autre r\u00e9seau, et depuis a maintenu le statut de propri\u00e9taire. Bodog a \u00e9galement \u00e9t\u00e9 engag\u00e9 \u00e0 l&#8217;acceptation des joueurs des \u00c9tats-Unis, faisant tout pour assurer que les joueurs de poker en ligne am\u00e9ricains sont toujours les bienvenus.<\/p>\n<p>Bodog Poker a un programme continu de tournoi et la vari\u00e9t\u00e9 habituelle de jeux. Au point de vue promotionnel, il y a beaucoup \u00e0 offrir pour attirer de nouveaux joueurs et pour encourager la loyaut\u00e9 des membres existants. Les nouveaux membres re\u00e7oivent un bonus de bienvenue de 110% jusqu&#8217;\u00e0 500 $, avec les premiers 10% r\u00e9compens\u00e9s d\u00e8s le d\u00e9but. Gr\u00e2ce \u00e0 ce site web, vous pouvez aussi vous faire un contrat fantastique de remboursement \u00a0du rake de Bodog Poker.<\/p>\n<h2><strong>D\u00e9tails de rakeback \u00e0 Bodog Poker <\/strong><\/h2>\n<p>Laissez-nous commencer par dire qu&#8217;il n&#8217;y a pas de rakeback traditionnel \u00e0 Bodog. L&#8217;entente que nous avons avec la salle de poker en ligne indique que nous devons le dire clairement &#8211; ce n&#8217;est pas, par d\u00e9finition, une offre de rakeback sur Bodog Poker. Cela dit, que nous expliquons comment fonctionne le programme de remboursement du rake sur Bodog, car il est tout aussi valable, sinon plus, que le rakeback.<\/p>\n<p>Bodog Poker distribue des points chaque fois que vous jouez pour de l&#8217;argent r\u00e9el, dans les jeux en anneau et tournois. Ces points sont attribu\u00e9s sur les m\u00eames directives que le rakeback. Mais \u00e0 Bodog, au lieu d\u2019obtenir du rakeback direct, les joueurs peuvent \u00e9changer les points contre des esp\u00e8ces.<\/p>\n<h2><strong>Points de rakeback \u00e0 Bodog Rakeback &amp; Taux de conversion<\/strong><\/h2>\n<p>Nos joueurs gagneront des points de poker de Bodog Poker chaque fois qu&#8217;ils participent \u00e0 un jeu en anneau soumis au rake. Les points attribu\u00e9s d\u00e9pendent de la taille du rake, allant de 0,1 \u00e0 1 point par main, selon la structure ci-dessous.<\/p>\n<p>Rake\u00a0\u00a0\u00a0 \u00a0\u00a0\u00a0 | Points<br \/>\n$0.5 &#8211; $0.20\u00a0\u00a0\u00a0 | 0.1<br \/>\n$0.25 &#8211; $0.45\u00a0\u00a0\u00a0 | 0.25<br \/>\n$0.50 &#8211; $0.95\u00a0\u00a0\u00a0 | 0.5<br \/>\n$1.00 &#8211; $3.00\u00a0\u00a0\u00a0 | 1<\/p>\n<p>Tout comme le rakeback de tournoi standard, Bodog Poker attribue ces m\u00eames points \u00e0 chaque fois que vous payez des frais de tournoi. Chaque 1 $ pay\u00e9 en frais d&#8217;inscription attribue au joueur 3 points de poker.<\/p>\n<p>Le taux de conversion des points \u00e0 des liquidit\u00e9s est de 5 $ pour chaque tranche de 500 points. Il s&#8217;agit du nombre minimum de points qui peut \u00eatre converti en une fois. La conversion, au maximum, pendant la p\u00e9riode de 30 jours est de 25.000 points, une valeur de 2500 $.<\/p>\n<p>Comme vous pouvez le voir, comme toute offre de rakeback du march\u00e9 traditionnel de poker en ligne, Bodog Poker est en mesure de r\u00e9compenser nos joueurs avec un programme tr\u00e8s similaire et de grande valeur &#8211; m\u00eame si nous ne pouvons plus vraiment l&#8217;appeler rakeback de Bodog \ud83d\ude42<\/p>\n<h2><strong>Bonus de Bodog Poker &amp; D\u00e9ductions<\/strong><\/h2>\n<p>Bodog Poker a l&#8217;un des bonus de bienvenue les plus intrigants, en accordant aux nouveaux joueurs de 110% jusqu&#8217;\u00e0 $ 500 en jetons de poker gratuit. La partie int\u00e9ressante est que 10% suppl\u00e9mentaires ne sont pas vir\u00e9s sur le typique de 100%. Bodog Poker offre \u00e0 ses nouveaux joueurs les premiers 10% de bonus \u00e0 l&#8217;avance, d\u00e9pos\u00e9s instantan\u00e9ment sur le compte du joueur, disponibles pour une utilisation imm\u00e9diate sur les tables de poker. Le reste du bonus doit \u00eatre lib\u00e9r\u00e9 dans la fa\u00e7on habituelle.<\/p>\n<p>Bodog Poker ne d\u00e9duit pas de bonus \u00e0 partir de votre MGR (Revenu brut mensuel).<\/p>\n<h2><strong>D\u00e9p\u00f4t \u00e0 Bodog Poker &amp; Acceptation du joueur<\/strong><\/h2>\n<p>Bodog Poker n&#8217;accepte pas les modes de paiement multiples, mais celles qui sont pr\u00e9vues sont extr\u00eamement s\u00fbres et facilement accessibles \u00e0 tous les joueurs, en particulier ceux des \u00c9tats-Unis.<\/p>\n<p>Modes de paiement: eChecks instantan\u00e9s (PLUS POPULAIRE), Visa, MasterCard et eWalletXpress.<\/p>\n","protected":false},"excerpt":{"rendered":"<p>Bodog Poker est une division de l&#8217;un des plus anciens groupes de jeux d&#8217;argent en ligne sur l&#8217;Internet, qui remonte \u00e0 1994. Bodog Poker s\u2019a toujours tenu \u00e0 l&#8217;\u00e9cart de la foule. La salle de poker en ligne a commenc\u00e9<a class=\"post-link\" href=\"https:\/\/www.rakemonkey.com\/fr\/poker-reviews\/vip-cashback-a-bodog-poker\/\"> read more&#8230;<\/a><\/p>\n","protected":false},"author":9,"featured_media":0,"parent":209,"menu_order":0,"comment_status":"closed","ping_status":"open","template":"rm_review.php","meta":[],"acf":[],"yoast_head":"<!-- This site is optimized with the Yoast SEO plugin v19.6.1 - https:\/\/yoast.com\/wordpress\/plugins\/seo\/ -->\n<title>Bodog Poker Cashback - 110% jusqu\u2019\u00e0 $500<\/title>\n<meta name=\"description\" content=\"Gagnez des points des joueurs et obtenir votre rakeback \u00e9quivalent en esp\u00e8ces de forme arri\u00e8re droite de notre part.\" \/>\n<meta name=\"robots\" content=\"index, follow, max-snippet:-1, max-image-preview:large, max-video-preview:-1\" \/>\n<link rel=\"canonical\" href=\"https:\/\/www.rakemonkey.com\/fr\/poker-reviews\/vip-cashback-a-bodog-poker\/\" \/>\n<meta property=\"og:locale\" content=\"en_US\" \/>\n<meta property=\"og:type\" content=\"article\" \/>\n<meta property=\"og:title\" content=\"Bodog Poker Cashback - 110% jusqu\u2019\u00e0 $500\" \/>\n<meta property=\"og:description\" content=\"Gagnez des points des joueurs et obtenir votre rakeback \u00e9quivalent en esp\u00e8ces de forme arri\u00e8re droite de notre part.\" \/>\n<meta property=\"og:url\" content=\"https:\/\/www.rakemonkey.com\/fr\/poker-reviews\/vip-cashback-a-bodog-poker\/\" \/>\n<meta property=\"og:site_name\" content=\"RakeMonkey.com\" \/>\n<meta property=\"article:modified_time\" content=\"2017-08-03T01:12:20+00:00\" \/>\n<meta name=\"twitter:card\" content=\"summary\" \/>\n<meta name=\"twitter:label1\" content=\"Est. reading time\" \/>\n\t<meta name=\"twitter:data1\" content=\"3 minutes\" \/>\n<script type=\"application\/ld+json\" class=\"yoast-schema-graph\">{\"@context\":\"https:\/\/schema.org\",\"@graph\":[{\"@type\":\"WebPage\",\"@id\":\"https:\/\/www.rakemonkey.com\/fr\/poker-reviews\/vip-cashback-a-bodog-poker\/\",\"url\":\"https:\/\/www.rakemonkey.com\/fr\/poker-reviews\/vip-cashback-a-bodog-poker\/\",\"name\":\"Bodog Poker Cashback - 110% jusqu\u2019\u00e0 $500\",\"isPartOf\":{\"@id\":\"https:\/\/www.rakemonkey.com\/fr\/#website\"},\"datePublished\":\"2010-03-01T16:04:23+00:00\",\"dateModified\":\"2017-08-03T01:12:20+00:00\",\"description\":\"Gagnez des points des joueurs et obtenir votre rakeback \u00e9quivalent en esp\u00e8ces de forme arri\u00e8re droite de notre part.\",\"breadcrumb\":{\"@id\":\"https:\/\/www.rakemonkey.com\/fr\/poker-reviews\/vip-cashback-a-bodog-poker\/#breadcrumb\"},\"inLanguage\":\"en-US\",\"potentialAction\":[{\"@type\":\"ReadAction\",\"target\":[\"https:\/\/www.rakemonkey.com\/fr\/poker-reviews\/vip-cashback-a-bodog-poker\/\"]}]},{\"@type\":\"BreadcrumbList\",\"@id\":\"https:\/\/www.rakemonkey.com\/fr\/poker-reviews\/vip-cashback-a-bodog-poker\/#breadcrumb\",\"itemListElement\":[{\"@type\":\"ListItem\",\"position\":1,\"name\":\"Home\",\"item\":\"https:\/\/www.rakemonkey.com\/fr\/\"},{\"@type\":\"ListItem\",\"position\":2,\"name\":\"Poker Reviews\",\"item\":\"https:\/\/www.rakemonkey.com\/fr\/poker-reviews\/\"},{\"@type\":\"ListItem\",\"position\":3,\"name\":\"VIP Cashback \u00e0 Bodog Poker\"}]},{\"@type\":\"WebSite\",\"@id\":\"https:\/\/www.rakemonkey.com\/fr\/#website\",\"url\":\"https:\/\/www.rakemonkey.com\/fr\/\",\"name\":\"RakeMonkey.com\",\"description\":\"\",\"potentialAction\":[{\"@type\":\"SearchAction\",\"target\":{\"@type\":\"EntryPoint\",\"urlTemplate\":\"https:\/\/www.rakemonkey.com\/fr\/?s={search_term_string}\"},\"query-input\":\"required name=search_term_string\"}],\"inLanguage\":\"en-US\"}]}<\/script>\n<!-- \/ Yoast SEO plugin. -->","yoast_head_json":{"title":"Bodog Poker Cashback - 110% jusqu\u2019\u00e0 $500","description":"Gagnez des points des joueurs et obtenir votre rakeback \u00e9quivalent en esp\u00e8ces de forme arri\u00e8re droite de notre part.","robots":{"index":"index","follow":"follow","max-snippet":"max-snippet:-1","max-image-preview":"max-image-preview:large","max-video-preview":"max-video-preview:-1"},"canonical":"https:\/\/www.rakemonkey.com\/fr\/poker-reviews\/vip-cashback-a-bodog-poker\/","og_locale":"en_US","og_type":"article","og_title":"Bodog Poker Cashback - 110% jusqu\u2019\u00e0 $500","og_description":"Gagnez des points des joueurs et obtenir votre rakeback \u00e9quivalent en esp\u00e8ces de forme arri\u00e8re droite de notre part.","og_url":"https:\/\/www.rakemonkey.com\/fr\/poker-reviews\/vip-cashback-a-bodog-poker\/","og_site_name":"RakeMonkey.com","article_modified_time":"2017-08-03T01:12:20+00:00","twitter_card":"summary","twitter_misc":{"Est. reading time":"3 minutes"},"schema":{"@context":"https:\/\/schema.org","@graph":[{"@type":"WebPage","@id":"https:\/\/www.rakemonkey.com\/fr\/poker-reviews\/vip-cashback-a-bodog-poker\/","url":"https:\/\/www.rakemonkey.com\/fr\/poker-reviews\/vip-cashback-a-bodog-poker\/","name":"Bodog Poker Cashback - 110% jusqu\u2019\u00e0 $500","isPartOf":{"@id":"https:\/\/www.rakemonkey.com\/fr\/#website"},"datePublished":"2010-03-01T16:04:23+00:00","dateModified":"2017-08-03T01:12:20+00:00","description":"Gagnez des points des joueurs et obtenir votre rakeback \u00e9quivalent en esp\u00e8ces de forme arri\u00e8re droite de notre part.","breadcrumb":{"@id":"https:\/\/www.rakemonkey.com\/fr\/poker-reviews\/vip-cashback-a-bodog-poker\/#breadcrumb"},"inLanguage":"en-US","potentialAction":[{"@type":"ReadAction","target":["https:\/\/www.rakemonkey.com\/fr\/poker-reviews\/vip-cashback-a-bodog-poker\/"]}]},{"@type":"BreadcrumbList","@id":"https:\/\/www.rakemonkey.com\/fr\/poker-reviews\/vip-cashback-a-bodog-poker\/#breadcrumb","itemListElement":[{"@type":"ListItem","position":1,"name":"Home","item":"https:\/\/www.rakemonkey.com\/fr\/"},{"@type":"ListItem","position":2,"name":"Poker Reviews","item":"https:\/\/www.rakemonkey.com\/fr\/poker-reviews\/"},{"@type":"ListItem","position":3,"name":"VIP Cashback \u00e0 Bodog Poker"}]},{"@type":"WebSite","@id":"https:\/\/www.rakemonkey.com\/fr\/#website","url":"https:\/\/www.rakemonkey.com\/fr\/","name":"RakeMonkey.com","description":"","potentialAction":[{"@type":"SearchAction","target":{"@type":"EntryPoint","urlTemplate":"https:\/\/www.rakemonkey.com\/fr\/?s={search_term_string}"},"query-input":"required name=search_term_string"}],"inLanguage":"en-US"}]}},"_links":{"self":[{"href":"https:\/\/www.rakemonkey.com\/fr\/wp-json\/wp\/v2\/pages\/46"}],"collection":[{"href":"https:\/\/www.rakemonkey.com\/fr\/wp-json\/wp\/v2\/pages"}],"about":[{"href":"https:\/\/www.rakemonkey.com\/fr\/wp-json\/wp\/v2\/types\/page"}],"author":[{"embeddable":true,"href":"https:\/\/www.rakemonkey.com\/fr\/wp-json\/wp\/v2\/users\/9"}],"replies":[{"embeddable":true,"href":"https:\/\/www.rakemonkey.com\/fr\/wp-json\/wp\/v2\/comments?post=46"}],"version-history":[{"count":0,"href":"https:\/\/www.rakemonkey.com\/fr\/wp-json\/wp\/v2\/pages\/46\/revisions"}],"up":[{"embeddable":true,"href":"https:\/\/www.rakemonkey.com\/fr\/wp-json\/wp\/v2\/pages\/209"}],"wp:attachment":[{"href":"https:\/\/www.rakemonkey.com\/fr\/wp-json\/wp\/v2\/media?parent=46"}],"curies":[{"name":"wp","href":"https:\/\/api.w.org\/{rel}","templated":true}]}}