{"id":48,"date":"2010-03-01T16:12:06","date_gmt":"2010-03-01T16:12:06","guid":{"rendered":"http:\/\/www.rakemonkey.com\/fr\/?page_id=48"},"modified":"2010-03-01T16:12:06","modified_gmt":"2010-03-01T16:12:06","slug":"rakeback-a-betfair-poker","status":"publish","type":"page","link":"https:\/\/www.rakemonkey.com\/fr\/poker-reviews\/rakeback-a-betfair-poker\/","title":{"rendered":"Rakeback \u00e0 Betfair Poker"},"content":{"rendered":"<p>Lanc\u00e9 \u00e0 l&#8217;origine en 1999 comme op\u00e9rateur de paris sportifs en ligne, <strong>Betfair <\/strong>a rapidement \u00e9largi ses services pour y inclure une salle de poker en ligne et de casino. Betfair Poker s&#8217;appuie sur ses propres prouesses, et d&#8217;attirer et de fid\u00e9liser les joueurs, en choisissant de ne pas devenir une partie de tout autre r\u00e9seau ou partager sa base de joueurs. Avec l&#8217;un des services de jeux en ligne les plus populaires de toute l&#8217;Europe, remportant le Queen&#8217;s Award pour la qualit\u00e9, Betfair Poker a quelque chose pour tous &#8211; une plate-forme logicielle forte, un programme du tournoi de valeur, une bonne vari\u00e9t\u00e9 de jeux et des promotions lucratives.<\/p>\n<p>Betfair Poker accueille tous les nouveaux membres avec un gros bonus jusqu&#8217;\u00e0 500 $, ind\u00e9pendamment du montant du d\u00e9p\u00f4t initial du joueur. Ce bonus exceptionnel peut valoir autant ou aussi peu, que le joueur choisit. Plus s\u00e9rieux vous \u00eates sur votre jeu de poker en ligne, plus vous pouvez vous attendre \u00e0 gagner. Lorsque vous vous inscrivez \u00e0 Betfair Poker par ce site Web, vous n&#8217;obtenez pas que ce bonus de bienvenue, mais aussi une offre de rakeback sur Betfair qui vaut 30-40% de rakeback.<\/p>\n<h2><strong>D\u00e9tails de rakeback \u00e0 Betfair Poker<\/strong><\/h2>\n<p>Le programme de rakeback de Betfair est unique dans le sens qu\u2019il est progressivement r\u00e9compensant pour tous les types de joueurs, du l&#8217;occasionnel au plus s\u00e9rieux. En appliquant la m\u00e9thode contribu\u00e9e de calcul du rakeback, les joueurs peuvent gagner n&#8217;importe o\u00f9 de 30-40% rakeback sur Betfair Poker.<\/p>\n<p>Le rakeback contribu\u00e9 est l&#8217;une des formes les plus rares de rakeback trouv\u00e9e ces jours. Pour le rakeback contribu\u00e9, un joueur est tenu de faire une contribution au pot, cependant, la plus part de la contribution n&#8217;a pas d&#8217;importance. Il s&#8217;agit d&#8217;un calcul de la contribution moyenne. Les joueurs gagnent le m\u00eame montant de rakeback s&#8217;ils mettent un jeton de poker unique ou 50% du total des jetons dans le pot.<\/p>\n<p>Le montant de rakeback de Betfair que vous gagnez d\u00e9pend de la quantit\u00e9 de points de joueur que vous gagnez en un mois du calendaire. Ceux qui accumulent entre 1 et 29.999 points recevront 30% de rakeback sur Betfair. Collectant une quantit\u00e9 sup\u00e9rieure \u00e0 30.000 points en un mois augmente votre rakeback sur Betfair \u00e0 40%.<\/p>\n<h2><strong>Paiements de rakeback \u00e0 Betfair Poker<\/strong><\/h2>\n<p>Typiquement, le rakeback \u00e0 Betfair Poker est pay\u00e9 toutes les deux semaines, le 1er et le 15 de chaque mois &#8211; Toutefois, une fois que vous vous inscrivez et vous vous connectez \u00e0 un compte ici, \u00e0 RakeMonkey, vous \u00eates capable d&#8217;encaisser tous les jours quand vous d\u00e9sirez. Tous les paiements sont dirig\u00e9s directement sur votre compte de poker de Betfair.<\/p>\n<h3><strong>Bonus &amp; d\u00e9ductions \u00e0 Betfair Poker Bonus <\/strong><\/h3>\n<p>Lorsque vous effectuez votre premier d\u00e9p\u00f4t sur Betfair Poker, il n&#8217;y a pas de pourcentage en fonction de correspondance qui r\u00e9git votre bonus de bienvenue. Si vous d\u00e9posez 25 $ ou 250 $, vous pouvez encore gagner jusqu&#8217;\u00e0 500 \u20ac en jetons de poker gratuits. Le montant de votre bonus est tributaire de votre accumulation de points sur les 60 premiers jours.<\/p>\n<p>La collecte de 400 points de poker lib\u00e9rera automatiquement 10 $ du bonus. Continuez \u00e0 gagner autant de points que vous pouvez, jusqu&#8217;\u00e0 la concurrence de 20.000 \u00e0 effacer le plus grand bonus possible de 500 $.<\/p>\n<p>Betfair Poker aura une d\u00e9duction de bonus gagn\u00e9 du votre MGR (Revenu brut mensuel) avant le calcul de rakeback.<\/p>\n<h2><strong>D\u00e9p\u00f4ts &amp; acceptation du sur Betfair Poker<\/strong><\/h2>\n<p>Betfair Poker fournit un vaste assortiment de syst\u00e8mes de paiement s\u00e9curis\u00e9s \u00e0 choisir. Notez que les joueurs am\u00e9ricains ne sont pas autoris\u00e9s.<\/p>\n<p>Modes de paiement: Visa, MasterCard, Visa Electron, Visa Delta, Maestro, Laser, Solo, EntroPay, NETeller, Moneybookers, PayPal, ClickandBuy, POLI, BPAY, 8 Pay, Western Union, Virement bancaire, Virement bancaire Express et Check \/ Ch\u00e8que.<\/p>\n","protected":false},"excerpt":{"rendered":"<p>Lanc\u00e9 \u00e0 l&#8217;origine en 1999 comme op\u00e9rateur de paris sportifs en ligne, Betfair a rapidement \u00e9largi ses services pour y inclure une salle de poker en ligne et de casino. Betfair Poker s&#8217;appuie sur ses propres prouesses, et d&#8217;attirer et<a class=\"post-link\" href=\"https:\/\/www.rakemonkey.com\/fr\/poker-reviews\/rakeback-a-betfair-poker\/\"> read more&#8230;<\/a><\/p>\n","protected":false},"author":9,"featured_media":0,"parent":209,"menu_order":0,"comment_status":"closed","ping_status":"open","template":"rm_review.php","meta":[],"acf":[],"yoast_head":"<!-- This site is optimized with the Yoast SEO plugin v19.6.1 - https:\/\/yoast.com\/wordpress\/plugins\/seo\/ -->\n<title>30% to 40% Betfair Rakeback - Top French Poker Room<\/title>\n<meta name=\"description\" content=\"Encaisser tous les jours \u00e0 RakeMonkey.com lorsque vous t\u00e9l\u00e9chargez et se d\u00e9poser sur votre nouveau compte sur Betfair Poker. Gagnez jusqu&#039;\u00e0 500 $ en bonus sur le dessus de 30-40% de rakeback!\" \/>\n<meta name=\"robots\" content=\"index, follow, max-snippet:-1, max-image-preview:large, max-video-preview:-1\" \/>\n<link rel=\"canonical\" href=\"https:\/\/www.rakemonkey.com\/fr\/poker-reviews\/rakeback-a-betfair-poker\/\" \/>\n<meta property=\"og:locale\" content=\"en_US\" \/>\n<meta property=\"og:type\" content=\"article\" \/>\n<meta property=\"og:title\" content=\"30% to 40% Betfair Rakeback - Top French Poker Room\" \/>\n<meta property=\"og:description\" content=\"Encaisser tous les jours \u00e0 RakeMonkey.com lorsque vous t\u00e9l\u00e9chargez et se d\u00e9poser sur votre nouveau compte sur Betfair Poker. Gagnez jusqu&#039;\u00e0 500 $ en bonus sur le dessus de 30-40% de rakeback!\" \/>\n<meta property=\"og:url\" content=\"https:\/\/www.rakemonkey.com\/fr\/poker-reviews\/rakeback-a-betfair-poker\/\" \/>\n<meta property=\"og:site_name\" content=\"RakeMonkey.com\" \/>\n<meta name=\"twitter:card\" content=\"summary\" \/>\n<meta name=\"twitter:label1\" content=\"Est. reading time\" \/>\n\t<meta name=\"twitter:data1\" content=\"3 minutes\" \/>\n<script type=\"application\/ld+json\" class=\"yoast-schema-graph\">{\"@context\":\"https:\/\/schema.org\",\"@graph\":[{\"@type\":\"WebPage\",\"@id\":\"https:\/\/www.rakemonkey.com\/fr\/poker-reviews\/rakeback-a-betfair-poker\/\",\"url\":\"https:\/\/www.rakemonkey.com\/fr\/poker-reviews\/rakeback-a-betfair-poker\/\",\"name\":\"30% to 40% Betfair Rakeback - Top French Poker Room\",\"isPartOf\":{\"@id\":\"https:\/\/www.rakemonkey.com\/fr\/#website\"},\"datePublished\":\"2010-03-01T16:12:06+00:00\",\"dateModified\":\"2010-03-01T16:12:06+00:00\",\"description\":\"Encaisser tous les jours \u00e0 RakeMonkey.com lorsque vous t\u00e9l\u00e9chargez et se d\u00e9poser sur votre nouveau compte sur Betfair Poker. Gagnez jusqu'\u00e0 500 $ en bonus sur le dessus de 30-40% de rakeback!\",\"breadcrumb\":{\"@id\":\"https:\/\/www.rakemonkey.com\/fr\/poker-reviews\/rakeback-a-betfair-poker\/#breadcrumb\"},\"inLanguage\":\"en-US\",\"potentialAction\":[{\"@type\":\"ReadAction\",\"target\":[\"https:\/\/www.rakemonkey.com\/fr\/poker-reviews\/rakeback-a-betfair-poker\/\"]}]},{\"@type\":\"BreadcrumbList\",\"@id\":\"https:\/\/www.rakemonkey.com\/fr\/poker-reviews\/rakeback-a-betfair-poker\/#breadcrumb\",\"itemListElement\":[{\"@type\":\"ListItem\",\"position\":1,\"name\":\"Home\",\"item\":\"https:\/\/www.rakemonkey.com\/fr\/\"},{\"@type\":\"ListItem\",\"position\":2,\"name\":\"Poker Reviews\",\"item\":\"https:\/\/www.rakemonkey.com\/fr\/poker-reviews\/\"},{\"@type\":\"ListItem\",\"position\":3,\"name\":\"Rakeback \u00e0 Betfair Poker\"}]},{\"@type\":\"WebSite\",\"@id\":\"https:\/\/www.rakemonkey.com\/fr\/#website\",\"url\":\"https:\/\/www.rakemonkey.com\/fr\/\",\"name\":\"RakeMonkey.com\",\"description\":\"\",\"potentialAction\":[{\"@type\":\"SearchAction\",\"target\":{\"@type\":\"EntryPoint\",\"urlTemplate\":\"https:\/\/www.rakemonkey.com\/fr\/?s={search_term_string}\"},\"query-input\":\"required name=search_term_string\"}],\"inLanguage\":\"en-US\"}]}<\/script>\n<!-- \/ Yoast SEO plugin. -->","yoast_head_json":{"title":"30% to 40% Betfair Rakeback - Top French Poker Room","description":"Encaisser tous les jours \u00e0 RakeMonkey.com lorsque vous t\u00e9l\u00e9chargez et se d\u00e9poser sur votre nouveau compte sur Betfair Poker. Gagnez jusqu'\u00e0 500 $ en bonus sur le dessus de 30-40% de rakeback!","robots":{"index":"index","follow":"follow","max-snippet":"max-snippet:-1","max-image-preview":"max-image-preview:large","max-video-preview":"max-video-preview:-1"},"canonical":"https:\/\/www.rakemonkey.com\/fr\/poker-reviews\/rakeback-a-betfair-poker\/","og_locale":"en_US","og_type":"article","og_title":"30% to 40% Betfair Rakeback - Top French Poker Room","og_description":"Encaisser tous les jours \u00e0 RakeMonkey.com lorsque vous t\u00e9l\u00e9chargez et se d\u00e9poser sur votre nouveau compte sur Betfair Poker. Gagnez jusqu'\u00e0 500 $ en bonus sur le dessus de 30-40% de rakeback!","og_url":"https:\/\/www.rakemonkey.com\/fr\/poker-reviews\/rakeback-a-betfair-poker\/","og_site_name":"RakeMonkey.com","twitter_card":"summary","twitter_misc":{"Est. reading time":"3 minutes"},"schema":{"@context":"https:\/\/schema.org","@graph":[{"@type":"WebPage","@id":"https:\/\/www.rakemonkey.com\/fr\/poker-reviews\/rakeback-a-betfair-poker\/","url":"https:\/\/www.rakemonkey.com\/fr\/poker-reviews\/rakeback-a-betfair-poker\/","name":"30% to 40% Betfair Rakeback - Top French Poker Room","isPartOf":{"@id":"https:\/\/www.rakemonkey.com\/fr\/#website"},"datePublished":"2010-03-01T16:12:06+00:00","dateModified":"2010-03-01T16:12:06+00:00","description":"Encaisser tous les jours \u00e0 RakeMonkey.com lorsque vous t\u00e9l\u00e9chargez et se d\u00e9poser sur votre nouveau compte sur Betfair Poker. Gagnez jusqu'\u00e0 500 $ en bonus sur le dessus de 30-40% de rakeback!","breadcrumb":{"@id":"https:\/\/www.rakemonkey.com\/fr\/poker-reviews\/rakeback-a-betfair-poker\/#breadcrumb"},"inLanguage":"en-US","potentialAction":[{"@type":"ReadAction","target":["https:\/\/www.rakemonkey.com\/fr\/poker-reviews\/rakeback-a-betfair-poker\/"]}]},{"@type":"BreadcrumbList","@id":"https:\/\/www.rakemonkey.com\/fr\/poker-reviews\/rakeback-a-betfair-poker\/#breadcrumb","itemListElement":[{"@type":"ListItem","position":1,"name":"Home","item":"https:\/\/www.rakemonkey.com\/fr\/"},{"@type":"ListItem","position":2,"name":"Poker Reviews","item":"https:\/\/www.rakemonkey.com\/fr\/poker-reviews\/"},{"@type":"ListItem","position":3,"name":"Rakeback \u00e0 Betfair Poker"}]},{"@type":"WebSite","@id":"https:\/\/www.rakemonkey.com\/fr\/#website","url":"https:\/\/www.rakemonkey.com\/fr\/","name":"RakeMonkey.com","description":"","potentialAction":[{"@type":"SearchAction","target":{"@type":"EntryPoint","urlTemplate":"https:\/\/www.rakemonkey.com\/fr\/?s={search_term_string}"},"query-input":"required name=search_term_string"}],"inLanguage":"en-US"}]}},"_links":{"self":[{"href":"https:\/\/www.rakemonkey.com\/fr\/wp-json\/wp\/v2\/pages\/48"}],"collection":[{"href":"https:\/\/www.rakemonkey.com\/fr\/wp-json\/wp\/v2\/pages"}],"about":[{"href":"https:\/\/www.rakemonkey.com\/fr\/wp-json\/wp\/v2\/types\/page"}],"author":[{"embeddable":true,"href":"https:\/\/www.rakemonkey.com\/fr\/wp-json\/wp\/v2\/users\/9"}],"replies":[{"embeddable":true,"href":"https:\/\/www.rakemonkey.com\/fr\/wp-json\/wp\/v2\/comments?post=48"}],"version-history":[{"count":0,"href":"https:\/\/www.rakemonkey.com\/fr\/wp-json\/wp\/v2\/pages\/48\/revisions"}],"up":[{"embeddable":true,"href":"https:\/\/www.rakemonkey.com\/fr\/wp-json\/wp\/v2\/pages\/209"}],"wp:attachment":[{"href":"https:\/\/www.rakemonkey.com\/fr\/wp-json\/wp\/v2\/media?parent=48"}],"curies":[{"name":"wp","href":"https:\/\/api.w.org\/{rel}","templated":true}]}}