{"id":5,"date":"2010-02-20T10:32:33","date_gmt":"2010-02-20T10:32:33","guid":{"rendered":"http:\/\/www.rakemonkey.com\/fr\/?page_id=5"},"modified":"2010-02-20T10:32:33","modified_gmt":"2010-02-20T10:32:33","slug":"ultimate-bet-rakeback","status":"publish","type":"page","link":"https:\/\/www.rakemonkey.com\/fr\/poker-reviews\/ultimate-bet-rakeback\/","title":{"rendered":"Ultimate Bet Rakeback"},"content":{"rendered":"<p>Une fois que vous avez t\u00e9l\u00e9charg\u00e9 le logiciel et faites votre compte, s&#8217;il vous pla\u00eet, remplissez le formulaire d&#8217;inscription ci-dessus. Il suffit de mettre votre nom d&#8217;utilisateur et l\u2019adresse de courriel utilis\u00e9e pour enregistrer votre compte et nous vous assurerons que votre rakeback est confirm\u00e9 et configur\u00e9!<\/p>\n<p>Ultimate Bet a toujours \u00e9t\u00e9 un nom bien connu des joueurs au poker en ligne, toujours repr\u00e9sent\u00e9 par les professionnels comme les grands joueurs au poker Annie Duke et Phil Helmuth. Bien que la salle a eu ses hauts et ses bas dans le poker.<\/p>\n<p>Le site de poker a \u00e9t\u00e9 d\u00e9plac\u00e9 sur le r\u00e9seau de poker Cereus en 2008, qui a catapult\u00e9 le c\u00e9l\u00e8bre joueur am\u00e9ricain d&#8217;accepter la salle de poker tr\u00e8s pr\u00e8s du sommet du march\u00e9 du poker am\u00e9ricain, et encore plus pr\u00e8s du sommet du march\u00e9 du rakeback.<\/p>\n<h2>Le rakeback d\u2019Ultimate Bet<\/h2>\n<p>Rake Monkey travaille nuit et jour pour vous offrir les plus hauts niveaux de rakeback et les meilleures affaires globales dans l&#8217;industrie, et nous croyons que nous avons accompli \u00e0 la grandeur avec Ultimate Bet.<\/p>\n<p>Lorsque vous vous inscrivez avec Ultimate Bet par nos liens, remplissez le formulaire court de rakeback sur cette page, et vous recevrez 30% de rakeback d\u2019Ultimate Bet.<\/p>\n<p>Le 30% est calcul\u00e9 selon la <strong>m\u00e9thode contribu\u00e9e de rakeback<\/strong> pour calculer votre MGR, ou le revenu brut mensuel. Cela signifie que vous recevrez trente pourcent de votre part du rake dans chaque pot unique dans lequel vous mettez de l&#8217;argent.<\/p>\n<p>En outre, Ultimate Bet a \u00e9galement convenu d&#8217;envoyer aux joueurs de RakeMonkey un rabais sur tous les frais de tournoi. Par cons\u00e9quent, si vous adh\u00e9rez \u00e0 un tournoi de 75 $ sur UltimateBet Poker, et vous payez une taxe de 7,50 $ pour entrer, vous obtenez 2,50 $ de cette taxe rembours\u00e9s dans votre bankroll de poker.<\/p>\n<p>Ultimate Bet propose \u00e9galement un petit nombre d&#8217;autres avantages aux joueurs de rakeback de RakeMonkey. Une fois que vous vous inscrivez par RakeMonkey et faites votre premier d\u00e9p\u00f4t, vous devenez \u00e9ligible \u00e0 participer \u00e0 la <strong><span style=\"text-decoration: underline\">chasse au rake de 21.000 $ par mois<\/span><\/strong> \u00e0 UB. Vous serez \u00e9galement \u00e9ligible pour entrer dans des freerolls exclusifs priv\u00e9s, avec des cagnottes d&#8217;une grande valeur, et vous pouvez encaisser le solde de votre rakeback tout moment, que vous en avez envie!<\/p>\n<h3>Les paiements de rakeback \u00e0 Ultimate Bet<\/h3>\n<p>Ultimate Bet cr\u00e9dite automatiquement votre compte avec les revenus mensuels de votre rakeback tout autour du 18 de chaque mois. Donc, si vous avez gagn\u00e9 600 $ en rakeback en juillet, vous devriez recevoir cet argent au plus tard le 18 ao\u00fbt. Plus important encore, si le 12 ao\u00fbt, vous rencontrez une fille et vous souhaitez l\u2019emmener, vous pouvez aller en avance et encaisser vos gains que vous les souhaitez.<\/p>\n<h3>D\u00e9ductions de rakeback \u00e0 UltimateBet<\/h3>\n<p>Maintenant, nous mentionnons qu\u2019il y a des aspects positifs et n\u00e9gatifs de chaque programme de rakeback. \u00c0 Ultimate Bet vous arrivez \u00e0 encaisser votre rakeback quand vous en avez besoin, cependant, ils facturent une petite partie de bonus.<\/p>\n<p>Lorsque vous vous inscrivez ici pour jouer \u00e0 UB, vous avez droit \u00e0 <strong>111% jusqu&#8217;\u00e0 concurrence du bonus maximum de 1100 $<\/strong>. Toutefois, si vous optez pour des paiements de rakeback (et qui dans leur esprit, ne serait pas?) UB vous paiera 30% de votre rake, et ils vous facturent 25% de votre bonus.<\/p>\n<h3>Le programme de rake \u00e0 UB<\/h3>\n<p>Ultimate Bet facture les joueurs de poker sans limite de la norme de l&#8217;industrie de 5% du rake, sur un maximum de 3 $ par pot lorsque le rake est plafonn\u00e9.<\/p>\n<p>Cependant, voici quelque chose que pas tout le monde le r\u00e9alise. Si vous jouez les jeux \u00e0 limites fixes, Ultimate Bet est l&#8217;une des rares salles de poker o\u00f9 le rake est plafonn\u00e9.<\/p>\n<p>Le rake sur les jeux de 500 $ \/ 1000 $ + est plafonn\u00e9 \u00e0 4 $ au lieu de 3 $. En outre, beaucoup de l&#8217;offre Micro r\u00e9duit le rake. Si vous voulez savoir combien vous payez comme rake sur les tables Penny, consultez le programme de rake \u00e0 UB.<\/p>\n<p>http:\/\/www.ultimatebet.com\/play-poker\/rake-schedule<\/p>\n<h2>La variet\u00e9 de jeux sur Ultimate Bet<\/h2>\n<p>Jouez HOSE, HORSE, 7 Deuce Holdem et tous les jeux de poker en ligne sur Ultimate Bet. Horse est, bien s\u00fbr, un jeu tr\u00e8s populaire pour les joueurs de rakeback en raison de la quantit\u00e9 de pots o\u00f9 les joueurs ont contribu\u00e9 au moment du paiement Ante. En plus de HORSE, Ultimate Bet offre tous les jeux de poker les plus populaires, comme le Texas Holdem, Omaha et Omaha Hi-Lo.<\/p>\n<h2>M\u00e9thodes de d\u00e9p\u00f4t \u00e0 Ultimate Bet<\/h2>\n<p>Les cartes de cr\u00e9dit sont bien entendu accept\u00e9es pour financer les comptes de poker en ligne sur Ultimate Bet, notamment: Visa, MasterCard, Visa Delta, Visa Electron, Maestro, Solo et Switch.<\/p>\n<p>En outre, les portefeuilles de poker en ligne comme Ukash, Click2Pay, Clickand Buy, Moneybookers, NETeller, PaySafeCard sont \u00e9galement disponibles comme m\u00e9thodes de d\u00e9p\u00f4t.<\/p>\n<p>Votre banque personnelle offre \u00e9galement quelques options de d\u00e9p\u00f4t de la mani\u00e8re de virement bancaire, les ch\u00e8ques bancaires, ch\u00e8ques de caissiers et votre quotidien ch\u00e8que personnel.<\/p>\n<p>Aux \u00c9tats-Unis cependant, les m\u00e9thodes de retrait sont tr\u00e8s limit\u00e9es \u00e0 la plupart des salles de poker en ligne. Au Ultimate Bet, les virements bancaires sont une excellente option.<\/p>\n<p>Western Union comme Money Grams sont \u00e9galement une alternative, et pour $ 8 Ultimate Bet vous enverra un ch\u00e8que.<\/p>\n","protected":false},"excerpt":{"rendered":"<p>Une fois que vous avez t\u00e9l\u00e9charg\u00e9 le logiciel et faites votre compte, s&#8217;il vous pla\u00eet, remplissez le formulaire d&#8217;inscription ci-dessus. Il suffit de mettre votre nom d&#8217;utilisateur et l\u2019adresse de courriel utilis\u00e9e pour enregistrer votre compte et nous vous assurerons<a class=\"post-link\" href=\"https:\/\/www.rakemonkey.com\/fr\/poker-reviews\/ultimate-bet-rakeback\/\"> read more&#8230;<\/a><\/p>\n","protected":false},"author":9,"featured_media":0,"parent":209,"menu_order":0,"comment_status":"closed","ping_status":"open","template":"rm_review.php","meta":[],"acf":[],"yoast_head":"<!-- This site is optimized with the Yoast SEO plugin v19.6.1 - https:\/\/yoast.com\/wordpress\/plugins\/seo\/ -->\n<title>Le rakeback d\u2019Ultimate Bet - Rakeback de 30% de joueurs fran\u00e7ais<\/title>\n<meta name=\"description\" content=\"Lorsque vous vous inscrivez avec Ultimate Bet par nos liens, remplissez le formulaire court de rakeback sur cette page, et vous recevrez 30% de rakeback d\u2019Ultimate Bet.\" \/>\n<meta name=\"robots\" content=\"index, follow, max-snippet:-1, max-image-preview:large, max-video-preview:-1\" \/>\n<link rel=\"canonical\" href=\"https:\/\/www.rakemonkey.com\/fr\/poker-reviews\/ultimate-bet-rakeback\/\" \/>\n<meta property=\"og:locale\" content=\"en_US\" \/>\n<meta property=\"og:type\" content=\"article\" \/>\n<meta property=\"og:title\" content=\"Le rakeback d\u2019Ultimate Bet - Rakeback de 30% de joueurs fran\u00e7ais\" \/>\n<meta property=\"og:description\" content=\"Lorsque vous vous inscrivez avec Ultimate Bet par nos liens, remplissez le formulaire court de rakeback sur cette page, et vous recevrez 30% de rakeback d\u2019Ultimate Bet.\" \/>\n<meta property=\"og:url\" content=\"https:\/\/www.rakemonkey.com\/fr\/poker-reviews\/ultimate-bet-rakeback\/\" \/>\n<meta property=\"og:site_name\" content=\"RakeMonkey.com\" \/>\n<meta name=\"twitter:card\" content=\"summary\" \/>\n<meta name=\"twitter:label1\" content=\"Est. reading time\" \/>\n\t<meta name=\"twitter:data1\" content=\"4 minutes\" \/>\n<script type=\"application\/ld+json\" class=\"yoast-schema-graph\">{\"@context\":\"https:\/\/schema.org\",\"@graph\":[{\"@type\":\"WebPage\",\"@id\":\"https:\/\/www.rakemonkey.com\/fr\/poker-reviews\/ultimate-bet-rakeback\/\",\"url\":\"https:\/\/www.rakemonkey.com\/fr\/poker-reviews\/ultimate-bet-rakeback\/\",\"name\":\"Le rakeback d\u2019Ultimate Bet - Rakeback de 30% de joueurs fran\u00e7ais\",\"isPartOf\":{\"@id\":\"https:\/\/www.rakemonkey.com\/fr\/#website\"},\"datePublished\":\"2010-02-20T10:32:33+00:00\",\"dateModified\":\"2010-02-20T10:32:33+00:00\",\"description\":\"Lorsque vous vous inscrivez avec Ultimate Bet par nos liens, remplissez le formulaire court de rakeback sur cette page, et vous recevrez 30% de rakeback d\u2019Ultimate Bet.\",\"breadcrumb\":{\"@id\":\"https:\/\/www.rakemonkey.com\/fr\/poker-reviews\/ultimate-bet-rakeback\/#breadcrumb\"},\"inLanguage\":\"en-US\",\"potentialAction\":[{\"@type\":\"ReadAction\",\"target\":[\"https:\/\/www.rakemonkey.com\/fr\/poker-reviews\/ultimate-bet-rakeback\/\"]}]},{\"@type\":\"BreadcrumbList\",\"@id\":\"https:\/\/www.rakemonkey.com\/fr\/poker-reviews\/ultimate-bet-rakeback\/#breadcrumb\",\"itemListElement\":[{\"@type\":\"ListItem\",\"position\":1,\"name\":\"Home\",\"item\":\"https:\/\/www.rakemonkey.com\/fr\/\"},{\"@type\":\"ListItem\",\"position\":2,\"name\":\"Poker Reviews\",\"item\":\"https:\/\/www.rakemonkey.com\/fr\/poker-reviews\/\"},{\"@type\":\"ListItem\",\"position\":3,\"name\":\"Ultimate Bet Rakeback\"}]},{\"@type\":\"WebSite\",\"@id\":\"https:\/\/www.rakemonkey.com\/fr\/#website\",\"url\":\"https:\/\/www.rakemonkey.com\/fr\/\",\"name\":\"RakeMonkey.com\",\"description\":\"\",\"potentialAction\":[{\"@type\":\"SearchAction\",\"target\":{\"@type\":\"EntryPoint\",\"urlTemplate\":\"https:\/\/www.rakemonkey.com\/fr\/?s={search_term_string}\"},\"query-input\":\"required name=search_term_string\"}],\"inLanguage\":\"en-US\"}]}<\/script>\n<!-- \/ Yoast SEO plugin. -->","yoast_head_json":{"title":"Le rakeback d\u2019Ultimate Bet - Rakeback de 30% de joueurs fran\u00e7ais","description":"Lorsque vous vous inscrivez avec Ultimate Bet par nos liens, remplissez le formulaire court de rakeback sur cette page, et vous recevrez 30% de rakeback d\u2019Ultimate Bet.","robots":{"index":"index","follow":"follow","max-snippet":"max-snippet:-1","max-image-preview":"max-image-preview:large","max-video-preview":"max-video-preview:-1"},"canonical":"https:\/\/www.rakemonkey.com\/fr\/poker-reviews\/ultimate-bet-rakeback\/","og_locale":"en_US","og_type":"article","og_title":"Le rakeback d\u2019Ultimate Bet - Rakeback de 30% de joueurs fran\u00e7ais","og_description":"Lorsque vous vous inscrivez avec Ultimate Bet par nos liens, remplissez le formulaire court de rakeback sur cette page, et vous recevrez 30% de rakeback d\u2019Ultimate Bet.","og_url":"https:\/\/www.rakemonkey.com\/fr\/poker-reviews\/ultimate-bet-rakeback\/","og_site_name":"RakeMonkey.com","twitter_card":"summary","twitter_misc":{"Est. reading time":"4 minutes"},"schema":{"@context":"https:\/\/schema.org","@graph":[{"@type":"WebPage","@id":"https:\/\/www.rakemonkey.com\/fr\/poker-reviews\/ultimate-bet-rakeback\/","url":"https:\/\/www.rakemonkey.com\/fr\/poker-reviews\/ultimate-bet-rakeback\/","name":"Le rakeback d\u2019Ultimate Bet - Rakeback de 30% de joueurs fran\u00e7ais","isPartOf":{"@id":"https:\/\/www.rakemonkey.com\/fr\/#website"},"datePublished":"2010-02-20T10:32:33+00:00","dateModified":"2010-02-20T10:32:33+00:00","description":"Lorsque vous vous inscrivez avec Ultimate Bet par nos liens, remplissez le formulaire court de rakeback sur cette page, et vous recevrez 30% de rakeback d\u2019Ultimate Bet.","breadcrumb":{"@id":"https:\/\/www.rakemonkey.com\/fr\/poker-reviews\/ultimate-bet-rakeback\/#breadcrumb"},"inLanguage":"en-US","potentialAction":[{"@type":"ReadAction","target":["https:\/\/www.rakemonkey.com\/fr\/poker-reviews\/ultimate-bet-rakeback\/"]}]},{"@type":"BreadcrumbList","@id":"https:\/\/www.rakemonkey.com\/fr\/poker-reviews\/ultimate-bet-rakeback\/#breadcrumb","itemListElement":[{"@type":"ListItem","position":1,"name":"Home","item":"https:\/\/www.rakemonkey.com\/fr\/"},{"@type":"ListItem","position":2,"name":"Poker Reviews","item":"https:\/\/www.rakemonkey.com\/fr\/poker-reviews\/"},{"@type":"ListItem","position":3,"name":"Ultimate Bet Rakeback"}]},{"@type":"WebSite","@id":"https:\/\/www.rakemonkey.com\/fr\/#website","url":"https:\/\/www.rakemonkey.com\/fr\/","name":"RakeMonkey.com","description":"","potentialAction":[{"@type":"SearchAction","target":{"@type":"EntryPoint","urlTemplate":"https:\/\/www.rakemonkey.com\/fr\/?s={search_term_string}"},"query-input":"required name=search_term_string"}],"inLanguage":"en-US"}]}},"_links":{"self":[{"href":"https:\/\/www.rakemonkey.com\/fr\/wp-json\/wp\/v2\/pages\/5"}],"collection":[{"href":"https:\/\/www.rakemonkey.com\/fr\/wp-json\/wp\/v2\/pages"}],"about":[{"href":"https:\/\/www.rakemonkey.com\/fr\/wp-json\/wp\/v2\/types\/page"}],"author":[{"embeddable":true,"href":"https:\/\/www.rakemonkey.com\/fr\/wp-json\/wp\/v2\/users\/9"}],"replies":[{"embeddable":true,"href":"https:\/\/www.rakemonkey.com\/fr\/wp-json\/wp\/v2\/comments?post=5"}],"version-history":[{"count":0,"href":"https:\/\/www.rakemonkey.com\/fr\/wp-json\/wp\/v2\/pages\/5\/revisions"}],"up":[{"embeddable":true,"href":"https:\/\/www.rakemonkey.com\/fr\/wp-json\/wp\/v2\/pages\/209"}],"wp:attachment":[{"href":"https:\/\/www.rakemonkey.com\/fr\/wp-json\/wp\/v2\/media?parent=5"}],"curies":[{"name":"wp","href":"https:\/\/api.w.org\/{rel}","templated":true}]}}