{"id":53,"date":"2010-03-01T16:30:35","date_gmt":"2010-03-01T16:30:35","guid":{"rendered":"http:\/\/www.rakemonkey.com\/fr\/?page_id=53"},"modified":"2017-08-03T01:13:20","modified_gmt":"2017-08-03T01:13:20","slug":"le-rakeback-dabsolute-poker","status":"publish","type":"page","link":"https:\/\/www.rakemonkey.com\/fr\/poker-reviews\/le-rakeback-dabsolute-poker\/","title":{"rendered":"Le rakeback d\u2019Absolute Poker"},"content":{"rendered":"<p><strong>Instructions d\u2019inscription<\/strong><\/p>\n<p>Une fois que vous avez t\u00e9l\u00e9charg\u00e9 le logiciel et avez fait votre compte, s&#8217;il vous pla\u00eet, remplissez le formulaire d&#8217;inscription ci-dessus. Il suffit de mettre dedans votre nom d&#8217;utilisateur et l\u2019adresse de courriel utilis\u00e9e pour enregistrer votre compte et nous vous assurerons que votre rakeback est confirm\u00e9 et configur\u00e9!<\/p>\n<p><strong>Absolute Poker<\/strong> est membre du <strong>r\u00e9seau de poker Cereus<\/strong>, avec le fr\u00e8re du site, Ultimate Bet. Depuis la rejointe du Cereus, Absolute Poker a saut\u00e9 d&#8217;une salle de poker bien connu \u00e0 l&#8217;un des principaux op\u00e9rateurs du march\u00e9 am\u00e9ricain.<\/p>\n<p>Absolute Poker est connu pour sa gamme incroyable de tournois. Les freerolls et les tournois garantis ont beaucoup de valeur, mais la vraie histoire est repr\u00e9sent\u00e9e ici par les satellites et, surtout, les exclusivit\u00e9s d\u2019Absolute Poker. Tous les tournois exclusifs sont offerts seulement aux membres d\u2019Absolute Poker, et non \u00e0 l&#8217;ensemble du r\u00e9seau de poker Cereus, r\u00e9sultant une valeur extr\u00eame pour les joueurs de tournoi exp\u00e9riment\u00e9s.<\/p>\n<p>Absolute Poker a beaucoup des offres promotionnelles en profitant de la valeur, en commen\u00e7ant par un fantastique bonus de bienvenue de 150% jusqu&#8217;\u00e0 500 $. Cette offre est disponible pour toutes les nouvelles inscriptions. Mais pas tous les nouveaux joueurs seront \u00e9ligibles pour l\u2019offre de rakeback de 30% d\u2019Absolute Poker qui peut \u00eatre re\u00e7ue seulement par l&#8217;enregistrement d&#8217;un nouveau compte par ce site web, en utilisant le code de bonus \u201c<strong>Reduction<\/strong>\u201d.<\/p>\n<h2>Le rakeback d\u2019Absolute Poker<\/h2>\n<p>Une offre de rakeback d\u2019Absolute Poker de 30% est disponible pour tous les joueurs qui s&#8217;inscrivent par l&#8217;interm\u00e8de de ce site web avec le code de bonus \u201cReduction\u201d. Absolute Poker calcule le rakeback en utilisant la m\u00e9thode contribu\u00e9e de rakeback, parfois appel\u00e9e la m\u00e9thode contribu\u00e9e de rakeback moyen. Cela signifie que le joueur doit contribuer avec quelque chose \u00e0 une main au rake pour gagner de rakeback, mais le montant vers\u00e9 n\u2019affectera pas le rakeback r\u00e9el gagn\u00e9.<\/p>\n<p>L&#8217;offre de <strong>rakeback contribu\u00e9<\/strong> sur Absolute Poker est parfaite pour les joueurs un peu rel\u00e2ch\u00e9s qui pr\u00e9f\u00e8rent voir le flop plut\u00f4t \u00a0que renoncer \u00e0 une main. Ces joueurs sont plus susceptibles de contribuer avec un montant minime pour le pot, le rendant \u00e9ligible \u00e0 gagner de rakeback. Le rake total est divis\u00e9 par tous les joueurs contribuants pour trouver le rake moyen contribu\u00e9. Le rakeback de 30% est alors pay\u00e9 en fonction du rake moyen contribu\u00e9.<\/p>\n<p>En plus de gagner le rakeback de 30% sur Absolute Poker, nos joueurs seront en mesure de prendre part \u00e0 des courses de rake mensuelles en valeur de 20.000 $ en prix partag\u00e9s, plus une valeur de 3000 $ de freerolls mensuels.<\/p>\n<h2>Le bonus de bienvenue d\u2019Absolute Poker<\/h2>\n<p>Absolute Poker subventionne les nouveaux joueurs avec une valeur de bonus de bienvenue de 150% jusqu&#8217;\u00e0 500 $ sur le d\u00e9p\u00f4t initial. Le bonus n&#8217;est pas d\u00e9duit de MGR (Revenu Brut Mensuel), ainsi que vos revenus de rakeback ne seront pas affect\u00e9s par le bonus. En tant que nouveau joueur, il faudra 16 points pour la demande de chaque 1 $ de bonus.<\/p>\n<p>Alors que vous gagnez plus de points et vous escaladez l\u2019\u00e9chelle VIP, il faut compter jusqu&#8217;\u00e0 70 points pour 1 $ de bonus, mais \u00e0 chaque niveau de l&#8217;\u00e9chelle VIP vont appara\u00eetre les multiplicateurs des points, de sorte que ces joueurs gagnent des bonus effectivement plus rapides que les nouveaux joueurs. Les joueurs VIP les plus \u00e9lev\u00e9s gagnent 5x points, donc \u00e0 70 points pour 1 $, un joueur n\u2019a r\u00e9ellement besoin que de 14 points (14 \u00d7 5 = 70).<\/p>\n<p>Les points sont progressivement accumul\u00e9s que si vous jouez \u00e0 des jeux de cash en argent r\u00e9el. Lors de faibles stakes, il faut, en moyenne, 30 mains \u00e0 ramasser 1 point entier. Lors des stakes plus importants, les joueurs peuvent gagner jusqu&#8217;\u00e0 2 points pour une seule main. Le bonus sera automatiquement lib\u00e9r\u00e9 en tranches de 5 $ chaque fois que vous avez assez de points collect\u00e9s.<\/p>\n<h3>La promotion \u201cFAME\u201d d\u2019Absolute Poker<\/h3>\n<p>Le programme de fid\u00e9lit\u00e9 FAME (c\u00e9l\u00e9brit\u00e9) \u00e0 Absolute Poker est l&#8217;\u00e9quivalent, pour le site, du statut VIP. Les joueurs gagnent c\u00e9l\u00e9brit\u00e9 (FAME), en accumulant des points de poker. Plus haut vous faites le statut de FAME, plus votre multiplicateur de points devient grand. Il existe cinq niveaux de FAME, \u00e0 commencer par Bronze pour les nouveaux joueurs, Silver (argent), Gold (or), Platinum (platine) et Diamond Elite (diamant \u00e9lite).<\/p>\n<p>En gagnant 50 points en un mois soul\u00e8ve des joueurs au statut Silver, avec un multiplicateur de 2x points, et l&#8217;acc\u00e8s \u00e0 des tournois de points sp\u00e9ciaux. Chaque niveau de FAME vient avec des avantages suppl\u00e9mentaires comme la conversion points-au-cash, l\u2019acc\u00e8s au magasin de r\u00e9compenses d\u2019Absolute Poker, m\u00eame des comptes portant d\u2019int\u00e9r\u00eat. Au plus haut niveau de FAME, les joueurs peuvent gagner jusqu&#8217;\u00e0 95% d&#8217;int\u00e9r\u00eat sur le solde de leur compte de poker.<\/p>\n<h2>La vari\u00e9t\u00e9 de jeux d\u2019Absolute Poker<\/h2>\n<p>Absolute Poker mise \u00e0 la disposition les jeux Texas Hold&#8217;em, Omaha et Stud. Toutes les limites sont disponibles, mais varient par le jeu. Les stakes partent d&#8217;aussi peu que 0,02 $ \/ 0,04 $, montant aussi haut que 200 $ \/ 400 $. Tous les jeux et les stakes sont assez actifs d\u00fb \u00e0 un volume moyen aux heures de pointe d&#8217;environ 20.000 joueurs.<\/p>\n<p>Bien que les jeux de cash sont tr\u00e8s actifs, la meilleure valeur se trouve dans les tournois. Il y a des buy-ins aussi bas que 1 $, allant jusqu&#8217;\u00e0 des centaines pour les hauts rollers. <a href=\"http:\/\/www.gambling666.com\/online-poker\/bonus\/absolute\">Absolute Poker bonus code<\/a> offre 500.000 $ par week-end, avec une s\u00e9rie d&#8217;\u00e9v\u00e9nements garantis survenus tous les samedis et dimanches.<\/p>\n<p>Chaque samedi, un buy-in de 120 $ permettra l&#8217;acc\u00e8s \u00e0 un GTD de 20.000 $ ou un Sniper de 40.000 $, un tournoi Bounty populaire sur Absolute Poker. L&#8217;action de dimanche est plus lucrative, avec un GTD de100.000 $ et 200.000 $ sur le menu.<\/p>\n<p>Absolute Poker a une abondance de satellites \u00e9v\u00e9nement en direct. Les Satellites 10\/10 Steps sont les plus populaires, laissant les joueurs au premier niveau pour un buy-in de seulement 0,10 $, et apr\u00e8s avoir remport\u00e9 votre chemin \u00e0 travers toutes les 10 \u00e9tapes, nous vous envoyons \u00e0 l&#8217;\u00e9v\u00e9nement principal avec un paquet de prix massif qui comprend les buy-ins, plus le voyage, l&#8217;h\u00e9bergement et l\u2019argent de d\u00e9penses. Absolute Poker organise souvent des satellites \u00e9v\u00e9nement en direct aux WSOP, WPT et d&#8217;autres \u00e9v\u00e9nements majeurs.<\/p>\n<h2>Options de d\u00e9p\u00f4t d\u2019Absolute Poker<\/h2>\n<p>Absolute Poker est fier d&#8217;\u00eatre une salle de poker en ligne mondiale, ce qui signifie que des joueurs de partout dans le monde &#8211; m\u00eame des joueurs des Etats-Unis &#8211; sont toujours les bienvenus. Par cons\u00e9quent, vous pouvez vous attendre \u00e0 trouver des options de paiement de qualit\u00e9 pour tous les coins du globe: Visa, MasterCard, Visa Delta, Diners Club, Solo, Maestro, Laser, Euro6000, Moneybookers, NETeller, Click2Pay, EPS, Nordea, PostePay, iDeal, POLI , CartaSi, Soforuberweisung et un rapide virement bancaire.<\/p>\n<h3>Conclusion d\u2019Absolute Poker<\/h3>\n<p>Pour les joueurs fortuits de jeux de cash, Absolute Poker a ses avantages &#8211; comme pour les joueurs de bonne activit\u00e9 dans tous les jeux et stakes, un grand bonus de bienvenue, des excellentes r\u00e9compenses de fid\u00e9lit\u00e9 et, bien s\u00fbr, le rakeback de 30% sur Absolute Poker. Les joueurs de tournois, cependant, sont fortement encourag\u00e9s \u00e0 s&#8217;inscrire par l\u2019interm\u00e8de de la salle de poker en ligne avec le code de bonus \u201c<strong>Reduction<\/strong>\u201d pour profiter non seulement du rakeback d\u2019Absolute Poker, mais aussi de certains tournois de poker en ligne, les plus rentables de l&#8217;industrie.<\/p>\n<p><span style=\"color: #ff0000\"><strong><em>**MISE EN GARDE<\/em><\/strong>**<\/span><\/p>\n<p><span style=\"color: #ff0000\"><strong><em>\u201cPour \u00eatre \u00c9LIGIBLE pour les retraits QUOTIDIENS de rakeback et les freerolls \u00e9ch\u00e9ants, les courses de rake et les chasses au rake, vous devez ouvrir un NOUVEAU compte de poker et ne pas avoir un compte actuel sur les logiciels que vous t\u00e9l\u00e9chargez aujourd&#8217;hui. Les comptes EXISTANTS NE sont pas \u00e9ligibles pour le rakeback par RakeMonkey.com, ils ne sont pas \u00e9ligibles pour tout freerolls mensuels et autres offres promotionnelles de notre site. Les comptes multiples NE SONT PAS autoris\u00e9s par RakeMonkey \u2013 donc, s&#8217;il vous pla\u00eet, soyez conscients de cela lorsque vous voulez vous inscrire \u00e0 l&#8217;un de nos sites de poker.&#8221;<\/em><\/strong><\/span><\/p>\n","protected":false},"excerpt":{"rendered":"<p>Instructions d\u2019inscription Une fois que vous avez t\u00e9l\u00e9charg\u00e9 le logiciel et avez fait votre compte, s&#8217;il vous pla\u00eet, remplissez le formulaire d&#8217;inscription ci-dessus. Il suffit de mettre dedans votre nom d&#8217;utilisateur et l\u2019adresse de courriel utilis\u00e9e pour enregistrer votre compte<a class=\"post-link\" href=\"https:\/\/www.rakemonkey.com\/fr\/poker-reviews\/le-rakeback-dabsolute-poker\/\"> read more&#8230;<\/a><\/p>\n","protected":false},"author":9,"featured_media":0,"parent":209,"menu_order":0,"comment_status":"closed","ping_status":"open","template":"rm_review.php","meta":[],"acf":[],"yoast_head":"<!-- This site is optimized with the Yoast SEO plugin v19.6.1 - https:\/\/yoast.com\/wordpress\/plugins\/seo\/ -->\n<title>30% Rakeback d\u2019Absolute Poker - 150% BONUS!<\/title>\n<meta name=\"description\" content=\"S&#039;inscrire \u00e0 Absolute Poker n&#039;a jamais \u00e9t\u00e9 aussi facile. Nos s\u00e9jours d&#039;examen unique par l&#039;AP et le rakeback de 30% que nous offrons aux nouveaux joueurs, le long de W \/ un bonus de 150%.\" \/>\n<meta name=\"robots\" content=\"index, follow, max-snippet:-1, max-image-preview:large, max-video-preview:-1\" \/>\n<link rel=\"canonical\" href=\"https:\/\/www.rakemonkey.com\/fr\/poker-reviews\/le-rakeback-dabsolute-poker\/\" \/>\n<meta property=\"og:locale\" content=\"en_US\" \/>\n<meta property=\"og:type\" content=\"article\" \/>\n<meta property=\"og:title\" content=\"30% Rakeback d\u2019Absolute Poker - 150% BONUS!\" \/>\n<meta property=\"og:description\" content=\"S&#039;inscrire \u00e0 Absolute Poker n&#039;a jamais \u00e9t\u00e9 aussi facile. Nos s\u00e9jours d&#039;examen unique par l&#039;AP et le rakeback de 30% que nous offrons aux nouveaux joueurs, le long de W \/ un bonus de 150%.\" \/>\n<meta property=\"og:url\" content=\"https:\/\/www.rakemonkey.com\/fr\/poker-reviews\/le-rakeback-dabsolute-poker\/\" \/>\n<meta property=\"og:site_name\" content=\"RakeMonkey.com\" \/>\n<meta property=\"article:modified_time\" content=\"2017-08-03T01:13:20+00:00\" \/>\n<meta name=\"twitter:card\" content=\"summary\" \/>\n<meta name=\"twitter:label1\" content=\"Est. reading time\" \/>\n\t<meta name=\"twitter:data1\" content=\"7 minutes\" \/>\n<script type=\"application\/ld+json\" class=\"yoast-schema-graph\">{\"@context\":\"https:\/\/schema.org\",\"@graph\":[{\"@type\":\"WebPage\",\"@id\":\"https:\/\/www.rakemonkey.com\/fr\/poker-reviews\/le-rakeback-dabsolute-poker\/\",\"url\":\"https:\/\/www.rakemonkey.com\/fr\/poker-reviews\/le-rakeback-dabsolute-poker\/\",\"name\":\"30% Rakeback d\u2019Absolute Poker - 150% BONUS!\",\"isPartOf\":{\"@id\":\"https:\/\/www.rakemonkey.com\/fr\/#website\"},\"datePublished\":\"2010-03-01T16:30:35+00:00\",\"dateModified\":\"2017-08-03T01:13:20+00:00\",\"description\":\"S'inscrire \u00e0 Absolute Poker n'a jamais \u00e9t\u00e9 aussi facile. Nos s\u00e9jours d'examen unique par l'AP et le rakeback de 30% que nous offrons aux nouveaux joueurs, le long de W \/ un bonus de 150%.\",\"breadcrumb\":{\"@id\":\"https:\/\/www.rakemonkey.com\/fr\/poker-reviews\/le-rakeback-dabsolute-poker\/#breadcrumb\"},\"inLanguage\":\"en-US\",\"potentialAction\":[{\"@type\":\"ReadAction\",\"target\":[\"https:\/\/www.rakemonkey.com\/fr\/poker-reviews\/le-rakeback-dabsolute-poker\/\"]}]},{\"@type\":\"BreadcrumbList\",\"@id\":\"https:\/\/www.rakemonkey.com\/fr\/poker-reviews\/le-rakeback-dabsolute-poker\/#breadcrumb\",\"itemListElement\":[{\"@type\":\"ListItem\",\"position\":1,\"name\":\"Home\",\"item\":\"https:\/\/www.rakemonkey.com\/fr\/\"},{\"@type\":\"ListItem\",\"position\":2,\"name\":\"Poker Reviews\",\"item\":\"https:\/\/www.rakemonkey.com\/fr\/poker-reviews\/\"},{\"@type\":\"ListItem\",\"position\":3,\"name\":\"Le rakeback d\u2019Absolute Poker\"}]},{\"@type\":\"WebSite\",\"@id\":\"https:\/\/www.rakemonkey.com\/fr\/#website\",\"url\":\"https:\/\/www.rakemonkey.com\/fr\/\",\"name\":\"RakeMonkey.com\",\"description\":\"\",\"potentialAction\":[{\"@type\":\"SearchAction\",\"target\":{\"@type\":\"EntryPoint\",\"urlTemplate\":\"https:\/\/www.rakemonkey.com\/fr\/?s={search_term_string}\"},\"query-input\":\"required name=search_term_string\"}],\"inLanguage\":\"en-US\"}]}<\/script>\n<!-- \/ Yoast SEO plugin. -->","yoast_head_json":{"title":"30% Rakeback d\u2019Absolute Poker - 150% BONUS!","description":"S'inscrire \u00e0 Absolute Poker n'a jamais \u00e9t\u00e9 aussi facile. Nos s\u00e9jours d'examen unique par l'AP et le rakeback de 30% que nous offrons aux nouveaux joueurs, le long de W \/ un bonus de 150%.","robots":{"index":"index","follow":"follow","max-snippet":"max-snippet:-1","max-image-preview":"max-image-preview:large","max-video-preview":"max-video-preview:-1"},"canonical":"https:\/\/www.rakemonkey.com\/fr\/poker-reviews\/le-rakeback-dabsolute-poker\/","og_locale":"en_US","og_type":"article","og_title":"30% Rakeback d\u2019Absolute Poker - 150% BONUS!","og_description":"S'inscrire \u00e0 Absolute Poker n'a jamais \u00e9t\u00e9 aussi facile. Nos s\u00e9jours d'examen unique par l'AP et le rakeback de 30% que nous offrons aux nouveaux joueurs, le long de W \/ un bonus de 150%.","og_url":"https:\/\/www.rakemonkey.com\/fr\/poker-reviews\/le-rakeback-dabsolute-poker\/","og_site_name":"RakeMonkey.com","article_modified_time":"2017-08-03T01:13:20+00:00","twitter_card":"summary","twitter_misc":{"Est. reading time":"7 minutes"},"schema":{"@context":"https:\/\/schema.org","@graph":[{"@type":"WebPage","@id":"https:\/\/www.rakemonkey.com\/fr\/poker-reviews\/le-rakeback-dabsolute-poker\/","url":"https:\/\/www.rakemonkey.com\/fr\/poker-reviews\/le-rakeback-dabsolute-poker\/","name":"30% Rakeback d\u2019Absolute Poker - 150% BONUS!","isPartOf":{"@id":"https:\/\/www.rakemonkey.com\/fr\/#website"},"datePublished":"2010-03-01T16:30:35+00:00","dateModified":"2017-08-03T01:13:20+00:00","description":"S'inscrire \u00e0 Absolute Poker n'a jamais \u00e9t\u00e9 aussi facile. Nos s\u00e9jours d'examen unique par l'AP et le rakeback de 30% que nous offrons aux nouveaux joueurs, le long de W \/ un bonus de 150%.","breadcrumb":{"@id":"https:\/\/www.rakemonkey.com\/fr\/poker-reviews\/le-rakeback-dabsolute-poker\/#breadcrumb"},"inLanguage":"en-US","potentialAction":[{"@type":"ReadAction","target":["https:\/\/www.rakemonkey.com\/fr\/poker-reviews\/le-rakeback-dabsolute-poker\/"]}]},{"@type":"BreadcrumbList","@id":"https:\/\/www.rakemonkey.com\/fr\/poker-reviews\/le-rakeback-dabsolute-poker\/#breadcrumb","itemListElement":[{"@type":"ListItem","position":1,"name":"Home","item":"https:\/\/www.rakemonkey.com\/fr\/"},{"@type":"ListItem","position":2,"name":"Poker Reviews","item":"https:\/\/www.rakemonkey.com\/fr\/poker-reviews\/"},{"@type":"ListItem","position":3,"name":"Le rakeback d\u2019Absolute Poker"}]},{"@type":"WebSite","@id":"https:\/\/www.rakemonkey.com\/fr\/#website","url":"https:\/\/www.rakemonkey.com\/fr\/","name":"RakeMonkey.com","description":"","potentialAction":[{"@type":"SearchAction","target":{"@type":"EntryPoint","urlTemplate":"https:\/\/www.rakemonkey.com\/fr\/?s={search_term_string}"},"query-input":"required name=search_term_string"}],"inLanguage":"en-US"}]}},"_links":{"self":[{"href":"https:\/\/www.rakemonkey.com\/fr\/wp-json\/wp\/v2\/pages\/53"}],"collection":[{"href":"https:\/\/www.rakemonkey.com\/fr\/wp-json\/wp\/v2\/pages"}],"about":[{"href":"https:\/\/www.rakemonkey.com\/fr\/wp-json\/wp\/v2\/types\/page"}],"author":[{"embeddable":true,"href":"https:\/\/www.rakemonkey.com\/fr\/wp-json\/wp\/v2\/users\/9"}],"replies":[{"embeddable":true,"href":"https:\/\/www.rakemonkey.com\/fr\/wp-json\/wp\/v2\/comments?post=53"}],"version-history":[{"count":0,"href":"https:\/\/www.rakemonkey.com\/fr\/wp-json\/wp\/v2\/pages\/53\/revisions"}],"up":[{"embeddable":true,"href":"https:\/\/www.rakemonkey.com\/fr\/wp-json\/wp\/v2\/pages\/209"}],"wp:attachment":[{"href":"https:\/\/www.rakemonkey.com\/fr\/wp-json\/wp\/v2\/media?parent=53"}],"curies":[{"name":"wp","href":"https:\/\/api.w.org\/{rel}","templated":true}]}}