{"id":56,"date":"2010-03-01T16:36:21","date_gmt":"2010-03-01T16:36:21","guid":{"rendered":"http:\/\/www.rakemonkey.com\/fr\/?page_id=56"},"modified":"2017-08-03T01:13:46","modified_gmt":"2017-08-03T01:13:46","slug":"le-rakeback-daced-poker","status":"publish","type":"page","link":"https:\/\/www.rakemonkey.com\/fr\/poker-reviews\/le-rakeback-daced-poker\/","title":{"rendered":"Le rakeback d\u2019Aced Poker"},"content":{"rendered":"<p><strong>Instructions d\u2019inscription<\/strong><\/p>\n<p>Une fois que vous avez t\u00e9l\u00e9charg\u00e9 le logiciel et avez fait votre compte, s&#8217;il vous pla\u00eet, remplissez le formulaire d&#8217;inscription ci-dessus. Il suffit de mettre dedans votre nom d&#8217;utilisateur et l\u2019adresse de courriel utilis\u00e9e pour enregistrer votre compte et nous vous assurerons que votre rakeback est confirm\u00e9 et configur\u00e9!<\/p>\n<p>Aced Poker est l&#8217;un des partenaires les plus r\u00e9cents sur le r\u00e9seau Merge Gaming. Le trafic peut n\u2019\u00eatre pas aussi impressionnant que ce de certains sites de poker en ligne, mais l&#8217;aspect promotionnel est extraordinaire. Les nouveaux joueurs commencent par un bonus de bienvenue de 100% jusqu&#8217;\u00e0 500 $, plus l\u2019introduction \u00e0 la promotion \u2018Outs\u2019 d\u2019Aced et le programme VIP de fid\u00e9lisation \u00e0 4 rang\u00e9es.<\/p>\n<p>Pour augmenter encore la rentabilit\u00e9 de votre exp\u00e9rience de poker d\u2019Aced, inscrivez-vous par les liens du notre site web avec le code de bonus \u201c<strong>Reduction<\/strong>\u201d pour gagner le rakeback d\u2019Aced de 30%.<strong><\/strong><\/p>\n<h2>Le rakeback d\u2019Aced Poker<\/h2>\n<p>En utilisant le code de bonus \u201c<strong>Reduction<\/strong>\u201d, nos joueurs vont gagner un rakeback de 30% \u00e0 Aced.com. Aced paie les gagnants de rakeback selon la m\u00e9thode contribu\u00e9e de rakeback, une m\u00e9thode de rakeback pond\u00e9r\u00e9e qui paie les joueurs en fonction de leur contribution effective \u00e0 chaque pot \u00e0 rake. Voici comment cela fonctionne &#8230;<\/p>\n<p>Quand un joueur contribue avec un montant \u00e9lev\u00e9 pour le pot, il recevra un profit plus \u00e9lev\u00e9 de rakeback pour cette main. Un joueur en position de petit blind qui se couche tout de suite va encore gagner de rakeback, mais une tr\u00e8s petite quantit\u00e9.<\/p>\n<p>Les joueurs doivent contribuer au moins un jeton dans le pot pour gagner de rakeback. Seules les mains qui vont voir un flop seront soumises au rake, donc sans un flop, pas de rakeback est pay\u00e9.<\/p>\n<p>Le programme de rakeback de 30% d\u2019Aced n&#8217;est pas le meilleur pour les joueurs de poker serr\u00e9s qui ont la tendance d\u2019abandonner la plupart des mains sans contribuer au pot, mais lorsqu&#8217;il est combin\u00e9 avec les autres avantages d\u2019Aced Poker, il peut encore m\u00e9riter l\u2019effort. Surtout \u00e0 cause du fait que le bonus en cash de promotions ne sera pas d\u00e9duit du rakeback.<\/p>\n<h2>Le bonus de bienvenue d\u2019Aced Poker<\/h2>\n<p>Aced Poker r\u00e9compense toutes les nouvelles inscriptions avec un bonus de bienvenue de 100% jusqu&#8217;\u00e0 500 $ sur le premier d\u00e9p\u00f4t. Tous les 250 points de poker obtenus sont \u00e9quivalents \u00e0 1 $ de bonus, liquid\u00e9 facilement avec le programme de points rapide de paiement pour les jeux de cash et les tournois. Le meilleur de tous, le bonus N\u2019est pas d\u00e9duit de votre rakeback.<\/p>\n<h2>Les promotions \u201cOuts\u201d d\u2019Aced Poker<\/h2>\n<p>La promotion \u201cOuts\u201d d\u2019Aced ne ressemble \u00e0 aucune autre promotion de poker. Les joueurs re\u00e7oivent des points suppl\u00e9mentaires pour atteindre des objectifs sp\u00e9cifiques, parfois tr\u00e8s rapides et in\u00e9vitables quand vous jouez au poker en ligne, et d&#8217;autres, plus difficiles \u00e0 atteindre. Voici quelques exemples:<\/p>\n<p>Gagner 2 mains cons\u00e9cutives: 5 points<br \/>\nGagner 5 mains dans une rang\u00e9e: 100 points<br \/>\nGagner une mise all-in suivie: 50 points<br \/>\nPerdre avec un carr\u00e9 ou mieux: 200 points<br \/>\nJouer votre 5.000e main: 750 points<br \/>\nJouer votre 1.000.000e main: 10,000 points<br \/>\nConvertir en cash pour un MTT: 50 points<br \/>\nGagner votre 10e MTT: 1000 points<\/p>\n<p>Ce sont l\u00e0 quelques-unes des r\u00e9compenses \u201cOuts\u201d d\u2019Aced. Pour gagner des points pour un \u201cOut\u201d (sortie), veillez \u00e0 enregistrer l&#8217;ID# (num\u00e9ro d&#8217;identification) de la main o\u00f9 un \u201cOut\u201d a \u00e9t\u00e9 r\u00e9alis\u00e9 et l&#8217;envoyez par courriel vers Aced.<\/p>\n<h2>La vari\u00e9t\u00e9 de jeux d\u2019Aced Poker<\/h2>\n<p>Aced offre une grande gamme de variantes de poker, dont Hold&#8217;em, Omaha, 5 et 7 Card Stud, les jeux Draw (5 Card Draw, Badugi, Triple Draw) et de multiples jeux mixtes comme HORSE, HOSE, HA et autres. Des stakes avec limite fixe, sans limite et limite de pot sont disponibles \u00e0 partir de 0,02 $ \/ 0,04 $ jusqu&#8217;\u00e0 50 $ \/ 100 $.<\/p>\n<p>Aced n\u2019a pas le plus grand volume de joueurs, donc pas tous les jeux vont avoir une grande activit\u00e9 \u00e0 heures qui ne sont pas de pointe, et pas toujours aux heures de pointe. Mais ne vous inqui\u00e9tez pas, le trafic est constamment \u00e0 la hausse, ainsi que les jeux de poker sont de mieux en mieux avec le temps.<\/p>\n<p>Il y a beaucoup de tournois de poker pour vous tenir occup\u00e9 \u00e0 Aced, avec des MTTs avec des buy-ins allant de 0,06 $ \u00e0 100 $, et des Sit N Go, passant de 0,60 $ jusqu&#8217;\u00e0 plus de 400 $. Les satellites \u00e9v\u00e9nement en direct offrent aux joueurs une chance d\u2019obtenir un si\u00e8ge aux WSOP, Aussie Millions et d\u2019autres pour aussi peu que 2 $.<\/p>\n<p>Les membres d\u2019Aced Poker seront aussi en mesure de jouer un peu de jeux de casino en ligne comme Blackjack, Roulette, Video Poker, Caribbean Stud et Backgammon. Et tout \u00e7a, pour une rang\u00e9e de 1 $ jusqu&#8217;\u00e0 500 $. C\u2019est une excellente distraction pour les joueurs serr\u00e9s essayant de tailler leur chemin \u00e0 travers d\u2019un tournoi de poker, sans prendre des mauvaises d\u00e9cisions \u00e0 cause de l&#8217;ennui.<\/p>\n<h2>Options de d\u00e9p\u00f4t d\u2019Aced Poker<\/h2>\n<p>Fier d&#8217;accepter les joueurs am\u00e9ricains et des membres de partout dans le monde, Aced accepte les modes de paiement pratiques suivantes: Visa, MasterCard, eWalletXpress, PIC-Club, Click2Pay, UseMyWallet et le virement bancaire. Les options de retrait sont eWalletXpress, PIC-Club, Click2Pay et Use My Wallet.<\/p>\n<h3>Conclusion d\u2019Aced Poker<\/h3>\n<p>Avec tant de mesures d&#8217;incitation \u00e0 l&#8217;adh\u00e9sion, il n&#8217;est pas \u00e9tonnant qu\u2019Aced ait connu une croissance aussi rapide et r\u00e9guli\u00e8re depuis sa cr\u00e9ation, en 2008, au r\u00e9seau Merge Gaming. Nous pouvons dire, en toute honn\u00eatet\u00e9, qu\u2019Aced Poker est l&#8217;une des meilleures salles de poker en ligne pour les joueurs recherchant une nouvelle occasion virtuelle \u00e0 toucher les jetons. Inscrivez-vous par notre site web avec le code de bonus \u201c<strong>Reduction<\/strong>\u201d pour prendre avantage du rakeback de 30% d\u2019Aced et du bonus de bienvenue de 100% jusqu&#8217;\u00e0 500 $.<\/p>\n<p align=\"center\"><span style=\"color: #ff0000\"><strong><em>**MISE EN GARDE<\/em><\/strong>**<\/span><\/p>\n<p align=\"center\"><span style=\"color: #ff0000\"><strong><em>\u201cPour \u00eatre \u00c9LIGIBLE pour les retraits QUOTIDIENS de rakeback et les freerolls \u00e9ch\u00e9ants, les courses de rake et les chasses au rake, vous devez ouvrir un NOUVEAU compte de poker et ne pas avoir un compte actuel sur les logiciels que vous t\u00e9l\u00e9chargez aujourd&#8217;hui. Les comptes EXISTANTS NE sont pas \u00e9ligibles pour le rakeback par RakeMonkey.com, ils ne sont pas \u00e9ligibles pour tout freerolls mensuels et autres offres promotionnelles de notre site. Les comptes multiples NE SONT PAS autoris\u00e9s par RakeMonkey \u2013 donc, s&#8217;il vous pla\u00eet, soyez conscients de cela lorsque vous voulez vous inscrire \u00e0 l&#8217;un de nos sites de poker.&#8221;<\/em><\/strong><\/span><\/p>\n","protected":false},"excerpt":{"rendered":"<p>Instructions d\u2019inscription Une fois que vous avez t\u00e9l\u00e9charg\u00e9 le logiciel et avez fait votre compte, s&#8217;il vous pla\u00eet, remplissez le formulaire d&#8217;inscription ci-dessus. Il suffit de mettre dedans votre nom d&#8217;utilisateur et l\u2019adresse de courriel utilis\u00e9e pour enregistrer votre compte<a class=\"post-link\" href=\"https:\/\/www.rakemonkey.com\/fr\/poker-reviews\/le-rakeback-daced-poker\/\"> read more&#8230;<\/a><\/p>\n","protected":false},"author":9,"featured_media":0,"parent":209,"menu_order":0,"comment_status":"closed","ping_status":"open","template":"rm_review.php","meta":[],"acf":[],"yoast_head":"<!-- This site is optimized with the Yoast SEO plugin v19.6.1 - https:\/\/yoast.com\/wordpress\/plugins\/seo\/ -->\n<title>Le rakeback d\u2019Aced Poker - 30% Rakeback for French Players<\/title>\n<meta name=\"description\" content=\"Inscrivez-vous par les liens du notre site web avec le code de bonus \u201cReduction\u201d pour gagner le rakeback d\u2019Aced de 30%.\" \/>\n<meta name=\"robots\" content=\"index, follow, max-snippet:-1, max-image-preview:large, max-video-preview:-1\" \/>\n<link rel=\"canonical\" href=\"https:\/\/www.rakemonkey.com\/fr\/poker-reviews\/le-rakeback-daced-poker\/\" \/>\n<meta property=\"og:locale\" content=\"en_US\" \/>\n<meta property=\"og:type\" content=\"article\" \/>\n<meta property=\"og:title\" content=\"Le rakeback d\u2019Aced Poker - 30% Rakeback for French Players\" \/>\n<meta property=\"og:description\" content=\"Inscrivez-vous par les liens du notre site web avec le code de bonus \u201cReduction\u201d pour gagner le rakeback d\u2019Aced de 30%.\" \/>\n<meta property=\"og:url\" content=\"https:\/\/www.rakemonkey.com\/fr\/poker-reviews\/le-rakeback-daced-poker\/\" \/>\n<meta property=\"og:site_name\" content=\"RakeMonkey.com\" \/>\n<meta property=\"article:modified_time\" content=\"2017-08-03T01:13:46+00:00\" \/>\n<meta name=\"twitter:card\" content=\"summary\" \/>\n<meta name=\"twitter:label1\" content=\"Est. reading time\" \/>\n\t<meta name=\"twitter:data1\" content=\"5 minutes\" \/>\n<script type=\"application\/ld+json\" class=\"yoast-schema-graph\">{\"@context\":\"https:\/\/schema.org\",\"@graph\":[{\"@type\":\"WebPage\",\"@id\":\"https:\/\/www.rakemonkey.com\/fr\/poker-reviews\/le-rakeback-daced-poker\/\",\"url\":\"https:\/\/www.rakemonkey.com\/fr\/poker-reviews\/le-rakeback-daced-poker\/\",\"name\":\"Le rakeback d\u2019Aced Poker - 30% Rakeback for French Players\",\"isPartOf\":{\"@id\":\"https:\/\/www.rakemonkey.com\/fr\/#website\"},\"datePublished\":\"2010-03-01T16:36:21+00:00\",\"dateModified\":\"2017-08-03T01:13:46+00:00\",\"description\":\"Inscrivez-vous par les liens du notre site web avec le code de bonus \u201cReduction\u201d pour gagner le rakeback d\u2019Aced de 30%.\",\"breadcrumb\":{\"@id\":\"https:\/\/www.rakemonkey.com\/fr\/poker-reviews\/le-rakeback-daced-poker\/#breadcrumb\"},\"inLanguage\":\"en-US\",\"potentialAction\":[{\"@type\":\"ReadAction\",\"target\":[\"https:\/\/www.rakemonkey.com\/fr\/poker-reviews\/le-rakeback-daced-poker\/\"]}]},{\"@type\":\"BreadcrumbList\",\"@id\":\"https:\/\/www.rakemonkey.com\/fr\/poker-reviews\/le-rakeback-daced-poker\/#breadcrumb\",\"itemListElement\":[{\"@type\":\"ListItem\",\"position\":1,\"name\":\"Home\",\"item\":\"https:\/\/www.rakemonkey.com\/fr\/\"},{\"@type\":\"ListItem\",\"position\":2,\"name\":\"Poker Reviews\",\"item\":\"https:\/\/www.rakemonkey.com\/fr\/poker-reviews\/\"},{\"@type\":\"ListItem\",\"position\":3,\"name\":\"Le rakeback d\u2019Aced Poker\"}]},{\"@type\":\"WebSite\",\"@id\":\"https:\/\/www.rakemonkey.com\/fr\/#website\",\"url\":\"https:\/\/www.rakemonkey.com\/fr\/\",\"name\":\"RakeMonkey.com\",\"description\":\"\",\"potentialAction\":[{\"@type\":\"SearchAction\",\"target\":{\"@type\":\"EntryPoint\",\"urlTemplate\":\"https:\/\/www.rakemonkey.com\/fr\/?s={search_term_string}\"},\"query-input\":\"required name=search_term_string\"}],\"inLanguage\":\"en-US\"}]}<\/script>\n<!-- \/ Yoast SEO plugin. -->","yoast_head_json":{"title":"Le rakeback d\u2019Aced Poker - 30% Rakeback for French Players","description":"Inscrivez-vous par les liens du notre site web avec le code de bonus \u201cReduction\u201d pour gagner le rakeback d\u2019Aced de 30%.","robots":{"index":"index","follow":"follow","max-snippet":"max-snippet:-1","max-image-preview":"max-image-preview:large","max-video-preview":"max-video-preview:-1"},"canonical":"https:\/\/www.rakemonkey.com\/fr\/poker-reviews\/le-rakeback-daced-poker\/","og_locale":"en_US","og_type":"article","og_title":"Le rakeback d\u2019Aced Poker - 30% Rakeback for French Players","og_description":"Inscrivez-vous par les liens du notre site web avec le code de bonus \u201cReduction\u201d pour gagner le rakeback d\u2019Aced de 30%.","og_url":"https:\/\/www.rakemonkey.com\/fr\/poker-reviews\/le-rakeback-daced-poker\/","og_site_name":"RakeMonkey.com","article_modified_time":"2017-08-03T01:13:46+00:00","twitter_card":"summary","twitter_misc":{"Est. reading time":"5 minutes"},"schema":{"@context":"https:\/\/schema.org","@graph":[{"@type":"WebPage","@id":"https:\/\/www.rakemonkey.com\/fr\/poker-reviews\/le-rakeback-daced-poker\/","url":"https:\/\/www.rakemonkey.com\/fr\/poker-reviews\/le-rakeback-daced-poker\/","name":"Le rakeback d\u2019Aced Poker - 30% Rakeback for French Players","isPartOf":{"@id":"https:\/\/www.rakemonkey.com\/fr\/#website"},"datePublished":"2010-03-01T16:36:21+00:00","dateModified":"2017-08-03T01:13:46+00:00","description":"Inscrivez-vous par les liens du notre site web avec le code de bonus \u201cReduction\u201d pour gagner le rakeback d\u2019Aced de 30%.","breadcrumb":{"@id":"https:\/\/www.rakemonkey.com\/fr\/poker-reviews\/le-rakeback-daced-poker\/#breadcrumb"},"inLanguage":"en-US","potentialAction":[{"@type":"ReadAction","target":["https:\/\/www.rakemonkey.com\/fr\/poker-reviews\/le-rakeback-daced-poker\/"]}]},{"@type":"BreadcrumbList","@id":"https:\/\/www.rakemonkey.com\/fr\/poker-reviews\/le-rakeback-daced-poker\/#breadcrumb","itemListElement":[{"@type":"ListItem","position":1,"name":"Home","item":"https:\/\/www.rakemonkey.com\/fr\/"},{"@type":"ListItem","position":2,"name":"Poker Reviews","item":"https:\/\/www.rakemonkey.com\/fr\/poker-reviews\/"},{"@type":"ListItem","position":3,"name":"Le rakeback d\u2019Aced Poker"}]},{"@type":"WebSite","@id":"https:\/\/www.rakemonkey.com\/fr\/#website","url":"https:\/\/www.rakemonkey.com\/fr\/","name":"RakeMonkey.com","description":"","potentialAction":[{"@type":"SearchAction","target":{"@type":"EntryPoint","urlTemplate":"https:\/\/www.rakemonkey.com\/fr\/?s={search_term_string}"},"query-input":"required name=search_term_string"}],"inLanguage":"en-US"}]}},"_links":{"self":[{"href":"https:\/\/www.rakemonkey.com\/fr\/wp-json\/wp\/v2\/pages\/56"}],"collection":[{"href":"https:\/\/www.rakemonkey.com\/fr\/wp-json\/wp\/v2\/pages"}],"about":[{"href":"https:\/\/www.rakemonkey.com\/fr\/wp-json\/wp\/v2\/types\/page"}],"author":[{"embeddable":true,"href":"https:\/\/www.rakemonkey.com\/fr\/wp-json\/wp\/v2\/users\/9"}],"replies":[{"embeddable":true,"href":"https:\/\/www.rakemonkey.com\/fr\/wp-json\/wp\/v2\/comments?post=56"}],"version-history":[{"count":0,"href":"https:\/\/www.rakemonkey.com\/fr\/wp-json\/wp\/v2\/pages\/56\/revisions"}],"up":[{"embeddable":true,"href":"https:\/\/www.rakemonkey.com\/fr\/wp-json\/wp\/v2\/pages\/209"}],"wp:attachment":[{"href":"https:\/\/www.rakemonkey.com\/fr\/wp-json\/wp\/v2\/media?parent=56"}],"curies":[{"name":"wp","href":"https:\/\/api.w.org\/{rel}","templated":true}]}}