{"id":14,"date":"2010-02-25T08:45:07","date_gmt":"2010-02-25T08:45:07","guid":{"rendered":"http:\/\/www.rakemonkey.com\/it\/?page_id=14"},"modified":"2010-02-25T08:45:07","modified_gmt":"2010-02-25T08:45:07","slug":"rake-races","status":"publish","type":"page","link":"https:\/\/www.rakemonkey.com\/it\/rake-races\/","title":{"rendered":"Rake Races"},"content":{"rendered":"<h2>Cosa sono le Rake Race e Chase?<\/h2>\n<p><strong>Rake race<\/strong> e <strong>chase<\/strong> sono uno dei molti modi in cui ricompensiamo i nostri giocatori che hanno rakeback account e giocano a poker. Vogliamo mantenere i nostri giocatori contenti, per cui distribuiamo $150,000 dollari al mese in rake chase e rake race. Offriamo anche cashout giornalieri cos\u00ec che tu possa avere i tuoi soldi ogni volta che vorrai \u2013 non una al mese come nella maggior parte dei siti di rakeback.<\/p>\n<p>Le rake race sono semplici gare in qui i primi (pi\u00f9 o meno) 50 giocatori che guadagnano il maggior rake ogni mese, ottengono un premio speciale in denaro. \u00c8 una specie di torneo in cui il giocatore in vetta alla classifica ottiene il maggior premio in denaro, il secondo un premio leggermente minore e cos\u00ec a scendere.<\/p>\n<p>Le rake chase sono simili alle race, ma la differenza \u00e8 che nelle race, stai solo tentando di raggiungere determinati livelli di rake. Pi\u00f9 alto \u00e8 il livello che raggiungi, pi\u00f9 vieni pagato alla fine del mese. Ogni livello ha solamente un numero limitato di posizioni, per cui devi essere tra i primi giocatori per raggiungere ogni livello per ricevere un premio.<\/p>\n<p>Le race e chase elencate sotto sono ordinate in base all\u2019ammontare totale in dollari dei premi distribuiti in quel sito di poker ogni mese. Per esempio, una rake race da $21,000 distribuisce premi per il valore di $21,000 tra i giocatori pi\u00f9 in alto in classifica ogni mese.<\/p>\n<h2>Rake Race<\/h2>\n<p><strong>Rake Race da $21,000 <\/strong><\/p>\n<p>\u2022 Ultimate Bet<br \/>\n\u2022 Absolute Poker<br \/>\n\u2022 Full Tilt Poker<\/p>\n<p><strong>Rake Race da $15,000 <\/strong><\/p>\n<p>\u2022 Cake Poker and <a href=\"http:\/\/www.partypokerrakeback.org\"><font color=\"blue\">Party Poker<\/font><\/a><\/p>\n<h2>Rake Chase<\/h2>\n<p><strong>Rake Chase da $10,000 <\/strong><\/p>\n<p>\u2022 Molten Poker<br \/>\n\u2022 Carbon Poker<br \/>\n\u2022 NoIQ Poker<br \/>\n\u2022 Aced Poker<\/p>\n<p><strong>Rake Chase da $6,000 <\/strong><\/p>\n<p>\u2022 InterPoker<br \/>\n\u2022 PKR Poker<\/p>\n<h2>Partecipare a Rake Race e Chase<\/h2>\n<p>Finch\u00e8 avrai un rakeback account attraverso di noi con uno dei siti sopra, parteciperai automaticamente a ogni rake chase e race che offriamo. Tutto ci\u00f2 che devi fare \u00e8 giocare a poker come fai sempre e i tuoi progressi saranno tracciati automaticamente.<\/p>\n<p>Ogni volta che ti classificherai in una delle nostre race o chase, te lo comunicheremo e ti pagheremo le vincite il mese successivo. Il tuo rakeback in denaro \u00e8 sempre disponibile ma i premi dei nostri rake chase e rake race sono pagati solamente una volta al mese.<\/p>\n<h3>Vantaggi delle Rake Race e Chase<\/h3>\n<p>Le rake race e chase sono estremamente vantaggiose perch\u00e8 non richiedono alcun extra da parte tua, se non fare ci\u00f2 che fai normalmente: <strong>giocare a poker<\/strong>. Non solo raccoglierai il tuo rakeback, ma vincerai anche premi extra in denaro per i tuoi buoni risultati nelle rake race e chase.<\/p>\n<p>Quando sei pronto a iniziare, visita la pagina di recensione di ogni sala da poker consigliata da noi. Da l\u00e0, puoi leggere tutto ci\u00f2 che ti serve sapere sulle sale da poker, e su come iscriverti al rakeback. Fatto questo, avrai un conto con noi e sarai pronto a iniziare a guadagnare.<\/p>\n","protected":false},"excerpt":{"rendered":"<p>Cosa sono le Rake Race e Chase? Rake race e chase sono uno dei molti modi in cui ricompensiamo i nostri giocatori che hanno rakeback account e giocano a poker. Vogliamo mantenere i nostri giocatori contenti, per cui distribuiamo $150,000<a class=\"post-link\" href=\"https:\/\/www.rakemonkey.com\/it\/rake-races\/\"> read more&#8230;<\/a><\/p>\n","protected":false},"author":9,"featured_media":0,"parent":0,"menu_order":0,"comment_status":"closed","ping_status":"open","template":"","meta":[],"acf":[],"yoast_head":"<!-- This site is optimized with the Yoast SEO plugin v19.6.1 - https:\/\/yoast.com\/wordpress\/plugins\/seo\/ -->\n<title>Rake Races - Italian Poker Rake Races and Chases<\/title>\n<meta name=\"description\" content=\"Vogliamo mantenere i nostri giocatori contenti, per cui distribuiamo $150,000 dollari al mese in rake chase e rake race\" \/>\n<meta name=\"robots\" content=\"index, follow, max-snippet:-1, max-image-preview:large, max-video-preview:-1\" \/>\n<link rel=\"canonical\" href=\"https:\/\/www.rakemonkey.com\/it\/rake-races\/\" \/>\n<meta property=\"og:locale\" content=\"en_US\" \/>\n<meta property=\"og:type\" content=\"article\" \/>\n<meta property=\"og:title\" content=\"Rake Races - Italian Poker Rake Races and Chases\" \/>\n<meta property=\"og:description\" content=\"Vogliamo mantenere i nostri giocatori contenti, per cui distribuiamo $150,000 dollari al mese in rake chase e rake race\" \/>\n<meta property=\"og:url\" content=\"https:\/\/www.rakemonkey.com\/it\/rake-races\/\" \/>\n<meta property=\"og:site_name\" content=\"RakeMonkey.com\" \/>\n<meta name=\"twitter:card\" content=\"summary\" \/>\n<meta name=\"twitter:label1\" content=\"Est. reading time\" \/>\n\t<meta name=\"twitter:data1\" content=\"2 minutes\" \/>\n<script type=\"application\/ld+json\" class=\"yoast-schema-graph\">{\"@context\":\"https:\/\/schema.org\",\"@graph\":[{\"@type\":\"WebPage\",\"@id\":\"https:\/\/www.rakemonkey.com\/it\/rake-races\/\",\"url\":\"https:\/\/www.rakemonkey.com\/it\/rake-races\/\",\"name\":\"Rake Races - Italian Poker Rake Races and Chases\",\"isPartOf\":{\"@id\":\"https:\/\/www.rakemonkey.com\/it\/#website\"},\"datePublished\":\"2010-02-25T08:45:07+00:00\",\"dateModified\":\"2010-02-25T08:45:07+00:00\",\"description\":\"Vogliamo mantenere i nostri giocatori contenti, per cui distribuiamo $150,000 dollari al mese in rake chase e rake race\",\"breadcrumb\":{\"@id\":\"https:\/\/www.rakemonkey.com\/it\/rake-races\/#breadcrumb\"},\"inLanguage\":\"en-US\",\"potentialAction\":[{\"@type\":\"ReadAction\",\"target\":[\"https:\/\/www.rakemonkey.com\/it\/rake-races\/\"]}]},{\"@type\":\"BreadcrumbList\",\"@id\":\"https:\/\/www.rakemonkey.com\/it\/rake-races\/#breadcrumb\",\"itemListElement\":[{\"@type\":\"ListItem\",\"position\":1,\"name\":\"Home\",\"item\":\"https:\/\/www.rakemonkey.com\/it\/\"},{\"@type\":\"ListItem\",\"position\":2,\"name\":\"Rake Races\"}]},{\"@type\":\"WebSite\",\"@id\":\"https:\/\/www.rakemonkey.com\/it\/#website\",\"url\":\"https:\/\/www.rakemonkey.com\/it\/\",\"name\":\"RakeMonkey.com\",\"description\":\"\",\"potentialAction\":[{\"@type\":\"SearchAction\",\"target\":{\"@type\":\"EntryPoint\",\"urlTemplate\":\"https:\/\/www.rakemonkey.com\/it\/?s={search_term_string}\"},\"query-input\":\"required name=search_term_string\"}],\"inLanguage\":\"en-US\"}]}<\/script>\n<!-- \/ Yoast SEO plugin. -->","yoast_head_json":{"title":"Rake Races - Italian Poker Rake Races and Chases","description":"Vogliamo mantenere i nostri giocatori contenti, per cui distribuiamo $150,000 dollari al mese in rake chase e rake race","robots":{"index":"index","follow":"follow","max-snippet":"max-snippet:-1","max-image-preview":"max-image-preview:large","max-video-preview":"max-video-preview:-1"},"canonical":"https:\/\/www.rakemonkey.com\/it\/rake-races\/","og_locale":"en_US","og_type":"article","og_title":"Rake Races - Italian Poker Rake Races and Chases","og_description":"Vogliamo mantenere i nostri giocatori contenti, per cui distribuiamo $150,000 dollari al mese in rake chase e rake race","og_url":"https:\/\/www.rakemonkey.com\/it\/rake-races\/","og_site_name":"RakeMonkey.com","twitter_card":"summary","twitter_misc":{"Est. reading time":"2 minutes"},"schema":{"@context":"https:\/\/schema.org","@graph":[{"@type":"WebPage","@id":"https:\/\/www.rakemonkey.com\/it\/rake-races\/","url":"https:\/\/www.rakemonkey.com\/it\/rake-races\/","name":"Rake Races - Italian Poker Rake Races and Chases","isPartOf":{"@id":"https:\/\/www.rakemonkey.com\/it\/#website"},"datePublished":"2010-02-25T08:45:07+00:00","dateModified":"2010-02-25T08:45:07+00:00","description":"Vogliamo mantenere i nostri giocatori contenti, per cui distribuiamo $150,000 dollari al mese in rake chase e rake race","breadcrumb":{"@id":"https:\/\/www.rakemonkey.com\/it\/rake-races\/#breadcrumb"},"inLanguage":"en-US","potentialAction":[{"@type":"ReadAction","target":["https:\/\/www.rakemonkey.com\/it\/rake-races\/"]}]},{"@type":"BreadcrumbList","@id":"https:\/\/www.rakemonkey.com\/it\/rake-races\/#breadcrumb","itemListElement":[{"@type":"ListItem","position":1,"name":"Home","item":"https:\/\/www.rakemonkey.com\/it\/"},{"@type":"ListItem","position":2,"name":"Rake Races"}]},{"@type":"WebSite","@id":"https:\/\/www.rakemonkey.com\/it\/#website","url":"https:\/\/www.rakemonkey.com\/it\/","name":"RakeMonkey.com","description":"","potentialAction":[{"@type":"SearchAction","target":{"@type":"EntryPoint","urlTemplate":"https:\/\/www.rakemonkey.com\/it\/?s={search_term_string}"},"query-input":"required name=search_term_string"}],"inLanguage":"en-US"}]}},"_links":{"self":[{"href":"https:\/\/www.rakemonkey.com\/it\/wp-json\/wp\/v2\/pages\/14"}],"collection":[{"href":"https:\/\/www.rakemonkey.com\/it\/wp-json\/wp\/v2\/pages"}],"about":[{"href":"https:\/\/www.rakemonkey.com\/it\/wp-json\/wp\/v2\/types\/page"}],"author":[{"embeddable":true,"href":"https:\/\/www.rakemonkey.com\/it\/wp-json\/wp\/v2\/users\/9"}],"replies":[{"embeddable":true,"href":"https:\/\/www.rakemonkey.com\/it\/wp-json\/wp\/v2\/comments?post=14"}],"version-history":[{"count":0,"href":"https:\/\/www.rakemonkey.com\/it\/wp-json\/wp\/v2\/pages\/14\/revisions"}],"wp:attachment":[{"href":"https:\/\/www.rakemonkey.com\/it\/wp-json\/wp\/v2\/media?parent=14"}],"curies":[{"name":"wp","href":"https:\/\/api.w.org\/{rel}","templated":true}]}}