{"id":26,"date":"2010-02-26T12:26:00","date_gmt":"2010-02-26T12:26:00","guid":{"rendered":"http:\/\/www.rakemonkey.com\/it\/?page_id=26"},"modified":"2010-02-26T12:26:00","modified_gmt":"2010-02-26T12:26:00","slug":"domande-frequenti","status":"publish","type":"page","link":"https:\/\/www.rakemonkey.com\/it\/domande-frequenti\/","title":{"rendered":"FAQ&#8217;s"},"content":{"rendered":"<p><strong>Che cos\u2019\u00e8 il rake?<\/strong><\/p>\n<p>Il rake \u00e8 la fonte dei guadagni di una sala da poker. Una piccola percentuale \u00e8 presa da ogni piatto e trattenuta dalla sala da poker come guadagno. Ecco come fanno soldi i siti di poker.<\/p>\n<p><strong> Che cos\u2019\u00e8 il rakeback?<\/strong><\/p>\n<p>Il rakeback \u00e8 accordo secondo cui ogni mese ti viene restituita una certa percentuale del tuo rake. Per esempio, se hai un rakeback deal del 27%, il sito di poker di restituir\u00e0 il 27% del rake che paghi ogni mese.<\/p>\n<p><strong>Come posso ricevere il rakeback?<\/strong><\/p>\n<p>Puoi ricevere il rakeback iscrivendoti a uno dei nostri siti di rakeback poker. Finch\u00e8 ti iscrivi attraverso una qualsiasi delle sale che promuoviamo a RakeMonkey.com<strong>,<\/strong> sarai tra quelli che potranno ricevere il rakeback per tutta la durata del tuo conto poker. Forniamo anche istruzioni passo-per-passo su ciascuna delle pagine del nostro sito. Il modulo d\u2019iscrizione \u00e8 semplice da compilare e tutto ci\u00f2 che richiediamo \u00e8 fondamentalmente un\u2019email e il tuo nickname dopo aver scaricato il software e aver creato il tuo nuovo conto.<\/p>\n<p><strong>Il rakeback \u00e8 sicuro?<\/strong><\/p>\n<p>S\u00ec. Il rakeback \u00e8 un modello di business diffuso in tutta l\u2019industria. Molte sale da poker offrono il rakeback, ad accezione di poche. Comunque, quelle sale compensano offrendo programmi speciali VIP.<\/p>\n<p><strong>I siti di poker permettono il rakeback?<\/strong><\/p>\n<p>S\u00ec, i siti di poker elencati qui a <strong>RakeMonkey.com<\/strong> sostengono tutti i nostri rakeback deal.<\/p>\n<p><strong>Perch\u00e9 siti come RakeMonkey.com offrono il rakeback?<\/strong><\/p>\n<p>Ogni volta che un sito di poker come questo fa iscrivere giocatori a una sala da poker online, noi guadagnamo un certa percentuale sul rake di quel giocatore per tutta la durata del conto. I rakeback deal che offriamo incidono profondamente in tale percentuale ma compensiamo semplicemente con il volume. Tutti vogliono il rakeback!<\/p>\n<p><strong>Posso trovare dei migliori rakeback deal da qualche altra parte?<\/strong><\/p>\n<p>No. L\u2019industria del rakeback \u00e8 diventata molto competitiva negli ultimi anni e tutti i siti di rakeback come questo offrono i pi\u00f9 alti rakeback deal permessi dalle sale da poker. In caso trovassi un sito di rakeback che offre percentuali pi\u00f9 alte di quelle elencate qui, dovresti essere molto prudente. Pi\u00f9 probabilmente, quel sito di rakeback sta infrangendo termini e condizioni della sala da poker. Se il tuo rakeback provider viene chiuso, rimarrai senza fortuna in quella sala da poker.<\/p>\n<p><strong>Ogni quanto vengo pagato?<\/strong><\/p>\n<p>Qui a RakeMonkey.com, tutto quello che devi fare \u00e8 accedere direttamente dal nostro sito, controllare le tue statistiche e potrai istantaneamente incassare il tuo rake QUOTIDIANAMENTE. Non ci sono ritardi in questo processo e non siamo come la maggior parte dei provider che possono pagare solamente una volta al mese.<\/p>\n<p><strong>Come vengo pagato?<\/strong><\/p>\n<p>In alcuni siti di poker, la sala da poker stessa trasferisce automaticamente i pagamenti del tuo rakeback sul tuo conto di gioco. In altri siti di poker, gestiamo noi i pagamenti e trasferiamo il denaro sul tuo conto poker, NETeller o altri e-wallet.<\/p>\n<p><strong>Quanto posso guadagnare con rakeback?<\/strong><\/p>\n<p>Non c\u2019\u00e8 limite alla quantit\u00e0 di denaro che puoi guadagnare con rakeback. Pi\u00f9 giochi a poker, pi\u00f9 rake paghi e maggiori saranno i pagamenti del tuo rakeback. Alcuni dei nostri giocatori accaniti guadagnano migliaia di dollari al mese in rakeback.<\/p>\n<p><strong>Perch\u00e8 devo ricevere il rakeback?<\/strong><\/p>\n<p>Il rakeback \u00e8 essenziale per i giocatori di poker. Un rakeback deal ti mette a disposizione denaro extra\u00a0 ogni mese. Non c\u2019\u00e8 niente che tu debba fare per ricevere questi soldi, eccetto giocare a poker. Non devi neanche essere un giocatore vincente per guadagnare il rakeback ogni mese.<\/p>\n<p><strong>Posso ricevere il rakeback su un account gi\u00e0 esistente?<\/strong><\/p>\n<p>Solitamente, la risposta a questa domanda \u00e8 no. Comunque, ci sono delle sale da poker in cui puoi ricevere il rakeback su un account gi\u00e0 esistente. Se hai domande sulla ricezione di rakeback su un account gi\u00e0 esistente, non esitare a <strong>contattarci.<\/strong><\/p>\n<p><strong>Dov\u2019\u00e8 il trucco?<\/strong><\/p>\n<p>Non ci sono trucchi, costi o clausole. Tutto quello che devi fare \u00e8 iscriverti a una delle nostre sale da poker e giocare.<\/p>\n<p><strong>Posso ricevere il rakeback in pi\u00f9 di un sito di poker?<\/strong><\/p>\n<p>Assolutamente. Puoi avere rakeback deal in tutti i nostri siti di poker.<\/p>\n<p><strong>Che differenza c\u2019\u00e8 tra un rake di parti terze o interno?<\/strong><\/p>\n<p>Una volta che t\u2019iscrivi a un rakeback deal interno attraverso noi, il sito di poker gestisce tutti i tuoi pagamenti del rakeback. Il sito di poker trasferisce i tuoi pagamenti del rakeback direttamente al tuo conto di gioco. Con i deal di parti terze, noi gestiamo tutti i pagamenti del rakeback per te.<\/p>\n<p><strong>Che cosa sono le \u201cdeduzioni\u201d?<\/strong><\/p>\n<p>Le deduzioni sono costi che le sale da poker addebitano in base al rake che generi. Per esempio, se\u00a0 un mese\u00a0 generi $1,000 in rake ma guadagni anche un bonus da $100, il tuo rakeback calcolato ammonterebbe al XX% di $900.<\/p>\n<p>Anche se il pagamento del tuo rakeback ne sar\u00e0 influenzato, vale ancora la pena completare i bonus quando vengono offerti. Riceverai il bonus intero pi\u00f9 qualsiasi rakeback rimasto che hai guadagnato.<\/p>\n<p>Non preoccuparti \u2013 raramente andrai in negativo per colpa delle trattenute. Anche se tu dovessi, quella cifra negativa sar\u00e0 cancellata il mese successivo. Non \u201cdovrai\u201d mai del denaro a nessuno a causa delle deduzioni.<\/p>\n","protected":false},"excerpt":{"rendered":"<p>Che cos\u2019\u00e8 il rake? Il rake \u00e8 la fonte dei guadagni di una sala da poker. Una piccola percentuale \u00e8 presa da ogni piatto e trattenuta dalla sala da poker come guadagno. Ecco come fanno soldi i siti di poker.<a class=\"post-link\" href=\"https:\/\/www.rakemonkey.com\/it\/domande-frequenti\/\"> read more&#8230;<\/a><\/p>\n","protected":false},"author":9,"featured_media":0,"parent":0,"menu_order":0,"comment_status":"closed","ping_status":"open","template":"","meta":[],"acf":[],"yoast_head":"<!-- This site is optimized with the Yoast SEO plugin v19.6.1 - https:\/\/yoast.com\/wordpress\/plugins\/seo\/ -->\n<title>Domande Frequenti - FAQ&#039;s<\/title>\n<meta name=\"description\" content=\"Italian players can find the answers to all their rakeback questions here.\" \/>\n<meta name=\"robots\" content=\"index, follow, max-snippet:-1, max-image-preview:large, max-video-preview:-1\" \/>\n<link rel=\"canonical\" href=\"https:\/\/www.rakemonkey.com\/it\/domande-frequenti\/\" \/>\n<meta property=\"og:locale\" content=\"en_US\" \/>\n<meta property=\"og:type\" content=\"article\" \/>\n<meta property=\"og:title\" content=\"Domande Frequenti - FAQ&#039;s\" \/>\n<meta property=\"og:description\" content=\"Italian players can find the answers to all their rakeback questions here.\" \/>\n<meta property=\"og:url\" content=\"https:\/\/www.rakemonkey.com\/it\/domande-frequenti\/\" \/>\n<meta property=\"og:site_name\" content=\"RakeMonkey.com\" \/>\n<meta name=\"twitter:card\" content=\"summary\" \/>\n<meta name=\"twitter:label1\" content=\"Est. reading time\" \/>\n\t<meta name=\"twitter:data1\" content=\"4 minutes\" \/>\n<script type=\"application\/ld+json\" class=\"yoast-schema-graph\">{\"@context\":\"https:\/\/schema.org\",\"@graph\":[{\"@type\":\"WebPage\",\"@id\":\"https:\/\/www.rakemonkey.com\/it\/domande-frequenti\/\",\"url\":\"https:\/\/www.rakemonkey.com\/it\/domande-frequenti\/\",\"name\":\"Domande Frequenti - FAQ's\",\"isPartOf\":{\"@id\":\"https:\/\/www.rakemonkey.com\/it\/#website\"},\"datePublished\":\"2010-02-26T12:26:00+00:00\",\"dateModified\":\"2010-02-26T12:26:00+00:00\",\"description\":\"Italian players can find the answers to all their rakeback questions here.\",\"breadcrumb\":{\"@id\":\"https:\/\/www.rakemonkey.com\/it\/domande-frequenti\/#breadcrumb\"},\"inLanguage\":\"en-US\",\"potentialAction\":[{\"@type\":\"ReadAction\",\"target\":[\"https:\/\/www.rakemonkey.com\/it\/domande-frequenti\/\"]}]},{\"@type\":\"BreadcrumbList\",\"@id\":\"https:\/\/www.rakemonkey.com\/it\/domande-frequenti\/#breadcrumb\",\"itemListElement\":[{\"@type\":\"ListItem\",\"position\":1,\"name\":\"Home\",\"item\":\"https:\/\/www.rakemonkey.com\/it\/\"},{\"@type\":\"ListItem\",\"position\":2,\"name\":\"FAQ&#8217;s\"}]},{\"@type\":\"WebSite\",\"@id\":\"https:\/\/www.rakemonkey.com\/it\/#website\",\"url\":\"https:\/\/www.rakemonkey.com\/it\/\",\"name\":\"RakeMonkey.com\",\"description\":\"\",\"potentialAction\":[{\"@type\":\"SearchAction\",\"target\":{\"@type\":\"EntryPoint\",\"urlTemplate\":\"https:\/\/www.rakemonkey.com\/it\/?s={search_term_string}\"},\"query-input\":\"required name=search_term_string\"}],\"inLanguage\":\"en-US\"}]}<\/script>\n<!-- \/ Yoast SEO plugin. -->","yoast_head_json":{"title":"Domande Frequenti - FAQ's","description":"Italian players can find the answers to all their rakeback questions here.","robots":{"index":"index","follow":"follow","max-snippet":"max-snippet:-1","max-image-preview":"max-image-preview:large","max-video-preview":"max-video-preview:-1"},"canonical":"https:\/\/www.rakemonkey.com\/it\/domande-frequenti\/","og_locale":"en_US","og_type":"article","og_title":"Domande Frequenti - FAQ's","og_description":"Italian players can find the answers to all their rakeback questions here.","og_url":"https:\/\/www.rakemonkey.com\/it\/domande-frequenti\/","og_site_name":"RakeMonkey.com","twitter_card":"summary","twitter_misc":{"Est. reading time":"4 minutes"},"schema":{"@context":"https:\/\/schema.org","@graph":[{"@type":"WebPage","@id":"https:\/\/www.rakemonkey.com\/it\/domande-frequenti\/","url":"https:\/\/www.rakemonkey.com\/it\/domande-frequenti\/","name":"Domande Frequenti - FAQ's","isPartOf":{"@id":"https:\/\/www.rakemonkey.com\/it\/#website"},"datePublished":"2010-02-26T12:26:00+00:00","dateModified":"2010-02-26T12:26:00+00:00","description":"Italian players can find the answers to all their rakeback questions here.","breadcrumb":{"@id":"https:\/\/www.rakemonkey.com\/it\/domande-frequenti\/#breadcrumb"},"inLanguage":"en-US","potentialAction":[{"@type":"ReadAction","target":["https:\/\/www.rakemonkey.com\/it\/domande-frequenti\/"]}]},{"@type":"BreadcrumbList","@id":"https:\/\/www.rakemonkey.com\/it\/domande-frequenti\/#breadcrumb","itemListElement":[{"@type":"ListItem","position":1,"name":"Home","item":"https:\/\/www.rakemonkey.com\/it\/"},{"@type":"ListItem","position":2,"name":"FAQ&#8217;s"}]},{"@type":"WebSite","@id":"https:\/\/www.rakemonkey.com\/it\/#website","url":"https:\/\/www.rakemonkey.com\/it\/","name":"RakeMonkey.com","description":"","potentialAction":[{"@type":"SearchAction","target":{"@type":"EntryPoint","urlTemplate":"https:\/\/www.rakemonkey.com\/it\/?s={search_term_string}"},"query-input":"required name=search_term_string"}],"inLanguage":"en-US"}]}},"_links":{"self":[{"href":"https:\/\/www.rakemonkey.com\/it\/wp-json\/wp\/v2\/pages\/26"}],"collection":[{"href":"https:\/\/www.rakemonkey.com\/it\/wp-json\/wp\/v2\/pages"}],"about":[{"href":"https:\/\/www.rakemonkey.com\/it\/wp-json\/wp\/v2\/types\/page"}],"author":[{"embeddable":true,"href":"https:\/\/www.rakemonkey.com\/it\/wp-json\/wp\/v2\/users\/9"}],"replies":[{"embeddable":true,"href":"https:\/\/www.rakemonkey.com\/it\/wp-json\/wp\/v2\/comments?post=26"}],"version-history":[{"count":0,"href":"https:\/\/www.rakemonkey.com\/it\/wp-json\/wp\/v2\/pages\/26\/revisions"}],"wp:attachment":[{"href":"https:\/\/www.rakemonkey.com\/it\/wp-json\/wp\/v2\/media?parent=26"}],"curies":[{"name":"wp","href":"https:\/\/api.w.org\/{rel}","templated":true}]}}