{"id":31,"date":"2010-02-26T12:37:50","date_gmt":"2010-02-26T12:37:50","guid":{"rendered":"http:\/\/www.rakemonkey.com\/it\/?page_id=31"},"modified":"2010-02-26T12:37:50","modified_gmt":"2010-02-26T12:37:50","slug":"rakeback-di-doyles-room","status":"publish","type":"page","link":"https:\/\/www.rakemonkey.com\/it\/recensioni\/rakeback-di-doyles-room\/","title":{"rendered":"Rakeback di Doyles Room"},"content":{"rendered":"<p><strong>Doyles Room<\/strong> ha subito molti cambiamenti nella sua breve vita di 4 anni, ma sempre in meglio. La transizione pi\u00f9 recente \u00e8 arrivata nella forma di un passaggio a Cake Network, non solo per migliorare il cliente e le caratteristiche, ma per ripristinare il fermo impegno per l\u2019accettazione dei giocatori americani (impedita dal precedente software provider, Microgaming).<\/p>\n<p>Con il salto a Cake Poker Network \u00e8 arrivata la possibilit\u00e0 della promozione di parte terza del <em>33% Doyles Room Rakeback<\/em>. Combina questo con le molte altre valide promozioni di Doyles Room, come il bonus di benvenuto del 110% fino a $550, e l\u2019assenza di deduzioni dalla MGR, e il potenziale di guadagno del tuo poker online inizia a balzare alle stelle.<\/p>\n<h2>Rakeback di Doyles Room<\/h2>\n<p>Clicca per accedere a Doyles Room da questo sito web, crea un nuovo conto usando il codice \u201c<strong>Reduction<\/strong>\u201d, e inizierai istantaneamente a guadagnare il <strong>33% Dealt Rakeback<\/strong> da Doyles Room in tutti i giochi con denaro reale. Quando effettui il tuo primo deposito, riceverai anche anche un bonus di benvenuto del 110% fino a $550; non dedotto dalla MGR!<\/p>\n<p>Se il 33% Doyles Room Rakeback di cui sopra non fosse sufficiente a stimolare il tuo appetito virtuale, dovrebbe esserlo il metodo \u00a0Dealt Rakeback. Cake Network \u00e8 una delle rare reti di poker ad usare questo metodo di calcolo del rakeback, cos\u00ec vantaggioso per i i giocatori di poker strategicamente tirati. Con Dealt Rakeback, ti viene pagato il rakeback su ogni singola mano con rake in cui ti sono state distribuite carte, non \u00e8 importante se contribuisci o meno al piatto.<\/p>\n<p>Iscrivendoti attraverso il nostro sito web a Doyles Room Rakeback, potrai anche partecipare a una rake chase mensile da $10mila. Pi\u00f9 mani con rake giochi, pi\u00f9 rakeback guadagni, e pi\u00f9 ti avvicini ad aggiudicarti una parte della torta $10,000.<\/p>\n<h2>Bonus di Benvenuto di Doyles Room<\/h2>\n<p>Doyles Room offre a tutti i nuovi membri un <strong>bonus di benvenuto del 110% fino a $550<\/strong> sul deposito iniziale. Nota che i bonus non sono dedotti dalla MGR, cos\u00ec che il tuo bonus e rakeback sono completamente tuoi da guadagnare e tenere. Guadagnare un bonus richiede punti poker, con ogni punto che equivale a $0.06 del bonus. Ogni $10 utilizzati \u00e8 rilasciato automaticamente nel tuo conto poker nell\u2019arco dei primi 90 giorni dopo il tuo deposito abilitativo da 30 o maggiore.<\/p>\n<h2>Premi Fedelt\u00e0 di Doyles Room<\/h2>\n<p>Ogni membro di Doyles Room che giochi a poker online con denaro reale, sar\u00e0 inserito automaticamente nel programma VIP. \u00c8 diverso dalla maggior parte dei programmi VIP, in cui i giocatori non competono per uno status pi\u00f9 alto, ma piuttosto per guadagnare Gold Chip. Ogni volta che raccogli abbastanza punti poker, ti viene assegnato un Gold Chip.<\/p>\n<p>I Gold Chip possono essere usati per accedere ai Gold Chip Giveaway Tournament, tornei speciali, settimanali, con premi eccezionali. Anche molti eventi satellite accetteranno Gold Chip al posto di denaro per l\u2019iscrizione. Doyles Room \u00e8 in fase d\u2019inserimento di un nuovo Doyles Room Store, che accetter\u00e0 anche Gold Chips per gli acquisti.<\/p>\n<h2>Variet\u00e0 di Giochi di Doyles Room<\/h2>\n<p>Doyles Room offre una buoa variet\u00e0 di giochi di poker con denaro, compresi Texas Hold\u2019em, Omaha, Omaha Hi-Lo, 7 Card Stud e 7 Card Stud Hi-Lo. Gioca a head-up, short-handed o full-table con puntate che variano da quelle piccole come $0.02\/$0.04 fino a $500\/$1000 a FL Hold\u2019em. Le puntate pi\u00f9 alte non sono sempre attive, ma negli orari di punta puoi trovare aperti un certo numero di tavoli con puntate grandi.<\/p>\n<p>I tornei offrono cifre straordinarie giorno dopo giorno, con fino a $25mila garantiti su base giornaliera. Uno da $100mila GTD si tiene settimanalmente, con uno mensile da $250mila GTD. Se stai cercando giochi poco costosi con un buon potenziale di guadagno, prova i tornei con ingresso da $0.05+$0.01. Il $50K Doyles Bounty \u00e8 il pi\u00f9 famoso evento settimanale, in cui Doyle Brunson stesso, con due altri resident pro, possono essere tirati gi\u00f9 con taglie da migliaia sulle loro teste.<\/p>\n<h2>Opzioni di Deposito di Doyles Room<\/h2>\n<p>Doyles Room accetta con orgoglio giocatori americani, cos\u00ec come giocatori da tutte le altre regioni del pianeta. Per questo motivo puoi aspettarti di trovare molti metodi di pagamento disponibili: Visa, MasterCard, Switch, Solo, NETeller, Moneybookers, InstaDebit, InstaCash, PIC-Club, GiroPay ed E-Check.<\/p>\n<h3>Conclusioni su Doyles Room<\/h3>\n<p>Doyles Room \u00e8 una sala da poker online completa e varia con un software straordinario, un buon traffico e una lista straordinaria di offerte promozionali. L\u2019offerta 33% Doyles Room Rakeback \u00e8 tanto in alto quanto arriva su Cake Poker Network, e ben al di sopra dei rakeback deal medi dell\u2019industria.<\/p>\n<p>Accertati di iscriverti con il codice promozionale \u201c<strong>Reduction<\/strong>\u201d per guadagnare il 33% Doyles Room Rakeback, partecipare alla Rake Chase mensile da $10mila e approfittare del generoso bonus di benvenuto del 110% fino a\u00a0 $550.<\/p>\n","protected":false},"excerpt":{"rendered":"<p>Doyles Room ha subito molti cambiamenti nella sua breve vita di 4 anni, ma sempre in meglio. La transizione pi\u00f9 recente \u00e8 arrivata nella forma di un passaggio a Cake Network, non solo per migliorare il cliente e le caratteristiche,<a class=\"post-link\" href=\"https:\/\/www.rakemonkey.com\/it\/recensioni\/rakeback-di-doyles-room\/\"> read more&#8230;<\/a><\/p>\n","protected":false},"author":9,"featured_media":0,"parent":233,"menu_order":0,"comment_status":"closed","ping_status":"open","template":"rm_review.php","meta":[],"acf":[],"yoast_head":"<!-- This site is optimized with the Yoast SEO plugin v19.6.1 - https:\/\/yoast.com\/wordpress\/plugins\/seo\/ -->\n<title>33% Rakeback di Doyles Room - Italy<\/title>\n<meta name=\"description\" content=\"Clicca per accedere a Doyles Room da questo sito web, crea un nuovo conto usando il codice \u201cReduction\u201d, e inizierai istantaneamente a guadagnare il 33% Dealt Rakeback da Doyles Room in tutti i giochi con denaro reale.\" \/>\n<meta name=\"robots\" content=\"index, follow, max-snippet:-1, max-image-preview:large, max-video-preview:-1\" \/>\n<link rel=\"canonical\" href=\"https:\/\/www.rakemonkey.com\/it\/recensioni\/rakeback-di-doyles-room\/\" \/>\n<meta property=\"og:locale\" content=\"en_US\" \/>\n<meta property=\"og:type\" content=\"article\" \/>\n<meta property=\"og:title\" content=\"33% Rakeback di Doyles Room - Italy\" \/>\n<meta property=\"og:description\" content=\"Clicca per accedere a Doyles Room da questo sito web, crea un nuovo conto usando il codice \u201cReduction\u201d, e inizierai istantaneamente a guadagnare il 33% Dealt Rakeback da Doyles Room in tutti i giochi con denaro reale.\" \/>\n<meta property=\"og:url\" content=\"https:\/\/www.rakemonkey.com\/it\/recensioni\/rakeback-di-doyles-room\/\" \/>\n<meta property=\"og:site_name\" content=\"RakeMonkey.com\" \/>\n<meta name=\"twitter:card\" content=\"summary\" \/>\n<meta name=\"twitter:label1\" content=\"Est. reading time\" \/>\n\t<meta name=\"twitter:data1\" content=\"4 minutes\" \/>\n<script type=\"application\/ld+json\" class=\"yoast-schema-graph\">{\"@context\":\"https:\/\/schema.org\",\"@graph\":[{\"@type\":\"WebPage\",\"@id\":\"https:\/\/www.rakemonkey.com\/it\/recensioni\/rakeback-di-doyles-room\/\",\"url\":\"https:\/\/www.rakemonkey.com\/it\/recensioni\/rakeback-di-doyles-room\/\",\"name\":\"33% Rakeback di Doyles Room - Italy\",\"isPartOf\":{\"@id\":\"https:\/\/www.rakemonkey.com\/it\/#website\"},\"datePublished\":\"2010-02-26T12:37:50+00:00\",\"dateModified\":\"2010-02-26T12:37:50+00:00\",\"description\":\"Clicca per accedere a Doyles Room da questo sito web, crea un nuovo conto usando il codice \u201cReduction\u201d, e inizierai istantaneamente a guadagnare il 33% Dealt Rakeback da Doyles Room in tutti i giochi con denaro reale.\",\"breadcrumb\":{\"@id\":\"https:\/\/www.rakemonkey.com\/it\/recensioni\/rakeback-di-doyles-room\/#breadcrumb\"},\"inLanguage\":\"en-US\",\"potentialAction\":[{\"@type\":\"ReadAction\",\"target\":[\"https:\/\/www.rakemonkey.com\/it\/recensioni\/rakeback-di-doyles-room\/\"]}]},{\"@type\":\"BreadcrumbList\",\"@id\":\"https:\/\/www.rakemonkey.com\/it\/recensioni\/rakeback-di-doyles-room\/#breadcrumb\",\"itemListElement\":[{\"@type\":\"ListItem\",\"position\":1,\"name\":\"Home\",\"item\":\"https:\/\/www.rakemonkey.com\/it\/\"},{\"@type\":\"ListItem\",\"position\":2,\"name\":\"Recensioni\",\"item\":\"https:\/\/www.rakemonkey.com\/it\/recensioni\/\"},{\"@type\":\"ListItem\",\"position\":3,\"name\":\"Rakeback di Doyles Room\"}]},{\"@type\":\"WebSite\",\"@id\":\"https:\/\/www.rakemonkey.com\/it\/#website\",\"url\":\"https:\/\/www.rakemonkey.com\/it\/\",\"name\":\"RakeMonkey.com\",\"description\":\"\",\"potentialAction\":[{\"@type\":\"SearchAction\",\"target\":{\"@type\":\"EntryPoint\",\"urlTemplate\":\"https:\/\/www.rakemonkey.com\/it\/?s={search_term_string}\"},\"query-input\":\"required name=search_term_string\"}],\"inLanguage\":\"en-US\"}]}<\/script>\n<!-- \/ Yoast SEO plugin. -->","yoast_head_json":{"title":"33% Rakeback di Doyles Room - Italy","description":"Clicca per accedere a Doyles Room da questo sito web, crea un nuovo conto usando il codice \u201cReduction\u201d, e inizierai istantaneamente a guadagnare il 33% Dealt Rakeback da Doyles Room in tutti i giochi con denaro reale.","robots":{"index":"index","follow":"follow","max-snippet":"max-snippet:-1","max-image-preview":"max-image-preview:large","max-video-preview":"max-video-preview:-1"},"canonical":"https:\/\/www.rakemonkey.com\/it\/recensioni\/rakeback-di-doyles-room\/","og_locale":"en_US","og_type":"article","og_title":"33% Rakeback di Doyles Room - Italy","og_description":"Clicca per accedere a Doyles Room da questo sito web, crea un nuovo conto usando il codice \u201cReduction\u201d, e inizierai istantaneamente a guadagnare il 33% Dealt Rakeback da Doyles Room in tutti i giochi con denaro reale.","og_url":"https:\/\/www.rakemonkey.com\/it\/recensioni\/rakeback-di-doyles-room\/","og_site_name":"RakeMonkey.com","twitter_card":"summary","twitter_misc":{"Est. reading time":"4 minutes"},"schema":{"@context":"https:\/\/schema.org","@graph":[{"@type":"WebPage","@id":"https:\/\/www.rakemonkey.com\/it\/recensioni\/rakeback-di-doyles-room\/","url":"https:\/\/www.rakemonkey.com\/it\/recensioni\/rakeback-di-doyles-room\/","name":"33% Rakeback di Doyles Room - Italy","isPartOf":{"@id":"https:\/\/www.rakemonkey.com\/it\/#website"},"datePublished":"2010-02-26T12:37:50+00:00","dateModified":"2010-02-26T12:37:50+00:00","description":"Clicca per accedere a Doyles Room da questo sito web, crea un nuovo conto usando il codice \u201cReduction\u201d, e inizierai istantaneamente a guadagnare il 33% Dealt Rakeback da Doyles Room in tutti i giochi con denaro reale.","breadcrumb":{"@id":"https:\/\/www.rakemonkey.com\/it\/recensioni\/rakeback-di-doyles-room\/#breadcrumb"},"inLanguage":"en-US","potentialAction":[{"@type":"ReadAction","target":["https:\/\/www.rakemonkey.com\/it\/recensioni\/rakeback-di-doyles-room\/"]}]},{"@type":"BreadcrumbList","@id":"https:\/\/www.rakemonkey.com\/it\/recensioni\/rakeback-di-doyles-room\/#breadcrumb","itemListElement":[{"@type":"ListItem","position":1,"name":"Home","item":"https:\/\/www.rakemonkey.com\/it\/"},{"@type":"ListItem","position":2,"name":"Recensioni","item":"https:\/\/www.rakemonkey.com\/it\/recensioni\/"},{"@type":"ListItem","position":3,"name":"Rakeback di Doyles Room"}]},{"@type":"WebSite","@id":"https:\/\/www.rakemonkey.com\/it\/#website","url":"https:\/\/www.rakemonkey.com\/it\/","name":"RakeMonkey.com","description":"","potentialAction":[{"@type":"SearchAction","target":{"@type":"EntryPoint","urlTemplate":"https:\/\/www.rakemonkey.com\/it\/?s={search_term_string}"},"query-input":"required name=search_term_string"}],"inLanguage":"en-US"}]}},"_links":{"self":[{"href":"https:\/\/www.rakemonkey.com\/it\/wp-json\/wp\/v2\/pages\/31"}],"collection":[{"href":"https:\/\/www.rakemonkey.com\/it\/wp-json\/wp\/v2\/pages"}],"about":[{"href":"https:\/\/www.rakemonkey.com\/it\/wp-json\/wp\/v2\/types\/page"}],"author":[{"embeddable":true,"href":"https:\/\/www.rakemonkey.com\/it\/wp-json\/wp\/v2\/users\/9"}],"replies":[{"embeddable":true,"href":"https:\/\/www.rakemonkey.com\/it\/wp-json\/wp\/v2\/comments?post=31"}],"version-history":[{"count":0,"href":"https:\/\/www.rakemonkey.com\/it\/wp-json\/wp\/v2\/pages\/31\/revisions"}],"up":[{"embeddable":true,"href":"https:\/\/www.rakemonkey.com\/it\/wp-json\/wp\/v2\/pages\/233"}],"wp:attachment":[{"href":"https:\/\/www.rakemonkey.com\/it\/wp-json\/wp\/v2\/media?parent=31"}],"curies":[{"name":"wp","href":"https:\/\/api.w.org\/{rel}","templated":true}]}}