{"id":33,"date":"2010-02-26T12:44:16","date_gmt":"2010-02-26T12:44:16","guid":{"rendered":"http:\/\/www.rakemonkey.com\/it\/?page_id=33"},"modified":"2010-02-26T12:44:16","modified_gmt":"2010-02-26T12:44:16","slug":"rakeback-di-cake-poker","status":"publish","type":"page","link":"https:\/\/www.rakemonkey.com\/it\/recensioni\/rakeback-di-cake-poker\/","title":{"rendered":"Rakeback di Cake Poker"},"content":{"rendered":"<p>In pochi anni, dopo il suo lancio nel 2006, <strong>Cake Poker<\/strong> ha gi\u00e0 dimostrato di essere un concorrente di prim\u2019ordine nell\u2019industria del poker online. Il sito \u00e8 il fiore all\u2019occhiello di Cake Poker Network, con una media di oltre7,500 giocatori con denaro reale attivi nelle ore di punta. Cake Poker \u00e8 rinomato anche per i suoi interessanti tavoli da pochi spiccioli, con puntate di basso e medio livello.<\/p>\n<p>Tutto ci\u00f2 si traduce in fantastiche opportunit\u00e0 per i giocatori di RakeBack di Cake Poker. Per ricevere il RakeBack di Cake Poker, devi semplicemente registrare un nuovo conto di gioco usando il codice bonus: \u201c<strong>Reduction<\/strong>\u201d.<\/p>\n<h2>Rakeback di Cake Poker<\/h2>\n<p>Iscrivendoti al Rakeback di Cake Poker con il codice bonus \u201c<strong>Reduction<\/strong>\u201d, sei istantaneamente candidato a ricevere il 33% Dealt Rakeback da Cake Poker. Il metodo Dealt Rakeback \u00e8 particolarmente popolare perch\u00e8 ai giocatori non \u00e8 assolutamente richiesto di contribuire in alcun modo a un piatto per ricevere il Rakeback. Fino a che ti saranno distribuite carte, e il piatto continuer\u00e0 a ricevere rake, i tuoi guadagni <strong>Dealt Rakeback <\/strong>saranno pagati.<\/p>\n<p>Dealt Rakeback \u00e8 cos\u00ec popolare perch\u00e8 la maggior parte dei giocatori seri applicano una stretta strategia di gioco. Questo significa che passano pi\u00f9 mani di quante ne giochino, scegliendo di non investire in un piatto senza un\u2019ottima mano iniziale. Nessun altro metodo di Rakeback paga i giocatori che non contribuiscono almeno in piccola parte al piatto\/rake.<\/p>\n<p>Il Rakeback di Cake Poker \u00e8 normalmente pagato direttamente nel tuo conto giocatore su base settimanale \u2013 MA su RakeMonkey.com, puoi incassare il tuo Cake Rakeback QUOTIDIANAMENTE quando accedi al backend dal nostro sito. In aggiunta, i giocatori sono candidati a partecipare alle Rake Race mensili di Cake Poker, del valore di $15,000 in prize pool suddivisi tra i migliori gioacatori e raker di quel mese. E\u2019 davvero un incentivo straordinario a giocare a poker!<\/p>\n<h2>Bonus di Benvenuto di Cake Poker<\/h2>\n<p>Oltre a guadagnare il <em>33% Cake Poker Rakeback<\/em>, potrai anche approfittare di un <strong> bonus del 110% sul primo deposito fino a un valore di $600<\/strong>.<\/p>\n<p>Il bonus di benvenuto di Cake Poker si gioca raccogliendo FPP (Frequent Player Points). Ogni $0.01 di contributo al rake ti assegna 0.01 FPP, mentre ogni\u00a0 $1 pagato in costi d\u2019iscrizione ai tornei ti assegna 7 FPP. Il bonus \u00e8 assegnato in aumenti di $10.<\/p>\n<p>Un altro bonus eccezionale offerto da Cake Poker \u00e8 il programma di passaparola che paga fino a $100 per ogni amico che fai iscrivere. Le ricompense per i referral continuano come guadagno residuo, basato sui contributi complessivi di rake dell\u2019amico, e sono pagate nel tuo conto ogni mese.<\/p>\n<h3>Promozioni \u201cGold\u201d di Cake Poker<\/h3>\n<p>Cake Poker ha una promozione unica che premia i giocatori con Gold Chip e Gold Card.<\/p>\n<p>Le Gold Chip sono assegnate ogni volta che un giocatore raccoglie sufficienti FPP. Un giocatore pu\u00f2 visualizzare il proprio contatore di Gold Chip nella propria pagina del conto. Una volta riempito il contatore, viene assegnata una Gold Chip. La somma di punti richiesti per ricevere una Gold Chip dipende dal tuo status VIP, e da quante chip hai gi\u00e0 ricevuto in quel mese. Dopo aver ricevuto 5 chip in un solo mese, ti sar\u00e0 assegnata una sesta chip omaggio e ogni altra chip guadagnata in quel mese richieder\u00e0 solamente la quantit\u00e0 punti che ti sono serviti per la 5a chip, meno di 70 FPP. Le Gold Chip sono usate per comprare merce di Cake Poker, accedere ai tornei a grandi cifre, ecc.<\/p>\n<p>Le Gold Card sono una cosa un po\u2019 diversa. Non devi fare niente per guadagnarle tranne giocare con denaro reale. Quando un certo livello di rake \u00e8 raccolto a un tavolo, viene selezionata una gold Card a caso e mostrata sul tavolo. Se hai questa carta tra le tue carte del buco, puoi tenerti la Gold Card. Ci sono lotterie giornaliere, leaderboard e altre promozioni che riguardano queste Gold Card, e non scadono mai, aumentando sempre di pi\u00f9 il loro valore mentre continui a raccoglierle.<\/p>\n<h2>Variet\u00e0 dei giochi di Cake Poker<\/h2>\n<p>Cake Poker ha un\u2019impressionante variet\u00e0 di giochi di poker disponibili nella lobby del giochi cash. Questi includono\u00a0 Texas Hold\u2019em, Omaha, Omaha Hi-Lo, 7 Card Stud, 7 Card Stud Hi-Lo e Razz. Le puntate vanno da $0.02\/$0.04 fino a \u00a0$500\/$1,000. Mentre apprezziamo l\u2019ampia gamma di giochi di poker, dobbiamo ammettere che raramente c\u2019\u00e8 un\u2019attivit\u00e0 nei giochi Stud o Razz.<\/p>\n<p>La lista dei tornei include un gran numero di tipi di torneo, compresi guarantee, freroll, re-buy, bounty e anche eventi satellite. I guarantee pi\u00f9 grandi sono il $100k GTD settimanale e il $250k GTD mensile. Gli eventi satellite live mandano i membri in diversi eventi intorno al mondo, come il WSOP, per soli $2 d\u2019iscrizione. Nell\u2019insieme, Cake Poker paga pi\u00f9 di $20-milioni al mese in tornei.<\/p>\n<h2>Opzioni di deposito di Cake Poker<\/h2>\n<p>Cake Poker offre i seguenti metodi di deposito (giocatori US accettati): \u00a0Visa, MasterCard, Diners, Solo, Maestro, Laser, Euro6000, Visa Delta, Visa Electron, eWalletXpress, NETeller, Moneybookers, PaySafeCard, ClickandBuy, WebMoney, UseMyWallet, Ukash, EcoCard, POLi, GiroPay, Sofort, CartiSi, PostePay, 4B, Inteligo, MTransfer, Polski, Dankort e ENets.<\/p>\n<h3>Conclusioni su Cake Poker<\/h3>\n<p>In chiusura, troviamo che cake Poker abbia uno dei migliori Rakeback deal tra i poker online, completato dalla proverbiale ciliegina rappresentata dalle promozioni; dal bonus di benvenuto, alle rake race da\u00a0 $15mila, all\u2019ampia variet\u00e0 di giochi, tornei e possibilit\u00e0 di eventi live.<\/p>\n<p>Se sei d\u2019accordo, iscriviti subito a Cake Poker per ricevere il 33% Cake Poker Rakeback (usa il codice bonus \u201c<strong>Reduction<\/strong>\u201d) e inizia a ricevere oggi il tuo bonus di benvenuto del 110% fino a $600.<\/p>\n","protected":false},"excerpt":{"rendered":"<p>In pochi anni, dopo il suo lancio nel 2006, Cake Poker ha gi\u00e0 dimostrato di essere un concorrente di prim\u2019ordine nell\u2019industria del poker online. Il sito \u00e8 il fiore all\u2019occhiello di Cake Poker Network, con una media di oltre7,500 giocatori<a class=\"post-link\" href=\"https:\/\/www.rakemonkey.com\/it\/recensioni\/rakeback-di-cake-poker\/\"> read more&#8230;<\/a><\/p>\n","protected":false},"author":9,"featured_media":0,"parent":233,"menu_order":0,"comment_status":"closed","ping_status":"open","template":"rm_review.php","meta":[],"acf":[],"yoast_head":"<!-- This site is optimized with the Yoast SEO plugin v19.6.1 - https:\/\/yoast.com\/wordpress\/plugins\/seo\/ -->\n<title>Rakeback di Cake Poker - 33% Paga al Giorno<\/title>\n<meta name=\"description\" content=\"Iscrivendoti al Rakeback di Cake Poker con il codice bonus \u201cReduction\u201d, sei istantaneamente candidato a ricevere il 33% Dealt Rakeback da Cake Poker.\" \/>\n<meta name=\"robots\" content=\"index, follow, max-snippet:-1, max-image-preview:large, max-video-preview:-1\" \/>\n<link rel=\"canonical\" href=\"https:\/\/www.rakemonkey.com\/it\/recensioni\/rakeback-di-cake-poker\/\" \/>\n<meta property=\"og:locale\" content=\"en_US\" \/>\n<meta property=\"og:type\" content=\"article\" \/>\n<meta property=\"og:title\" content=\"Rakeback di Cake Poker - 33% Paga al Giorno\" \/>\n<meta property=\"og:description\" content=\"Iscrivendoti al Rakeback di Cake Poker con il codice bonus \u201cReduction\u201d, sei istantaneamente candidato a ricevere il 33% Dealt Rakeback da Cake Poker.\" \/>\n<meta property=\"og:url\" content=\"https:\/\/www.rakemonkey.com\/it\/recensioni\/rakeback-di-cake-poker\/\" \/>\n<meta property=\"og:site_name\" content=\"RakeMonkey.com\" \/>\n<meta name=\"twitter:card\" content=\"summary\" \/>\n<meta name=\"twitter:label1\" content=\"Est. reading time\" \/>\n\t<meta name=\"twitter:data1\" content=\"5 minutes\" \/>\n<script type=\"application\/ld+json\" class=\"yoast-schema-graph\">{\"@context\":\"https:\/\/schema.org\",\"@graph\":[{\"@type\":\"WebPage\",\"@id\":\"https:\/\/www.rakemonkey.com\/it\/recensioni\/rakeback-di-cake-poker\/\",\"url\":\"https:\/\/www.rakemonkey.com\/it\/recensioni\/rakeback-di-cake-poker\/\",\"name\":\"Rakeback di Cake Poker - 33% Paga al Giorno\",\"isPartOf\":{\"@id\":\"https:\/\/www.rakemonkey.com\/it\/#website\"},\"datePublished\":\"2010-02-26T12:44:16+00:00\",\"dateModified\":\"2010-02-26T12:44:16+00:00\",\"description\":\"Iscrivendoti al Rakeback di Cake Poker con il codice bonus \u201cReduction\u201d, sei istantaneamente candidato a ricevere il 33% Dealt Rakeback da Cake Poker.\",\"breadcrumb\":{\"@id\":\"https:\/\/www.rakemonkey.com\/it\/recensioni\/rakeback-di-cake-poker\/#breadcrumb\"},\"inLanguage\":\"en-US\",\"potentialAction\":[{\"@type\":\"ReadAction\",\"target\":[\"https:\/\/www.rakemonkey.com\/it\/recensioni\/rakeback-di-cake-poker\/\"]}]},{\"@type\":\"BreadcrumbList\",\"@id\":\"https:\/\/www.rakemonkey.com\/it\/recensioni\/rakeback-di-cake-poker\/#breadcrumb\",\"itemListElement\":[{\"@type\":\"ListItem\",\"position\":1,\"name\":\"Home\",\"item\":\"https:\/\/www.rakemonkey.com\/it\/\"},{\"@type\":\"ListItem\",\"position\":2,\"name\":\"Recensioni\",\"item\":\"https:\/\/www.rakemonkey.com\/it\/recensioni\/\"},{\"@type\":\"ListItem\",\"position\":3,\"name\":\"Rakeback di Cake Poker\"}]},{\"@type\":\"WebSite\",\"@id\":\"https:\/\/www.rakemonkey.com\/it\/#website\",\"url\":\"https:\/\/www.rakemonkey.com\/it\/\",\"name\":\"RakeMonkey.com\",\"description\":\"\",\"potentialAction\":[{\"@type\":\"SearchAction\",\"target\":{\"@type\":\"EntryPoint\",\"urlTemplate\":\"https:\/\/www.rakemonkey.com\/it\/?s={search_term_string}\"},\"query-input\":\"required name=search_term_string\"}],\"inLanguage\":\"en-US\"}]}<\/script>\n<!-- \/ Yoast SEO plugin. -->","yoast_head_json":{"title":"Rakeback di Cake Poker - 33% Paga al Giorno","description":"Iscrivendoti al Rakeback di Cake Poker con il codice bonus \u201cReduction\u201d, sei istantaneamente candidato a ricevere il 33% Dealt Rakeback da Cake Poker.","robots":{"index":"index","follow":"follow","max-snippet":"max-snippet:-1","max-image-preview":"max-image-preview:large","max-video-preview":"max-video-preview:-1"},"canonical":"https:\/\/www.rakemonkey.com\/it\/recensioni\/rakeback-di-cake-poker\/","og_locale":"en_US","og_type":"article","og_title":"Rakeback di Cake Poker - 33% Paga al Giorno","og_description":"Iscrivendoti al Rakeback di Cake Poker con il codice bonus \u201cReduction\u201d, sei istantaneamente candidato a ricevere il 33% Dealt Rakeback da Cake Poker.","og_url":"https:\/\/www.rakemonkey.com\/it\/recensioni\/rakeback-di-cake-poker\/","og_site_name":"RakeMonkey.com","twitter_card":"summary","twitter_misc":{"Est. reading time":"5 minutes"},"schema":{"@context":"https:\/\/schema.org","@graph":[{"@type":"WebPage","@id":"https:\/\/www.rakemonkey.com\/it\/recensioni\/rakeback-di-cake-poker\/","url":"https:\/\/www.rakemonkey.com\/it\/recensioni\/rakeback-di-cake-poker\/","name":"Rakeback di Cake Poker - 33% Paga al Giorno","isPartOf":{"@id":"https:\/\/www.rakemonkey.com\/it\/#website"},"datePublished":"2010-02-26T12:44:16+00:00","dateModified":"2010-02-26T12:44:16+00:00","description":"Iscrivendoti al Rakeback di Cake Poker con il codice bonus \u201cReduction\u201d, sei istantaneamente candidato a ricevere il 33% Dealt Rakeback da Cake Poker.","breadcrumb":{"@id":"https:\/\/www.rakemonkey.com\/it\/recensioni\/rakeback-di-cake-poker\/#breadcrumb"},"inLanguage":"en-US","potentialAction":[{"@type":"ReadAction","target":["https:\/\/www.rakemonkey.com\/it\/recensioni\/rakeback-di-cake-poker\/"]}]},{"@type":"BreadcrumbList","@id":"https:\/\/www.rakemonkey.com\/it\/recensioni\/rakeback-di-cake-poker\/#breadcrumb","itemListElement":[{"@type":"ListItem","position":1,"name":"Home","item":"https:\/\/www.rakemonkey.com\/it\/"},{"@type":"ListItem","position":2,"name":"Recensioni","item":"https:\/\/www.rakemonkey.com\/it\/recensioni\/"},{"@type":"ListItem","position":3,"name":"Rakeback di Cake Poker"}]},{"@type":"WebSite","@id":"https:\/\/www.rakemonkey.com\/it\/#website","url":"https:\/\/www.rakemonkey.com\/it\/","name":"RakeMonkey.com","description":"","potentialAction":[{"@type":"SearchAction","target":{"@type":"EntryPoint","urlTemplate":"https:\/\/www.rakemonkey.com\/it\/?s={search_term_string}"},"query-input":"required name=search_term_string"}],"inLanguage":"en-US"}]}},"_links":{"self":[{"href":"https:\/\/www.rakemonkey.com\/it\/wp-json\/wp\/v2\/pages\/33"}],"collection":[{"href":"https:\/\/www.rakemonkey.com\/it\/wp-json\/wp\/v2\/pages"}],"about":[{"href":"https:\/\/www.rakemonkey.com\/it\/wp-json\/wp\/v2\/types\/page"}],"author":[{"embeddable":true,"href":"https:\/\/www.rakemonkey.com\/it\/wp-json\/wp\/v2\/users\/9"}],"replies":[{"embeddable":true,"href":"https:\/\/www.rakemonkey.com\/it\/wp-json\/wp\/v2\/comments?post=33"}],"version-history":[{"count":0,"href":"https:\/\/www.rakemonkey.com\/it\/wp-json\/wp\/v2\/pages\/33\/revisions"}],"up":[{"embeddable":true,"href":"https:\/\/www.rakemonkey.com\/it\/wp-json\/wp\/v2\/pages\/233"}],"wp:attachment":[{"href":"https:\/\/www.rakemonkey.com\/it\/wp-json\/wp\/v2\/media?parent=33"}],"curies":[{"name":"wp","href":"https:\/\/api.w.org\/{rel}","templated":true}]}}