{"id":36,"date":"2010-03-01T11:40:13","date_gmt":"2010-03-01T11:40:13","guid":{"rendered":"http:\/\/www.rakemonkey.com\/it\/?page_id=36"},"modified":"2017-08-03T01:05:52","modified_gmt":"2017-08-03T01:05:52","slug":"rakeback-di-pkr","status":"publish","type":"page","link":"https:\/\/www.rakemonkey.com\/it\/recensioni\/rakeback-di-pkr\/","title":{"rendered":"Rakeback di PKR"},"content":{"rendered":"<p><strong>PKR Poker<\/strong> ha aperto per la prima volta le proprie porte virtuali nel 2007. La comunit\u00e0 del poker online se n\u2019\u00e8 subito innamorata. Non \u00e8 un segreto che una larga parte della popolazione del poker online sia diventata gamer, e che PKR ha proprio ci\u00f2 che mancava nell\u2019industria del poker, l\u2019aspetto e il tocco da gioco 3D, per quelli intorno ai 30 che sono cresciuti con Mario e\u00a0 i diciottenni che cazzeggiano nel loro tempo libero o che spremono il tavolo da poker online occasionale (o, 20 alla volta, 12 ore al giorno!).<\/p>\n<p>Comunque PKR non\u00a0 \u00e8 un piccolo pacchetto software, se sei un gamer, probabilmente hai gi\u00e0 un sistema che gestir\u00e0 il software pesante, che altri hanno gi\u00e0 amorevolmente descritto ( e non cos\u00ec amorevolmente) come resource hog.<\/p>\n<p>Vale la pena comunque, accedere all\u2019ambiente del poker online PKR, cos\u00ec come giocare contro la popolazione pi\u00f9 giovane e \u201csfrontata\u201d.<\/p>\n<h2>Rakeback PKR e Bonus di Benvenuto<\/h2>\n<p>Quando t\u2019iscrivi a un deal con Rake Monkey su PKR, guadagnerai il 30% deil rakeback con cui hai contribuito. Inoltre, usa il nostro CODICE BONUS PKR \u201c<strong>Reduction<\/strong>\u201d e ricevi un sostazionso bonus di benvenuto da PKR \u2013 bonus del 100% fino a $600 sul tuo primo deposito valido per l\u2019esattezza.<\/p>\n<h3>Pagamenti del Rakeback da PKR<\/h3>\n<p>I tuoi guadagni di rakeback sono calcolati ogni giorno da PKR Poker.<\/p>\n<p>I pagamenti sono quindi effettuati ogni 4 del mese. Puoi incassare ogni volta se non vuoi attendere quel pagamento.<\/p>\n<h3>Sconti Tornei a PKR<\/h3>\n<p>PKR non offre alcun rakeback o sconto per la partecipazione a tornei sul sito. Se partecipi ai tornei paghi il prezzo intero e il tuo rakeback deal non aggiunge vantaggi.<\/p>\n<p>Ci\u00f2 significa che PKR \u00e8 un sito straordinario per quanto riguarda l\u2019azione al ring table, tuttavia, consigliamo un rakeback deal Minted Poker per giocare ai tornei.<\/p>\n<h3>Bonus e Deduzioni di PKR<\/h3>\n<p>Iscrivendoti a PKR attraverso Rake Monkey, non solo ottieni un grande rake deal di PKR poker, ma acquisisci anche il diritto a un sostanzioso bonus di benvenuto . 100% sul tuo primo deposito da parte di PKR, fino a un bonus totale di $600.00.<\/p>\n<p>C\u2019\u00e8 un trucco tuttavia per coloro che giocano con un PKR deal, le somme dei tuoi bonus sono dedotte prima che sia calcolato il tuo rakeback.<\/p>\n<p>Quindi ricevi il bonus, e il rake, ma non ricevi il rake sul bonus.<\/p>\n<h3>PKR \u2013 Poker Rake<\/h3>\n<p>Apparentemente, PKR addebita la stessa quantit\u00e0 di rake addebitata dalla maggior parte delle sale da poker online, lo standard dell\u2019industria del 5%, tuttavia, su PKR c\u2019\u00e8 una piccola possibilit\u00e0 di ottenere un rakeback extra che non puoi trovare da nessun\u2019altra parte. PKR non abbassa il rake nei giochi con puntate ridotte. Il rake \u00e8 veramente sempre lo stesso ad ogni tavolo da gioco cash. Quindi anche nelle microscommesse, se stai giocando a PKR, stai guadagnando rake.<\/p>\n<p>PKR non aderisce alla politica \u2018No Flop No Drop\u2019 che non trovi pi\u00f9 in tutte le sale da poker online. Non importa quanto grandi o piccole siano le scommesse pre-flop, non viene tolto rake da un piatto in cui non viene distribuito il flop.<\/p>\n<p>Se la tua strategia include andare all-in sul flop, aspettati di pagare molto il rake massimo.<\/p>\n<h2>Opzioni di Deposito di PKR<\/h2>\n<p>Per effettuare un deposito a PKR e richiedere il tuo bonus da $800, puoi usare una delle opzioni di deposito seguenti: NETeller, paysafecard, Click2Pay, Visa, Visa Delta, Visa Electron, MasterCard, gift card, Maestro, Switch, Solo, Moneybookers, bonifico bancario, ed Entropay.<\/p>\n","protected":false},"excerpt":{"rendered":"<p>PKR Poker ha aperto per la prima volta le proprie porte virtuali nel 2007. La comunit\u00e0 del poker online se n\u2019\u00e8 subito innamorata. Non \u00e8 un segreto che una larga parte della popolazione del poker online sia diventata gamer, e<a class=\"post-link\" href=\"https:\/\/www.rakemonkey.com\/it\/recensioni\/rakeback-di-pkr\/\"> read more&#8230;<\/a><\/p>\n","protected":false},"author":9,"featured_media":0,"parent":233,"menu_order":0,"comment_status":"closed","ping_status":"open","template":"rm_review.php","meta":[],"acf":[],"yoast_head":"<!-- This site is optimized with the Yoast SEO plugin v19.6.1 - https:\/\/yoast.com\/wordpress\/plugins\/seo\/ -->\n<title>Rakeback di PKR - 30% Rake Back in Italy<\/title>\n<meta name=\"description\" content=\"Quando t\u2019iscrivi a un deal con Rake Monkey su PKR, guadagnerai il 30% deil rakeback con cui hai contribuito.\" \/>\n<meta name=\"robots\" content=\"index, follow, max-snippet:-1, max-image-preview:large, max-video-preview:-1\" \/>\n<link rel=\"canonical\" href=\"https:\/\/www.rakemonkey.com\/it\/recensioni\/rakeback-di-pkr\/\" \/>\n<meta property=\"og:locale\" content=\"en_US\" \/>\n<meta property=\"og:type\" content=\"article\" \/>\n<meta property=\"og:title\" content=\"Rakeback di PKR - 30% Rake Back in Italy\" \/>\n<meta property=\"og:description\" content=\"Quando t\u2019iscrivi a un deal con Rake Monkey su PKR, guadagnerai il 30% deil rakeback con cui hai contribuito.\" \/>\n<meta property=\"og:url\" content=\"https:\/\/www.rakemonkey.com\/it\/recensioni\/rakeback-di-pkr\/\" \/>\n<meta property=\"og:site_name\" content=\"RakeMonkey.com\" \/>\n<meta property=\"article:modified_time\" content=\"2017-08-03T01:05:52+00:00\" \/>\n<meta name=\"twitter:card\" content=\"summary\" \/>\n<meta name=\"twitter:label1\" content=\"Est. reading time\" \/>\n\t<meta name=\"twitter:data1\" content=\"3 minutes\" \/>\n<script type=\"application\/ld+json\" class=\"yoast-schema-graph\">{\"@context\":\"https:\/\/schema.org\",\"@graph\":[{\"@type\":\"WebPage\",\"@id\":\"https:\/\/www.rakemonkey.com\/it\/recensioni\/rakeback-di-pkr\/\",\"url\":\"https:\/\/www.rakemonkey.com\/it\/recensioni\/rakeback-di-pkr\/\",\"name\":\"Rakeback di PKR - 30% Rake Back in Italy\",\"isPartOf\":{\"@id\":\"https:\/\/www.rakemonkey.com\/it\/#website\"},\"datePublished\":\"2010-03-01T11:40:13+00:00\",\"dateModified\":\"2017-08-03T01:05:52+00:00\",\"description\":\"Quando t\u2019iscrivi a un deal con Rake Monkey su PKR, guadagnerai il 30% deil rakeback con cui hai contribuito.\",\"breadcrumb\":{\"@id\":\"https:\/\/www.rakemonkey.com\/it\/recensioni\/rakeback-di-pkr\/#breadcrumb\"},\"inLanguage\":\"en-US\",\"potentialAction\":[{\"@type\":\"ReadAction\",\"target\":[\"https:\/\/www.rakemonkey.com\/it\/recensioni\/rakeback-di-pkr\/\"]}]},{\"@type\":\"BreadcrumbList\",\"@id\":\"https:\/\/www.rakemonkey.com\/it\/recensioni\/rakeback-di-pkr\/#breadcrumb\",\"itemListElement\":[{\"@type\":\"ListItem\",\"position\":1,\"name\":\"Home\",\"item\":\"https:\/\/www.rakemonkey.com\/it\/\"},{\"@type\":\"ListItem\",\"position\":2,\"name\":\"Recensioni\",\"item\":\"https:\/\/www.rakemonkey.com\/it\/recensioni\/\"},{\"@type\":\"ListItem\",\"position\":3,\"name\":\"Rakeback di PKR\"}]},{\"@type\":\"WebSite\",\"@id\":\"https:\/\/www.rakemonkey.com\/it\/#website\",\"url\":\"https:\/\/www.rakemonkey.com\/it\/\",\"name\":\"RakeMonkey.com\",\"description\":\"\",\"potentialAction\":[{\"@type\":\"SearchAction\",\"target\":{\"@type\":\"EntryPoint\",\"urlTemplate\":\"https:\/\/www.rakemonkey.com\/it\/?s={search_term_string}\"},\"query-input\":\"required name=search_term_string\"}],\"inLanguage\":\"en-US\"}]}<\/script>\n<!-- \/ Yoast SEO plugin. -->","yoast_head_json":{"title":"Rakeback di PKR - 30% Rake Back in Italy","description":"Quando t\u2019iscrivi a un deal con Rake Monkey su PKR, guadagnerai il 30% deil rakeback con cui hai contribuito.","robots":{"index":"index","follow":"follow","max-snippet":"max-snippet:-1","max-image-preview":"max-image-preview:large","max-video-preview":"max-video-preview:-1"},"canonical":"https:\/\/www.rakemonkey.com\/it\/recensioni\/rakeback-di-pkr\/","og_locale":"en_US","og_type":"article","og_title":"Rakeback di PKR - 30% Rake Back in Italy","og_description":"Quando t\u2019iscrivi a un deal con Rake Monkey su PKR, guadagnerai il 30% deil rakeback con cui hai contribuito.","og_url":"https:\/\/www.rakemonkey.com\/it\/recensioni\/rakeback-di-pkr\/","og_site_name":"RakeMonkey.com","article_modified_time":"2017-08-03T01:05:52+00:00","twitter_card":"summary","twitter_misc":{"Est. reading time":"3 minutes"},"schema":{"@context":"https:\/\/schema.org","@graph":[{"@type":"WebPage","@id":"https:\/\/www.rakemonkey.com\/it\/recensioni\/rakeback-di-pkr\/","url":"https:\/\/www.rakemonkey.com\/it\/recensioni\/rakeback-di-pkr\/","name":"Rakeback di PKR - 30% Rake Back in Italy","isPartOf":{"@id":"https:\/\/www.rakemonkey.com\/it\/#website"},"datePublished":"2010-03-01T11:40:13+00:00","dateModified":"2017-08-03T01:05:52+00:00","description":"Quando t\u2019iscrivi a un deal con Rake Monkey su PKR, guadagnerai il 30% deil rakeback con cui hai contribuito.","breadcrumb":{"@id":"https:\/\/www.rakemonkey.com\/it\/recensioni\/rakeback-di-pkr\/#breadcrumb"},"inLanguage":"en-US","potentialAction":[{"@type":"ReadAction","target":["https:\/\/www.rakemonkey.com\/it\/recensioni\/rakeback-di-pkr\/"]}]},{"@type":"BreadcrumbList","@id":"https:\/\/www.rakemonkey.com\/it\/recensioni\/rakeback-di-pkr\/#breadcrumb","itemListElement":[{"@type":"ListItem","position":1,"name":"Home","item":"https:\/\/www.rakemonkey.com\/it\/"},{"@type":"ListItem","position":2,"name":"Recensioni","item":"https:\/\/www.rakemonkey.com\/it\/recensioni\/"},{"@type":"ListItem","position":3,"name":"Rakeback di PKR"}]},{"@type":"WebSite","@id":"https:\/\/www.rakemonkey.com\/it\/#website","url":"https:\/\/www.rakemonkey.com\/it\/","name":"RakeMonkey.com","description":"","potentialAction":[{"@type":"SearchAction","target":{"@type":"EntryPoint","urlTemplate":"https:\/\/www.rakemonkey.com\/it\/?s={search_term_string}"},"query-input":"required name=search_term_string"}],"inLanguage":"en-US"}]}},"_links":{"self":[{"href":"https:\/\/www.rakemonkey.com\/it\/wp-json\/wp\/v2\/pages\/36"}],"collection":[{"href":"https:\/\/www.rakemonkey.com\/it\/wp-json\/wp\/v2\/pages"}],"about":[{"href":"https:\/\/www.rakemonkey.com\/it\/wp-json\/wp\/v2\/types\/page"}],"author":[{"embeddable":true,"href":"https:\/\/www.rakemonkey.com\/it\/wp-json\/wp\/v2\/users\/9"}],"replies":[{"embeddable":true,"href":"https:\/\/www.rakemonkey.com\/it\/wp-json\/wp\/v2\/comments?post=36"}],"version-history":[{"count":0,"href":"https:\/\/www.rakemonkey.com\/it\/wp-json\/wp\/v2\/pages\/36\/revisions"}],"up":[{"embeddable":true,"href":"https:\/\/www.rakemonkey.com\/it\/wp-json\/wp\/v2\/pages\/233"}],"wp:attachment":[{"href":"https:\/\/www.rakemonkey.com\/it\/wp-json\/wp\/v2\/media?parent=36"}],"curies":[{"name":"wp","href":"https:\/\/api.w.org\/{rel}","templated":true}]}}