{"id":39,"date":"2010-03-01T11:51:02","date_gmt":"2010-03-01T11:51:02","guid":{"rendered":"http:\/\/www.rakemonkey.com\/it\/?page_id=39"},"modified":"2017-08-03T01:05:20","modified_gmt":"2017-08-03T01:05:20","slug":"rakeback-di-full-tilt-poker","status":"publish","type":"page","link":"https:\/\/www.rakemonkey.com\/it\/recensioni\/rakeback-di-full-tilt-poker\/","title":{"rendered":"Rakeback di Full Tilt Poker"},"content":{"rendered":"<p>Fondatanel 2004, Full Tilt Poker \u00e8 la stanza da poker online che cresce pi\u00f9 rapidamente, adesso collocata al secondo posto al mondo per quanto riguarda il volume di giocatori attivi (dietro a PokerStars). Possiamo facilmente attribuire la crescita intensa di Full Tilt Poker a molteplici aspetti, dal bonus di benvenuto da $600 e altre promozioni, alla grande variet\u00e0 di giochi e l\u2019enorme programma dei tornei. Full Tilt vanta anche pi\u00f9 professionisti del poker di qualsiasi altra sala da poker, come Phil Ivey, Chris Ferguson, Jennifer Harman, Howard Lederer, John Juanda e molti altri.<\/p>\n<p>Un\u2019ultima caratteristica per cui Full Tilt Poker \u00e8 divenuto famoso \u2013 qualcosa che perfino PokerStars non promuove\u2013 \u00e8 un 27% Full Tilt Poker Rakeback deal. Ma non avrai questa offerta sul sito web di Full Tilt. I giocatori possono ottenere il 27% Full Tilt Poker Rakeback solamente attraverso un sito terzo come questo.<\/p>\n<p>Iscrivendoti attraverso i link su questo sito web e usando il codice bonus \u201c<strong><span style=\"color: #ff0000\">Rakesplash1<\/span><\/strong><strong><\/strong>\u201d, non solo riceverai il 27% Full Tilt Poker Rakeback, ma anche il bonus di benvenuto del 100% fino a $600, l\u2019accesso alle Rake Race mensili da $21mila e il nostro Loose Change freeroll mensile da $5mila!<\/p>\n<h2>Rakeback di Full Tilt Poker<\/h2>\n<p>Usa i nostri link per visitare Full Tilt Poker ed iscriviti con il codice bonus \u201c<strong><span style=\"color: #ff0000\">Rakesplash1<\/span><\/strong><strong><\/strong>\u201d per iniziare a usufruire del 27% Full Tilt Poker Rakeback dalla tua primissima mano di poker con denaro reale. La sala da poker online usa il metodo del Dealt Rakeback, che significa che ogni giocatore di rakeback cui vengono distribuite le carte in una mano con rake ricever\u00e0 il rakeback. Non \u00e8 necessario contribuire al piatto.<\/p>\n<p>Il Dealt Rakeback usa un rake medio tra tutti i giocatori che partecipano alla mano. Se il rake \u00e8 $3 \u00a0e ci sono 6 giocatori al tavolo, Full Tilt Poker divide il rake da $3 tra i 6 giocatori per il rake medio di $0.50. il 27% del rake medio.<\/p>\n<h2>Bonus di Benvenuto di Full Tilt Poker<\/h2>\n<p>Quando ti iscrivi al <em>Full Tilt Poker Rakeback<\/em>, sarai ancora candidato a ricevere il buono di benvenuto full standard del 100% fino a $600 offerto a tutti i nuovi giocatori. Full Tilt ha uno dei migliori bonus per il semplice motivo che di esso si usufruisce facilmente. Guadagni FPP giocando con denaro reale \u2013 gli stessi giochi che ti fanno guadagnare il rakeback \u2013 cos\u00ec come i tornei. Ogni FPP che raccogli vale $0.06 del bonus, distribuito in incrementi del 10% o di $20, a seconda di che cosa arriva prima. Inoltre, puoi tenere questi punti per iscriverti ai tornei, per il Full Tilt Store e altri vantaggi.<\/p>\n<p>Full Tilt Poker prende molte deduzioni dalla tua MGR prima di calcolare il rakeback, compresi bonus, spese di prelievo, tornei a denaro extra e acquisti al FTP Store.<\/p>\n<h3>Promozione \u201cIron Man VIP\u201d di Full Tilt Poker<\/h3>\n<p>Full tilt Poker offre molte valide promozioni su base regolare, ma per i giocatori seri di rakeback poker online, le promozioni Iron Man VIP sono le pi\u00f9 interessanti. Tutto ci\u00f2 che ti serve per diventare un Iron Man VIP sono 200 punti poker (FPP) in un singolo mese. I livelli VIP pi\u00f9 bassi hanno i loro vantaggi, ovviamente, ma gli Iron Man VIP ricevono opportunit\u00e0 esclusive, come considerevoli freeroll e sfide con giocatori professionisti.<\/p>\n<p>I membri Iron Man VIP possono ricevere medaglie se mantengono il loro status su Full Tilt Poker. Le medaglie somigliano molto ai punti poker, ma valgono molto di pi\u00f9. Le medaglie servono per iscriverti ai tornei e ai freeroll, e possono essere usate per fare acquisti dal Full Tilt Poker Store, ma non ti serviranno tante medaglie quanti punti. Possono anche essere scambiate con bonus in denaro.<\/p>\n<p>Gli Iron Man Freeroll sono esclusivamente per i membri Iron Man VIP, e se li vinci, puoi ottenere una possibilit\u00e0 di affrontare 3 professionisti di Full Tilt. Pi\u00f9 professionisti batti, pi\u00f9 denaro vinci, fino a \u00a0$50mila, con una possibilit\u00e0 di vincere un altro Freeroll da $50mila per battere tutti e 3 i professionisti di poker.<\/p>\n<h2>Variet\u00e0 dei Giochi di Full Tilt Poker<\/h2>\n<p>Uno dei punti pi\u00f9 belli a Full Tilt Poker \u00e8 la grande variet\u00e0 di giochi, con abbastanza traffico per mantenere tutte le varianti, e la maggior parte della poste, attive ad ogni ora. Troverai Texas Hold\u2019em in tutti i limiti con puntate che vanno da $0.01\/$0.02 fino a quelle pi\u00f9 alte da $2mila\/$4mila. Queste puntate alte portano attivit\u00e0 quasi ad ogni ora \u2013 cosa che nessun altra sala da poker online pu\u00f2 dire.<\/p>\n<p>Altri giochi includono Omaha High e Hi-Lo, 7 Card Stud High e Hi-Lo, Razz e giochi misti di H.O.R.S.E., H.O.S.E. e H.A.<\/p>\n<p>Il programma dei tornei offre tutte le variet\u00e0 di giochi in qualsiasi tipo di torneo immaginabile &#8211; shootout, freezeout, re-buy, freeroll, guarantee, bounty e turbo, per non citare l\u2019immenso men\u00f9 Sit\u2019n\u2019Go. I maggiori eventi settimanali sono il Sunday $750k GTD, il $350k Sunday Brawl Bounty e il $200k Sunday Mulligan. Una volta al mese, il $750k GTD \u00e8 aumentato a $1,000,000.<\/p>\n<h2>Opzioni di deposito di Full Tilt Poker<\/h2>\n<p>Full Tilt Poker ha un numero molto limitato di opzioni di pagamento disponibili, ma abbastanza da dare a tutti i membri, compresi i giocatori US, opzioni sicure di deposito e prelievo: Visa, MasterCard, Click2Pay, Cash Transfer e \u00a0Instant E-Check (Click2Pay e assegno per i prelievi).<\/p>\n<h3>Conclusioni su Full Tilt Poker<\/h3>\n<p>Full Tilt Poker offre uno dei pi\u00f9 bassi poker rakeback deal a solo il 27%, e prende numerose deduzioni dalla tua MGR. Ma i giocatori seri di poker online che cercano i movimenti delle poste alte saranno in difficolt\u00e0 nel cercare una migliore serie di giochi cash costantemente attivi.<\/p>\n<p>Per iniziare ad approfittare delle delle rake race da $21mila, dei freeroll da $5mila e del bonus di benvenuto del 100% fino a\u00a0 $600 , devi solo usare i nostri link e iscriverti con il codice bonus \u201c<strong><span style=\"color: #ff0000\">Rakesplash1<\/span>\u201d.<\/strong><\/p>\n","protected":false},"excerpt":{"rendered":"<p>Fondatanel 2004, Full Tilt Poker \u00e8 la stanza da poker online che cresce pi\u00f9 rapidamente, adesso collocata al secondo posto al mondo per quanto riguarda il volume di giocatori attivi (dietro a PokerStars). Possiamo facilmente attribuire la crescita intensa di<a class=\"post-link\" href=\"https:\/\/www.rakemonkey.com\/it\/recensioni\/rakeback-di-full-tilt-poker\/\"> read more&#8230;<\/a><\/p>\n","protected":false},"author":9,"featured_media":0,"parent":233,"menu_order":0,"comment_status":"closed","ping_status":"open","template":"rm_review.php","meta":[],"acf":[],"yoast_head":"<!-- This site is optimized with the Yoast SEO plugin v19.6.1 - https:\/\/yoast.com\/wordpress\/plugins\/seo\/ -->\n<title>Rakeback di Full Tilt Poker - 27% in Italia - $600 Bonus<\/title>\n<meta name=\"description\" content=\"Usa i nostri link per visitare Full Tilt Poker ed iscriviti con il codice bonus \u201cRakesplash1\u201d per iniziare a usufruire del 27% Full Tilt Poker Rakeback dalla tua primissima mano di poker con denaro reale.\" \/>\n<meta name=\"robots\" content=\"index, follow, max-snippet:-1, max-image-preview:large, max-video-preview:-1\" \/>\n<link rel=\"canonical\" href=\"https:\/\/www.rakemonkey.com\/it\/recensioni\/rakeback-di-full-tilt-poker\/\" \/>\n<meta property=\"og:locale\" content=\"en_US\" \/>\n<meta property=\"og:type\" content=\"article\" \/>\n<meta property=\"og:title\" content=\"Rakeback di Full Tilt Poker - 27% in Italia - $600 Bonus\" \/>\n<meta property=\"og:description\" content=\"Usa i nostri link per visitare Full Tilt Poker ed iscriviti con il codice bonus \u201cRakesplash1\u201d per iniziare a usufruire del 27% Full Tilt Poker Rakeback dalla tua primissima mano di poker con denaro reale.\" \/>\n<meta property=\"og:url\" content=\"https:\/\/www.rakemonkey.com\/it\/recensioni\/rakeback-di-full-tilt-poker\/\" \/>\n<meta property=\"og:site_name\" content=\"RakeMonkey.com\" \/>\n<meta property=\"article:modified_time\" content=\"2017-08-03T01:05:20+00:00\" \/>\n<meta name=\"twitter:card\" content=\"summary\" \/>\n<meta name=\"twitter:label1\" content=\"Est. reading time\" \/>\n\t<meta name=\"twitter:data1\" content=\"5 minutes\" \/>\n<script type=\"application\/ld+json\" class=\"yoast-schema-graph\">{\"@context\":\"https:\/\/schema.org\",\"@graph\":[{\"@type\":\"WebPage\",\"@id\":\"https:\/\/www.rakemonkey.com\/it\/recensioni\/rakeback-di-full-tilt-poker\/\",\"url\":\"https:\/\/www.rakemonkey.com\/it\/recensioni\/rakeback-di-full-tilt-poker\/\",\"name\":\"Rakeback di Full Tilt Poker - 27% in Italia - $600 Bonus\",\"isPartOf\":{\"@id\":\"https:\/\/www.rakemonkey.com\/it\/#website\"},\"datePublished\":\"2010-03-01T11:51:02+00:00\",\"dateModified\":\"2017-08-03T01:05:20+00:00\",\"description\":\"Usa i nostri link per visitare Full Tilt Poker ed iscriviti con il codice bonus \u201cRakesplash1\u201d per iniziare a usufruire del 27% Full Tilt Poker Rakeback dalla tua primissima mano di poker con denaro reale.\",\"breadcrumb\":{\"@id\":\"https:\/\/www.rakemonkey.com\/it\/recensioni\/rakeback-di-full-tilt-poker\/#breadcrumb\"},\"inLanguage\":\"en-US\",\"potentialAction\":[{\"@type\":\"ReadAction\",\"target\":[\"https:\/\/www.rakemonkey.com\/it\/recensioni\/rakeback-di-full-tilt-poker\/\"]}]},{\"@type\":\"BreadcrumbList\",\"@id\":\"https:\/\/www.rakemonkey.com\/it\/recensioni\/rakeback-di-full-tilt-poker\/#breadcrumb\",\"itemListElement\":[{\"@type\":\"ListItem\",\"position\":1,\"name\":\"Home\",\"item\":\"https:\/\/www.rakemonkey.com\/it\/\"},{\"@type\":\"ListItem\",\"position\":2,\"name\":\"Recensioni\",\"item\":\"https:\/\/www.rakemonkey.com\/it\/recensioni\/\"},{\"@type\":\"ListItem\",\"position\":3,\"name\":\"Rakeback di Full Tilt Poker\"}]},{\"@type\":\"WebSite\",\"@id\":\"https:\/\/www.rakemonkey.com\/it\/#website\",\"url\":\"https:\/\/www.rakemonkey.com\/it\/\",\"name\":\"RakeMonkey.com\",\"description\":\"\",\"potentialAction\":[{\"@type\":\"SearchAction\",\"target\":{\"@type\":\"EntryPoint\",\"urlTemplate\":\"https:\/\/www.rakemonkey.com\/it\/?s={search_term_string}\"},\"query-input\":\"required name=search_term_string\"}],\"inLanguage\":\"en-US\"}]}<\/script>\n<!-- \/ Yoast SEO plugin. -->","yoast_head_json":{"title":"Rakeback di Full Tilt Poker - 27% in Italia - $600 Bonus","description":"Usa i nostri link per visitare Full Tilt Poker ed iscriviti con il codice bonus \u201cRakesplash1\u201d per iniziare a usufruire del 27% Full Tilt Poker Rakeback dalla tua primissima mano di poker con denaro reale.","robots":{"index":"index","follow":"follow","max-snippet":"max-snippet:-1","max-image-preview":"max-image-preview:large","max-video-preview":"max-video-preview:-1"},"canonical":"https:\/\/www.rakemonkey.com\/it\/recensioni\/rakeback-di-full-tilt-poker\/","og_locale":"en_US","og_type":"article","og_title":"Rakeback di Full Tilt Poker - 27% in Italia - $600 Bonus","og_description":"Usa i nostri link per visitare Full Tilt Poker ed iscriviti con il codice bonus \u201cRakesplash1\u201d per iniziare a usufruire del 27% Full Tilt Poker Rakeback dalla tua primissima mano di poker con denaro reale.","og_url":"https:\/\/www.rakemonkey.com\/it\/recensioni\/rakeback-di-full-tilt-poker\/","og_site_name":"RakeMonkey.com","article_modified_time":"2017-08-03T01:05:20+00:00","twitter_card":"summary","twitter_misc":{"Est. reading time":"5 minutes"},"schema":{"@context":"https:\/\/schema.org","@graph":[{"@type":"WebPage","@id":"https:\/\/www.rakemonkey.com\/it\/recensioni\/rakeback-di-full-tilt-poker\/","url":"https:\/\/www.rakemonkey.com\/it\/recensioni\/rakeback-di-full-tilt-poker\/","name":"Rakeback di Full Tilt Poker - 27% in Italia - $600 Bonus","isPartOf":{"@id":"https:\/\/www.rakemonkey.com\/it\/#website"},"datePublished":"2010-03-01T11:51:02+00:00","dateModified":"2017-08-03T01:05:20+00:00","description":"Usa i nostri link per visitare Full Tilt Poker ed iscriviti con il codice bonus \u201cRakesplash1\u201d per iniziare a usufruire del 27% Full Tilt Poker Rakeback dalla tua primissima mano di poker con denaro reale.","breadcrumb":{"@id":"https:\/\/www.rakemonkey.com\/it\/recensioni\/rakeback-di-full-tilt-poker\/#breadcrumb"},"inLanguage":"en-US","potentialAction":[{"@type":"ReadAction","target":["https:\/\/www.rakemonkey.com\/it\/recensioni\/rakeback-di-full-tilt-poker\/"]}]},{"@type":"BreadcrumbList","@id":"https:\/\/www.rakemonkey.com\/it\/recensioni\/rakeback-di-full-tilt-poker\/#breadcrumb","itemListElement":[{"@type":"ListItem","position":1,"name":"Home","item":"https:\/\/www.rakemonkey.com\/it\/"},{"@type":"ListItem","position":2,"name":"Recensioni","item":"https:\/\/www.rakemonkey.com\/it\/recensioni\/"},{"@type":"ListItem","position":3,"name":"Rakeback di Full Tilt Poker"}]},{"@type":"WebSite","@id":"https:\/\/www.rakemonkey.com\/it\/#website","url":"https:\/\/www.rakemonkey.com\/it\/","name":"RakeMonkey.com","description":"","potentialAction":[{"@type":"SearchAction","target":{"@type":"EntryPoint","urlTemplate":"https:\/\/www.rakemonkey.com\/it\/?s={search_term_string}"},"query-input":"required name=search_term_string"}],"inLanguage":"en-US"}]}},"_links":{"self":[{"href":"https:\/\/www.rakemonkey.com\/it\/wp-json\/wp\/v2\/pages\/39"}],"collection":[{"href":"https:\/\/www.rakemonkey.com\/it\/wp-json\/wp\/v2\/pages"}],"about":[{"href":"https:\/\/www.rakemonkey.com\/it\/wp-json\/wp\/v2\/types\/page"}],"author":[{"embeddable":true,"href":"https:\/\/www.rakemonkey.com\/it\/wp-json\/wp\/v2\/users\/9"}],"replies":[{"embeddable":true,"href":"https:\/\/www.rakemonkey.com\/it\/wp-json\/wp\/v2\/comments?post=39"}],"version-history":[{"count":0,"href":"https:\/\/www.rakemonkey.com\/it\/wp-json\/wp\/v2\/pages\/39\/revisions"}],"up":[{"embeddable":true,"href":"https:\/\/www.rakemonkey.com\/it\/wp-json\/wp\/v2\/pages\/233"}],"wp:attachment":[{"href":"https:\/\/www.rakemonkey.com\/it\/wp-json\/wp\/v2\/media?parent=39"}],"curies":[{"name":"wp","href":"https:\/\/api.w.org\/{rel}","templated":true}]}}