{"id":41,"date":"2010-03-01T11:56:18","date_gmt":"2010-03-01T11:56:18","guid":{"rendered":"http:\/\/www.rakemonkey.com\/it\/?page_id=41"},"modified":"2010-03-01T11:56:18","modified_gmt":"2010-03-01T11:56:18","slug":"rakeback-di-molten-poker","status":"publish","type":"page","link":"https:\/\/www.rakemonkey.com\/it\/recensioni\/rakeback-di-molten-poker\/","title":{"rendered":"Rakeback di Molten Poker"},"content":{"rendered":"<p>Molten Poker \u00e8 una delle pi\u00f9 nuove sale da poker online su Cake Poker Network, che mostra una buona crescita e un discreto livello di traffico. La sala da poker presenta un software straordinario come poker client con tutte le caratteristiche preferite, come i tag giocatore, i filtri della lobby e le statistiche del tavolo, grafiche pulite e hand history user-friendly. Anche il servizio di supporto clienti \u00e8 stato notato per la sua rapidit\u00e0 e professionalit\u00e0, con live chat disponibile.<\/p>\n<p>Quando ti iscrivi a Molten Poker attraverso questo sito web, sarai in grado di ricevere un generoso bonus di benvenuto del 110% fino a $600, pi\u00f9 l\u2019offerta pi\u00f9 alta di rakeback su Cake Poker Network del 33%. Per ricevere il 33% Molten Poker Rakeback e il bonus di benvenuto del 110% fino a $600, devi iscriverti alla sala da poker online attraverso questo sito web.<\/p>\n<h2>Rakeback di Molten Poker<\/h2>\n<p>Molten Poker usa il metodo del Dealt Rakeback quando calcola il rakeback per i suoi giocatori. Il Dealt rakeback \u00e8 vantaggioso per tutti i giocatori di poker con denaro reale, ma viene specificamente preferito dai giocatori di poker pi\u00f9 avveduti che usano le solite strategie rigide della maggior parte dei giocatori di poker. Il Dealt rakeback \u00e8 l\u2019unico metodo di rakeback che paga i giocatori per passare, senza contribuire al piatto con una singola fiche.<\/p>\n<p>Il metodo dealt calcola il rake medio dividendo il rake totale per tutti i giocatori coinvolti nella mano. Il 33% Molten Poker Rakeback di un giocatore viene da questo rake medio. L\u2019unica volta che non riceverai il rakeback per una mano di poker con denaro reale sar\u00e0 nel caso in cui il rake non venga preso (cio\u00e8 non si vede un flop).<\/p>\n<h2>Bonus di Benvenuto di Molten Poker<\/h2>\n<p>Molten Poker offre a tutti i nostri giocatori un grande bonus del 110% fino a $600 sul loro primo deposito. Accertati di inserire il codice bonus \u201cFree600\u201d per richiedere il bonus di benvenuto. Riceverai FPP (frequent player points) giocando ai ring game con denaro reale, ed anche per i tornei pagati. Ogni FPP vale $0.06 del bonus, distribuiti in incrementi di $10. Una parte del tuo bonus sar\u00e0 dedotta dalla MGR prima di calcolare il rakeback.<\/p>\n<h3>Promozione \u201cGold Chips\u201d di Molten Poker<\/h3>\n<p>Come parte di Cake Poker Network, Molten Poker basa il suo programma VIP sui punti e Gold Chip. Ogni volta che raggiungi un certo livello di punti guadagnati, ti sar\u00e0 assegnato un Gold Chip. Pi\u00f9 chip guadagni in un mese, meno punti dovrai raccogliere per guadagnare il prossimo chip. I Gold Chip hanno un grande valore perch\u00e8 possono essere usati per accedere ai tornei settimanali Gold Chip Giveaway con grandi cash pool e altri premi, cos\u00ec come per fare acquisti dal Molten Poker Store.<\/p>\n<p>La sala da poker online assegna anche Gold Card, un altro incentivo promozionale del valore di fino a $52,000. Le Gold Card sono selezionate a caso nei ring game una volta che una certa quantit\u00e0 di rake \u00e8 stata presa. Se la Gold Card corrisponde a una delle tue \u00a0carte del buco, la puoi tenere. Collezionando Gold Card, puoi vincere Lotterie Gold Card giornaliere e altri premi. Raccogli un mazzo completo da 52 Gold Card per vincere il jackpot da $52mila.<\/p>\n<h2>Variet\u00e0 di Giochi di Molten Poker<\/h2>\n<p>Molten Poker presenta una variet\u00e0 basica di giochi di poker online, compresi Texas Hold\u2019em, Omaha e Omaha Hi-Lo con limite fisso, senza limiti o con limite di puntate in base al piatto che iniziano a $0.02\/$0.04. L\u2019elenco dei tornei \u00e8 ben strutturato con un gran numero di tornei e tipi; freezeout, shootout, re-buy, turbo, guarantee, freeroll e altro.<\/p>\n<h2>Opzioni di Deposito di Molten Poker<\/h2>\n<p>Accettando giocatori dal tutto il mondo, compresi i giocatori US, Molten Poker mette a disposizione le seguenti opzioni di pagamento: Visa, MasterCard, eWalletXpress, EcoCard, NETeller, Moneybookers e UseMyWallet.<\/p>\n<h3>Conclusioni su Molten Poker<\/h3>\n<p>In conclusione, Molten Poker \u00e8 una straordinaria sala da poker online per giocatori che cercano poca competizione e puntate variabili nei giochi di poker online pi\u00f9 popolari. Il programma VIP\/gold Chip \u00e8 eccezionale per giocatori costanti, e il bonus di benvenuto del 110% fino a $600 pi\u00f9 il 33% Molten Poker Rakeback sono un forte incentivo a iscriversi a Molten Poker.<\/p>\n","protected":false},"excerpt":{"rendered":"<p>Molten Poker \u00e8 una delle pi\u00f9 nuove sale da poker online su Cake Poker Network, che mostra una buona crescita e un discreto livello di traffico. La sala da poker presenta un software straordinario come poker client con tutte le<a class=\"post-link\" href=\"https:\/\/www.rakemonkey.com\/it\/recensioni\/rakeback-di-molten-poker\/\"> read more&#8230;<\/a><\/p>\n","protected":false},"author":9,"featured_media":0,"parent":233,"menu_order":0,"comment_status":"closed","ping_status":"open","template":"rm_review.php","meta":[],"acf":[],"yoast_head":"<!-- This site is optimized with the Yoast SEO plugin v19.6.1 - https:\/\/yoast.com\/wordpress\/plugins\/seo\/ -->\n<title>Rakeback di Molten Poker - 110% Bonus - 33% Rakeback Italia<\/title>\n<meta name=\"description\" content=\"Quando ti iscrivi a Molten Poker attraverso questo sito web, sarai in grado di ricevere un generoso bonus di benvenuto del 110% fino a $600, pi\u00f9 l\u2019offerta pi\u00f9 alta di rakeback su Cake Poker Network del 33%.\" \/>\n<meta name=\"robots\" content=\"index, follow, max-snippet:-1, max-image-preview:large, max-video-preview:-1\" \/>\n<link rel=\"canonical\" href=\"https:\/\/www.rakemonkey.com\/it\/recensioni\/rakeback-di-molten-poker\/\" \/>\n<meta property=\"og:locale\" content=\"en_US\" \/>\n<meta property=\"og:type\" content=\"article\" \/>\n<meta property=\"og:title\" content=\"Rakeback di Molten Poker - 110% Bonus - 33% Rakeback Italia\" \/>\n<meta property=\"og:description\" content=\"Quando ti iscrivi a Molten Poker attraverso questo sito web, sarai in grado di ricevere un generoso bonus di benvenuto del 110% fino a $600, pi\u00f9 l\u2019offerta pi\u00f9 alta di rakeback su Cake Poker Network del 33%.\" \/>\n<meta property=\"og:url\" content=\"https:\/\/www.rakemonkey.com\/it\/recensioni\/rakeback-di-molten-poker\/\" \/>\n<meta property=\"og:site_name\" content=\"RakeMonkey.com\" \/>\n<meta name=\"twitter:card\" content=\"summary\" \/>\n<meta name=\"twitter:label1\" content=\"Est. reading time\" \/>\n\t<meta name=\"twitter:data1\" content=\"3 minutes\" \/>\n<script type=\"application\/ld+json\" class=\"yoast-schema-graph\">{\"@context\":\"https:\/\/schema.org\",\"@graph\":[{\"@type\":\"WebPage\",\"@id\":\"https:\/\/www.rakemonkey.com\/it\/recensioni\/rakeback-di-molten-poker\/\",\"url\":\"https:\/\/www.rakemonkey.com\/it\/recensioni\/rakeback-di-molten-poker\/\",\"name\":\"Rakeback di Molten Poker - 110% Bonus - 33% Rakeback Italia\",\"isPartOf\":{\"@id\":\"https:\/\/www.rakemonkey.com\/it\/#website\"},\"datePublished\":\"2010-03-01T11:56:18+00:00\",\"dateModified\":\"2010-03-01T11:56:18+00:00\",\"description\":\"Quando ti iscrivi a Molten Poker attraverso questo sito web, sarai in grado di ricevere un generoso bonus di benvenuto del 110% fino a $600, pi\u00f9 l\u2019offerta pi\u00f9 alta di rakeback su Cake Poker Network del 33%.\",\"breadcrumb\":{\"@id\":\"https:\/\/www.rakemonkey.com\/it\/recensioni\/rakeback-di-molten-poker\/#breadcrumb\"},\"inLanguage\":\"en-US\",\"potentialAction\":[{\"@type\":\"ReadAction\",\"target\":[\"https:\/\/www.rakemonkey.com\/it\/recensioni\/rakeback-di-molten-poker\/\"]}]},{\"@type\":\"BreadcrumbList\",\"@id\":\"https:\/\/www.rakemonkey.com\/it\/recensioni\/rakeback-di-molten-poker\/#breadcrumb\",\"itemListElement\":[{\"@type\":\"ListItem\",\"position\":1,\"name\":\"Home\",\"item\":\"https:\/\/www.rakemonkey.com\/it\/\"},{\"@type\":\"ListItem\",\"position\":2,\"name\":\"Recensioni\",\"item\":\"https:\/\/www.rakemonkey.com\/it\/recensioni\/\"},{\"@type\":\"ListItem\",\"position\":3,\"name\":\"Rakeback di Molten Poker\"}]},{\"@type\":\"WebSite\",\"@id\":\"https:\/\/www.rakemonkey.com\/it\/#website\",\"url\":\"https:\/\/www.rakemonkey.com\/it\/\",\"name\":\"RakeMonkey.com\",\"description\":\"\",\"potentialAction\":[{\"@type\":\"SearchAction\",\"target\":{\"@type\":\"EntryPoint\",\"urlTemplate\":\"https:\/\/www.rakemonkey.com\/it\/?s={search_term_string}\"},\"query-input\":\"required name=search_term_string\"}],\"inLanguage\":\"en-US\"}]}<\/script>\n<!-- \/ Yoast SEO plugin. -->","yoast_head_json":{"title":"Rakeback di Molten Poker - 110% Bonus - 33% Rakeback Italia","description":"Quando ti iscrivi a Molten Poker attraverso questo sito web, sarai in grado di ricevere un generoso bonus di benvenuto del 110% fino a $600, pi\u00f9 l\u2019offerta pi\u00f9 alta di rakeback su Cake Poker Network del 33%.","robots":{"index":"index","follow":"follow","max-snippet":"max-snippet:-1","max-image-preview":"max-image-preview:large","max-video-preview":"max-video-preview:-1"},"canonical":"https:\/\/www.rakemonkey.com\/it\/recensioni\/rakeback-di-molten-poker\/","og_locale":"en_US","og_type":"article","og_title":"Rakeback di Molten Poker - 110% Bonus - 33% Rakeback Italia","og_description":"Quando ti iscrivi a Molten Poker attraverso questo sito web, sarai in grado di ricevere un generoso bonus di benvenuto del 110% fino a $600, pi\u00f9 l\u2019offerta pi\u00f9 alta di rakeback su Cake Poker Network del 33%.","og_url":"https:\/\/www.rakemonkey.com\/it\/recensioni\/rakeback-di-molten-poker\/","og_site_name":"RakeMonkey.com","twitter_card":"summary","twitter_misc":{"Est. reading time":"3 minutes"},"schema":{"@context":"https:\/\/schema.org","@graph":[{"@type":"WebPage","@id":"https:\/\/www.rakemonkey.com\/it\/recensioni\/rakeback-di-molten-poker\/","url":"https:\/\/www.rakemonkey.com\/it\/recensioni\/rakeback-di-molten-poker\/","name":"Rakeback di Molten Poker - 110% Bonus - 33% Rakeback Italia","isPartOf":{"@id":"https:\/\/www.rakemonkey.com\/it\/#website"},"datePublished":"2010-03-01T11:56:18+00:00","dateModified":"2010-03-01T11:56:18+00:00","description":"Quando ti iscrivi a Molten Poker attraverso questo sito web, sarai in grado di ricevere un generoso bonus di benvenuto del 110% fino a $600, pi\u00f9 l\u2019offerta pi\u00f9 alta di rakeback su Cake Poker Network del 33%.","breadcrumb":{"@id":"https:\/\/www.rakemonkey.com\/it\/recensioni\/rakeback-di-molten-poker\/#breadcrumb"},"inLanguage":"en-US","potentialAction":[{"@type":"ReadAction","target":["https:\/\/www.rakemonkey.com\/it\/recensioni\/rakeback-di-molten-poker\/"]}]},{"@type":"BreadcrumbList","@id":"https:\/\/www.rakemonkey.com\/it\/recensioni\/rakeback-di-molten-poker\/#breadcrumb","itemListElement":[{"@type":"ListItem","position":1,"name":"Home","item":"https:\/\/www.rakemonkey.com\/it\/"},{"@type":"ListItem","position":2,"name":"Recensioni","item":"https:\/\/www.rakemonkey.com\/it\/recensioni\/"},{"@type":"ListItem","position":3,"name":"Rakeback di Molten Poker"}]},{"@type":"WebSite","@id":"https:\/\/www.rakemonkey.com\/it\/#website","url":"https:\/\/www.rakemonkey.com\/it\/","name":"RakeMonkey.com","description":"","potentialAction":[{"@type":"SearchAction","target":{"@type":"EntryPoint","urlTemplate":"https:\/\/www.rakemonkey.com\/it\/?s={search_term_string}"},"query-input":"required name=search_term_string"}],"inLanguage":"en-US"}]}},"_links":{"self":[{"href":"https:\/\/www.rakemonkey.com\/it\/wp-json\/wp\/v2\/pages\/41"}],"collection":[{"href":"https:\/\/www.rakemonkey.com\/it\/wp-json\/wp\/v2\/pages"}],"about":[{"href":"https:\/\/www.rakemonkey.com\/it\/wp-json\/wp\/v2\/types\/page"}],"author":[{"embeddable":true,"href":"https:\/\/www.rakemonkey.com\/it\/wp-json\/wp\/v2\/users\/9"}],"replies":[{"embeddable":true,"href":"https:\/\/www.rakemonkey.com\/it\/wp-json\/wp\/v2\/comments?post=41"}],"version-history":[{"count":0,"href":"https:\/\/www.rakemonkey.com\/it\/wp-json\/wp\/v2\/pages\/41\/revisions"}],"up":[{"embeddable":true,"href":"https:\/\/www.rakemonkey.com\/it\/wp-json\/wp\/v2\/pages\/233"}],"wp:attachment":[{"href":"https:\/\/www.rakemonkey.com\/it\/wp-json\/wp\/v2\/media?parent=41"}],"curies":[{"name":"wp","href":"https:\/\/api.w.org\/{rel}","templated":true}]}}