{"id":52,"date":"2010-03-01T12:20:27","date_gmt":"2010-03-01T12:20:27","guid":{"rendered":"http:\/\/www.rakemonkey.com\/it\/?page_id=52"},"modified":"2010-03-01T12:20:27","modified_gmt":"2010-03-01T12:20:27","slug":"rakeback-di-interpoker","status":"publish","type":"page","link":"https:\/\/www.rakemonkey.com\/it\/recensioni\/rakeback-di-interpoker\/","title":{"rendered":"Rakeback di InterPoker"},"content":{"rendered":"<p>Ad ogni nuovo giocatore che registra il proprio primo conto InterPoker di sempre, InterPoker offre un gradevole rakeback deal del 30%, calcolato usato il metodo \u201ccontribuito\u201d. I lettori di Rake Monkey sono anche candidati a ricevere un bonus del 200% (Raddoppia i tuoi soldi ancora prima di toccare i tavoli!) fino a un bonus totale di \u20ac1,000<\/p>\n<p>InterPoker si \u00e8 originariamente lanciato nel business su internet nel 2002, e da quel momento sta portando ai giocatori di rakeback poker un gioco veloce su una piattaforma stabile. I giocatori statunitensi non possono giocare a Inter Poker, ma questo non deve preoccuparti troppo, perch\u00e8 ci sono molte sale come Carbon Poker che accettano giocatori americani di poker, e c\u2019\u00e8 molto traffico su InterPoker in ogni zona della sala da poker, compresi giocatori di tornei multi-tavolo, tornei Sit N GO, e ovviamente tavoli con denaro reale.<\/p>\n<p><strong>Programma Rakeback di InterPoker<\/strong><br \/>\nPer prepararsi a un rakeback deal su InterPoker, devi solo cliccare su un link in questo sito e creare un nuovo conto giocatore. Poi torna indietro e inserisci il tuo indirizzo email e username, in effetti, faresti meglio ad aggiungere Rake Monkey a i preferiti\u00a0 prima di andartene; ci dispiacerebbe perderti e non sapere dove inviare il pagamento del tuo rakeback!<\/p>\n<p>Il 30% del tuo rake sar\u00e0 pagato nel tuo conto giocatore, e puoi incassarlo ogni singolo giorno visitando RakeMonkey.com<\/p>\n<p><strong>Bonus di Benvenuto di InterPoker <\/strong><br \/>\nAttraverso abili negoziazioni, la squadra marketing qui a Rake Monkey ha ottenuto un fantastico bonus per i nostri lettori! I giocatori che si iscrivono da questo sito si candidano a un bonus del 200% sul deposito, fino a \u20ac1,000. Ci\u00f2 significa che se depositi oggi \u20ac1,000, ne riceverai altri \u20ac1,000 con cui giocare!<\/p>\n<p>Per ricevere il bonus nel tuo conto giocatore dovrai raccogliere punti InterPoker; per ogni 50 punti che guadagni, vedrai \u20ac5 in poker chip aggiunte al tuo saldo disponibile.<\/p>\n<p>InterPoker non deduce il tuo bonus dal conto, al contrario di sale come Sun Poker, di modo che il denaro del poker sia puro e semplice guadagno e non influisca assolutamente sui pagamenti del tuo rakeback.<\/p>\n<p><strong>Rakeback dei Tornei di InterPoker<\/strong><br \/>\nCi sono sale da poker online che rapinano i giocatori con quote di partecipazione ai tornei e non pagano alcun rakeback su tali quote; InterPoker, tuttavia, non \u00e8 una di quelle. A qualsiasi cosa tu stia giocando su InterPoker, stai ottenendo rakeback. Per ogni MTT o SNG cui giochi su InterPoker, ti viene restituito il 30% della quota.<\/p>\n<p>Se giochi a un freeroll, ti verr\u00e0 restituito il 100% della quota.<\/p>\n<p>InterPoker offre una variet\u00e0 di metodi di deposito, compresi tutti i metodi pi\u00f9 comuni, come Visa che \u00e8 accettata in tutte le sale da poker online del mondo, e tutti gli ewallet pi\u00f9 diffusi, come NETeller, MoneyBookers, Click2Pay, PaySafeCad, Bonifici bancari che puoi inviare dalla tua banca, e assegni.<\/p>\n","protected":false},"excerpt":{"rendered":"<p>Ad ogni nuovo giocatore che registra il proprio primo conto InterPoker di sempre, InterPoker offre un gradevole rakeback deal del 30%, calcolato usato il metodo \u201ccontribuito\u201d. I lettori di Rake Monkey sono anche candidati a ricevere un bonus del 200%<a class=\"post-link\" href=\"https:\/\/www.rakemonkey.com\/it\/recensioni\/rakeback-di-interpoker\/\"> read more&#8230;<\/a><\/p>\n","protected":false},"author":9,"featured_media":0,"parent":233,"menu_order":0,"comment_status":"closed","ping_status":"open","template":"rm_review.php","meta":[],"acf":[],"yoast_head":"<!-- This site is optimized with the Yoast SEO plugin v19.6.1 - https:\/\/yoast.com\/wordpress\/plugins\/seo\/ -->\n<title>30% Rakeback di Interpoker - Best Rakeback in Italy<\/title>\n<meta name=\"description\" content=\"Il 30% del tuo rake sar\u00e0 pagato nel tuo conto giocatore, e puoi incassarlo ogni singolo giorno visitando RakeMonkey.com\" \/>\n<meta name=\"robots\" content=\"index, follow, max-snippet:-1, max-image-preview:large, max-video-preview:-1\" \/>\n<link rel=\"canonical\" href=\"https:\/\/www.rakemonkey.com\/it\/recensioni\/rakeback-di-interpoker\/\" \/>\n<meta property=\"og:locale\" content=\"en_US\" \/>\n<meta property=\"og:type\" content=\"article\" \/>\n<meta property=\"og:title\" content=\"30% Rakeback di Interpoker - Best Rakeback in Italy\" \/>\n<meta property=\"og:description\" content=\"Il 30% del tuo rake sar\u00e0 pagato nel tuo conto giocatore, e puoi incassarlo ogni singolo giorno visitando RakeMonkey.com\" \/>\n<meta property=\"og:url\" content=\"https:\/\/www.rakemonkey.com\/it\/recensioni\/rakeback-di-interpoker\/\" \/>\n<meta property=\"og:site_name\" content=\"RakeMonkey.com\" \/>\n<meta name=\"twitter:card\" content=\"summary\" \/>\n<meta name=\"twitter:label1\" content=\"Est. reading time\" \/>\n\t<meta name=\"twitter:data1\" content=\"2 minutes\" \/>\n<script type=\"application\/ld+json\" class=\"yoast-schema-graph\">{\"@context\":\"https:\/\/schema.org\",\"@graph\":[{\"@type\":\"WebPage\",\"@id\":\"https:\/\/www.rakemonkey.com\/it\/recensioni\/rakeback-di-interpoker\/\",\"url\":\"https:\/\/www.rakemonkey.com\/it\/recensioni\/rakeback-di-interpoker\/\",\"name\":\"30% Rakeback di Interpoker - Best Rakeback in Italy\",\"isPartOf\":{\"@id\":\"https:\/\/www.rakemonkey.com\/it\/#website\"},\"datePublished\":\"2010-03-01T12:20:27+00:00\",\"dateModified\":\"2010-03-01T12:20:27+00:00\",\"description\":\"Il 30% del tuo rake sar\u00e0 pagato nel tuo conto giocatore, e puoi incassarlo ogni singolo giorno visitando RakeMonkey.com\",\"breadcrumb\":{\"@id\":\"https:\/\/www.rakemonkey.com\/it\/recensioni\/rakeback-di-interpoker\/#breadcrumb\"},\"inLanguage\":\"en-US\",\"potentialAction\":[{\"@type\":\"ReadAction\",\"target\":[\"https:\/\/www.rakemonkey.com\/it\/recensioni\/rakeback-di-interpoker\/\"]}]},{\"@type\":\"BreadcrumbList\",\"@id\":\"https:\/\/www.rakemonkey.com\/it\/recensioni\/rakeback-di-interpoker\/#breadcrumb\",\"itemListElement\":[{\"@type\":\"ListItem\",\"position\":1,\"name\":\"Home\",\"item\":\"https:\/\/www.rakemonkey.com\/it\/\"},{\"@type\":\"ListItem\",\"position\":2,\"name\":\"Recensioni\",\"item\":\"https:\/\/www.rakemonkey.com\/it\/recensioni\/\"},{\"@type\":\"ListItem\",\"position\":3,\"name\":\"Rakeback di InterPoker\"}]},{\"@type\":\"WebSite\",\"@id\":\"https:\/\/www.rakemonkey.com\/it\/#website\",\"url\":\"https:\/\/www.rakemonkey.com\/it\/\",\"name\":\"RakeMonkey.com\",\"description\":\"\",\"potentialAction\":[{\"@type\":\"SearchAction\",\"target\":{\"@type\":\"EntryPoint\",\"urlTemplate\":\"https:\/\/www.rakemonkey.com\/it\/?s={search_term_string}\"},\"query-input\":\"required name=search_term_string\"}],\"inLanguage\":\"en-US\"}]}<\/script>\n<!-- \/ Yoast SEO plugin. -->","yoast_head_json":{"title":"30% Rakeback di Interpoker - Best Rakeback in Italy","description":"Il 30% del tuo rake sar\u00e0 pagato nel tuo conto giocatore, e puoi incassarlo ogni singolo giorno visitando RakeMonkey.com","robots":{"index":"index","follow":"follow","max-snippet":"max-snippet:-1","max-image-preview":"max-image-preview:large","max-video-preview":"max-video-preview:-1"},"canonical":"https:\/\/www.rakemonkey.com\/it\/recensioni\/rakeback-di-interpoker\/","og_locale":"en_US","og_type":"article","og_title":"30% Rakeback di Interpoker - Best Rakeback in Italy","og_description":"Il 30% del tuo rake sar\u00e0 pagato nel tuo conto giocatore, e puoi incassarlo ogni singolo giorno visitando RakeMonkey.com","og_url":"https:\/\/www.rakemonkey.com\/it\/recensioni\/rakeback-di-interpoker\/","og_site_name":"RakeMonkey.com","twitter_card":"summary","twitter_misc":{"Est. reading time":"2 minutes"},"schema":{"@context":"https:\/\/schema.org","@graph":[{"@type":"WebPage","@id":"https:\/\/www.rakemonkey.com\/it\/recensioni\/rakeback-di-interpoker\/","url":"https:\/\/www.rakemonkey.com\/it\/recensioni\/rakeback-di-interpoker\/","name":"30% Rakeback di Interpoker - Best Rakeback in Italy","isPartOf":{"@id":"https:\/\/www.rakemonkey.com\/it\/#website"},"datePublished":"2010-03-01T12:20:27+00:00","dateModified":"2010-03-01T12:20:27+00:00","description":"Il 30% del tuo rake sar\u00e0 pagato nel tuo conto giocatore, e puoi incassarlo ogni singolo giorno visitando RakeMonkey.com","breadcrumb":{"@id":"https:\/\/www.rakemonkey.com\/it\/recensioni\/rakeback-di-interpoker\/#breadcrumb"},"inLanguage":"en-US","potentialAction":[{"@type":"ReadAction","target":["https:\/\/www.rakemonkey.com\/it\/recensioni\/rakeback-di-interpoker\/"]}]},{"@type":"BreadcrumbList","@id":"https:\/\/www.rakemonkey.com\/it\/recensioni\/rakeback-di-interpoker\/#breadcrumb","itemListElement":[{"@type":"ListItem","position":1,"name":"Home","item":"https:\/\/www.rakemonkey.com\/it\/"},{"@type":"ListItem","position":2,"name":"Recensioni","item":"https:\/\/www.rakemonkey.com\/it\/recensioni\/"},{"@type":"ListItem","position":3,"name":"Rakeback di InterPoker"}]},{"@type":"WebSite","@id":"https:\/\/www.rakemonkey.com\/it\/#website","url":"https:\/\/www.rakemonkey.com\/it\/","name":"RakeMonkey.com","description":"","potentialAction":[{"@type":"SearchAction","target":{"@type":"EntryPoint","urlTemplate":"https:\/\/www.rakemonkey.com\/it\/?s={search_term_string}"},"query-input":"required name=search_term_string"}],"inLanguage":"en-US"}]}},"_links":{"self":[{"href":"https:\/\/www.rakemonkey.com\/it\/wp-json\/wp\/v2\/pages\/52"}],"collection":[{"href":"https:\/\/www.rakemonkey.com\/it\/wp-json\/wp\/v2\/pages"}],"about":[{"href":"https:\/\/www.rakemonkey.com\/it\/wp-json\/wp\/v2\/types\/page"}],"author":[{"embeddable":true,"href":"https:\/\/www.rakemonkey.com\/it\/wp-json\/wp\/v2\/users\/9"}],"replies":[{"embeddable":true,"href":"https:\/\/www.rakemonkey.com\/it\/wp-json\/wp\/v2\/comments?post=52"}],"version-history":[{"count":0,"href":"https:\/\/www.rakemonkey.com\/it\/wp-json\/wp\/v2\/pages\/52\/revisions"}],"up":[{"embeddable":true,"href":"https:\/\/www.rakemonkey.com\/it\/wp-json\/wp\/v2\/pages\/233"}],"wp:attachment":[{"href":"https:\/\/www.rakemonkey.com\/it\/wp-json\/wp\/v2\/media?parent=52"}],"curies":[{"name":"wp","href":"https:\/\/api.w.org\/{rel}","templated":true}]}}