{"id":61,"date":"2010-03-01T12:45:17","date_gmt":"2010-03-01T12:45:17","guid":{"rendered":"http:\/\/www.rakemonkey.com\/it\/?page_id=61"},"modified":"2010-03-01T12:45:17","modified_gmt":"2010-03-01T12:45:17","slug":"rakeback-di-betfair","status":"publish","type":"page","link":"https:\/\/www.rakemonkey.com\/it\/recensioni\/rakeback-di-betfair\/","title":{"rendered":"Rakeback di Betfair"},"content":{"rendered":"<p>Originariamente lanciato nel 1999 come un operatore di scommesse sportive online, Betfair ha presto ampliato i suoi servizi fino a includere una sala da poker e casin\u00f2 online.\u00a0 Betfair Poker si affida al proprio valore personale, un valore stellare nell\u2019attrarre e trattenere i giocatori, scegliendo di non diventare una parte di qualche altra rete o base di giocatori condivisa. Uno dei servizi di gioco online pi\u00f9 popolari in Europa, che ha vinto il Queen\u2019s Award per la qualit\u00e0, Betfair Poker ha qualcosa di tutto \u2013 Una forte piattaforma software, un programma di tornei di valore, buona variet\u00e0 di giochi e promozioni vantaggiose.<\/p>\n<p>Betfair Poker accoglie tutti i nuovi membri con un bonus riempitivo del conto fino a $500, indipendentemente dall\u2019ammontare del deposito iniziale del giocatore. Questo fantastico bonus pu\u00f2 valere quel tanto, o quel poco, che il giocatore sceglie. Pi\u00f9 giochi con impegno a poker online, pi\u00f9 puoi aspettarti di guadagnare. Quando ti iscrivi a Betfair Poker attraverso questo sito, non solo ricevi questo straordinario bonus di benvenuto, ma un rakeback deal di Betfair del valore di un rakeback del 30-40%.<\/p>\n<h2><strong>Dettagli del Rakeback di Betfair Poker <\/strong><\/h2>\n<p>Il programma Rateback di Betfair \u00e8 unico nel senso che premia progressivamente tutti i tipi di giocatore, da quello occasionale a quello pi\u00f9 impegnato. Applicando il metodo di calcolo rakeback condiviso, i giocatori possono guadagnare ovunque dal Rakeback del 30-40% di Betfair.<\/p>\n<p>Il Rakeback Condiviso \u00e8 una delle forme pi\u00f9 rare di rakaback trovata in questi giorni. Come il rakeback contribuito, un giocatore deve contribuire al piatto, tuttavia il peso del contributo non importa. E\u2019 un calcolo contribuito medio. I giocatori guadagnano la stessa quantit\u00e0 di rakeback se piazzano un singolo poker chip e il 50% del chip totali nel piatto.<\/p>\n<p>L\u2019ammontare del Rakeback di Betfair che guadagni dipende dalla quantit\u00e0 di punti giocatore che guadagni in un mese civile. Coloro che accumulano tra 1 e 29,999 punti riceveranno un rakeback di Betfair del 30%. Raccogliere 30,000 o pi\u00f9 punti in un mese incrementa il\u00a0 tuo Rakeback di Betfair al 40%.<\/p>\n<h2><strong>Pagamenti del Rakeback di Betfair Poker <\/strong><\/h2>\n<p>Tipicamente, il Rakeback di Betfair Poker \u00e8 pagato ogni due settimane, il primo e il 15 di ogni mese \u2013 tuttavia, una volta registrato ed effettuato l\u2019accesso a un conto qui a RakeMonkey, potrai incassare quotidianamente ogni volta che vuoi. Tutti i pagamenti sono indirizzati direttamente al tuo conto poker di Betfair poker.<\/p>\n<h2><strong>Bonus &amp; Deduzioni di Betfair Poker <\/strong><\/h2>\n<p>Quando effettui il tuo primo deposito a Betfair Poker, non c\u2019\u00e8 una corrispondenza basata su una parcentuale a regolare il bonus di benvenuto. Se depositi $25 o $250, puoi comunque guadagnare anche $500 in poker chip gratuiti. L\u2019ammontare del tuo bonus dipende dai punti accumulati nei primi 60 giorni.<\/p>\n<p>Raccogliere 400 punti poker rilascer\u00e0 $10 del bonus. Continua a guadagnare pi\u00f9 punti che puoi, fino a 20,000 per usufruire del bonus pi\u00f9 alto possibile, da $500.<\/p>\n<p>Betfair Poker prender\u00e0 una deduzione dei bonus guadagnato dalla tua MGR, prima di calcolare il rakeback.<\/p>\n<h2><strong>Depositi &amp; Accettazione dei Giocatori a Betfair Poker <\/strong><\/h2>\n<p>Betfair Poker mette a disposizione un vasto assortimento di metodi di pagamento sicuri tra i quali scegliere. Nota che i giocatori US non sono ammessi.<\/p>\n<p>Metodi di Pagamento: Visa, MasterCard, Visa Electron, Visa Delta, Maestro, Laser, Solo, EntroPay, NETeller, Moneybookers, PayPal, ClickandBuy, POLi, BPay, 8 Pay, Western Union, Bonifico Bancario e Assegno.<\/p>\n","protected":false},"excerpt":{"rendered":"<p>Originariamente lanciato nel 1999 come un operatore di scommesse sportive online, Betfair ha presto ampliato i suoi servizi fino a includere una sala da poker e casin\u00f2 online.\u00a0 Betfair Poker si affida al proprio valore personale, un valore stellare nell\u2019attrarre<a class=\"post-link\" href=\"https:\/\/www.rakemonkey.com\/it\/recensioni\/rakeback-di-betfair\/\"> read more&#8230;<\/a><\/p>\n","protected":false},"author":9,"featured_media":0,"parent":233,"menu_order":0,"comment_status":"closed","ping_status":"open","template":"rm_review.php","meta":[],"acf":[],"yoast_head":"<!-- This site is optimized with the Yoast SEO plugin v19.6.1 - https:\/\/yoast.com\/wordpress\/plugins\/seo\/ -->\n<title>40% Rakeback di Betfair - Best Italian Rakeback Room<\/title>\n<meta name=\"description\" content=\"Applicando il metodo di calcolo rakeback condiviso, i giocatori possono guadagnare ovunque dal Rakeback del 30-40% di Betfair.\" \/>\n<meta name=\"robots\" content=\"index, follow, max-snippet:-1, max-image-preview:large, max-video-preview:-1\" \/>\n<link rel=\"canonical\" href=\"https:\/\/www.rakemonkey.com\/it\/recensioni\/rakeback-di-betfair\/\" \/>\n<meta property=\"og:locale\" content=\"en_US\" \/>\n<meta property=\"og:type\" content=\"article\" \/>\n<meta property=\"og:title\" content=\"40% Rakeback di Betfair - Best Italian Rakeback Room\" \/>\n<meta property=\"og:description\" content=\"Applicando il metodo di calcolo rakeback condiviso, i giocatori possono guadagnare ovunque dal Rakeback del 30-40% di Betfair.\" \/>\n<meta property=\"og:url\" content=\"https:\/\/www.rakemonkey.com\/it\/recensioni\/rakeback-di-betfair\/\" \/>\n<meta property=\"og:site_name\" content=\"RakeMonkey.com\" \/>\n<meta name=\"twitter:card\" content=\"summary\" \/>\n<meta name=\"twitter:label1\" content=\"Est. reading time\" \/>\n\t<meta name=\"twitter:data1\" content=\"3 minutes\" \/>\n<script type=\"application\/ld+json\" class=\"yoast-schema-graph\">{\"@context\":\"https:\/\/schema.org\",\"@graph\":[{\"@type\":\"WebPage\",\"@id\":\"https:\/\/www.rakemonkey.com\/it\/recensioni\/rakeback-di-betfair\/\",\"url\":\"https:\/\/www.rakemonkey.com\/it\/recensioni\/rakeback-di-betfair\/\",\"name\":\"40% Rakeback di Betfair - Best Italian Rakeback Room\",\"isPartOf\":{\"@id\":\"https:\/\/www.rakemonkey.com\/it\/#website\"},\"datePublished\":\"2010-03-01T12:45:17+00:00\",\"dateModified\":\"2010-03-01T12:45:17+00:00\",\"description\":\"Applicando il metodo di calcolo rakeback condiviso, i giocatori possono guadagnare ovunque dal Rakeback del 30-40% di Betfair.\",\"breadcrumb\":{\"@id\":\"https:\/\/www.rakemonkey.com\/it\/recensioni\/rakeback-di-betfair\/#breadcrumb\"},\"inLanguage\":\"en-US\",\"potentialAction\":[{\"@type\":\"ReadAction\",\"target\":[\"https:\/\/www.rakemonkey.com\/it\/recensioni\/rakeback-di-betfair\/\"]}]},{\"@type\":\"BreadcrumbList\",\"@id\":\"https:\/\/www.rakemonkey.com\/it\/recensioni\/rakeback-di-betfair\/#breadcrumb\",\"itemListElement\":[{\"@type\":\"ListItem\",\"position\":1,\"name\":\"Home\",\"item\":\"https:\/\/www.rakemonkey.com\/it\/\"},{\"@type\":\"ListItem\",\"position\":2,\"name\":\"Recensioni\",\"item\":\"https:\/\/www.rakemonkey.com\/it\/recensioni\/\"},{\"@type\":\"ListItem\",\"position\":3,\"name\":\"Rakeback di Betfair\"}]},{\"@type\":\"WebSite\",\"@id\":\"https:\/\/www.rakemonkey.com\/it\/#website\",\"url\":\"https:\/\/www.rakemonkey.com\/it\/\",\"name\":\"RakeMonkey.com\",\"description\":\"\",\"potentialAction\":[{\"@type\":\"SearchAction\",\"target\":{\"@type\":\"EntryPoint\",\"urlTemplate\":\"https:\/\/www.rakemonkey.com\/it\/?s={search_term_string}\"},\"query-input\":\"required name=search_term_string\"}],\"inLanguage\":\"en-US\"}]}<\/script>\n<!-- \/ Yoast SEO plugin. -->","yoast_head_json":{"title":"40% Rakeback di Betfair - Best Italian Rakeback Room","description":"Applicando il metodo di calcolo rakeback condiviso, i giocatori possono guadagnare ovunque dal Rakeback del 30-40% di Betfair.","robots":{"index":"index","follow":"follow","max-snippet":"max-snippet:-1","max-image-preview":"max-image-preview:large","max-video-preview":"max-video-preview:-1"},"canonical":"https:\/\/www.rakemonkey.com\/it\/recensioni\/rakeback-di-betfair\/","og_locale":"en_US","og_type":"article","og_title":"40% Rakeback di Betfair - Best Italian Rakeback Room","og_description":"Applicando il metodo di calcolo rakeback condiviso, i giocatori possono guadagnare ovunque dal Rakeback del 30-40% di Betfair.","og_url":"https:\/\/www.rakemonkey.com\/it\/recensioni\/rakeback-di-betfair\/","og_site_name":"RakeMonkey.com","twitter_card":"summary","twitter_misc":{"Est. reading time":"3 minutes"},"schema":{"@context":"https:\/\/schema.org","@graph":[{"@type":"WebPage","@id":"https:\/\/www.rakemonkey.com\/it\/recensioni\/rakeback-di-betfair\/","url":"https:\/\/www.rakemonkey.com\/it\/recensioni\/rakeback-di-betfair\/","name":"40% Rakeback di Betfair - Best Italian Rakeback Room","isPartOf":{"@id":"https:\/\/www.rakemonkey.com\/it\/#website"},"datePublished":"2010-03-01T12:45:17+00:00","dateModified":"2010-03-01T12:45:17+00:00","description":"Applicando il metodo di calcolo rakeback condiviso, i giocatori possono guadagnare ovunque dal Rakeback del 30-40% di Betfair.","breadcrumb":{"@id":"https:\/\/www.rakemonkey.com\/it\/recensioni\/rakeback-di-betfair\/#breadcrumb"},"inLanguage":"en-US","potentialAction":[{"@type":"ReadAction","target":["https:\/\/www.rakemonkey.com\/it\/recensioni\/rakeback-di-betfair\/"]}]},{"@type":"BreadcrumbList","@id":"https:\/\/www.rakemonkey.com\/it\/recensioni\/rakeback-di-betfair\/#breadcrumb","itemListElement":[{"@type":"ListItem","position":1,"name":"Home","item":"https:\/\/www.rakemonkey.com\/it\/"},{"@type":"ListItem","position":2,"name":"Recensioni","item":"https:\/\/www.rakemonkey.com\/it\/recensioni\/"},{"@type":"ListItem","position":3,"name":"Rakeback di Betfair"}]},{"@type":"WebSite","@id":"https:\/\/www.rakemonkey.com\/it\/#website","url":"https:\/\/www.rakemonkey.com\/it\/","name":"RakeMonkey.com","description":"","potentialAction":[{"@type":"SearchAction","target":{"@type":"EntryPoint","urlTemplate":"https:\/\/www.rakemonkey.com\/it\/?s={search_term_string}"},"query-input":"required name=search_term_string"}],"inLanguage":"en-US"}]}},"_links":{"self":[{"href":"https:\/\/www.rakemonkey.com\/it\/wp-json\/wp\/v2\/pages\/61"}],"collection":[{"href":"https:\/\/www.rakemonkey.com\/it\/wp-json\/wp\/v2\/pages"}],"about":[{"href":"https:\/\/www.rakemonkey.com\/it\/wp-json\/wp\/v2\/types\/page"}],"author":[{"embeddable":true,"href":"https:\/\/www.rakemonkey.com\/it\/wp-json\/wp\/v2\/users\/9"}],"replies":[{"embeddable":true,"href":"https:\/\/www.rakemonkey.com\/it\/wp-json\/wp\/v2\/comments?post=61"}],"version-history":[{"count":0,"href":"https:\/\/www.rakemonkey.com\/it\/wp-json\/wp\/v2\/pages\/61\/revisions"}],"up":[{"embeddable":true,"href":"https:\/\/www.rakemonkey.com\/it\/wp-json\/wp\/v2\/pages\/233"}],"wp:attachment":[{"href":"https:\/\/www.rakemonkey.com\/it\/wp-json\/wp\/v2\/media?parent=61"}],"curies":[{"name":"wp","href":"https:\/\/api.w.org\/{rel}","templated":true}]}}