{"id":66,"date":"2010-03-01T12:58:50","date_gmt":"2010-03-01T12:58:50","guid":{"rendered":"http:\/\/www.rakemonkey.com\/it\/?page_id=66"},"modified":"2010-03-01T12:58:50","modified_gmt":"2010-03-01T12:58:50","slug":"rakeback-di-aced-poker","status":"publish","type":"page","link":"https:\/\/www.rakemonkey.com\/it\/recensioni\/rakeback-di-aced-poker\/","title":{"rendered":"Rakeback di Aced.com Poker"},"content":{"rendered":"<p>Aced \u00e8 il nuovissimo partner della rete Merge Gaming. Il traffico pu\u00f2 essere talmente impressionante, comparabile ai siti di poker online principali, ma l\u2019aspetto promozionale \u00e8 straordinario. I nuovi giocatori iniziano con un bonus di benvenuto del 100% fino a 500 $ oltre a partecipare alla promozione \u201cOuts\u201d di Aced e al programma fedelt\u00e0 con 4 livelli VIP.<\/p>\n<p>Per aumentare ulteriormente il guadagno, giocando al poker di Aced, registratevi dal link che vi indirizzer\u00e0 al nostro sito e godrete del codice del bonus \u201c<strong>ACED100<\/strong>\u201d, concorrendo cos\u00ec a guadagnare un rakeback del 30% di Aced.<\/p>\n<h2>Il rakeback di Aced Poker<\/h2>\n<p>Usando il codice del bonus \u201c<strong>ACED100<\/strong>\u201d, i nostri giocatori guadagneranno un rakeback del 30% spendibile su Aced.com. Aced paga coloro che vincono un rakeback secondo il metodo di contribuzione al rakeback, un metodo oculato di distribuzione del rakeback che paga i giocatori a seconda di quanto contribuiscono a ciascun rimborso Ecco come funziona \u2026.<\/p>\n<p>Quando un giocatore arricchisce con le sue puntate il piatto, ricever\u00e0 un rakeback pi\u00f9 alto da ciascuna mano. Un giocatore che punta poco, che passa subito, guadagner\u00e0 un rakeback inferiore, ma comunque una cifra minore.<\/p>\n<p>I giocatori possono dare il loro contributo al con almeno una fiche in modo da guadagnare un rakeback. Solo le mani che assistono al flop, sono soggette al rimborso, quindi, senza flop, non viene corrisposto alcun rakeback.<\/p>\n<p>Il programma rakeback del 30% di Aced non \u00e8 il migliore per i giocatori di poker accaniti che tendono passare senza contribuire al piatto, ma assieme ad altri vantaggi del poker di Aces, il vostro sforzo sar\u00e0 premiato. Il bonus in denaro derivante dalle Promozioni non sar\u00e0 dedotto dal vostro rakeback.<\/p>\n<h2>Bonus di benvenuto di Aced Poker<\/h2>\n<p>I premi di Aced Poker vengono elargiti a tutti i nuovi registrati fornendo loro un bonus di benvenuto del 100% fino a 500 $ sul primo deposito. Ogni 250 punti poker guadagnati corrispondono a 1 $ in bonus, facilmente accumulabili nel programma di punti a pagamento rapido, partecipando a giochi in denaro e tornei. La cosa migliore fra tutte, sono I bonus che NON vengono dedotti dal proprio rakeback.<\/p>\n<h2>Promozioni \u201cOuts\u201d di Aced Poker<\/h2>\n<p>La promozione Outs di Aced \u00e8 simile a qualsiasi altra promozione rinvenibile in alter sale da poker. I giocatori vengono premiati con punti extra nel momento in cui raggiungono obiettivi specifici, alcuni molto semplici e inevitabili quando si gioca a poker online e altri molto pi\u00f9 difficili da raggiungere. Eccone alcuni esempi:<\/p>\n<blockquote><p>Vinci 2 mani di una partita a due: 5 punti<\/p>\n<p>Vinci 5 mani di fila: 100 punti<\/p>\n<p>Vinci una scommessa all-in vedendo: 50 punti<\/p>\n<p>Perdi con un poker o altro punteggio superiore: 200 punti<\/p>\n<p>Giochi la 5000a mano: 750 punti<\/p>\n<p>Giochi un milione di mani: 10.000 punti<\/p>\n<p>Paghi in contanti in un MTT: 50 punti<\/p>\n<p>Vinci il tuo 10\u00b0 MTT: 1.000 punti<\/p><\/blockquote>\n<p>Questi sono solo alcuni dei premi Outs di Aced. Per guadagnare punti per un out, sinceratevi di salvare il numero identificativo della vostra mano# e di Out raggiunto ed inviarlo a mezzo e-mail a Aced.<\/p>\n<h2>Variet\u00e0 dei giochi di Aced Poker<\/h2>\n<p>Aced offre una vasta gamma di varianti del poker compreso Hold\u2019em, Omaha, 5 and 7 Card Stud games, Draw (5 Card Draw, Badugi, Triple Draw) e molteplici giochi combinati come H.O.R.S.E., H.O.S.E., H.A. e altri. Sono disponibili puntate con limite fisso, senza limite e limite del piatto da 0,02\/0,04 $ fino a 50\/100 $.<\/p>\n<p>Aced non ha tantissimi giocatori, quindi il gioco non \u00e8 dinamico a qualsiasi ora, non sempre ci sono ore di picco. Ma non preoccupatevi, il traffico sta crescendo costantemente, quindi il poker sta migliorando e migliorer\u00e0 col tempo.<\/p>\n<p>Ci sono tantissimi tornei di poker che vi possono intrattenere su Aced con MTT che comprendono buy-in che oscillano da 0,06 a 100 $ e SNG da 0,60 fino a 400 $ e oltre. I satellite dal vivo offrono ai giocatori una possibilit\u00e0 di partecipare al WSOP, all\u2019Aussie\u00a0 Millions e molto altro con soli 2 $.<\/p>\n<p>I membri di Aced Poker\u00a0 potranno anche partecipare ai giochi da casino online come Blackjack, Roulette, Video Poker, Caribbean Stud e Backgammon. Le puntate variano da 1 fino a 500 $. Sono un\u2019eccellente distrazione per I giocatori accaniti che cercano di ammazzare il tempo nei tornei di poker senza affrettare le decisioni prese per\u00a0 noia.<\/p>\n<h2>Opzioni di deposito di Aced Poker<\/h2>\n<p>Accettiamo con orgoglio i giocatori americani e quelli di tutto il mondo. Aced accetta i seguenti metodi di pagamento tradizionale: Visa, MasterCard, eWalletXpress, PIC-Club, Click2Pay, UseMyWallet e bonifico bancario. Le opzioni di prelievo sono\u00a0 eWalletXpress, PIC-Club, Click2Pay e Use My Wallet.<\/p>\n<h3>Conclusioni su Aced Poker<\/h3>\n<p>Con cos\u00ec tanti incentive, non c\u2019\u00e8 dubbio del perch\u00e9 Aced sia cresciuto cos\u00ec rapidamente dal 2008, anno in cui \u00e8 entrato a far parte della rete Merge Gaming. Onestamente, possiamo dire che Aced Poker \u00e8 una delle migliori sale da poker online per quei giocatori che cercano una nuova dimensione virtuale per incrementare i loro guadagni. Registrati sul nostro sito usando il codice del bonus \u201c<strong>ACED100<\/strong>\u201d e fruirai di un rakeback del 30% di Aced e un bonus di benvenuto del 100% fino a 500 $.<\/p>\n","protected":false},"excerpt":{"rendered":"<p>Aced \u00e8 il nuovissimo partner della rete Merge Gaming. Il traffico pu\u00f2 essere talmente impressionante, comparabile ai siti di poker online principali, ma l\u2019aspetto promozionale \u00e8 straordinario. I nuovi giocatori iniziano con un bonus di benvenuto del 100% fino a<a class=\"post-link\" href=\"https:\/\/www.rakemonkey.com\/it\/recensioni\/rakeback-di-aced-poker\/\"> read more&#8230;<\/a><\/p>\n","protected":false},"author":9,"featured_media":0,"parent":233,"menu_order":0,"comment_status":"closed","ping_status":"open","template":"rm_review.php","meta":[],"acf":[],"yoast_head":"<!-- This site is optimized with the Yoast SEO plugin v19.6.1 - https:\/\/yoast.com\/wordpress\/plugins\/seo\/ -->\n<title>Il rakeback di Aced Poker - 30% RB for Italians<\/title>\n<meta name=\"description\" content=\"Usando il codice del bonus \u201cACED100\u201d, i nostri giocatori guadagneranno un rakeback del 30% spendibile su Aced.com\" \/>\n<meta name=\"robots\" content=\"index, follow, max-snippet:-1, max-image-preview:large, max-video-preview:-1\" \/>\n<link rel=\"canonical\" href=\"https:\/\/www.rakemonkey.com\/it\/recensioni\/rakeback-di-aced-poker\/\" \/>\n<meta property=\"og:locale\" content=\"en_US\" \/>\n<meta property=\"og:type\" content=\"article\" \/>\n<meta property=\"og:title\" content=\"Il rakeback di Aced Poker - 30% RB for Italians\" \/>\n<meta property=\"og:description\" content=\"Usando il codice del bonus \u201cACED100\u201d, i nostri giocatori guadagneranno un rakeback del 30% spendibile su Aced.com\" \/>\n<meta property=\"og:url\" content=\"https:\/\/www.rakemonkey.com\/it\/recensioni\/rakeback-di-aced-poker\/\" \/>\n<meta property=\"og:site_name\" content=\"RakeMonkey.com\" \/>\n<meta name=\"twitter:card\" content=\"summary\" \/>\n<meta name=\"twitter:label1\" content=\"Est. reading time\" \/>\n\t<meta name=\"twitter:data1\" content=\"4 minutes\" \/>\n<script type=\"application\/ld+json\" class=\"yoast-schema-graph\">{\"@context\":\"https:\/\/schema.org\",\"@graph\":[{\"@type\":\"WebPage\",\"@id\":\"https:\/\/www.rakemonkey.com\/it\/recensioni\/rakeback-di-aced-poker\/\",\"url\":\"https:\/\/www.rakemonkey.com\/it\/recensioni\/rakeback-di-aced-poker\/\",\"name\":\"Il rakeback di Aced Poker - 30% RB for Italians\",\"isPartOf\":{\"@id\":\"https:\/\/www.rakemonkey.com\/it\/#website\"},\"datePublished\":\"2010-03-01T12:58:50+00:00\",\"dateModified\":\"2010-03-01T12:58:50+00:00\",\"description\":\"Usando il codice del bonus \u201cACED100\u201d, i nostri giocatori guadagneranno un rakeback del 30% spendibile su Aced.com\",\"breadcrumb\":{\"@id\":\"https:\/\/www.rakemonkey.com\/it\/recensioni\/rakeback-di-aced-poker\/#breadcrumb\"},\"inLanguage\":\"en-US\",\"potentialAction\":[{\"@type\":\"ReadAction\",\"target\":[\"https:\/\/www.rakemonkey.com\/it\/recensioni\/rakeback-di-aced-poker\/\"]}]},{\"@type\":\"BreadcrumbList\",\"@id\":\"https:\/\/www.rakemonkey.com\/it\/recensioni\/rakeback-di-aced-poker\/#breadcrumb\",\"itemListElement\":[{\"@type\":\"ListItem\",\"position\":1,\"name\":\"Home\",\"item\":\"https:\/\/www.rakemonkey.com\/it\/\"},{\"@type\":\"ListItem\",\"position\":2,\"name\":\"Recensioni\",\"item\":\"https:\/\/www.rakemonkey.com\/it\/recensioni\/\"},{\"@type\":\"ListItem\",\"position\":3,\"name\":\"Rakeback di Aced.com Poker\"}]},{\"@type\":\"WebSite\",\"@id\":\"https:\/\/www.rakemonkey.com\/it\/#website\",\"url\":\"https:\/\/www.rakemonkey.com\/it\/\",\"name\":\"RakeMonkey.com\",\"description\":\"\",\"potentialAction\":[{\"@type\":\"SearchAction\",\"target\":{\"@type\":\"EntryPoint\",\"urlTemplate\":\"https:\/\/www.rakemonkey.com\/it\/?s={search_term_string}\"},\"query-input\":\"required name=search_term_string\"}],\"inLanguage\":\"en-US\"}]}<\/script>\n<!-- \/ Yoast SEO plugin. -->","yoast_head_json":{"title":"Il rakeback di Aced Poker - 30% RB for Italians","description":"Usando il codice del bonus \u201cACED100\u201d, i nostri giocatori guadagneranno un rakeback del 30% spendibile su Aced.com","robots":{"index":"index","follow":"follow","max-snippet":"max-snippet:-1","max-image-preview":"max-image-preview:large","max-video-preview":"max-video-preview:-1"},"canonical":"https:\/\/www.rakemonkey.com\/it\/recensioni\/rakeback-di-aced-poker\/","og_locale":"en_US","og_type":"article","og_title":"Il rakeback di Aced Poker - 30% RB for Italians","og_description":"Usando il codice del bonus \u201cACED100\u201d, i nostri giocatori guadagneranno un rakeback del 30% spendibile su Aced.com","og_url":"https:\/\/www.rakemonkey.com\/it\/recensioni\/rakeback-di-aced-poker\/","og_site_name":"RakeMonkey.com","twitter_card":"summary","twitter_misc":{"Est. reading time":"4 minutes"},"schema":{"@context":"https:\/\/schema.org","@graph":[{"@type":"WebPage","@id":"https:\/\/www.rakemonkey.com\/it\/recensioni\/rakeback-di-aced-poker\/","url":"https:\/\/www.rakemonkey.com\/it\/recensioni\/rakeback-di-aced-poker\/","name":"Il rakeback di Aced Poker - 30% RB for Italians","isPartOf":{"@id":"https:\/\/www.rakemonkey.com\/it\/#website"},"datePublished":"2010-03-01T12:58:50+00:00","dateModified":"2010-03-01T12:58:50+00:00","description":"Usando il codice del bonus \u201cACED100\u201d, i nostri giocatori guadagneranno un rakeback del 30% spendibile su Aced.com","breadcrumb":{"@id":"https:\/\/www.rakemonkey.com\/it\/recensioni\/rakeback-di-aced-poker\/#breadcrumb"},"inLanguage":"en-US","potentialAction":[{"@type":"ReadAction","target":["https:\/\/www.rakemonkey.com\/it\/recensioni\/rakeback-di-aced-poker\/"]}]},{"@type":"BreadcrumbList","@id":"https:\/\/www.rakemonkey.com\/it\/recensioni\/rakeback-di-aced-poker\/#breadcrumb","itemListElement":[{"@type":"ListItem","position":1,"name":"Home","item":"https:\/\/www.rakemonkey.com\/it\/"},{"@type":"ListItem","position":2,"name":"Recensioni","item":"https:\/\/www.rakemonkey.com\/it\/recensioni\/"},{"@type":"ListItem","position":3,"name":"Rakeback di Aced.com Poker"}]},{"@type":"WebSite","@id":"https:\/\/www.rakemonkey.com\/it\/#website","url":"https:\/\/www.rakemonkey.com\/it\/","name":"RakeMonkey.com","description":"","potentialAction":[{"@type":"SearchAction","target":{"@type":"EntryPoint","urlTemplate":"https:\/\/www.rakemonkey.com\/it\/?s={search_term_string}"},"query-input":"required name=search_term_string"}],"inLanguage":"en-US"}]}},"_links":{"self":[{"href":"https:\/\/www.rakemonkey.com\/it\/wp-json\/wp\/v2\/pages\/66"}],"collection":[{"href":"https:\/\/www.rakemonkey.com\/it\/wp-json\/wp\/v2\/pages"}],"about":[{"href":"https:\/\/www.rakemonkey.com\/it\/wp-json\/wp\/v2\/types\/page"}],"author":[{"embeddable":true,"href":"https:\/\/www.rakemonkey.com\/it\/wp-json\/wp\/v2\/users\/9"}],"replies":[{"embeddable":true,"href":"https:\/\/www.rakemonkey.com\/it\/wp-json\/wp\/v2\/comments?post=66"}],"version-history":[{"count":0,"href":"https:\/\/www.rakemonkey.com\/it\/wp-json\/wp\/v2\/pages\/66\/revisions"}],"up":[{"embeddable":true,"href":"https:\/\/www.rakemonkey.com\/it\/wp-json\/wp\/v2\/pages\/233"}],"wp:attachment":[{"href":"https:\/\/www.rakemonkey.com\/it\/wp-json\/wp\/v2\/media?parent=66"}],"curies":[{"name":"wp","href":"https:\/\/api.w.org\/{rel}","templated":true}]}}