{"id":88,"date":"2013-07-02T15:07:18","date_gmt":"2013-07-02T15:07:18","guid":{"rendered":"http:\/\/www.rakemonkey.com\/it\/?page_id=88"},"modified":"2017-08-03T01:40:15","modified_gmt":"2017-08-03T01:40:15","slug":"poker-rakeback","status":"publish","type":"page","link":"https:\/\/www.rakemonkey.com\/it\/","title":{"rendered":"Poker Rakeback"},"content":{"rendered":"<h3>Per i giocatori, dai giocatori<\/h3>\n<p>RakeMonkey \u00e8 stato creato dai giocatori di poker online e, se l\u2019esperienza ci ha insegnato qualcosa, questa \u00e8 l\u2019importanza del rakeback. Ogni giocatore di poker competitivo sa che non c\u2019\u00e8 certezza su come cadranno le carte. Molte sessioni finiscono bene, ma ogni tanto un downswing pu\u00f2 avere degli effetti negativi sulla mente del giocatore e sui suoi fondi. In ogni caso una cosa \u00e8 certa: il rakeback ammortizzer\u00e0 le tue finanze, rendendo molto pi\u00f9 sopportabili le inevitabili oscillazioni.<\/p>\n<p>Su RakeMonkey, offriamo cashout giornalieri perch\u00e8 comprendiamo che non si pu\u00f2 mai sapere quando potresti avere bisogno di sostenere le tue finanze con del sudato rakeback. Le rake race sono un bonus aggiunto per i giocatori particolarmente zelanti che vogliono impiegare le ore necessarie ad avere successo nel mondo del poker. \u00c8 una cosa che rispettiamo, e che crediamo debba essere ricompensata oltre al rakeback che mettiamo a disposizione di tutti i nostri membri. Capiamo come pensano i giocatori, e siamo qui per fornire ci\u00f2 che ha aiutato a rendere le notre carriere lunghe e prospere.<\/p>\n<p><a href=\"http:\/\/www.rakemonkey.com\/sign-up-instructions\"><span style=\"color: red;\"><b>Apri il tuo conto nel modo Giusto \u2013 Ottieni il tuo Rakeback adesso.<\/b><\/span><\/a><\/p>\n","protected":false},"excerpt":{"rendered":"<p>Per i giocatori, dai giocatori RakeMonkey \u00e8 stato creato dai giocatori di poker online e, se l\u2019esperienza ci ha insegnato qualcosa, questa \u00e8 l\u2019importanza del rakeback. Ogni giocatore di poker competitivo sa che non c\u2019\u00e8 certezza su come cadranno le<a class=\"post-link\" href=\"https:\/\/www.rakemonkey.com\/it\/\"> read more&#8230;<\/a><\/p>\n","protected":false},"author":9,"featured_media":0,"parent":0,"menu_order":0,"comment_status":"open","ping_status":"open","template":"startpage.php","meta":[],"acf":[],"yoast_head":"<!-- This site is optimized with the Yoast SEO plugin v19.6.1 - https:\/\/yoast.com\/wordpress\/plugins\/seo\/ -->\n<title>Rakeback del poker - Rakeback di Ultimate Bet<\/title>\n<meta name=\"robots\" content=\"index, follow, max-snippet:-1, max-image-preview:large, max-video-preview:-1\" \/>\n<link rel=\"canonical\" href=\"https:\/\/www.rakemonkey.com\/it\/\" \/>\n<meta property=\"og:locale\" content=\"en_US\" \/>\n<meta property=\"og:type\" content=\"article\" \/>\n<meta property=\"og:title\" content=\"Rakeback del poker - Rakeback di Ultimate Bet\" \/>\n<meta property=\"og:description\" content=\"Per i giocatori, dai giocatori RakeMonkey \u00e8 stato creato dai giocatori di poker online e, se l\u2019esperienza ci ha insegnato qualcosa, questa \u00e8 l\u2019importanza del rakeback. Ogni giocatore di poker competitivo sa che non c\u2019\u00e8 certezza su come cadranno le read more...\" \/>\n<meta property=\"og:url\" content=\"https:\/\/www.rakemonkey.com\/it\/\" \/>\n<meta property=\"og:site_name\" content=\"RakeMonkey.com\" \/>\n<meta property=\"article:modified_time\" content=\"2017-08-03T01:40:15+00:00\" \/>\n<meta name=\"twitter:card\" content=\"summary\" \/>\n<meta name=\"twitter:label1\" content=\"Est. reading time\" \/>\n\t<meta name=\"twitter:data1\" content=\"1 minute\" \/>\n<script type=\"application\/ld+json\" class=\"yoast-schema-graph\">{\"@context\":\"https:\/\/schema.org\",\"@graph\":[{\"@type\":\"WebPage\",\"@id\":\"https:\/\/www.rakemonkey.com\/it\/\",\"url\":\"https:\/\/www.rakemonkey.com\/it\/\",\"name\":\"Rakeback del poker - Rakeback di Ultimate Bet\",\"isPartOf\":{\"@id\":\"https:\/\/www.rakemonkey.com\/it\/#website\"},\"datePublished\":\"2013-07-02T15:07:18+00:00\",\"dateModified\":\"2017-08-03T01:40:15+00:00\",\"breadcrumb\":{\"@id\":\"https:\/\/www.rakemonkey.com\/it\/#breadcrumb\"},\"inLanguage\":\"en-US\",\"potentialAction\":[{\"@type\":\"ReadAction\",\"target\":[\"https:\/\/www.rakemonkey.com\/it\/\"]}]},{\"@type\":\"BreadcrumbList\",\"@id\":\"https:\/\/www.rakemonkey.com\/it\/#breadcrumb\",\"itemListElement\":[{\"@type\":\"ListItem\",\"position\":1,\"name\":\"Home\",\"item\":\"https:\/\/www.rakemonkey.com\/it\/\"},{\"@type\":\"ListItem\",\"position\":2,\"name\":\"Poker Rakeback\"}]},{\"@type\":\"WebSite\",\"@id\":\"https:\/\/www.rakemonkey.com\/it\/#website\",\"url\":\"https:\/\/www.rakemonkey.com\/it\/\",\"name\":\"RakeMonkey.com\",\"description\":\"\",\"potentialAction\":[{\"@type\":\"SearchAction\",\"target\":{\"@type\":\"EntryPoint\",\"urlTemplate\":\"https:\/\/www.rakemonkey.com\/it\/?s={search_term_string}\"},\"query-input\":\"required name=search_term_string\"}],\"inLanguage\":\"en-US\"}]}<\/script>\n<!-- \/ Yoast SEO plugin. -->","yoast_head_json":{"title":"Rakeback del poker - Rakeback di Ultimate Bet","robots":{"index":"index","follow":"follow","max-snippet":"max-snippet:-1","max-image-preview":"max-image-preview:large","max-video-preview":"max-video-preview:-1"},"canonical":"https:\/\/www.rakemonkey.com\/it\/","og_locale":"en_US","og_type":"article","og_title":"Rakeback del poker - Rakeback di Ultimate Bet","og_description":"Per i giocatori, dai giocatori RakeMonkey \u00e8 stato creato dai giocatori di poker online e, se l\u2019esperienza ci ha insegnato qualcosa, questa \u00e8 l\u2019importanza del rakeback. Ogni giocatore di poker competitivo sa che non c\u2019\u00e8 certezza su come cadranno le read more...","og_url":"https:\/\/www.rakemonkey.com\/it\/","og_site_name":"RakeMonkey.com","article_modified_time":"2017-08-03T01:40:15+00:00","twitter_card":"summary","twitter_misc":{"Est. reading time":"1 minute"},"schema":{"@context":"https:\/\/schema.org","@graph":[{"@type":"WebPage","@id":"https:\/\/www.rakemonkey.com\/it\/","url":"https:\/\/www.rakemonkey.com\/it\/","name":"Rakeback del poker - Rakeback di Ultimate Bet","isPartOf":{"@id":"https:\/\/www.rakemonkey.com\/it\/#website"},"datePublished":"2013-07-02T15:07:18+00:00","dateModified":"2017-08-03T01:40:15+00:00","breadcrumb":{"@id":"https:\/\/www.rakemonkey.com\/it\/#breadcrumb"},"inLanguage":"en-US","potentialAction":[{"@type":"ReadAction","target":["https:\/\/www.rakemonkey.com\/it\/"]}]},{"@type":"BreadcrumbList","@id":"https:\/\/www.rakemonkey.com\/it\/#breadcrumb","itemListElement":[{"@type":"ListItem","position":1,"name":"Home","item":"https:\/\/www.rakemonkey.com\/it\/"},{"@type":"ListItem","position":2,"name":"Poker Rakeback"}]},{"@type":"WebSite","@id":"https:\/\/www.rakemonkey.com\/it\/#website","url":"https:\/\/www.rakemonkey.com\/it\/","name":"RakeMonkey.com","description":"","potentialAction":[{"@type":"SearchAction","target":{"@type":"EntryPoint","urlTemplate":"https:\/\/www.rakemonkey.com\/it\/?s={search_term_string}"},"query-input":"required name=search_term_string"}],"inLanguage":"en-US"}]}},"_links":{"self":[{"href":"https:\/\/www.rakemonkey.com\/it\/wp-json\/wp\/v2\/pages\/88"}],"collection":[{"href":"https:\/\/www.rakemonkey.com\/it\/wp-json\/wp\/v2\/pages"}],"about":[{"href":"https:\/\/www.rakemonkey.com\/it\/wp-json\/wp\/v2\/types\/page"}],"author":[{"embeddable":true,"href":"https:\/\/www.rakemonkey.com\/it\/wp-json\/wp\/v2\/users\/9"}],"replies":[{"embeddable":true,"href":"https:\/\/www.rakemonkey.com\/it\/wp-json\/wp\/v2\/comments?post=88"}],"version-history":[{"count":0,"href":"https:\/\/www.rakemonkey.com\/it\/wp-json\/wp\/v2\/pages\/88\/revisions"}],"wp:attachment":[{"href":"https:\/\/www.rakemonkey.com\/it\/wp-json\/wp\/v2\/media?parent=88"}],"curies":[{"name":"wp","href":"https:\/\/api.w.org\/{rel}","templated":true}]}}