{"id":10,"date":"2013-03-04T00:15:39","date_gmt":"2013-03-04T00:15:39","guid":{"rendered":"http:\/\/rakemonkey.com\/se\/?page_id=10"},"modified":"2013-03-04T00:15:39","modified_gmt":"2013-03-04T00:15:39","slug":"aced-com-rakeback","status":"publish","type":"page","link":"https:\/\/www.rakemonkey.com\/se\/recensioner\/aced-com-rakeback\/","title":{"rendered":"Aced.com Rakeback"},"content":{"rendered":"<p>Efter att du laddat ner klienten och skapat ditt konto s\u00e5 fyll i v\u00e5r registrerings formul\u00e4r ovan. Skriv in ditt alias och din email adress som du valde n\u00e4r du registrerade dig f\u00f6r ett konto s\u00e5 ser vi till att din rakeback blir verifierad och klar!<\/p>\n<p>Aced \u00e4r en av de nyaste pokersidorna inom Merge Gaming n\u00e4tverket. Nya spelare startar med en poker bonus p\u00e5 150% upp till $750 plus en 4 niv\u00e5s VIP program. Dem har licens och \u00e4r reglerade i Malta och Kahnawake Gaming i Kanada. De accepterar spelare fr\u00e5n USA och resten av v\u00e4rlden.<\/p>\n<p>F\u00f6r att ytterligare \u00f6ka l\u00f6nsamheten p\u00e5 ditt Aced Poker \u00e4ventyr s\u00e5 f\u00e5r du en Aced Poker rakeback p\u00e5 35% n\u00e4r du anv\u00e4nder v\u00e5ran bonuskod \u201dReduction\u201d.<\/p>\n<p><strong>Aced Poker Rakeback<\/strong><\/p>\n<p>Genom att anv\u00e4nda bonuskoden \u201dReduction\u201d s\u00e5 f\u00e5r v\u00e5ra spelare en rakeback p\u00e5 35% hos Aced.com. Aced betalar rakeback genom \u201dContributed\u201d metoden d\u00e4r rakeback spelare f\u00e5r tillbaka den rake dem har varit med och bidragit i f\u00f6r varje pott. S\u00e5 h\u00e4r funkar det\u2026<\/p>\n<p>N\u00e4r en spelare bidrar med en stor summa av potten s\u00e5 kommer den spelaren f\u00e5 en h\u00f6gre rakeback tillbaka f\u00f6r den handen. En spelare som sitter p\u00e5 small blind och foldar direkt kommer f\u00e5 rakeback, men en v\u00e4ldigt liten s\u00e5dan.<\/p>\n<p>Spelare m\u00e5ste bidra med minst 1 chip i potten f\u00f6r att f\u00e5 rakeback. Endast h\u00e4nder som f\u00e5 se floppen f\u00e5r rakeback, s\u00e5 ingen flop, ingen rakeback.<\/p>\n<p>F\u00f6r en tight pokerspelare s\u00e5 \u00e4r inte Aced rakeback p\u00e5 35% den b\u00e4sta i och med att denna spelaren tenderar till att sl\u00e4nga de flesta h\u00e4nder utan att bidra med n\u00e5got till potten. Men om man r\u00e4knar ihop alla andra f\u00f6rdelar med Aced poker s\u00e5 kan det fortfarande vara v\u00e4rt anstr\u00e4ngningen. Eftersom bonus pengarna inte dras av fr\u00e5n rakebacken.<\/p>\n<p><strong>Aced Poker Bonus<\/strong><\/p>\n<p>Aced poker bel\u00f6nar alla nya registrerade spelare med en v\u00e4lkomst bonus p\u00e5 150% upp till $750 p\u00e5 deras f\u00f6rsta ins\u00e4ttning. Varje 250 poker po\u00e4ng intj\u00e4nat ger $1 av bonusen och detta \u00e4r en enkel bonus att f\u00e5 ihop tack vare att man snabbt kan tj\u00e4na po\u00e4ng i cash spel och poker turneringar. B\u00e4st av allt, bonusarna dras INTE av fr\u00e5n din rakeback.<\/p>\n<p>Aced har ocks\u00e5 ett VIP program f\u00f6r dem som inte vill ha rakeback. P\u00e5 de h\u00f6gre VIP niv\u00e5erna s\u00e5 \u00e4r faktiskt VIP mer l\u00f6nsamt \u00e4n rakeback. Aced Rewards \u00e4r ett VIP program med flera niv\u00e5er d\u00e4r spelare f\u00e5r olika extraf\u00f6rm\u00e5ner s\u00e5 som VIP freerolls varje m\u00e5nad, gratis poker coaching och gratis pengar!<\/p>\n<p><strong>Aced Poker Mjukvara<\/strong><\/p>\n<p>Aced anv\u00e4nder den senaste mjukvaran fr\u00e5n Merge, version 6.0. Klienten har f\u00e5tt riktigt bra kritik fr\u00e5n hela poker industrin och den har framst\u00e5ende funktioner ut\u00f6ver att den \u00e4r snabb och s\u00e4ker. Klienten har ett uppdaterings filter och den mest avancerade spel vals v\u00e4ljaren n\u00e5gonsin.<\/p>\n<p>Ut\u00f6ver det s\u00e5 kan man expandera spel listan, en ny turnerings lobby och avancerad bords statistik. Borden kan justeras i storlek och sorteras. Spelare kan spela med hur m\u00e5nga bord som helst och man m\u00e4rker inte av att den g\u00e5r l\u00e5ngsammare. Med hj\u00e4lp av PokerTracker och Holdem Manager kan man h\u00e5lla full koll p\u00e5 sitt spel. Aced kan spelas p\u00e5 b\u00e5de PC och Mac.<\/p>\n<p><strong>Aced Poker Support<\/strong><\/p>\n<p>Aced har en dedikerad support och en stor FaQ som \u00e4r till stor hj\u00e4lp f\u00f6r nya spelare. Aced har sin support \u00f6ppen dygnet runt och har en svars tid p\u00e5 max 48 timmar men oftast s\u00e5 \u00e4r Aced mycket snabbare \u00e4n s\u00e5, m\u00e5nga g\u00e5nger tar det bara n\u00e5gra timmar innan man f\u00e5r svar. Aced spelar support satsar p\u00e5 att spelare ska f\u00e5 en trevlig upplevelse och lyssnar p\u00e5 spelares f\u00f6rslag.<\/p>\n<p><strong>Aced Poker Spel Variation<\/strong><\/p>\n<p>Aced har en stor variation av spel typer att v\u00e4lja mellan; Hold\u2019em, Omaha, 5 och 7 Card Stud spel, Draw spel (5 Card Draw, Badugi, Triple Draw) och spel som H.O.R.S.E., H.O.S.E., H.A. med mera. Fixed Limit, No Limit och Pot Limit. Dem startar fr\u00e5n $0.02\/$0.04 upp till $50\/$100.<\/p>\n<p>Det finns m\u00e4ngder med poker turneringar f\u00f6r att h\u00e5lla dig sysselsatt hos Aced s\u00e5 som MTT\u2019s fr\u00e5n $0.06 till $500 i buy-ins, SNGs fr\u00e5n $0.60 upp till $400+. Live satellit event som ger spelare chansen att f\u00e5 vara med i turneringar som WSOP och Aussie Millions f\u00f6r lite mer \u00e4n $2.<\/p>\n<p>Aced Poker medlemmar kan ocks\u00e5 spela n\u00e5gra online casino spel som Blackjack, Roulette, Video Poker, Caribbean Stud och Backgammon. Och detta fr\u00e5n $1 upp till $500. Detta \u00e4r utm\u00e4rkta val av tidsf\u00f6rdriv f\u00f6r den tighta spelaren som lirar i en poker turnering och kanske \u00e4r r\u00e4dd f\u00f6r att g\u00f6ra ett misstag pga. att han \u00e4r uttr\u00e5kad.<\/p>\n<p>Aced har en stor spelar bas eftersom Merge Poker n\u00e4tverket sl\u00e5ss om topp positionen mot revolution Gaming f\u00f6r amerikanska spelare online. De flesta spel \u00e4r tillg\u00e4ngliga under de b\u00e4sta timmarna p\u00e5 dygnet men det finns fortfarande gott om action under de s\u00e5 kallade s\u00e4msta timmarna.<\/p>\n<p><strong>Aced Poker Mjukhet<\/strong><\/p>\n<p>Merge n\u00e4tverket har \u00f6ver 40 skins och alla dessa fokuserar inte p\u00e5 poker utan k\u00f6r sportsbook och casino. Detta betyder oftast att det blir s\u00e4mre spel p\u00e5 poker borden med mycket fisk. Men det finns sj\u00e4lvklar en hel del mycket bra poker spelare tack vare att Merge Gaming \u00e4r p\u00e5 toppen utav n\u00e4tverk f\u00f6r amerikanska poker spelare. Att hitta bra spel \u00e4r inte sv\u00e5rt och det \u00e4r viktigt, s\u00e5 l\u00e4mna bordet om det fylls av stammisar.<\/p>\n<p><strong>Aced Poker Ins\u00e4ttnings Val<\/strong><\/p>\n<p>Aced \u00e4r stolta \u00f6ver att kunna ta emot amerikanska spelare och spelare fr\u00e5n resten av v\u00e4rlden, Aced accepterar f\u00f6ljande metoder f\u00f6r ins\u00e4ttningar: Visa, MasterCard, Click2Pay, Neteller, Moneybookers, Wire Transfer, pengar \u00f6verf\u00f6ring med mera.<\/p>\n<p><strong>Internationellt<\/strong><\/p>\n<p>Vi internationella spelare (fr\u00e5n USA sett) har fler metoder. Med runt 20 ins\u00e4ttnings val s\u00e5 har vi gott om alternativ att v\u00e4lja mellan. De mest popul\u00e4ra s\u00e4tten \u00e4r kreditkort och e-pl\u00e5nb\u00f6cker. Neteller och Moneybookers f\u00f6r \u00f6ver pengar direkt och \u00e4r att lita p\u00e5. Att f\u00e5 ut sina pengar fr\u00e5n Aced genom dessa metoder funkar precis lika bra.<\/p>\n<p><strong>Aced Poker Slutsats<\/strong><\/p>\n<p>Med s\u00e5 m\u00e5nga f\u00f6rm\u00e5ner att registrera sig s\u00e5 \u00e4r det inte konstigt att Aced har \u00f6kat s\u00e5 snabbt som dem har gjort sedan 2008 n\u00e4r dem ingick i Merge Gaming n\u00e4tverket. Vi kan helt \u00e4rligt s\u00e4ga att Aced poker \u00e4r ett av det b\u00e4sta pokerrummet f\u00f6r spelare som letar efter ett nytt pokerrum att satsa sina pengar i. Registrera dig genom oss med v\u00e5ran bonuskod \u201dReduction\u201d f\u00f6r att f\u00e5 en 35% Aced Rakeback och en 150% poker bonus upp till $750.<\/p>\n","protected":false},"excerpt":{"rendered":"<p>Efter att du laddat ner klienten och skapat ditt konto s\u00e5 fyll i v\u00e5r registrerings formul\u00e4r ovan. Skriv in ditt alias och din email adress som du valde n\u00e4r du registrerade dig f\u00f6r ett konto s\u00e5 ser vi till att<a class=\"post-link\" href=\"https:\/\/www.rakemonkey.com\/se\/recensioner\/aced-com-rakeback\/\"> read more&#8230;<\/a><\/p>\n","protected":false},"author":9,"featured_media":0,"parent":5,"menu_order":2,"comment_status":"closed","ping_status":"open","template":"rm_review.php","meta":[],"acf":[],"yoast_head":"<!-- This site is optimized with the Yoast SEO plugin v19.6.1 - https:\/\/yoast.com\/wordpress\/plugins\/seo\/ -->\n<title>Aced.com Poker Recension \u2013 35% Daglig Rakeback till Nya Spelare<\/title>\n<meta name=\"description\" content=\"F\u00e5 en 100% ins\u00e4ttnings bonus och 35% rakeback utbetald dagligen till ditt Aced.com poker konto \u2013 ett av Merge Gaming\u2019s mest popul\u00e4ra online pokerrum idag.\" \/>\n<meta name=\"robots\" content=\"index, follow, max-snippet:-1, max-image-preview:large, max-video-preview:-1\" \/>\n<link rel=\"canonical\" href=\"https:\/\/www.rakemonkey.com\/se\/recensioner\/aced-com-rakeback\/\" \/>\n<meta property=\"og:locale\" content=\"en_US\" \/>\n<meta property=\"og:type\" content=\"article\" \/>\n<meta property=\"og:title\" content=\"Aced.com Poker Recension \u2013 35% Daglig Rakeback till Nya Spelare\" \/>\n<meta property=\"og:description\" content=\"F\u00e5 en 100% ins\u00e4ttnings bonus och 35% rakeback utbetald dagligen till ditt Aced.com poker konto \u2013 ett av Merge Gaming\u2019s mest popul\u00e4ra online pokerrum idag.\" \/>\n<meta property=\"og:url\" content=\"https:\/\/www.rakemonkey.com\/se\/recensioner\/aced-com-rakeback\/\" \/>\n<meta property=\"og:site_name\" content=\"RakeMonkey.com\" \/>\n<meta name=\"twitter:card\" content=\"summary\" \/>\n<meta name=\"twitter:label1\" content=\"Est. reading time\" \/>\n\t<meta name=\"twitter:data1\" content=\"6 minutes\" \/>\n<script type=\"application\/ld+json\" class=\"yoast-schema-graph\">{\"@context\":\"https:\/\/schema.org\",\"@graph\":[{\"@type\":\"WebPage\",\"@id\":\"https:\/\/www.rakemonkey.com\/se\/recensioner\/aced-com-rakeback\/\",\"url\":\"https:\/\/www.rakemonkey.com\/se\/recensioner\/aced-com-rakeback\/\",\"name\":\"Aced.com Poker Recension \u2013 35% Daglig Rakeback till Nya Spelare\",\"isPartOf\":{\"@id\":\"https:\/\/www.rakemonkey.com\/se\/#website\"},\"datePublished\":\"2013-03-04T00:15:39+00:00\",\"dateModified\":\"2013-03-04T00:15:39+00:00\",\"description\":\"F\u00e5 en 100% ins\u00e4ttnings bonus och 35% rakeback utbetald dagligen till ditt Aced.com poker konto \u2013 ett av Merge Gaming\u2019s mest popul\u00e4ra online pokerrum idag.\",\"breadcrumb\":{\"@id\":\"https:\/\/www.rakemonkey.com\/se\/recensioner\/aced-com-rakeback\/#breadcrumb\"},\"inLanguage\":\"en-US\",\"potentialAction\":[{\"@type\":\"ReadAction\",\"target\":[\"https:\/\/www.rakemonkey.com\/se\/recensioner\/aced-com-rakeback\/\"]}]},{\"@type\":\"BreadcrumbList\",\"@id\":\"https:\/\/www.rakemonkey.com\/se\/recensioner\/aced-com-rakeback\/#breadcrumb\",\"itemListElement\":[{\"@type\":\"ListItem\",\"position\":1,\"name\":\"Home\",\"item\":\"https:\/\/www.rakemonkey.com\/se\/\"},{\"@type\":\"ListItem\",\"position\":2,\"name\":\"Rakeback Recensioner Online | Pokerrum Som Erbjuder Rakeback\",\"item\":\"https:\/\/www.rakemonkey.com\/se\/recensioner\/\"},{\"@type\":\"ListItem\",\"position\":3,\"name\":\"Aced.com Rakeback\"}]},{\"@type\":\"WebSite\",\"@id\":\"https:\/\/www.rakemonkey.com\/se\/#website\",\"url\":\"https:\/\/www.rakemonkey.com\/se\/\",\"name\":\"RakeMonkey.com\",\"description\":\"\",\"potentialAction\":[{\"@type\":\"SearchAction\",\"target\":{\"@type\":\"EntryPoint\",\"urlTemplate\":\"https:\/\/www.rakemonkey.com\/se\/?s={search_term_string}\"},\"query-input\":\"required name=search_term_string\"}],\"inLanguage\":\"en-US\"}]}<\/script>\n<!-- \/ Yoast SEO plugin. -->","yoast_head_json":{"title":"Aced.com Poker Recension \u2013 35% Daglig Rakeback till Nya Spelare","description":"F\u00e5 en 100% ins\u00e4ttnings bonus och 35% rakeback utbetald dagligen till ditt Aced.com poker konto \u2013 ett av Merge Gaming\u2019s mest popul\u00e4ra online pokerrum idag.","robots":{"index":"index","follow":"follow","max-snippet":"max-snippet:-1","max-image-preview":"max-image-preview:large","max-video-preview":"max-video-preview:-1"},"canonical":"https:\/\/www.rakemonkey.com\/se\/recensioner\/aced-com-rakeback\/","og_locale":"en_US","og_type":"article","og_title":"Aced.com Poker Recension \u2013 35% Daglig Rakeback till Nya Spelare","og_description":"F\u00e5 en 100% ins\u00e4ttnings bonus och 35% rakeback utbetald dagligen till ditt Aced.com poker konto \u2013 ett av Merge Gaming\u2019s mest popul\u00e4ra online pokerrum idag.","og_url":"https:\/\/www.rakemonkey.com\/se\/recensioner\/aced-com-rakeback\/","og_site_name":"RakeMonkey.com","twitter_card":"summary","twitter_misc":{"Est. reading time":"6 minutes"},"schema":{"@context":"https:\/\/schema.org","@graph":[{"@type":"WebPage","@id":"https:\/\/www.rakemonkey.com\/se\/recensioner\/aced-com-rakeback\/","url":"https:\/\/www.rakemonkey.com\/se\/recensioner\/aced-com-rakeback\/","name":"Aced.com Poker Recension \u2013 35% Daglig Rakeback till Nya Spelare","isPartOf":{"@id":"https:\/\/www.rakemonkey.com\/se\/#website"},"datePublished":"2013-03-04T00:15:39+00:00","dateModified":"2013-03-04T00:15:39+00:00","description":"F\u00e5 en 100% ins\u00e4ttnings bonus och 35% rakeback utbetald dagligen till ditt Aced.com poker konto \u2013 ett av Merge Gaming\u2019s mest popul\u00e4ra online pokerrum idag.","breadcrumb":{"@id":"https:\/\/www.rakemonkey.com\/se\/recensioner\/aced-com-rakeback\/#breadcrumb"},"inLanguage":"en-US","potentialAction":[{"@type":"ReadAction","target":["https:\/\/www.rakemonkey.com\/se\/recensioner\/aced-com-rakeback\/"]}]},{"@type":"BreadcrumbList","@id":"https:\/\/www.rakemonkey.com\/se\/recensioner\/aced-com-rakeback\/#breadcrumb","itemListElement":[{"@type":"ListItem","position":1,"name":"Home","item":"https:\/\/www.rakemonkey.com\/se\/"},{"@type":"ListItem","position":2,"name":"Rakeback Recensioner Online | Pokerrum Som Erbjuder Rakeback","item":"https:\/\/www.rakemonkey.com\/se\/recensioner\/"},{"@type":"ListItem","position":3,"name":"Aced.com Rakeback"}]},{"@type":"WebSite","@id":"https:\/\/www.rakemonkey.com\/se\/#website","url":"https:\/\/www.rakemonkey.com\/se\/","name":"RakeMonkey.com","description":"","potentialAction":[{"@type":"SearchAction","target":{"@type":"EntryPoint","urlTemplate":"https:\/\/www.rakemonkey.com\/se\/?s={search_term_string}"},"query-input":"required name=search_term_string"}],"inLanguage":"en-US"}]}},"_links":{"self":[{"href":"https:\/\/www.rakemonkey.com\/se\/wp-json\/wp\/v2\/pages\/10"}],"collection":[{"href":"https:\/\/www.rakemonkey.com\/se\/wp-json\/wp\/v2\/pages"}],"about":[{"href":"https:\/\/www.rakemonkey.com\/se\/wp-json\/wp\/v2\/types\/page"}],"author":[{"embeddable":true,"href":"https:\/\/www.rakemonkey.com\/se\/wp-json\/wp\/v2\/users\/9"}],"replies":[{"embeddable":true,"href":"https:\/\/www.rakemonkey.com\/se\/wp-json\/wp\/v2\/comments?post=10"}],"version-history":[{"count":0,"href":"https:\/\/www.rakemonkey.com\/se\/wp-json\/wp\/v2\/pages\/10\/revisions"}],"up":[{"embeddable":true,"href":"https:\/\/www.rakemonkey.com\/se\/wp-json\/wp\/v2\/pages\/5"}],"wp:attachment":[{"href":"https:\/\/www.rakemonkey.com\/se\/wp-json\/wp\/v2\/media?parent=10"}],"curies":[{"name":"wp","href":"https:\/\/api.w.org\/{rel}","templated":true}]}}