{"id":16,"date":"2013-03-04T00:36:26","date_gmt":"2013-03-04T00:36:26","guid":{"rendered":"http:\/\/rakemonkey.com\/se\/?page_id=16"},"modified":"2013-03-04T00:36:26","modified_gmt":"2013-03-04T00:36:26","slug":"americas-cardroom","status":"publish","type":"page","link":"https:\/\/www.rakemonkey.com\/se\/recensioner\/americas-cardroom\/","title":{"rendered":"America&#8217;s Cardroom"},"content":{"rendered":"<p><strong>America&#8217;s Cardroom Recension <\/strong><\/p>\n<p><strong>F\u00f6retagets Historia<\/strong><\/p>\n<p>America\u2019s Cardroom \u00e4r en av dem \u00e4ldsta pokerrummen p\u00e5 internet idag. Grundades 2001 med \u00f6ver ett decennium av erfarenheter utav online poker. Men dem \u00e4r inte det st\u00f6rsta pokerrummet p\u00e5 n\u00e4tet, dock s\u00e5 har dom alltid haft ett stort antal lojala poker spelare. Som medlem i Winning Poker n\u00e4tverket s\u00e5 k\u00f6pte America\u2019s Cardroom alla tillg\u00e5ngar fr\u00e5n Doyle\u2019s Room 2011 och f\u00f6rnyade varum\u00e4rket helt.<\/p>\n<p>America\u2019s Cardroom \u00e4r ett mycket bra val f\u00f6r amerikanska poker spelare och har riktigt bra utbetalningar. Med snabbare utbetalningar \u00e4n de flesta amerikanska pokerrum online s\u00e5 \u00e4r America\u2019s Cardroom inte bara ett utm\u00e4rkt val f\u00f6r spelare i USA utan f\u00f6r spelare v\u00e4rlden \u00f6ver. Rummet \u00e4r licensierad och reglerat i Cypern.<\/p>\n<p><strong>Mjukvara<\/strong><\/p>\n<p>America&#8217;s Cardroom har inte en toppmodern poker klient men det \u00e4r en stabil klient och har \u00e4ven ett antal funktioner som ingen annan klient har.<\/p>\n<p>Som med s\u00e5 m\u00e5nga andra pokerrum online s\u00e5 kan man med America\u2019s Cardrooms klient justera storleken p\u00e5 sina bord och organisera dem med en \u201dcascading\u201d funktion. Att spela p\u00e5 fler bord samtidigt \u00e4r inga problem i och med att deras klient \u00e4r v\u00e4ldigt snabb. Dock s\u00e5 skulle man kunna beg\u00e4ra lite mer utav lobby filtrena, dem \u00e4r v\u00e4ldigt gamla och ger inte rum f\u00f6r inst\u00e4llnings val.<\/p>\n<p>America\u2019s Cardroom erbjuder ett unikt val f\u00f6r spelare som heter \u201dstraddle\u201d och \u201dchop\u201d. Dessa \u00e4r fr\u00e4mmande begrepp inom online poker men de flesta live spelare \u00e4r nog v\u00e4lbekanta med detta. \u201dStraddle\u201d till\u00e5ter spelare att betta blinds och tricket \u00e4r att detta m\u00e5ste g\u00f6ras preflop, innan korten har delats ut. Straddle g\u00f6r spelet lite mer unikt och roligt eftersom spelaren som \u00e4r \u201dunder the gun\u201d f\u00e5r agera sist ist\u00e4llet f\u00f6r f\u00f6rst. Chopping ger spelare som \u00e4r small och big blind m\u00f6jligheten att ta tillbaka sina blinds om ingen annan spelare f\u00f6ljer med in i potten.<\/p>\n<p><strong>Support<\/strong><\/p>\n<p>America\u2019s Cardroom ger utm\u00e4rkt support till sina spelare och har ett dedikerat team av representanter tillg\u00e4ngliga dygnet runt. Live chat finns att f\u00e5 n\u00e4sta dygnet runt och email samt gratis telefon support finns dygnet runt. Det tar max 24 timmar innan man f\u00e5r svar tillbaka fr\u00e5n email supporten men oftast s\u00e5 g\u00e5r det mycket fortare. Spelare rapporterar att supporten \u00e4r riktigt bra och att dem verkligen vill hj\u00e4lpa sina spelare.<\/p>\n<p><strong>Kass\u00f6r<\/strong><\/p>\n<p>America\u2019s Cardroom \u00e4r prim\u00e4rt ett pokerrum f\u00f6r amerikanare och de flesta som spelare h\u00e4r \u00e4r spelare fr\u00e5n USA, men, spelare fr\u00e5n hela v\u00e4rlden \u00e4r v\u00e4lkomna. Ins\u00e4ttning och uttags alternativ beroende p\u00e5 vart man bor.<\/p>\n<p><strong>Svenska Spelare<\/strong><\/p>\n<p>Svenska spelare har gott om alternativ f\u00f6r ins\u00e4ttningar hos America\u2019s Cardroom som g\u00f6r det enkelt och snabbt att f\u00e5 sina pengar online. De enklaste valen \u00e4r e-pl\u00e5nb\u00f6ckerna som Neteller och Moneybookers. Dessa b\u00e5da g\u00e5r p\u00e5 direkten och till\u00e5ter stora summor \u00e5t g\u00e5ngen, dem g\u00e5r snabbt n\u00e4r man vill f\u00e5 ut sina pengar fr\u00e5n pokerrummet ocks\u00e5. Det finns sj\u00e4lvklar gott om andra alternativ ocks\u00e5.<\/p>\n<p><strong>VIP och Bonus <\/strong><\/p>\n<p>America\u2019s Cardroom erbjuder just nu en bonus p\u00e5 100% upp till $1,000 f\u00f6r nya spelare. Freerolls varje vecka ges ocks\u00e5 till spelare som s\u00e4tter in pengar som ger chanser att tj\u00e4na \u00e4n mer pengar.<\/p>\n<p>America\u2019s Cardroom har ett VIP program med olika niv\u00e5er som bel\u00f6nar spelare med \u201dCombat Po\u00e4ng\u201d och rank po\u00e4ng. Po\u00e4ng f\u00e5r man n\u00e4r man spelar f\u00f6r riktiga pengar i cash spel och turnerings spel. Genom att spelare tj\u00e4nar rank po\u00e4ng s\u00e5 \u00f6kar ocks\u00e5 VIP niv\u00e5n som g\u00f6r att man tj\u00e4na \u201dCombat po\u00e4ng\u201d snabbare. Combat po\u00e4ng anv\u00e4nds f\u00f6r att f\u00e5 special bonusar, pengar och lyxiga artiklar i America\u2019s Cardrooms online aff\u00e4r.<\/p>\n<p>\u201dThe Beast\u201d \u00e4r en unik progressiv rake race promotion, denna \u00e4r n\u00e5got ut\u00f6ver det ovanliga, ju mer spelare rakar desto st\u00f6rre blir prispotten!<\/p>\n<p>Rakebacken man f\u00e5r \u00e4r 27% och k\u00f6r med Contributed metoden. Det \u00e4r en 27% avdrag fr\u00e5n bonusar och promotions men spelare kommer \u00e4nd\u00e5 tj\u00e4na 73% av deras bonusar \u00e4ven fast dem \u00e4r rakeback spelare.<\/p>\n<p><strong>Spelar Trafik och Motst\u00e5nd<\/strong><\/p>\n<p>America\u2019s Cardroom \u00e4r ett litet pokerrum med runt 1,000 spelare under de b\u00e4sta timmarna p\u00e5 dygnet. N\u00e4tverket har ett antal olika \u201dskins\u201d s\u00e5 som True Poker, 5Dimes med flera. America\u2019s Cardroom erbjuder sportsbook s\u00e5 som m\u00e5nga andra pokerrum som sitter i ett n\u00e4tverk.<\/p>\n<p>Tack vare gott om sportsbook spelare och att det finns f\u00e5 grinders g\u00f6r detta rummet v\u00e4ldigt attraktivt f\u00f6r duktiga spelare. Precis som med s\u00e5 m\u00e5nga andra n\u00e4tverk s\u00e5 finns det gott om fisk. Bad beat jackpot befordringen lockar ocks\u00e5 till sig mycket fisk.<\/p>\n<p><strong>Cash Spel<\/strong><\/p>\n<p>America\u2019s Cardroom har en hyfsat aktiv spelar bas n\u00e4r det g\u00e4ller No Limit Texas Hold Em\u2019 fr\u00e5n mikro niv\u00e5 upp till medel niv\u00e5. Pot Limit Omaha spelas generellt inte under de s\u00e4mre timmarna p\u00e5 dygnet men man kan hitta ett antal spel p\u00e5 kv\u00e4llen. Limit Hold Em\u2019 finns det inte mycket av f\u00f6rutom n\u00e5gra f\u00e5 spel p\u00e5 kv\u00e4llen om man har tur. Det finns ocks\u00e5 Stud, Stud Hi\/Lo och Three Card Draw.<\/p>\n<p><strong>Turneringar<\/strong><\/p>\n<p>America\u2019s Cardroom har gott om turnerings spel f\u00f6r att vara ett litet pokerrum. Varje s\u00f6ndag s\u00e5 spelas en $50K garanterad turnering samt $10K Saturday Night Weekly Guaranteed. Det finns turneringar med mindre potter varje dag f\u00f6rutom de stora vecko turneringarna.<\/p>\n<p>En stor nackdel med America\u2019s Cardroom \u00e4r bristen p\u00e5 SNG turneringar. Det finns knappt n\u00e5gra \u00e4ven under de b\u00e4sta timmarna p\u00e5 dygnet. F\u00f6rhoppningsvis s\u00e5 kommer detta f\u00f6rb\u00e4ttras i och med att rummet forts\u00e4tter att v\u00e4xa.<\/p>\n<p><strong>Slutsats<\/strong><\/p>\n<p>P\u00e5 America\u2019s Cardrooms hemsida s\u00e5 skriver dem \u201dJoin the next big thing\u201d och vi kan inte annat en att h\u00e5lla med om att detta kan vara r\u00e4tt. Pokerrummet har v\u00e4xt otroligt dem senaste 2 \u00e5ren och ger sina spelare mycket bra f\u00f6rm\u00e5ner. Med gott om fisk, ett mycket bra VIP program och en grym poker bonus, vem skulle inte vilja ge America\u2019s Cardroom en chans?<\/p>\n","protected":false},"excerpt":{"rendered":"<p>America&#8217;s Cardroom Recension F\u00f6retagets Historia America\u2019s Cardroom \u00e4r en av dem \u00e4ldsta pokerrummen p\u00e5 internet idag. Grundades 2001 med \u00f6ver ett decennium av erfarenheter utav online poker. Men dem \u00e4r inte det st\u00f6rsta pokerrummet p\u00e5 n\u00e4tet, dock s\u00e5 har dom<a class=\"post-link\" href=\"https:\/\/www.rakemonkey.com\/se\/recensioner\/americas-cardroom\/\"> read more&#8230;<\/a><\/p>\n","protected":false},"author":9,"featured_media":0,"parent":5,"menu_order":0,"comment_status":"closed","ping_status":"open","template":"rm_review.php","meta":[],"acf":[],"yoast_head":"<!-- This site is optimized with the Yoast SEO plugin v19.6.1 - https:\/\/yoast.com\/wordpress\/plugins\/seo\/ -->\n<title>America\u2019s Cardroom Recension \u2013 100% Bonus upp till $1,000<\/title>\n<meta name=\"description\" content=\"Spela hos ett av det mest USA v\u00e4nligaste pokerrummet online, America\u2019s Cardroom. F\u00e5 din 100% bonus upp till $1,000 genom att \u00f6ppna ett nytt konto idag!\" \/>\n<meta name=\"robots\" content=\"index, follow, max-snippet:-1, max-image-preview:large, max-video-preview:-1\" \/>\n<link rel=\"canonical\" href=\"https:\/\/www.rakemonkey.com\/se\/recensioner\/americas-cardroom\/\" \/>\n<meta property=\"og:locale\" content=\"en_US\" \/>\n<meta property=\"og:type\" content=\"article\" \/>\n<meta property=\"og:title\" content=\"America\u2019s Cardroom Recension \u2013 100% Bonus upp till $1,000\" \/>\n<meta property=\"og:description\" content=\"Spela hos ett av det mest USA v\u00e4nligaste pokerrummet online, America\u2019s Cardroom. F\u00e5 din 100% bonus upp till $1,000 genom att \u00f6ppna ett nytt konto idag!\" \/>\n<meta property=\"og:url\" content=\"https:\/\/www.rakemonkey.com\/se\/recensioner\/americas-cardroom\/\" \/>\n<meta property=\"og:site_name\" content=\"RakeMonkey.com\" \/>\n<meta name=\"twitter:card\" content=\"summary\" \/>\n<meta name=\"twitter:label1\" content=\"Est. reading time\" \/>\n\t<meta name=\"twitter:data1\" content=\"5 minutes\" \/>\n<script type=\"application\/ld+json\" class=\"yoast-schema-graph\">{\"@context\":\"https:\/\/schema.org\",\"@graph\":[{\"@type\":\"WebPage\",\"@id\":\"https:\/\/www.rakemonkey.com\/se\/recensioner\/americas-cardroom\/\",\"url\":\"https:\/\/www.rakemonkey.com\/se\/recensioner\/americas-cardroom\/\",\"name\":\"America\u2019s Cardroom Recension \u2013 100% Bonus upp till $1,000\",\"isPartOf\":{\"@id\":\"https:\/\/www.rakemonkey.com\/se\/#website\"},\"datePublished\":\"2013-03-04T00:36:26+00:00\",\"dateModified\":\"2013-03-04T00:36:26+00:00\",\"description\":\"Spela hos ett av det mest USA v\u00e4nligaste pokerrummet online, America\u2019s Cardroom. F\u00e5 din 100% bonus upp till $1,000 genom att \u00f6ppna ett nytt konto idag!\",\"breadcrumb\":{\"@id\":\"https:\/\/www.rakemonkey.com\/se\/recensioner\/americas-cardroom\/#breadcrumb\"},\"inLanguage\":\"en-US\",\"potentialAction\":[{\"@type\":\"ReadAction\",\"target\":[\"https:\/\/www.rakemonkey.com\/se\/recensioner\/americas-cardroom\/\"]}]},{\"@type\":\"BreadcrumbList\",\"@id\":\"https:\/\/www.rakemonkey.com\/se\/recensioner\/americas-cardroom\/#breadcrumb\",\"itemListElement\":[{\"@type\":\"ListItem\",\"position\":1,\"name\":\"Home\",\"item\":\"https:\/\/www.rakemonkey.com\/se\/\"},{\"@type\":\"ListItem\",\"position\":2,\"name\":\"Rakeback Recensioner Online | Pokerrum Som Erbjuder Rakeback\",\"item\":\"https:\/\/www.rakemonkey.com\/se\/recensioner\/\"},{\"@type\":\"ListItem\",\"position\":3,\"name\":\"America&#8217;s Cardroom\"}]},{\"@type\":\"WebSite\",\"@id\":\"https:\/\/www.rakemonkey.com\/se\/#website\",\"url\":\"https:\/\/www.rakemonkey.com\/se\/\",\"name\":\"RakeMonkey.com\",\"description\":\"\",\"potentialAction\":[{\"@type\":\"SearchAction\",\"target\":{\"@type\":\"EntryPoint\",\"urlTemplate\":\"https:\/\/www.rakemonkey.com\/se\/?s={search_term_string}\"},\"query-input\":\"required name=search_term_string\"}],\"inLanguage\":\"en-US\"}]}<\/script>\n<!-- \/ Yoast SEO plugin. -->","yoast_head_json":{"title":"America\u2019s Cardroom Recension \u2013 100% Bonus upp till $1,000","description":"Spela hos ett av det mest USA v\u00e4nligaste pokerrummet online, America\u2019s Cardroom. F\u00e5 din 100% bonus upp till $1,000 genom att \u00f6ppna ett nytt konto idag!","robots":{"index":"index","follow":"follow","max-snippet":"max-snippet:-1","max-image-preview":"max-image-preview:large","max-video-preview":"max-video-preview:-1"},"canonical":"https:\/\/www.rakemonkey.com\/se\/recensioner\/americas-cardroom\/","og_locale":"en_US","og_type":"article","og_title":"America\u2019s Cardroom Recension \u2013 100% Bonus upp till $1,000","og_description":"Spela hos ett av det mest USA v\u00e4nligaste pokerrummet online, America\u2019s Cardroom. F\u00e5 din 100% bonus upp till $1,000 genom att \u00f6ppna ett nytt konto idag!","og_url":"https:\/\/www.rakemonkey.com\/se\/recensioner\/americas-cardroom\/","og_site_name":"RakeMonkey.com","twitter_card":"summary","twitter_misc":{"Est. reading time":"5 minutes"},"schema":{"@context":"https:\/\/schema.org","@graph":[{"@type":"WebPage","@id":"https:\/\/www.rakemonkey.com\/se\/recensioner\/americas-cardroom\/","url":"https:\/\/www.rakemonkey.com\/se\/recensioner\/americas-cardroom\/","name":"America\u2019s Cardroom Recension \u2013 100% Bonus upp till $1,000","isPartOf":{"@id":"https:\/\/www.rakemonkey.com\/se\/#website"},"datePublished":"2013-03-04T00:36:26+00:00","dateModified":"2013-03-04T00:36:26+00:00","description":"Spela hos ett av det mest USA v\u00e4nligaste pokerrummet online, America\u2019s Cardroom. F\u00e5 din 100% bonus upp till $1,000 genom att \u00f6ppna ett nytt konto idag!","breadcrumb":{"@id":"https:\/\/www.rakemonkey.com\/se\/recensioner\/americas-cardroom\/#breadcrumb"},"inLanguage":"en-US","potentialAction":[{"@type":"ReadAction","target":["https:\/\/www.rakemonkey.com\/se\/recensioner\/americas-cardroom\/"]}]},{"@type":"BreadcrumbList","@id":"https:\/\/www.rakemonkey.com\/se\/recensioner\/americas-cardroom\/#breadcrumb","itemListElement":[{"@type":"ListItem","position":1,"name":"Home","item":"https:\/\/www.rakemonkey.com\/se\/"},{"@type":"ListItem","position":2,"name":"Rakeback Recensioner Online | Pokerrum Som Erbjuder Rakeback","item":"https:\/\/www.rakemonkey.com\/se\/recensioner\/"},{"@type":"ListItem","position":3,"name":"America&#8217;s Cardroom"}]},{"@type":"WebSite","@id":"https:\/\/www.rakemonkey.com\/se\/#website","url":"https:\/\/www.rakemonkey.com\/se\/","name":"RakeMonkey.com","description":"","potentialAction":[{"@type":"SearchAction","target":{"@type":"EntryPoint","urlTemplate":"https:\/\/www.rakemonkey.com\/se\/?s={search_term_string}"},"query-input":"required name=search_term_string"}],"inLanguage":"en-US"}]}},"_links":{"self":[{"href":"https:\/\/www.rakemonkey.com\/se\/wp-json\/wp\/v2\/pages\/16"}],"collection":[{"href":"https:\/\/www.rakemonkey.com\/se\/wp-json\/wp\/v2\/pages"}],"about":[{"href":"https:\/\/www.rakemonkey.com\/se\/wp-json\/wp\/v2\/types\/page"}],"author":[{"embeddable":true,"href":"https:\/\/www.rakemonkey.com\/se\/wp-json\/wp\/v2\/users\/9"}],"replies":[{"embeddable":true,"href":"https:\/\/www.rakemonkey.com\/se\/wp-json\/wp\/v2\/comments?post=16"}],"version-history":[{"count":0,"href":"https:\/\/www.rakemonkey.com\/se\/wp-json\/wp\/v2\/pages\/16\/revisions"}],"up":[{"embeddable":true,"href":"https:\/\/www.rakemonkey.com\/se\/wp-json\/wp\/v2\/pages\/5"}],"wp:attachment":[{"href":"https:\/\/www.rakemonkey.com\/se\/wp-json\/wp\/v2\/media?parent=16"}],"curies":[{"name":"wp","href":"https:\/\/api.w.org\/{rel}","templated":true}]}}