{"id":23,"date":"2013-03-06T21:39:55","date_gmt":"2013-03-06T21:39:55","guid":{"rendered":"http:\/\/rakemonkey.com\/se\/?page_id=23"},"modified":"2013-03-06T21:39:55","modified_gmt":"2013-03-06T21:39:55","slug":"betfair-poker-rakeback","status":"publish","type":"page","link":"https:\/\/www.rakemonkey.com\/se\/recensioner\/betfair-poker-rakeback\/","title":{"rendered":"Betfair Poker Rakeback"},"content":{"rendered":"<h2>Betfair Poker Sammanfattning<\/h2>\n<p>Startades 1999 som en betting operat\u00f6r online men expanderade snabbt till b\u00e5de poker och casino. Betfair poker \u00e4r helt frist\u00e5ende vilket betyder att dem inte delar sina spelare med n\u00e5got annat pokerrum och en riktigt bra s\u00e5dan n\u00e4r det g\u00e4lla att f\u00e5 in spelare och h\u00e5lla kvar dem. Dem \u00e4r ett av dem mest popul\u00e4ra akt\u00f6rerna i Europa och har vunnit \u201dQueen\u2019s Awards\u201d f\u00f6r sin kvalit\u00e9. Betfair poker har n\u00e5got f\u00f6r alla, Bra mjukvara, poker turneringar med bra utdelning, gott om spel typer och lukrativa erbjudanden.<\/p>\n<p>Betfair Poker v\u00e4lkomnar alla sina nya spelare med en poker bonus som \u00f6kar din bankrulle med upp till $500, oavsett hur mycket eller hur lite du s\u00e4tter in. Den h\u00e4r fantastiska poker bonusen kan vara v\u00e4rd mycket eller lite, det \u00e4r helt upp till spelaren. \u00c4r man en seri\u00f6s poker spelare online s\u00e5 kan man f\u00f6rv\u00e4nta sig mer pengar. N\u00e4r du registrerar dig hos Betfair Poker genom oss s\u00e5 f\u00e5r du inte bara denna fantastiska poker bonusen utan du f\u00e5r \u00e4ven en 30% till 40% rakeback deal.<\/p>\n<h2>Betfair Poker Rakeback<\/h2>\n<p>Betfair Poker\u2019s rakeback program \u00e4r unikt i och med att den progressivt bel\u00f6nar alla typer av poker spelare, fr\u00e5n dem mer normala spelaren till de mest seri\u00f6sa spelarna. Dem anv\u00e4nder en delad rakeback metod n\u00e4r dem r\u00e4knar ut rakebacken och man kan tj\u00e4na 30 till 40% med Betfair Poker rakeback.<\/p>\n<p>Delad rakeback \u00e4r den mest s\u00e4llsynta rakeback metoden man kan hitta idag. Precis som dontributed rakeback s\u00e5 m\u00e5ste man vara med och betala i potten, men, storleken man l\u00e4gger spelar ingen roll. Den tar genomsnittet n\u00e4r den r\u00e4knar ut s\u00e5 man tj\u00e4nar lika mycket oavsett om man l\u00e4gger ett chip eller 50% av de totala chippen.<\/p>\n<p>Hur mycket Betfair rakeback man f\u00e5r beror helt p\u00e5 hur mycket spelar po\u00e4ng man tj\u00e4nar ihop under m\u00e5naden. Dem som f\u00e5r ihop mellan 1 och 29,999 po\u00e4ng f\u00e5r en Betfair rakeback p\u00e5 30%. Tj\u00e4nar man ihop 30,000 po\u00e4ng eller mer under en m\u00e5nads tid s\u00e5 f\u00e5r man en Betfair rakeback p\u00e5 40%.<\/p>\n<h2>Betfair Poker Rakeback Betalning<\/h2>\n<p>Betfair Poker rakeback betalas normalt sett ut den f\u00f6rsta och den femtonde varje m\u00e5nad men, s\u00e5 fort du har registrerat dig f\u00f6r ett konto h\u00e4r hos RakeMonkey s\u00e5 kan du ta ut din rakeback n\u00e4r som helst. Alla uttag skickas till din Betfair Poker konto.<\/p>\n<h2>Betfair Poker Bonus &amp; Avdrag<\/h2>\n<p>N\u00e4r du g\u00f6r din f\u00f6rsta ins\u00e4ttning hos Betfair Poker s\u00e5 spelar det ingen roll om du s\u00e4tter in $25 eller $250, du kan fortfarande f\u00e5 ihop en poker bonus p\u00e5 $500 helt gratis. Summan du f\u00e5r i bonus beror helt p\u00e5 hur mycket po\u00e4ng du tj\u00e4nat ihop de f\u00f6rsta 60 dagarna.<\/p>\n<p>N\u00e4r du f\u00e5tt ihop 400 po\u00e4ng s\u00e5 s\u00e4tts det automatiskt in $10 av bonusen p\u00e5 ditt konto. Forts\u00e4tt att tj\u00e4na s\u00e5 mycket po\u00e4ng du kan upp till 20,000 po\u00e4ng som \u00e4r den fulla summan av $500.<\/p>\n<p>Betfair Poker kommer dra av det du tj\u00e4nat p\u00e5 din bonus fr\u00e5n din MGR innan rakebacken r\u00e4knas ut.<\/p>\n<h2>Betfair Poker Ins\u00e4ttning<\/h2>\n<p>Betfair har ett stort urval utav s\u00e4kra betalnings metoder: Visa, MasterCard, Visa Electron, Visa Delta, Maestro, Laser, Solo, EntroPay, NETeller, Moneybookers, PayPal, ClickandBuy, POLi, BPay, 8 Pay, Western Union, Bank \u00f6verf\u00f6ring och Check.<\/p>\n","protected":false},"excerpt":{"rendered":"<p>Betfair Poker Sammanfattning Startades 1999 som en betting operat\u00f6r online men expanderade snabbt till b\u00e5de poker och casino. Betfair poker \u00e4r helt frist\u00e5ende vilket betyder att dem inte delar sina spelare med n\u00e5got annat pokerrum och en riktigt bra s\u00e5dan<a class=\"post-link\" href=\"https:\/\/www.rakemonkey.com\/se\/recensioner\/betfair-poker-rakeback\/\"> read more&#8230;<\/a><\/p>\n","protected":false},"author":9,"featured_media":0,"parent":5,"menu_order":1,"comment_status":"closed","ping_status":"open","template":"rm_review.php","meta":[],"acf":[],"yoast_head":"<!-- This site is optimized with the Yoast SEO plugin v19.6.1 - https:\/\/yoast.com\/wordpress\/plugins\/seo\/ -->\n<title>Betfair Poker Rakeback | Upp till 40% Rakeback hos Betfair<\/title>\n<meta name=\"description\" content=\"Ta ut pengar dagligen hos RakeMonkey.com n\u00e4r du ladda ner och satt in pengar p\u00e5 ditt nya konto hos Betfair Poker. Tj\u00e4na upp till $500 i bonusar ut\u00f6ver 30-40% rakeback!\" \/>\n<meta name=\"robots\" content=\"index, follow, max-snippet:-1, max-image-preview:large, max-video-preview:-1\" \/>\n<link rel=\"canonical\" href=\"https:\/\/www.rakemonkey.com\/se\/recensioner\/betfair-poker-rakeback\/\" \/>\n<meta property=\"og:locale\" content=\"en_US\" \/>\n<meta property=\"og:type\" content=\"article\" \/>\n<meta property=\"og:title\" content=\"Betfair Poker Rakeback | Upp till 40% Rakeback hos Betfair\" \/>\n<meta property=\"og:description\" content=\"Ta ut pengar dagligen hos RakeMonkey.com n\u00e4r du ladda ner och satt in pengar p\u00e5 ditt nya konto hos Betfair Poker. Tj\u00e4na upp till $500 i bonusar ut\u00f6ver 30-40% rakeback!\" \/>\n<meta property=\"og:url\" content=\"https:\/\/www.rakemonkey.com\/se\/recensioner\/betfair-poker-rakeback\/\" \/>\n<meta property=\"og:site_name\" content=\"RakeMonkey.com\" \/>\n<meta name=\"twitter:card\" content=\"summary\" \/>\n<meta name=\"twitter:label1\" content=\"Est. reading time\" \/>\n\t<meta name=\"twitter:data1\" content=\"3 minutes\" \/>\n<script type=\"application\/ld+json\" class=\"yoast-schema-graph\">{\"@context\":\"https:\/\/schema.org\",\"@graph\":[{\"@type\":\"WebPage\",\"@id\":\"https:\/\/www.rakemonkey.com\/se\/recensioner\/betfair-poker-rakeback\/\",\"url\":\"https:\/\/www.rakemonkey.com\/se\/recensioner\/betfair-poker-rakeback\/\",\"name\":\"Betfair Poker Rakeback | Upp till 40% Rakeback hos Betfair\",\"isPartOf\":{\"@id\":\"https:\/\/www.rakemonkey.com\/se\/#website\"},\"datePublished\":\"2013-03-06T21:39:55+00:00\",\"dateModified\":\"2013-03-06T21:39:55+00:00\",\"description\":\"Ta ut pengar dagligen hos RakeMonkey.com n\u00e4r du ladda ner och satt in pengar p\u00e5 ditt nya konto hos Betfair Poker. Tj\u00e4na upp till $500 i bonusar ut\u00f6ver 30-40% rakeback!\",\"breadcrumb\":{\"@id\":\"https:\/\/www.rakemonkey.com\/se\/recensioner\/betfair-poker-rakeback\/#breadcrumb\"},\"inLanguage\":\"en-US\",\"potentialAction\":[{\"@type\":\"ReadAction\",\"target\":[\"https:\/\/www.rakemonkey.com\/se\/recensioner\/betfair-poker-rakeback\/\"]}]},{\"@type\":\"BreadcrumbList\",\"@id\":\"https:\/\/www.rakemonkey.com\/se\/recensioner\/betfair-poker-rakeback\/#breadcrumb\",\"itemListElement\":[{\"@type\":\"ListItem\",\"position\":1,\"name\":\"Home\",\"item\":\"https:\/\/www.rakemonkey.com\/se\/\"},{\"@type\":\"ListItem\",\"position\":2,\"name\":\"Rakeback Recensioner Online | Pokerrum Som Erbjuder Rakeback\",\"item\":\"https:\/\/www.rakemonkey.com\/se\/recensioner\/\"},{\"@type\":\"ListItem\",\"position\":3,\"name\":\"Betfair Poker Rakeback\"}]},{\"@type\":\"WebSite\",\"@id\":\"https:\/\/www.rakemonkey.com\/se\/#website\",\"url\":\"https:\/\/www.rakemonkey.com\/se\/\",\"name\":\"RakeMonkey.com\",\"description\":\"\",\"potentialAction\":[{\"@type\":\"SearchAction\",\"target\":{\"@type\":\"EntryPoint\",\"urlTemplate\":\"https:\/\/www.rakemonkey.com\/se\/?s={search_term_string}\"},\"query-input\":\"required name=search_term_string\"}],\"inLanguage\":\"en-US\"}]}<\/script>\n<!-- \/ Yoast SEO plugin. -->","yoast_head_json":{"title":"Betfair Poker Rakeback | Upp till 40% Rakeback hos Betfair","description":"Ta ut pengar dagligen hos RakeMonkey.com n\u00e4r du ladda ner och satt in pengar p\u00e5 ditt nya konto hos Betfair Poker. Tj\u00e4na upp till $500 i bonusar ut\u00f6ver 30-40% rakeback!","robots":{"index":"index","follow":"follow","max-snippet":"max-snippet:-1","max-image-preview":"max-image-preview:large","max-video-preview":"max-video-preview:-1"},"canonical":"https:\/\/www.rakemonkey.com\/se\/recensioner\/betfair-poker-rakeback\/","og_locale":"en_US","og_type":"article","og_title":"Betfair Poker Rakeback | Upp till 40% Rakeback hos Betfair","og_description":"Ta ut pengar dagligen hos RakeMonkey.com n\u00e4r du ladda ner och satt in pengar p\u00e5 ditt nya konto hos Betfair Poker. Tj\u00e4na upp till $500 i bonusar ut\u00f6ver 30-40% rakeback!","og_url":"https:\/\/www.rakemonkey.com\/se\/recensioner\/betfair-poker-rakeback\/","og_site_name":"RakeMonkey.com","twitter_card":"summary","twitter_misc":{"Est. reading time":"3 minutes"},"schema":{"@context":"https:\/\/schema.org","@graph":[{"@type":"WebPage","@id":"https:\/\/www.rakemonkey.com\/se\/recensioner\/betfair-poker-rakeback\/","url":"https:\/\/www.rakemonkey.com\/se\/recensioner\/betfair-poker-rakeback\/","name":"Betfair Poker Rakeback | Upp till 40% Rakeback hos Betfair","isPartOf":{"@id":"https:\/\/www.rakemonkey.com\/se\/#website"},"datePublished":"2013-03-06T21:39:55+00:00","dateModified":"2013-03-06T21:39:55+00:00","description":"Ta ut pengar dagligen hos RakeMonkey.com n\u00e4r du ladda ner och satt in pengar p\u00e5 ditt nya konto hos Betfair Poker. Tj\u00e4na upp till $500 i bonusar ut\u00f6ver 30-40% rakeback!","breadcrumb":{"@id":"https:\/\/www.rakemonkey.com\/se\/recensioner\/betfair-poker-rakeback\/#breadcrumb"},"inLanguage":"en-US","potentialAction":[{"@type":"ReadAction","target":["https:\/\/www.rakemonkey.com\/se\/recensioner\/betfair-poker-rakeback\/"]}]},{"@type":"BreadcrumbList","@id":"https:\/\/www.rakemonkey.com\/se\/recensioner\/betfair-poker-rakeback\/#breadcrumb","itemListElement":[{"@type":"ListItem","position":1,"name":"Home","item":"https:\/\/www.rakemonkey.com\/se\/"},{"@type":"ListItem","position":2,"name":"Rakeback Recensioner Online | Pokerrum Som Erbjuder Rakeback","item":"https:\/\/www.rakemonkey.com\/se\/recensioner\/"},{"@type":"ListItem","position":3,"name":"Betfair Poker Rakeback"}]},{"@type":"WebSite","@id":"https:\/\/www.rakemonkey.com\/se\/#website","url":"https:\/\/www.rakemonkey.com\/se\/","name":"RakeMonkey.com","description":"","potentialAction":[{"@type":"SearchAction","target":{"@type":"EntryPoint","urlTemplate":"https:\/\/www.rakemonkey.com\/se\/?s={search_term_string}"},"query-input":"required name=search_term_string"}],"inLanguage":"en-US"}]}},"_links":{"self":[{"href":"https:\/\/www.rakemonkey.com\/se\/wp-json\/wp\/v2\/pages\/23"}],"collection":[{"href":"https:\/\/www.rakemonkey.com\/se\/wp-json\/wp\/v2\/pages"}],"about":[{"href":"https:\/\/www.rakemonkey.com\/se\/wp-json\/wp\/v2\/types\/page"}],"author":[{"embeddable":true,"href":"https:\/\/www.rakemonkey.com\/se\/wp-json\/wp\/v2\/users\/9"}],"replies":[{"embeddable":true,"href":"https:\/\/www.rakemonkey.com\/se\/wp-json\/wp\/v2\/comments?post=23"}],"version-history":[{"count":0,"href":"https:\/\/www.rakemonkey.com\/se\/wp-json\/wp\/v2\/pages\/23\/revisions"}],"up":[{"embeddable":true,"href":"https:\/\/www.rakemonkey.com\/se\/wp-json\/wp\/v2\/pages\/5"}],"wp:attachment":[{"href":"https:\/\/www.rakemonkey.com\/se\/wp-json\/wp\/v2\/media?parent=23"}],"curies":[{"name":"wp","href":"https:\/\/api.w.org\/{rel}","templated":true}]}}