{"id":25,"date":"2013-03-06T21:47:05","date_gmt":"2013-03-06T21:47:05","guid":{"rendered":"http:\/\/rakemonkey.com\/se\/?page_id=25"},"modified":"2013-03-06T21:47:05","modified_gmt":"2013-03-06T21:47:05","slug":"black-chip-poker","status":"publish","type":"page","link":"https:\/\/www.rakemonkey.com\/se\/recensioner\/black-chip-poker\/","title":{"rendered":"Black Chip Poker"},"content":{"rendered":"<h2>Black Chip Poker Recension<\/h2>\n<p><strong>F\u00f6retagets Historia<\/strong><\/p>\n<p>Black Chip Poker \u00e4r ett av det nyaste pokerrummet i Merge Poker n\u00e4tverket, det grundades 2008. Detta pokerrum \u00e4r ett av de mest snabbv\u00e4xta rummet i n\u00e4tverket. Black Chip har licens i Kahnawake, Kanada och Malta.<\/p>\n<p><strong>Mjukvara<\/strong><\/p>\n<p>Black Chip Poker anv\u00e4nder mjukvaran som Merge Poker n\u00e4tverket har utvecklat och klienten \u00e4r en av dem b\u00e4sta inom denna industri. Deras mjukvara blev \u00e4n mer kraftfull efter version 6.0 uppdateringen vilket gjorde Merge mjukvara till en av dem b\u00e4sta av alla online poker klienter.<\/p>\n<p>Klienten \u00e4r riktigt snabb och den blir inte seg \u00e4ven om du spelar p\u00e5 m\u00e5nga bord samtidigt. Lobbyn \u00e4r elegant och har filter med knappar s\u00e5 att det \u00e4r s\u00e5 enkelt som m\u00f6jligt f\u00f6r spelare att v\u00e4lja dem spelen dem \u00e4r intresserade av. F\u00f6rutom de vanliga valen man har som t.ex. justering utav storleken p\u00e5 borden, m\u00f6jligheten att organisera alla rutorna genom \u201dtile\u201d och \u201dcascade\u201d s\u00e5 erbjuder klienten unika m\u00f6jligheter s\u00e5 som \u201dDeal it Twice\u201d som ger spelaren en chans att f\u00e5 river och turn korten tv\u00e5 g\u00e5nger. Om b\u00e5da spelarna godk\u00e4nner detta s\u00e5 delas river och turn ut tv\u00e5 g\u00e5nger, och beroende p\u00e5 utfallet s\u00e5 betalas potten ut. \u201dVisa ett kort\u201d \u00e4r ocks\u00e5 en uppfriskande ny feature som till\u00e5ter spelare att visa ett kort efter att handen \u00e4r avslutad, allt f\u00f6r att kunna psyka ut motst\u00e5ndarna.<\/p>\n<p>Black Chip Poker till\u00e5ter PokerTracker 4 och Holdem Manager 2 s\u00e5 spelare kommer inte ha n\u00e5gra problem att h\u00e5lla koll p\u00e5 sitt spel och kan d\u00e4r med f\u00f6rb\u00e4ttra det. Rummet kan spelas p\u00e5 b\u00e5de PC och Macintosh.<\/p>\n<p><strong>Support<\/strong><\/p>\n<p>Black Chip Poker har 24 timmars support via email och responsen \u00e4r normalt sett inom n\u00e5gra timmar. Ut\u00f6ver det s\u00e5 har dem representanter i de flest stora poker forum runt om p\u00e5 internet som kan ge dig support och ta emot f\u00f6rslag.<\/p>\n<p><strong>Kass\u00f6r<\/strong><\/p>\n<p>Black Chip Poker tar emot spelare \u00f6ver hela v\u00e4rlden och uttag och ins\u00e4ttningar varierar beroende p\u00e5 vart man bor.<\/p>\n<p><strong>Internationella Spelare<\/strong><\/p>\n<p>Internationella spelare har gott om val n\u00e4r dem vill s\u00e4tta in pengar. Hos Rake Monkey brukar vi rekommendera e-pl\u00e5nb\u00f6cker s\u00e5 som Neteller och Moneybookers. Dessa b\u00e5da kan man lite p\u00e5 och har \u00f6ver tio \u00e5rs erfarenhet med ins\u00e4ttningar som g\u00e5r p\u00e5 direkten och uttag som g\u00e5r riktigt fort. F\u00f6rutom dessa s\u00e5 erbjuder Black Chip Poker m\u00e5nga andra val s\u00e5 som: Click2Pay, kreditkort, Paysafecard, QuickPay, Entropay, Giropay, QIWI, Ukash, iDeal, Bank \u00f6verf\u00f6ring, Ecocard, WebMoney, ClickandBuy och Instadebit.<\/p>\n<p>Internationella uttag processas normalt vis p\u00e5 samma s\u00e4tt som ins\u00e4ttningar och g\u00e5r vanligtvis snabbare \u00e4n f\u00f6r amerikanska spelare.<\/p>\n<p><strong>VIP och Bonus<\/strong><\/p>\n<p>Black Chip Poker\u2019s VIP program \u00e4r enkel och l\u00f6nsam. Alla som spelar f\u00f6r riktiga pengar, oavsett om det \u00e4r poker turneringar eller p\u00e5 vanliga cash bord kommer att tj\u00e4na VIP po\u00e4ng. Dessa po\u00e4ng g\u00f6r att du \u00f6kar i VIP niv\u00e5 i Black Chip\u2019s Ace High VIP Program. Ers\u00e4ttningen blir h\u00f6gre ju h\u00f6gre upp du kommer i niv\u00e5 och d\u00e4r med ocks\u00e5 din f\u00f6rtj\u00e4nst. Po\u00e4ngen kan du anv\u00e4nda f\u00f6r att f\u00e5 pengar eller byta ut mot lyxiga artiklar i deras VIP butik. Spelare kommer ocks\u00e5 att f\u00e5 gratis entr\u00e9s till freeroll turneringar som g\u00e5r varje m\u00e5nad, prispotten p\u00e5 dessa blir h\u00f6gre ju b\u00e4ttre VIP niv\u00e5 spelaren \u00e4r p\u00e5.<\/p>\n<p>Black Chip Poker ger nya spelare som g\u00f6r sin f\u00f6rsta ins\u00e4ttning 150% upp till $750. F\u00f6rutom denna l\u00f6nsamma bonus s\u00e5 f\u00e5r \u00e4ven nya spelare en 10 bankroll boost upp till $30. Om det inte \u00e4r tillr\u00e4kligt s\u00e5 ger Black Chip Poker en reload bonus p\u00e5 75% upp till $375 p\u00e5 alla framtida ins\u00e4ttningar! Inte nog med detta s\u00e5 har Black Chip Poker rake race varje m\u00e5nad d\u00e4r dem ger tusentals dollar i bel\u00f6ningar.<\/p>\n<p>Black Chip Poker ger rakeback spelare en 35% rakeback som man kan ta ut dagligen. Spelare som har rakeback f\u00e5r ej vara med i VIP programmet men f\u00e5r ins\u00e4ttnings bonusen och alla reload bonusar helt utan att det dras av fr\u00e5n rakebacken.<\/p>\n<p><strong>Spelar Trafik och Motst\u00e5nd<\/strong><\/p>\n<p>Merge Poker n\u00e4tverket har runt 7,000 spelare under de b\u00e4sta timmarna och n\u00e4tverket har \u00f6ver 60 \u201dskins\u201d tillg\u00e4ngligt i sitt n\u00e4tverk, m\u00e5nga av dessa har \u00e4ven gott om casino och sportsbook spelare. Det \u00e4r alltid en stor skara oerfarna spelare som kommer till Merge n\u00e4tverket, men, sidan har blivit sidan att g\u00e5 till f\u00f6r erfarna amerikanska grinders. Spelare kommer att se samma alias flera g\u00e5nger om, om de blir stammisar. Detta g\u00f6r att Black Chip Poker har gott om storspelare \u201dhajar\u201d men spel utbudet \u00e4r utm\u00e4rkt.<\/p>\n<p><strong>Cash Spel<\/strong><\/p>\n<p>Black Chip Poker har alla de vanliga spelen samt \u00e4ven de lite mer ovanliga som Omaha Hi\/Lo, Stud och Five Card Draw. No Limit Hold Em\u2019 och Pot Limit Omaha \u00e4r de mest popul\u00e4ra spelen p\u00e5 denna sida. Spelen g\u00e5r fr\u00e5n mikro niv\u00e5er till $10\/$20 NLH och h\u00f6gre. Det finns oftast ett antal bord p\u00e5 oavsett niv\u00e5 dygnet runt men p\u00e5 kv\u00e4llarna kommer det in mycket mer action.<\/p>\n<p><strong>Turneringar<\/strong><\/p>\n<p>Black Chip Poker har mycket action i de dagliga och vecko turneringarna med t.ex. vecko turneringen $100k+ garanterad som g\u00e5r varje s\u00f6ndag men \u00e4ven mycket action hela veckan s\u00e5 som de dagliga freeroll turneringarna f\u00f6r alla spelare och freerolls f\u00f6r spelare som nyss gjort sin f\u00f6rsta ins\u00e4ttning. Turnerings listan \u00e4r l\u00e5ng och inkluderar Deepstack turneringar, Shorthanded turneringar, Bounty turneringar and re-buy och add-on val. Det finns ocks\u00e5 en \u201dTourney King\u201d leaderboard d\u00e4r spelare har chans att vinna pengar f\u00f6r deras MTT spel hos Black Chip Poker.<\/p>\n<p>SNG \u00e4r mycket bra hos Black Chip Poker med en SNG leaderboard med $10K i priser varje m\u00e5nad. Double ups, 6-max och vanliga 9-manna spel finns det att v\u00e4lja p\u00e5 och n\u00e4sta alla niv\u00e5er av ink\u00f6pt fr\u00e5n l\u00e5ga ink\u00f6p upp till $50. \u00d6ver detta s\u00e5 finns det inte s\u00e5 mycket action.<\/p>\n<p><strong>Slutsats<\/strong><\/p>\n<p>Black Chip Poker \u00e4r ett utm\u00e4rkt val f\u00f6r poker spelare online. De erbjuder mycket bra support, fantastiska bonusar, reload bonusar och s\u00e4kerheten att man f\u00f6r betalt. Detta g\u00f6r dem till ett utm\u00e4rkt val.<\/p>\n","protected":false},"excerpt":{"rendered":"<p>Black Chip Poker Recension F\u00f6retagets Historia Black Chip Poker \u00e4r ett av det nyaste pokerrummet i Merge Poker n\u00e4tverket, det grundades 2008. Detta pokerrum \u00e4r ett av de mest snabbv\u00e4xta rummet i n\u00e4tverket. Black Chip har licens i Kahnawake, Kanada<a class=\"post-link\" href=\"https:\/\/www.rakemonkey.com\/se\/recensioner\/black-chip-poker\/\"> read more&#8230;<\/a><\/p>\n","protected":false},"author":9,"featured_media":0,"parent":5,"menu_order":1,"comment_status":"closed","ping_status":"open","template":"rm_review.php","meta":[],"acf":[],"yoast_head":"<!-- This site is optimized with the Yoast SEO plugin v19.6.1 - https:\/\/yoast.com\/wordpress\/plugins\/seo\/ -->\n<title>Black Chip Poker Recension \u2013 Upp till $750 i Bonusar och 35% Rakeback<\/title>\n<meta name=\"description\" content=\"Kolla in Black Chip Poker idag och f\u00e5 din dagliga 35% rakeback, $750 bonus och \u00e5tkomst till ett av det mest USA v\u00e4nligaste pokerrummet online!\" \/>\n<meta name=\"robots\" content=\"index, follow, max-snippet:-1, max-image-preview:large, max-video-preview:-1\" \/>\n<link rel=\"canonical\" href=\"https:\/\/www.rakemonkey.com\/se\/recensioner\/black-chip-poker\/\" \/>\n<meta property=\"og:locale\" content=\"en_US\" \/>\n<meta property=\"og:type\" content=\"article\" \/>\n<meta property=\"og:title\" content=\"Black Chip Poker Recension \u2013 Upp till $750 i Bonusar och 35% Rakeback\" \/>\n<meta property=\"og:description\" content=\"Kolla in Black Chip Poker idag och f\u00e5 din dagliga 35% rakeback, $750 bonus och \u00e5tkomst till ett av det mest USA v\u00e4nligaste pokerrummet online!\" \/>\n<meta property=\"og:url\" content=\"https:\/\/www.rakemonkey.com\/se\/recensioner\/black-chip-poker\/\" \/>\n<meta property=\"og:site_name\" content=\"RakeMonkey.com\" \/>\n<meta name=\"twitter:card\" content=\"summary\" \/>\n<meta name=\"twitter:label1\" content=\"Est. reading time\" \/>\n\t<meta name=\"twitter:data1\" content=\"5 minutes\" \/>\n<script type=\"application\/ld+json\" class=\"yoast-schema-graph\">{\"@context\":\"https:\/\/schema.org\",\"@graph\":[{\"@type\":\"WebPage\",\"@id\":\"https:\/\/www.rakemonkey.com\/se\/recensioner\/black-chip-poker\/\",\"url\":\"https:\/\/www.rakemonkey.com\/se\/recensioner\/black-chip-poker\/\",\"name\":\"Black Chip Poker Recension \u2013 Upp till $750 i Bonusar och 35% Rakeback\",\"isPartOf\":{\"@id\":\"https:\/\/www.rakemonkey.com\/se\/#website\"},\"datePublished\":\"2013-03-06T21:47:05+00:00\",\"dateModified\":\"2013-03-06T21:47:05+00:00\",\"description\":\"Kolla in Black Chip Poker idag och f\u00e5 din dagliga 35% rakeback, $750 bonus och \u00e5tkomst till ett av det mest USA v\u00e4nligaste pokerrummet online!\",\"breadcrumb\":{\"@id\":\"https:\/\/www.rakemonkey.com\/se\/recensioner\/black-chip-poker\/#breadcrumb\"},\"inLanguage\":\"en-US\",\"potentialAction\":[{\"@type\":\"ReadAction\",\"target\":[\"https:\/\/www.rakemonkey.com\/se\/recensioner\/black-chip-poker\/\"]}]},{\"@type\":\"BreadcrumbList\",\"@id\":\"https:\/\/www.rakemonkey.com\/se\/recensioner\/black-chip-poker\/#breadcrumb\",\"itemListElement\":[{\"@type\":\"ListItem\",\"position\":1,\"name\":\"Home\",\"item\":\"https:\/\/www.rakemonkey.com\/se\/\"},{\"@type\":\"ListItem\",\"position\":2,\"name\":\"Rakeback Recensioner Online | Pokerrum Som Erbjuder Rakeback\",\"item\":\"https:\/\/www.rakemonkey.com\/se\/recensioner\/\"},{\"@type\":\"ListItem\",\"position\":3,\"name\":\"Black Chip Poker\"}]},{\"@type\":\"WebSite\",\"@id\":\"https:\/\/www.rakemonkey.com\/se\/#website\",\"url\":\"https:\/\/www.rakemonkey.com\/se\/\",\"name\":\"RakeMonkey.com\",\"description\":\"\",\"potentialAction\":[{\"@type\":\"SearchAction\",\"target\":{\"@type\":\"EntryPoint\",\"urlTemplate\":\"https:\/\/www.rakemonkey.com\/se\/?s={search_term_string}\"},\"query-input\":\"required name=search_term_string\"}],\"inLanguage\":\"en-US\"}]}<\/script>\n<!-- \/ Yoast SEO plugin. -->","yoast_head_json":{"title":"Black Chip Poker Recension \u2013 Upp till $750 i Bonusar och 35% Rakeback","description":"Kolla in Black Chip Poker idag och f\u00e5 din dagliga 35% rakeback, $750 bonus och \u00e5tkomst till ett av det mest USA v\u00e4nligaste pokerrummet online!","robots":{"index":"index","follow":"follow","max-snippet":"max-snippet:-1","max-image-preview":"max-image-preview:large","max-video-preview":"max-video-preview:-1"},"canonical":"https:\/\/www.rakemonkey.com\/se\/recensioner\/black-chip-poker\/","og_locale":"en_US","og_type":"article","og_title":"Black Chip Poker Recension \u2013 Upp till $750 i Bonusar och 35% Rakeback","og_description":"Kolla in Black Chip Poker idag och f\u00e5 din dagliga 35% rakeback, $750 bonus och \u00e5tkomst till ett av det mest USA v\u00e4nligaste pokerrummet online!","og_url":"https:\/\/www.rakemonkey.com\/se\/recensioner\/black-chip-poker\/","og_site_name":"RakeMonkey.com","twitter_card":"summary","twitter_misc":{"Est. reading time":"5 minutes"},"schema":{"@context":"https:\/\/schema.org","@graph":[{"@type":"WebPage","@id":"https:\/\/www.rakemonkey.com\/se\/recensioner\/black-chip-poker\/","url":"https:\/\/www.rakemonkey.com\/se\/recensioner\/black-chip-poker\/","name":"Black Chip Poker Recension \u2013 Upp till $750 i Bonusar och 35% Rakeback","isPartOf":{"@id":"https:\/\/www.rakemonkey.com\/se\/#website"},"datePublished":"2013-03-06T21:47:05+00:00","dateModified":"2013-03-06T21:47:05+00:00","description":"Kolla in Black Chip Poker idag och f\u00e5 din dagliga 35% rakeback, $750 bonus och \u00e5tkomst till ett av det mest USA v\u00e4nligaste pokerrummet online!","breadcrumb":{"@id":"https:\/\/www.rakemonkey.com\/se\/recensioner\/black-chip-poker\/#breadcrumb"},"inLanguage":"en-US","potentialAction":[{"@type":"ReadAction","target":["https:\/\/www.rakemonkey.com\/se\/recensioner\/black-chip-poker\/"]}]},{"@type":"BreadcrumbList","@id":"https:\/\/www.rakemonkey.com\/se\/recensioner\/black-chip-poker\/#breadcrumb","itemListElement":[{"@type":"ListItem","position":1,"name":"Home","item":"https:\/\/www.rakemonkey.com\/se\/"},{"@type":"ListItem","position":2,"name":"Rakeback Recensioner Online | Pokerrum Som Erbjuder Rakeback","item":"https:\/\/www.rakemonkey.com\/se\/recensioner\/"},{"@type":"ListItem","position":3,"name":"Black Chip Poker"}]},{"@type":"WebSite","@id":"https:\/\/www.rakemonkey.com\/se\/#website","url":"https:\/\/www.rakemonkey.com\/se\/","name":"RakeMonkey.com","description":"","potentialAction":[{"@type":"SearchAction","target":{"@type":"EntryPoint","urlTemplate":"https:\/\/www.rakemonkey.com\/se\/?s={search_term_string}"},"query-input":"required name=search_term_string"}],"inLanguage":"en-US"}]}},"_links":{"self":[{"href":"https:\/\/www.rakemonkey.com\/se\/wp-json\/wp\/v2\/pages\/25"}],"collection":[{"href":"https:\/\/www.rakemonkey.com\/se\/wp-json\/wp\/v2\/pages"}],"about":[{"href":"https:\/\/www.rakemonkey.com\/se\/wp-json\/wp\/v2\/types\/page"}],"author":[{"embeddable":true,"href":"https:\/\/www.rakemonkey.com\/se\/wp-json\/wp\/v2\/users\/9"}],"replies":[{"embeddable":true,"href":"https:\/\/www.rakemonkey.com\/se\/wp-json\/wp\/v2\/comments?post=25"}],"version-history":[{"count":0,"href":"https:\/\/www.rakemonkey.com\/se\/wp-json\/wp\/v2\/pages\/25\/revisions"}],"up":[{"embeddable":true,"href":"https:\/\/www.rakemonkey.com\/se\/wp-json\/wp\/v2\/pages\/5"}],"wp:attachment":[{"href":"https:\/\/www.rakemonkey.com\/se\/wp-json\/wp\/v2\/media?parent=25"}],"curies":[{"name":"wp","href":"https:\/\/api.w.org\/{rel}","templated":true}]}}