{"id":27,"date":"2013-03-06T21:54:36","date_gmt":"2013-03-06T21:54:36","guid":{"rendered":"http:\/\/rakemonkey.com\/se\/?page_id=27"},"modified":"2013-03-06T21:54:36","modified_gmt":"2013-03-06T21:54:36","slug":"carbon-poker","status":"publish","type":"page","link":"https:\/\/www.rakemonkey.com\/se\/recensioner\/carbon-poker\/","title":{"rendered":"Carbon Poker Recension"},"content":{"rendered":"<h2>Carbon Poker Recension<\/h2>\n<p>Carbon Poker \u00e4r ett online pokerrum och sitter i n\u00e4tverket Merge Poker som \u00e4r australienskt. Det \u00e4r nuvarande det h\u00f6gst rankade pokerrummet inom detta n\u00e4tverk och har poker spelare v\u00e4rlden \u00f6ver. Carbon Poker skapades \u00e5r 2007 och var en g\u00e5ng i tiden en del av Poker.com. Carbon\u2019s servrar ligger i Kahnawake, Canada d\u00e4r de \u00e4r licensierade och reglerade genom Kahnawake Gaming Commission.<\/p>\n<p>Carbon har ocks\u00e5 en spel licens i Malta d\u00e4r de regleras utav lotteri och dobbel myndigheten. Tack vare Amerikanska regeringens nedslag utav online dobbel s\u00e5 var Carbon Poker tvungna att byta dom\u00e4n namn. S\u00e5 juli 2011 flyttade Carbon fr\u00e5n en .com adress till en .ag adress. Detta byte sk\u00f6tes fint och inga spelare p\u00e5verkades alls.<\/p>\n<h2>Carbon Poker Mjukvara<\/h2>\n<p>Carbon Poker har en av den b\u00e4sta mjukvaran inom denna industri, som till och med blev b\u00e4ttre juni 2012 n\u00e4r de sl\u00e4ppte version 6.0 av deras poker klient. Carbon\u2019s mjukvara \u00e4r nu snabbare och flyter b\u00e4ttre \u00e4n vad den tidigare har gjort och detta \u00e4ven om man spela p\u00e5 m\u00e5nga bord samtidigt. Lobby filtren har ocks\u00e5 uppdaterats i den nya versionen och erbjuder nu ett s\u00e5 kallad \u201dsnabb val\u201d d\u00e4r man har alternativ f\u00f6r att filtrera bord som \u00e4r n\u00e5got som gjorde Full Tilt Poker v\u00e4ldigt popul\u00e4rt. S\u00e5 att hitta en viss typ av spel \u00e4r nu enklare \u00e4n n\u00e5gonsin.<\/p>\n<p>Dessutom s\u00e5 har den ett nytt avancerat s\u00f6kf\u00e4lt d\u00e4r man som spelare kan s\u00f6ka efter bords namn, turneringar, spelares namn och mycket mer vilket g\u00f6r det mycket enklare f\u00f6r spelare att f\u00e5 fram den information dem beh\u00f6ver. En annan funktion \u00e4r att det nu finns en ny turnerings lobby och nya spel listor vilket ger spelare all information om pengar spel eller turneringar med endast ett klick.<\/p>\n<p>Tiling och cascading \u00e4r b\u00e5da ett alternativ n\u00e4r man spelar med flera bord. Carbon har gjort ett fantastiskt jobb med deras poker klient. Andra unika funktioner \u00e4r s\u00e5 kallad \u201dDeal it Twice\u201d val d\u00e4r spelare kan v\u00e4lja att ge p\u00e5 turn och river tv\u00e5 g\u00e5nger. Och, spelare kan visa ett kort till sin motst\u00e5ndare efter att handen \u00e4r klar.<\/p>\n<p>\u00c4ven fast detta kanske inte \u00e4r n\u00e5got som direkt \u00e4ndrar spelet s\u00e5 \u00e4r det v\u00e4ldigt roliga funktioner som man borde pr\u00f6va p\u00e5. H\u00e5lla koll p\u00e5 spelar statistik med hj\u00e4lp utav program som t.ex. PokerTracker och Holdem Manager funkar fint hos Carbon Poker. Sidan introducerar \u00e4ven sin egna odds kalkylator f\u00f6r deras No Limit Holdem och Pot Limit Omaha bord<\/p>\n<h2>Spelar Support<\/h2>\n<p>Carbon Poker har email support dygnet runt och deras support \u00e4r utm\u00e4rkt. Sidan lovar att ge svar inom 48 timmar men det g\u00e5r oftast mycket snabbare \u00e4n s\u00e5. Ibland s\u00e5 f\u00e5r man svar n\u00e4stan direkt under dagtid och supporten \u00e4r aldrig ens n\u00e4ra att g\u00e5 \u00f6ver 48 timmar. Carbon har ocks\u00e5 representanter p\u00e5 de flesta stora poker forum d\u00e4r man kan f\u00e5 hj\u00e4lp snabbt. Allt som allt, Carbon Poker\u2019s support \u00e4r en av de b\u00e4sta i v\u00e4rlden.<\/p>\n<h2>Carbon Poker Ins\u00e4ttningsval<\/h2>\n<p>Carbon Poker erbjuder gott om ins\u00e4ttnings alternativ och vi europ\u00e9er har n\u00e5gra fler \u00e4n de som bor i USA och detta tack vara att den amerikanska regeringen lag ang\u00e5ende dobbel online. Men Carbon g\u00f6r \u00e4nd\u00e5 ett bra jobb f\u00f6r de som bor i USA.<\/p>\n<p>Som sagt var, vi svenskar har gott om ins\u00e4ttnings alternativ och n\u00e5gra av de mest popul\u00e4ra \u00e4r Neteller, Visa och Mastercard men ocks\u00e5 bank\u00f6verf\u00f6ring g\u00e5r fint. Att anv\u00e4nda sitt Visa eller Mastercard kostar inget och inte heller bank\u00f6verf\u00f6ring, dessa alternativ g\u00e5r direkt.<\/p>\n<h2>Kreditkort Ins\u00e4ttningar<\/h2>\n<p>Att anv\u00e4nda sitt kreditkort \u00e4r ett av de vanligaste s\u00e4tten och att g\u00f6ra en \u00f6verf\u00f6ring med detta g\u00e5r p\u00e5 direkten och det kostar heller inget i avgift. N\u00e5gra andra alternativ f\u00f6rutom Visa och Mastercard \u00e4r Click2Pay som \u00e4r en E-pl\u00e5nbok likt Neteller men denna metod \u00e4r inte s\u00e5 vanlig. Click2Pay tar ocks\u00e5 ut en avgift n\u00e4r du vill f\u00f6ra \u00f6ver pengar, men, Carbon Poker tar ingen avgift ifall du vill f\u00f6ra \u00f6ver dina vinster till Click2Pay.<\/p>\n<h2>B\u00e4sta Svenska Alternativen<\/h2>\n<p>F\u00f6rutom Visa, Mastercard och vanlig bank\u00f6verf\u00f6ring s\u00e5 \u00e4r E-pl\u00e5nb\u00f6ckerna Neteller och Skrill de mest anv\u00e4nda alternativen f\u00f6r att f\u00f6ra \u00f6ver pengar. Dessa funkar som en bank p\u00e5 n\u00e4tet d\u00e4r du kan s\u00e4tta in pengar, f\u00e5 in pengar fr\u00e5n t.ex. poker vinster och sj\u00e4lvklar f\u00f6ra pengarna fr\u00e5n din E-pl\u00e5nbok till ditt vanliga bankkonto. Att f\u00e5 dina pengar fr\u00e5n Carbon Poker till Neteller eller Skrill tar vanligtvis runt 48 timmar.<\/p>\n<h2>VIP och Bonus<\/h2>\n<p>Carbon Poker ger en bonus p\u00e5 100% upp till $600 f\u00f6r nya ins\u00e4ttare. F\u00f6rutom detta s\u00e5 erbjuder dem s\u00e5 kallade reload bonusar titt som t\u00e4tt som ger spelare en ny chans att f\u00e5 ut en extra poker bonus bara genom att s\u00e4tta in mer pengar. Carbon har ocks\u00e5 det absolut b\u00e4sta VIP programmet inom n\u00e4tverket Merge. Programmet har 6 olika niv\u00e5er och som spelare blir man bel\u00f6nad genom att spela.<\/p>\n<p>Bel\u00f6ningarna blir otroligt gener\u00f6sa n\u00e4r man kommer upp lite i niv\u00e5 d\u00e4r man tj\u00e4nar 35% daglig cashback och 10% VIP Cash exchange vilket totalt s\u00e4tt ger dig 45% cashback! F\u00f6rutom att n\u00e4stan f\u00e5 halva raken och avgifterna betalt tillbaka s\u00e5 kan man \u00e4ven l\u00e5sa upp olika bel\u00f6ningar. VIP po\u00e4ng tj\u00e4nar man genom att spela i poker turneringar och ringspel och dessa po\u00e4ng avg\u00f6r vilken VIP niv\u00e5 man ligger p\u00e5. I b\u00e5de ringspel och turneringar s\u00e5 f\u00e5r man 10 po\u00e4ng f\u00f6r varje $1 i rake man betalat.<\/p>\n<p>Man kan byta till sig pengar mot sina po\u00e4ng och raken \u00e4r helt beroende p\u00e5 vilken VIP niv\u00e5 man \u00e4r p\u00e5. \u00c4r man p\u00e5 h\u00f6gre VIP niv\u00e5er s\u00e5 erbjuder Carbon Poker sina stora spelare extra bel\u00f6ningar s\u00e5 som gratis coachning, portvakts service och chansen att vinna platser till stora live poker turneringar.<\/p>\n<p>En rakeback p\u00e5 35% kan man bli erbjuden som spelare, detta sl\u00e5r de l\u00e4gre VIP niv\u00e5erna men det sl\u00e5r verkligen inte de h\u00f6gre VIP niv\u00e5erna d\u00e4r man tj\u00e4nar bra mycket mera. Spelare m\u00e5ste sj\u00e4lva klura ut deras niv\u00e5 och hur mycket VIP po\u00e4ng dem kan samla ihop f\u00f6r sedan g\u00f6ra ett beslut om vad som \u00e4r b\u00e4st f\u00f6r dem sj\u00e4lva.<\/p>\n<h2>Spelar Trafik och Motst\u00e5nd<\/h2>\n<p>Carbon Poker och n\u00e4tverket Merge Poker har under sina b\u00e4sta timmar p\u00e5 dygnet \u00f6ver 7000 spelare online. Merge Poker har \u00f6ver 50 s\u00e5 kallade \u201dskins\u201d allts\u00e5 50 olika pokerrum i sitt n\u00e4tverk och dessa delar p\u00e5 all trafik. Carbon \u00e4r ett av det st\u00f6rsta pokerrummet online f\u00f6r amerikanska poker spelare och har tack vare detta, ganska m\u00e5nga grinders.<\/p>\n<p>\u00c4ven fast det finns gott om professionell poker spelare h\u00e4r s\u00e5 finns det \u00e4nd\u00e5 en hel del fisk tack vara att Merge n\u00e4tverket har en del betting sidor i sitt n\u00e4tverk. Carbon Poker \u00e4r inte det enklaste rummet p\u00e5 internet men det \u00e4r inte om\u00f6jligt att g\u00e5 vinnande, deras alla spel alternativ och poker bonusar g\u00f6r det enklare att f\u00e5 en bra start.<\/p>\n<h2>Ringspel<\/h2>\n<p>Alla de vanliga spel typerna erbjuds och \u00e4ven n\u00e5gra av de lite mer ovanliga typerna finns ocks\u00e5. No Limit Hold\u2019Em och Omaha \u00e4r i s\u00e4rklass de mest popul\u00e4ra spel typerna men Carbon erbjuder \u00e4ven Omaha Hi\/Lo, Stud och Five Card Draw. Det \u00e4r stadigt med action p\u00e5 No Limit borden nattetid med mikro insatserna ($10NL,$25NL och $50NL) och enda upp till medel niv\u00e5erna p\u00e5 $5\/$10 och $10\/$20. Att spela p\u00e5 h\u00f6gre niv\u00e5er \u00e4n $10\/$20 \u00e4r lite av en chansning men det h\u00e4nder att det blir lite spel d\u00e4r ocks\u00e5 men tyv\u00e4rr inte lika mycket som en del skulle vilja.<\/p>\n<p>Heads-up, 6 manna bord och fulla bord har normalt s\u00e4tt gott om action p\u00e5 de flest niv\u00e5erna. Limit Hold\u2019Em \u00e4r ocks\u00e5 v\u00e4ldigt popul\u00e4rt. L\u00e5ga insatser spelas mycket nattetid och g\u00e5r upp till $10\/$20 och ibland \u00e4ven upp till $30\/$60 eller h\u00f6gre. Men vanligtvis \u00e4r det bara ett bord som spelar p\u00e5 denna niv\u00e5. Pot Limit Omaha har en helt okej spelarbas hos Carbon Poker med spel som g\u00e5r upp emot $5\/\u20ac10 dagligen.<\/p>\n<h2>Turneringar<\/h2>\n<p>Carbon Poker erbjuder amerikanska poker spelare flest val n\u00e4r det g\u00e4ller poker turneringar. Dem har en otrolig m\u00e4ngd poker turneringar genom hela veckan och en $100K Guaranteed s\u00f6ndags turnering som rundar av vecka. Det \u00e4r en massa poker turneringar dagligen f\u00f6r spelare med insatser fr\u00e5n $2 upp till hela $2000, mycket spelvariation! VIP freeroll turneringar \u00e4r ocks\u00e5 tillg\u00e4ngliga varje vecka f\u00f6r spelare och sj\u00e4lvklart ocks\u00e5 freerolls f\u00f6r nya ins\u00e4ttare.<\/p>\n<p>Sit N\u2019 Go turneringar eller s\u00e5 kallade SNG har gott om action hela dagarna upp till ink\u00f6p p\u00e5 $50. Ink\u00f6p till dessa finns ifr\u00e5n mikro niv\u00e5 upp till hela $2000. SNG variationerna hos Carbon \u00e4r m\u00e5nga s\u00e5 som Bounties, 50-50s, Turbos, Double or Nothing och Super Turbos. Det finns gott om spel p\u00e5 de flest niv\u00e5erna f\u00f6r heads-up, 6 manna och fulla bord. Carbon gjorde nyss om sin SNG struktur efter att ha lyssnat p\u00e5 sina spelare.<\/p>\n<h2>Sammanfattning utan Carbon Poker<\/h2>\n<p>Carbon Poker \u00e4r ett utm\u00e4rkt val f\u00f6r spelare v\u00e4rlden \u00f6ver och dem erbjuder ett mycket bra VIP program och \u00e4ven rakeback. Deras poker bonus \u00e4r mycket l\u00f6nsamma samt att de har gott om reload bonusar och det viktigaste utav allt, man kan lita p\u00e5 Carbon och de betalar alltid i tid.<\/p>\n","protected":false},"excerpt":{"rendered":"<p>Carbon Poker Recension Carbon Poker \u00e4r ett online pokerrum och sitter i n\u00e4tverket Merge Poker som \u00e4r australienskt. Det \u00e4r nuvarande det h\u00f6gst rankade pokerrummet inom detta n\u00e4tverk och har poker spelare v\u00e4rlden \u00f6ver. Carbon Poker skapades \u00e5r 2007 och<a class=\"post-link\" href=\"https:\/\/www.rakemonkey.com\/se\/recensioner\/carbon-poker\/\"> read more&#8230;<\/a><\/p>\n","protected":false},"author":9,"featured_media":0,"parent":5,"menu_order":0,"comment_status":"closed","ping_status":"open","template":"rm_review.php","meta":[],"acf":[],"yoast_head":"<!-- This site is optimized with the Yoast SEO plugin v19.6.1 - https:\/\/yoast.com\/wordpress\/plugins\/seo\/ -->\n<title>Carbon Poker Recension \u2013 F\u00e5 35% Rakeback eller 45% VIP hos Carbon<\/title>\n<meta name=\"description\" content=\"Hos Carbon Poker f\u00e5r alla nya spelare en 100% bonus upp till $600 och tj\u00e4nar 35% daglig rakeback eller v\u00e4lj en h\u00f6gre niv\u00e5 i deras VIP program. L\u00e4s v\u00e5ran recension f\u00f6r mer information.\" \/>\n<meta name=\"robots\" content=\"index, follow, max-snippet:-1, max-image-preview:large, max-video-preview:-1\" \/>\n<link rel=\"canonical\" href=\"https:\/\/www.rakemonkey.com\/se\/recensioner\/carbon-poker\/\" \/>\n<meta property=\"og:locale\" content=\"en_US\" \/>\n<meta property=\"og:type\" content=\"article\" \/>\n<meta property=\"og:title\" content=\"Carbon Poker Recension \u2013 F\u00e5 35% Rakeback eller 45% VIP hos Carbon\" \/>\n<meta property=\"og:description\" content=\"Hos Carbon Poker f\u00e5r alla nya spelare en 100% bonus upp till $600 och tj\u00e4nar 35% daglig rakeback eller v\u00e4lj en h\u00f6gre niv\u00e5 i deras VIP program. L\u00e4s v\u00e5ran recension f\u00f6r mer information.\" \/>\n<meta property=\"og:url\" content=\"https:\/\/www.rakemonkey.com\/se\/recensioner\/carbon-poker\/\" \/>\n<meta property=\"og:site_name\" content=\"RakeMonkey.com\" \/>\n<meta name=\"twitter:card\" content=\"summary\" \/>\n<meta name=\"twitter:label1\" content=\"Est. reading time\" \/>\n\t<meta name=\"twitter:data1\" content=\"8 minutes\" \/>\n<script type=\"application\/ld+json\" class=\"yoast-schema-graph\">{\"@context\":\"https:\/\/schema.org\",\"@graph\":[{\"@type\":\"WebPage\",\"@id\":\"https:\/\/www.rakemonkey.com\/se\/recensioner\/carbon-poker\/\",\"url\":\"https:\/\/www.rakemonkey.com\/se\/recensioner\/carbon-poker\/\",\"name\":\"Carbon Poker Recension \u2013 F\u00e5 35% Rakeback eller 45% VIP hos Carbon\",\"isPartOf\":{\"@id\":\"https:\/\/www.rakemonkey.com\/se\/#website\"},\"datePublished\":\"2013-03-06T21:54:36+00:00\",\"dateModified\":\"2013-03-06T21:54:36+00:00\",\"description\":\"Hos Carbon Poker f\u00e5r alla nya spelare en 100% bonus upp till $600 och tj\u00e4nar 35% daglig rakeback eller v\u00e4lj en h\u00f6gre niv\u00e5 i deras VIP program. L\u00e4s v\u00e5ran recension f\u00f6r mer information.\",\"breadcrumb\":{\"@id\":\"https:\/\/www.rakemonkey.com\/se\/recensioner\/carbon-poker\/#breadcrumb\"},\"inLanguage\":\"en-US\",\"potentialAction\":[{\"@type\":\"ReadAction\",\"target\":[\"https:\/\/www.rakemonkey.com\/se\/recensioner\/carbon-poker\/\"]}]},{\"@type\":\"BreadcrumbList\",\"@id\":\"https:\/\/www.rakemonkey.com\/se\/recensioner\/carbon-poker\/#breadcrumb\",\"itemListElement\":[{\"@type\":\"ListItem\",\"position\":1,\"name\":\"Home\",\"item\":\"https:\/\/www.rakemonkey.com\/se\/\"},{\"@type\":\"ListItem\",\"position\":2,\"name\":\"Rakeback Recensioner Online | Pokerrum Som Erbjuder Rakeback\",\"item\":\"https:\/\/www.rakemonkey.com\/se\/recensioner\/\"},{\"@type\":\"ListItem\",\"position\":3,\"name\":\"Carbon Poker Recension\"}]},{\"@type\":\"WebSite\",\"@id\":\"https:\/\/www.rakemonkey.com\/se\/#website\",\"url\":\"https:\/\/www.rakemonkey.com\/se\/\",\"name\":\"RakeMonkey.com\",\"description\":\"\",\"potentialAction\":[{\"@type\":\"SearchAction\",\"target\":{\"@type\":\"EntryPoint\",\"urlTemplate\":\"https:\/\/www.rakemonkey.com\/se\/?s={search_term_string}\"},\"query-input\":\"required name=search_term_string\"}],\"inLanguage\":\"en-US\"}]}<\/script>\n<!-- \/ Yoast SEO plugin. -->","yoast_head_json":{"title":"Carbon Poker Recension \u2013 F\u00e5 35% Rakeback eller 45% VIP hos Carbon","description":"Hos Carbon Poker f\u00e5r alla nya spelare en 100% bonus upp till $600 och tj\u00e4nar 35% daglig rakeback eller v\u00e4lj en h\u00f6gre niv\u00e5 i deras VIP program. L\u00e4s v\u00e5ran recension f\u00f6r mer information.","robots":{"index":"index","follow":"follow","max-snippet":"max-snippet:-1","max-image-preview":"max-image-preview:large","max-video-preview":"max-video-preview:-1"},"canonical":"https:\/\/www.rakemonkey.com\/se\/recensioner\/carbon-poker\/","og_locale":"en_US","og_type":"article","og_title":"Carbon Poker Recension \u2013 F\u00e5 35% Rakeback eller 45% VIP hos Carbon","og_description":"Hos Carbon Poker f\u00e5r alla nya spelare en 100% bonus upp till $600 och tj\u00e4nar 35% daglig rakeback eller v\u00e4lj en h\u00f6gre niv\u00e5 i deras VIP program. L\u00e4s v\u00e5ran recension f\u00f6r mer information.","og_url":"https:\/\/www.rakemonkey.com\/se\/recensioner\/carbon-poker\/","og_site_name":"RakeMonkey.com","twitter_card":"summary","twitter_misc":{"Est. reading time":"8 minutes"},"schema":{"@context":"https:\/\/schema.org","@graph":[{"@type":"WebPage","@id":"https:\/\/www.rakemonkey.com\/se\/recensioner\/carbon-poker\/","url":"https:\/\/www.rakemonkey.com\/se\/recensioner\/carbon-poker\/","name":"Carbon Poker Recension \u2013 F\u00e5 35% Rakeback eller 45% VIP hos Carbon","isPartOf":{"@id":"https:\/\/www.rakemonkey.com\/se\/#website"},"datePublished":"2013-03-06T21:54:36+00:00","dateModified":"2013-03-06T21:54:36+00:00","description":"Hos Carbon Poker f\u00e5r alla nya spelare en 100% bonus upp till $600 och tj\u00e4nar 35% daglig rakeback eller v\u00e4lj en h\u00f6gre niv\u00e5 i deras VIP program. L\u00e4s v\u00e5ran recension f\u00f6r mer information.","breadcrumb":{"@id":"https:\/\/www.rakemonkey.com\/se\/recensioner\/carbon-poker\/#breadcrumb"},"inLanguage":"en-US","potentialAction":[{"@type":"ReadAction","target":["https:\/\/www.rakemonkey.com\/se\/recensioner\/carbon-poker\/"]}]},{"@type":"BreadcrumbList","@id":"https:\/\/www.rakemonkey.com\/se\/recensioner\/carbon-poker\/#breadcrumb","itemListElement":[{"@type":"ListItem","position":1,"name":"Home","item":"https:\/\/www.rakemonkey.com\/se\/"},{"@type":"ListItem","position":2,"name":"Rakeback Recensioner Online | Pokerrum Som Erbjuder Rakeback","item":"https:\/\/www.rakemonkey.com\/se\/recensioner\/"},{"@type":"ListItem","position":3,"name":"Carbon Poker Recension"}]},{"@type":"WebSite","@id":"https:\/\/www.rakemonkey.com\/se\/#website","url":"https:\/\/www.rakemonkey.com\/se\/","name":"RakeMonkey.com","description":"","potentialAction":[{"@type":"SearchAction","target":{"@type":"EntryPoint","urlTemplate":"https:\/\/www.rakemonkey.com\/se\/?s={search_term_string}"},"query-input":"required name=search_term_string"}],"inLanguage":"en-US"}]}},"_links":{"self":[{"href":"https:\/\/www.rakemonkey.com\/se\/wp-json\/wp\/v2\/pages\/27"}],"collection":[{"href":"https:\/\/www.rakemonkey.com\/se\/wp-json\/wp\/v2\/pages"}],"about":[{"href":"https:\/\/www.rakemonkey.com\/se\/wp-json\/wp\/v2\/types\/page"}],"author":[{"embeddable":true,"href":"https:\/\/www.rakemonkey.com\/se\/wp-json\/wp\/v2\/users\/9"}],"replies":[{"embeddable":true,"href":"https:\/\/www.rakemonkey.com\/se\/wp-json\/wp\/v2\/comments?post=27"}],"version-history":[{"count":0,"href":"https:\/\/www.rakemonkey.com\/se\/wp-json\/wp\/v2\/pages\/27\/revisions"}],"up":[{"embeddable":true,"href":"https:\/\/www.rakemonkey.com\/se\/wp-json\/wp\/v2\/pages\/5"}],"wp:attachment":[{"href":"https:\/\/www.rakemonkey.com\/se\/wp-json\/wp\/v2\/media?parent=27"}],"curies":[{"name":"wp","href":"https:\/\/api.w.org\/{rel}","templated":true}]}}