{"id":29,"date":"2013-03-06T22:06:05","date_gmt":"2013-03-06T22:06:05","guid":{"rendered":"http:\/\/rakemonkey.com\/se\/?page_id=29"},"modified":"2013-03-06T22:06:05","modified_gmt":"2013-03-06T22:06:05","slug":"everest-poker","status":"publish","type":"page","link":"https:\/\/www.rakemonkey.com\/se\/recensioner\/everest-poker\/","title":{"rendered":"Everest Poker Recension"},"content":{"rendered":"<p><strong>Everest Poker<\/strong> \u00e4r ett online pokerrum som nyligen flyttade till n\u00e4tverket iPoker och d\u00e4rav avslutade sin egna mjukvara p\u00e5 Everest Gaming network. De startade 2005 och regleras i Gibraltar och rummen h\u00e4r \u00e4r strikt reglerade av Gibraltar Gaming Commission. Som en av det mest flerfaldiga poker rummet i v\u00e4rlden s\u00e5 har Everest en spelar bas fr\u00e5n v\u00e4rlden \u00f6ver och \u00e4r ett hett st\u00e4lle f\u00f6r online pokerspel.<\/p>\n<p>H\u00f6gt rankade i alla kategorier och fram f\u00f6r allt spelar supporten, Everest \u00e4r ett utm\u00e4rkt val f\u00f6r spelare v\u00e4rlden \u00f6ver. Everest till\u00e5ter f\u00f6r n\u00e4rvarande inte spelare fr\u00e5n USA men dem erbjuder en av de enklaste poker bonusarna att f\u00e5 ut inom online poker.<\/p>\n<p><strong>Mjukvara<\/strong><\/p>\n<p>Everest anv\u00e4nder sig utav en egen utvecklad poker klient som utvecklarna har spenderat mycket tid p\u00e5. Den funkar p\u00e5 Mac s\u00e5 v\u00e4l som PC och \u00e4r \u00f6versatt till 15 olika spr\u00e5k. Deras klient \u00e4r inte flashig utan v\u00e4ldigt snabb och stabil. Lobbyn \u00e4r v\u00e4ldigt ren och tack vara lobby filtren s\u00e5 \u00e4r det v\u00e4ldigt l\u00e4tt f\u00f6r poker spelare att snabbt b\u00f6rja spela. \u00c4ndra storlek p\u00e5 bord, stacking och tiling \u00e4r n\u00e5gra av funktionerna. S\u00e5 det \u00e4r inga problem f\u00f6r spelare som gillar att spela p\u00e5 flera bord samtidigt hos Everest som till\u00e5ter upp till 12 bord.<\/p>\n<p>Everest fungerar p\u00e5 b\u00e5de PokerTracker och Holdem Manager, detta g\u00f6r det enkelt f\u00f6r dig att kunna h\u00e5lla koll p\u00e5 ditt spelande.<\/p>\n<p><strong>Support<\/strong><\/p>\n<p>Everest\u2019s absolut starkaste sida \u00e4r deras support, detta erbjuds via email, live chat och telefon support. F\u00f6rutom att ge dig support p\u00e5 engelska s\u00e5 har dem \u00e4ven support representanter f\u00f6r Frankrike, Tyskland, Holland, Portugal, och Spanska. Spelare kommer f\u00f6rmodligen inte beh\u00f6va denna support f\u00f6r de har en v\u00e4ldigt utf\u00f6rlig FAQ p\u00e5 deras hemsida som t\u00e4cker det mesta.<\/p>\n<p><strong>In\/uttagsalternativ<\/strong><\/p>\n<p>Everest erbjuder en m\u00e4ngd olika ins\u00e4ttnings val j\u00e4mf\u00f6rt med andra pokerrum. Den vanligaste och mest anv\u00e4nda \u00e4r Neteller och Moneybookers men ocks\u00e5 Visa eller Mastercard funkar fint. Spelare har ocks\u00e5 n\u00e5gra fler alternativ s\u00e5 som Entropay, Click2Pay och Paysafecard.<\/p>\n<p>Uttag till de mest popul\u00e4ra sker v\u00e4ldigt snabbt, normalt s\u00e4tt inom 12 till 36 timmar och detta till det ins\u00e4ttnings alternativet du valde f\u00f6r att s\u00e4tta in pengar. Om ins\u00e4ttnings alternativet inte finns som uttagsalternativ s\u00e5 finns det n\u00e5gra fler alternativ f\u00f6r dig s\u00e5 som Neteller, Moneybookers, Click2Pay, Visa och check. Att f\u00e5 in dina pengar via Visa tar normalt s\u00e4tt runt 10 arbetsdagar och check tar n\u00e5gonstans mellan 4 till 6 veckor tills du f\u00e5r din check hem till dig.<\/p>\n<p><strong>VIP och Bonus<\/strong><\/p>\n<p>Everest har ett mycket lukrativt VIP program som heter The Summit Club. H\u00e4r f\u00e5r man Summit po\u00e4ng genom att spela f\u00f6r riktiga pengar i poker turneringar och i ringspel. The Summit Club har ett antal olika niv\u00e5er som ger dig bel\u00f6ningar och ju mer Summit po\u00e4ng du f\u00e5r ihop desto h\u00f6gre VIP niv\u00e5 f\u00e5r du. Summit po\u00e4ngen kommer g\u00f6ra s\u00e5 att du kan f\u00e5 ut olika bonusar s\u00e5 som lyxiga prylar, pengar och intr\u00e4den till flera live-event.<\/p>\n<p>Att g\u00e5 med i The Summit Club \u00e4r enkelt, v\u00e4l inne i lobbyn inne i klienten, klicka p\u00e5 \u201dkonto\u201d och sedan VIP Summit Club, efter att du har l\u00e4st igenom deras villkor och g\u00e5tt med p\u00e5 dem s\u00e5 \u00e4r du med i VIP klubben. Spelare som \u00e4r med i The Summit Club kan ocks\u00e5 tj\u00e4na upp till $200 i bonus f\u00f6r varje spelare man h\u00e4nvisar till Everest.<\/p>\n<p>Nya spelare f\u00e5r en poker bonus p\u00e5 100% upp till $500 n\u00e4r man g\u00f6r sin f\u00f6rsta ins\u00e4ttning, bonusen f\u00e5r man ut stegvis genom att spela ihop Summit po\u00e4ng. Eftersom spelare \u00f6kar i VIP niv\u00e5 med hj\u00e4lp av sina Summit po\u00e4ng man tj\u00e4nar ihop s\u00e5 f\u00e5r man \u00e4ven olika bel\u00f6ningar samtidigt som man tj\u00e4nar ihop sin bonus.<\/p>\n<p><strong>Spelar Trafik och Motst\u00e5nd<\/strong><\/p>\n<p>Everest Poker \u00e4r n\u00e4stan ett helt sj\u00e4lvst\u00e4ndigt n\u00e4tverk f\u00f6rutom att dem delar sin trafik med Betclic.com som erbjuder online betting, kasino, likt Vegas och s\u00e5klart poker.<\/p>\n<p>Everest \u00e4r inte n\u00e5got stort pokerrum men under de b\u00e4sta timmarna s\u00e5 har Everest flera tusen poker spelare. \u00c4ven fast Everest inte \u00e4r bland dem st\u00f6rsta p\u00e5 online poker s\u00e5 har dem mycket att erbjuda den duktiga poker spelaren genom allt enkelt motst\u00e5nd. Som s\u00e5 m\u00e5nga andra sm\u00e5 pokerrum s\u00e5 finns det mycket mer fisk \u00e4n professionella spelare och detta med god marginal. S\u00e5 d\u00e4rf\u00f6r finns det mycket att h\u00e4mta om man \u00e4r en duktig poker spelare.<\/p>\n<p><strong>Turneringar<\/strong><\/p>\n<p>En \u00e4n g\u00e5ng, Everest \u00e4r ett litet pokerrum s\u00e5 dem kan inte erbjuda dom d\u00e4r stora poker turneringarna med en stor garanterad pott som de stora pokerrummen kan g\u00f6ra. Men det finns fortfarande mycket gott om attraktiva MTT\u2019s och Sit and Go\u2019s f\u00f6r spelare att v\u00e4lja mellan som ger bra med utdelning.<\/p>\n<p>Everest erbjuder dagliga MTT\u2019s f\u00f6r sina spelare inklusive freerolls f\u00f6r b\u00e5de medlemmar som har varit med l\u00e4nge men ocks\u00e5 f\u00f6r de som precis har registrerat sig och gjort sin f\u00f6rsta ins\u00e4ttning. Everest har tv\u00e5 stora turnerings event varje vecka och dessa \u00e4r $75K Guaranteed p\u00e5 l\u00f6rdagar och $30K Sunday Guaranteed som g\u00e5r p\u00e5 s\u00f6ndagar. Motst\u00e5ndet \u00e4r generellt ganska enkelt och det kan \u00e4ven bli en hel del extra pengar.<\/p>\n<p>Sit N\u2019 Go turneringarna hos Everest \u00e4r inte de mest action fyllda och det kan ta en liten stund att f\u00e5 en turnering fylld, \u00e4ven under de b\u00e4sta timmarna p\u00e5 dygnet. Du f\u00e5r r\u00e4kna med att v\u00e4nta runt 10-15 minuter p\u00e5 Sit N\u2019 Go borden som har h\u00f6gre insatts att bli fylld. Det finns ink\u00f6p fr\u00e5n mikro niv\u00e5er enda upp till $500. Everest erbjuder heads-up, 6 och 10 manna SNG turneringar. M\u00e5nga av turneringarna erbjuder \u00e4ven rebuy, turbo, add-ons och deep stack av olika variationer.<\/p>\n<p><strong>Ringspel<\/strong><\/p>\n<p>Everest Poker ger sina poker spelare gott om alternativ n\u00e4r det g\u00e4ller ringspel. Det finns gott om bord dygnet runt p\u00e5 mikro niv\u00e5erna. No Limit Hold Em\u2019 action \u00e4r det dygnet runt under de flesta niv\u00e5erna men $5\/$10 borden och h\u00f6gre kan det vara lite d\u00e5ligt med under vissa perioder. Pot Limit Omaha f\u00e5r ocks\u00e5 en del action. Men detta \u00e4r inte allt utan Everest erbjuder \u00e4ven spel som Seven Card Stud, Draw Poker, H.O.R.S.E och Razz.<\/p>\n<p><strong>Sammanfattning<\/strong><\/p>\n<p>Everest \u00e4r inte ett paradis f\u00f6r grindare men detta \u00e4r delvis varf\u00f6r Everest \u00e4r s\u00e5 attraktivt. Erfarna poker spelare kan enkelt spana ut fisken och f\u00e5 en s\u00e5 optimal tid som m\u00f6jligt under deras spel timmar. F\u00f6rutom detta s\u00e5 erbjuder dem en fantastisk v\u00e4lkomst bonus p\u00e5 upp till $500 och ett v\u00e4ldigt bra VIP program.<\/p>\n","protected":false},"excerpt":{"rendered":"<p>Everest Poker \u00e4r ett online pokerrum som nyligen flyttade till n\u00e4tverket iPoker och d\u00e4rav avslutade sin egna mjukvara p\u00e5 Everest Gaming network. De startade 2005 och regleras i Gibraltar och rummen h\u00e4r \u00e4r strikt reglerade av Gibraltar Gaming Commission. Som<a class=\"post-link\" href=\"https:\/\/www.rakemonkey.com\/se\/recensioner\/everest-poker\/\"> read more&#8230;<\/a><\/p>\n","protected":false},"author":9,"featured_media":0,"parent":5,"menu_order":0,"comment_status":"closed","ping_status":"open","template":"rm_review.php","meta":[],"acf":[],"yoast_head":"<!-- This site is optimized with the Yoast SEO plugin v19.6.1 - https:\/\/yoast.com\/wordpress\/plugins\/seo\/ -->\n<title>Everest Poker Recension \u2013 100% Bonus upp till $500<\/title>\n<meta name=\"description\" content=\"Everest Poker \u00e4r en av dem st\u00f6rsta internationella poker sidorna online idag och \u00e4r tillg\u00e4ngligt i ett dussintal spr\u00e5k v\u00e4rlden \u00f6ver. G\u00e5 en $500 bonus idag genom att registrera dig!\" \/>\n<meta name=\"robots\" content=\"index, follow, max-snippet:-1, max-image-preview:large, max-video-preview:-1\" \/>\n<link rel=\"canonical\" href=\"https:\/\/www.rakemonkey.com\/se\/recensioner\/everest-poker\/\" \/>\n<meta property=\"og:locale\" content=\"en_US\" \/>\n<meta property=\"og:type\" content=\"article\" \/>\n<meta property=\"og:title\" content=\"Everest Poker Recension \u2013 100% Bonus upp till $500\" \/>\n<meta property=\"og:description\" content=\"Everest Poker \u00e4r en av dem st\u00f6rsta internationella poker sidorna online idag och \u00e4r tillg\u00e4ngligt i ett dussintal spr\u00e5k v\u00e4rlden \u00f6ver. G\u00e5 en $500 bonus idag genom att registrera dig!\" \/>\n<meta property=\"og:url\" content=\"https:\/\/www.rakemonkey.com\/se\/recensioner\/everest-poker\/\" \/>\n<meta property=\"og:site_name\" content=\"RakeMonkey.com\" \/>\n<meta name=\"twitter:card\" content=\"summary\" \/>\n<meta name=\"twitter:label1\" content=\"Est. reading time\" \/>\n\t<meta name=\"twitter:data1\" content=\"6 minutes\" \/>\n<script type=\"application\/ld+json\" class=\"yoast-schema-graph\">{\"@context\":\"https:\/\/schema.org\",\"@graph\":[{\"@type\":\"WebPage\",\"@id\":\"https:\/\/www.rakemonkey.com\/se\/recensioner\/everest-poker\/\",\"url\":\"https:\/\/www.rakemonkey.com\/se\/recensioner\/everest-poker\/\",\"name\":\"Everest Poker Recension \u2013 100% Bonus upp till $500\",\"isPartOf\":{\"@id\":\"https:\/\/www.rakemonkey.com\/se\/#website\"},\"datePublished\":\"2013-03-06T22:06:05+00:00\",\"dateModified\":\"2013-03-06T22:06:05+00:00\",\"description\":\"Everest Poker \u00e4r en av dem st\u00f6rsta internationella poker sidorna online idag och \u00e4r tillg\u00e4ngligt i ett dussintal spr\u00e5k v\u00e4rlden \u00f6ver. G\u00e5 en $500 bonus idag genom att registrera dig!\",\"breadcrumb\":{\"@id\":\"https:\/\/www.rakemonkey.com\/se\/recensioner\/everest-poker\/#breadcrumb\"},\"inLanguage\":\"en-US\",\"potentialAction\":[{\"@type\":\"ReadAction\",\"target\":[\"https:\/\/www.rakemonkey.com\/se\/recensioner\/everest-poker\/\"]}]},{\"@type\":\"BreadcrumbList\",\"@id\":\"https:\/\/www.rakemonkey.com\/se\/recensioner\/everest-poker\/#breadcrumb\",\"itemListElement\":[{\"@type\":\"ListItem\",\"position\":1,\"name\":\"Home\",\"item\":\"https:\/\/www.rakemonkey.com\/se\/\"},{\"@type\":\"ListItem\",\"position\":2,\"name\":\"Rakeback Recensioner Online | Pokerrum Som Erbjuder Rakeback\",\"item\":\"https:\/\/www.rakemonkey.com\/se\/recensioner\/\"},{\"@type\":\"ListItem\",\"position\":3,\"name\":\"Everest Poker Recension\"}]},{\"@type\":\"WebSite\",\"@id\":\"https:\/\/www.rakemonkey.com\/se\/#website\",\"url\":\"https:\/\/www.rakemonkey.com\/se\/\",\"name\":\"RakeMonkey.com\",\"description\":\"\",\"potentialAction\":[{\"@type\":\"SearchAction\",\"target\":{\"@type\":\"EntryPoint\",\"urlTemplate\":\"https:\/\/www.rakemonkey.com\/se\/?s={search_term_string}\"},\"query-input\":\"required name=search_term_string\"}],\"inLanguage\":\"en-US\"}]}<\/script>\n<!-- \/ Yoast SEO plugin. -->","yoast_head_json":{"title":"Everest Poker Recension \u2013 100% Bonus upp till $500","description":"Everest Poker \u00e4r en av dem st\u00f6rsta internationella poker sidorna online idag och \u00e4r tillg\u00e4ngligt i ett dussintal spr\u00e5k v\u00e4rlden \u00f6ver. G\u00e5 en $500 bonus idag genom att registrera dig!","robots":{"index":"index","follow":"follow","max-snippet":"max-snippet:-1","max-image-preview":"max-image-preview:large","max-video-preview":"max-video-preview:-1"},"canonical":"https:\/\/www.rakemonkey.com\/se\/recensioner\/everest-poker\/","og_locale":"en_US","og_type":"article","og_title":"Everest Poker Recension \u2013 100% Bonus upp till $500","og_description":"Everest Poker \u00e4r en av dem st\u00f6rsta internationella poker sidorna online idag och \u00e4r tillg\u00e4ngligt i ett dussintal spr\u00e5k v\u00e4rlden \u00f6ver. G\u00e5 en $500 bonus idag genom att registrera dig!","og_url":"https:\/\/www.rakemonkey.com\/se\/recensioner\/everest-poker\/","og_site_name":"RakeMonkey.com","twitter_card":"summary","twitter_misc":{"Est. reading time":"6 minutes"},"schema":{"@context":"https:\/\/schema.org","@graph":[{"@type":"WebPage","@id":"https:\/\/www.rakemonkey.com\/se\/recensioner\/everest-poker\/","url":"https:\/\/www.rakemonkey.com\/se\/recensioner\/everest-poker\/","name":"Everest Poker Recension \u2013 100% Bonus upp till $500","isPartOf":{"@id":"https:\/\/www.rakemonkey.com\/se\/#website"},"datePublished":"2013-03-06T22:06:05+00:00","dateModified":"2013-03-06T22:06:05+00:00","description":"Everest Poker \u00e4r en av dem st\u00f6rsta internationella poker sidorna online idag och \u00e4r tillg\u00e4ngligt i ett dussintal spr\u00e5k v\u00e4rlden \u00f6ver. G\u00e5 en $500 bonus idag genom att registrera dig!","breadcrumb":{"@id":"https:\/\/www.rakemonkey.com\/se\/recensioner\/everest-poker\/#breadcrumb"},"inLanguage":"en-US","potentialAction":[{"@type":"ReadAction","target":["https:\/\/www.rakemonkey.com\/se\/recensioner\/everest-poker\/"]}]},{"@type":"BreadcrumbList","@id":"https:\/\/www.rakemonkey.com\/se\/recensioner\/everest-poker\/#breadcrumb","itemListElement":[{"@type":"ListItem","position":1,"name":"Home","item":"https:\/\/www.rakemonkey.com\/se\/"},{"@type":"ListItem","position":2,"name":"Rakeback Recensioner Online | Pokerrum Som Erbjuder Rakeback","item":"https:\/\/www.rakemonkey.com\/se\/recensioner\/"},{"@type":"ListItem","position":3,"name":"Everest Poker Recension"}]},{"@type":"WebSite","@id":"https:\/\/www.rakemonkey.com\/se\/#website","url":"https:\/\/www.rakemonkey.com\/se\/","name":"RakeMonkey.com","description":"","potentialAction":[{"@type":"SearchAction","target":{"@type":"EntryPoint","urlTemplate":"https:\/\/www.rakemonkey.com\/se\/?s={search_term_string}"},"query-input":"required name=search_term_string"}],"inLanguage":"en-US"}]}},"_links":{"self":[{"href":"https:\/\/www.rakemonkey.com\/se\/wp-json\/wp\/v2\/pages\/29"}],"collection":[{"href":"https:\/\/www.rakemonkey.com\/se\/wp-json\/wp\/v2\/pages"}],"about":[{"href":"https:\/\/www.rakemonkey.com\/se\/wp-json\/wp\/v2\/types\/page"}],"author":[{"embeddable":true,"href":"https:\/\/www.rakemonkey.com\/se\/wp-json\/wp\/v2\/users\/9"}],"replies":[{"embeddable":true,"href":"https:\/\/www.rakemonkey.com\/se\/wp-json\/wp\/v2\/comments?post=29"}],"version-history":[{"count":0,"href":"https:\/\/www.rakemonkey.com\/se\/wp-json\/wp\/v2\/pages\/29\/revisions"}],"up":[{"embeddable":true,"href":"https:\/\/www.rakemonkey.com\/se\/wp-json\/wp\/v2\/pages\/5"}],"wp:attachment":[{"href":"https:\/\/www.rakemonkey.com\/se\/wp-json\/wp\/v2\/media?parent=29"}],"curies":[{"name":"wp","href":"https:\/\/api.w.org\/{rel}","templated":true}]}}