{"id":34,"date":"2013-03-06T22:11:54","date_gmt":"2013-03-06T22:11:54","guid":{"rendered":"http:\/\/rakemonkey.com\/se\/?page_id=34"},"modified":"2013-03-06T22:11:54","modified_gmt":"2013-03-06T22:11:54","slug":"interpoker-rakeback","status":"publish","type":"page","link":"https:\/\/www.rakemonkey.com\/se\/recensioner\/interpoker-rakeback\/","title":{"rendered":"InterPoker Rakeback"},"content":{"rendered":"<h2>InterPoker \u00d6versikt<\/h2>\n<p>Interpoker erbjuder alla nya spelare som skapar sitt f\u00f6rsta konto h\u00e4r hos Rake Monkey en grym 30% rakeback deal som anv\u00e4nder \u201dContributed\u201d metoden. Rake Monkey l\u00e4sare f\u00e5r ocks\u00e5 en bonus p\u00e5 200% (Som dubblar din ins\u00e4ttning innan du ens b\u00f6rjat spela) upp till \u20ac1,000.<\/p>\n<p>Interpoker startade sin verksamhet p\u00e5 internet 2002 och har sedan dess gett rakeback poker spelare gott om action p\u00e5 en stabil plattform. Spelare fr\u00e5n USA f\u00f6r ej spela hos Interpoker men f\u00f6r amerikanska spelare finns bra alternativ s\u00e5 som Carbon Poker som till\u00e5ter spelare fr\u00e5n USA. Interpoker har gott om trafik p\u00e5 alla omr\u00e5den som inkluderar Multi-bords turneringar, Sit and Go turneringar och sj\u00e4lvklart ocks\u00e5 de vanliga pengar borden.<\/p>\n<h2>InterPoker Rakeback Program<\/h2>\n<p>F\u00f6r att starta med rakeback hos interpoker s\u00e5 beh\u00f6ver du endast klicka p\u00e5 n\u00e5gon av v\u00e5ra l\u00e4nkar och registrera ett nytt konto. Efter det s\u00e5 beh\u00f6ver du komma tillbaka hit till RakeMonkey och skriva in ditt poker alias och din email adress, tycker allt du borde \u201dbookmarka\u201d v\u00e5ran hemsida f\u00f6r vi vill inte f\u00f6rlora dig och sen inte veta vart vi ska skicka pengarna.<\/p>\n<p>30% av din rake kommer att betalas ut till ditt spelar konto och detta kan du f\u00e5 insatt varje dag genom att bes\u00f6ka RakeMonkey.com.<\/p>\n<h2>InterPoker V\u00e4lkomst bonus<\/h2>\n<p>Genom en skicklig f\u00f6rhandling av v\u00e5r marknadsf\u00f6rings team h\u00e4r p\u00e5 RakeMonkey s\u00e5 kan vi ge v\u00e5ra l\u00e4sare en riktigt bra bonus! Spelare som registrerar sig hos oss f\u00e5r en bonus p\u00e5 hela 200% upp till \u20ac1,000 att spela f\u00f6r!<\/p>\n<p>F\u00f6r att f\u00e5 ut din bonus till ditt spelar konto s\u00e5 beh\u00f6ver du tj\u00e4na ihop Interpoker po\u00e4ng och varje 50 po\u00e4ng du f\u00e5tt ihop ger dig $5 av din bonus insatt p\u00e5 ditt spelar konto.<\/p>\n<p>Interpoker drar inte av din bonus som t.ex. Sun Poker, s\u00e5 bonusen \u00e4r rena pengar till dig och den har inget att g\u00f6ra med rakebacken heller.<\/p>\n<h2>InterPoker Turnerings Rakeback<\/h2>\n<p>Det finns pokerrum som totalt bl\u00e5ser sina spelare med turnerings avgifter och inte betalar n\u00e5gon rakeback p\u00e5 avgiften men InterPoker \u00e4r inte en av dem. Oavsett vad du spelar hos Interpoker s\u00e5 f\u00e5r du rakeback. Spelar du MTT eller SNG s\u00e5 f\u00e5r du din rakeback p\u00e5 30% tillbaka.<\/p>\n<p>Interpoker erbjuder en stor blandning utav ins\u00e4ttning och uttags m\u00f6jligheter s\u00e5 som ett av dem vanligaste s\u00e4ttet, VISA, som \u00e4r accepterat av varje pokerrum online. Sj\u00e4lvklar finns e-pl\u00e5nb\u00f6ckerna s\u00e5 som NETeller, Moneybookers, Click2Pay, PaySafeCard och bank \u00f6verf\u00f6ring<\/p>\n","protected":false},"excerpt":{"rendered":"<p>InterPoker \u00d6versikt Interpoker erbjuder alla nya spelare som skapar sitt f\u00f6rsta konto h\u00e4r hos Rake Monkey en grym 30% rakeback deal som anv\u00e4nder \u201dContributed\u201d metoden. Rake Monkey l\u00e4sare f\u00e5r ocks\u00e5 en bonus p\u00e5 200% (Som dubblar din ins\u00e4ttning innan du<a class=\"post-link\" href=\"https:\/\/www.rakemonkey.com\/se\/recensioner\/interpoker-rakeback\/\"> read more&#8230;<\/a><\/p>\n","protected":false},"author":9,"featured_media":0,"parent":5,"menu_order":0,"comment_status":"closed","ping_status":"open","template":"rm_review.php","meta":[],"acf":[],"yoast_head":"<!-- This site is optimized with the Yoast SEO plugin v19.6.1 - https:\/\/yoast.com\/wordpress\/plugins\/seo\/ -->\n<title>InterPoker Rakeback Recension \u2013 30% till Nya Spelare<\/title>\n<meta name=\"description\" content=\"Ta ut din InterPoker rakeback dagligen n\u00e4r du registrerar ett NYTT konto h\u00e4r hos RakeMonkey.com. 30% rakeback och upp till 200% ins\u00e4ttnings bonus n\u00e4r du registrerar dig.\" \/>\n<meta name=\"robots\" content=\"index, follow, max-snippet:-1, max-image-preview:large, max-video-preview:-1\" \/>\n<link rel=\"canonical\" href=\"https:\/\/www.rakemonkey.com\/se\/recensioner\/interpoker-rakeback\/\" \/>\n<meta property=\"og:locale\" content=\"en_US\" \/>\n<meta property=\"og:type\" content=\"article\" \/>\n<meta property=\"og:title\" content=\"InterPoker Rakeback Recension \u2013 30% till Nya Spelare\" \/>\n<meta property=\"og:description\" content=\"Ta ut din InterPoker rakeback dagligen n\u00e4r du registrerar ett NYTT konto h\u00e4r hos RakeMonkey.com. 30% rakeback och upp till 200% ins\u00e4ttnings bonus n\u00e4r du registrerar dig.\" \/>\n<meta property=\"og:url\" content=\"https:\/\/www.rakemonkey.com\/se\/recensioner\/interpoker-rakeback\/\" \/>\n<meta property=\"og:site_name\" content=\"RakeMonkey.com\" \/>\n<meta name=\"twitter:card\" content=\"summary\" \/>\n<meta name=\"twitter:label1\" content=\"Est. reading time\" \/>\n\t<meta name=\"twitter:data1\" content=\"2 minutes\" \/>\n<script type=\"application\/ld+json\" class=\"yoast-schema-graph\">{\"@context\":\"https:\/\/schema.org\",\"@graph\":[{\"@type\":\"WebPage\",\"@id\":\"https:\/\/www.rakemonkey.com\/se\/recensioner\/interpoker-rakeback\/\",\"url\":\"https:\/\/www.rakemonkey.com\/se\/recensioner\/interpoker-rakeback\/\",\"name\":\"InterPoker Rakeback Recension \u2013 30% till Nya Spelare\",\"isPartOf\":{\"@id\":\"https:\/\/www.rakemonkey.com\/se\/#website\"},\"datePublished\":\"2013-03-06T22:11:54+00:00\",\"dateModified\":\"2013-03-06T22:11:54+00:00\",\"description\":\"Ta ut din InterPoker rakeback dagligen n\u00e4r du registrerar ett NYTT konto h\u00e4r hos RakeMonkey.com. 30% rakeback och upp till 200% ins\u00e4ttnings bonus n\u00e4r du registrerar dig.\",\"breadcrumb\":{\"@id\":\"https:\/\/www.rakemonkey.com\/se\/recensioner\/interpoker-rakeback\/#breadcrumb\"},\"inLanguage\":\"en-US\",\"potentialAction\":[{\"@type\":\"ReadAction\",\"target\":[\"https:\/\/www.rakemonkey.com\/se\/recensioner\/interpoker-rakeback\/\"]}]},{\"@type\":\"BreadcrumbList\",\"@id\":\"https:\/\/www.rakemonkey.com\/se\/recensioner\/interpoker-rakeback\/#breadcrumb\",\"itemListElement\":[{\"@type\":\"ListItem\",\"position\":1,\"name\":\"Home\",\"item\":\"https:\/\/www.rakemonkey.com\/se\/\"},{\"@type\":\"ListItem\",\"position\":2,\"name\":\"Rakeback Recensioner Online | Pokerrum Som Erbjuder Rakeback\",\"item\":\"https:\/\/www.rakemonkey.com\/se\/recensioner\/\"},{\"@type\":\"ListItem\",\"position\":3,\"name\":\"InterPoker Rakeback\"}]},{\"@type\":\"WebSite\",\"@id\":\"https:\/\/www.rakemonkey.com\/se\/#website\",\"url\":\"https:\/\/www.rakemonkey.com\/se\/\",\"name\":\"RakeMonkey.com\",\"description\":\"\",\"potentialAction\":[{\"@type\":\"SearchAction\",\"target\":{\"@type\":\"EntryPoint\",\"urlTemplate\":\"https:\/\/www.rakemonkey.com\/se\/?s={search_term_string}\"},\"query-input\":\"required name=search_term_string\"}],\"inLanguage\":\"en-US\"}]}<\/script>\n<!-- \/ Yoast SEO plugin. -->","yoast_head_json":{"title":"InterPoker Rakeback Recension \u2013 30% till Nya Spelare","description":"Ta ut din InterPoker rakeback dagligen n\u00e4r du registrerar ett NYTT konto h\u00e4r hos RakeMonkey.com. 30% rakeback och upp till 200% ins\u00e4ttnings bonus n\u00e4r du registrerar dig.","robots":{"index":"index","follow":"follow","max-snippet":"max-snippet:-1","max-image-preview":"max-image-preview:large","max-video-preview":"max-video-preview:-1"},"canonical":"https:\/\/www.rakemonkey.com\/se\/recensioner\/interpoker-rakeback\/","og_locale":"en_US","og_type":"article","og_title":"InterPoker Rakeback Recension \u2013 30% till Nya Spelare","og_description":"Ta ut din InterPoker rakeback dagligen n\u00e4r du registrerar ett NYTT konto h\u00e4r hos RakeMonkey.com. 30% rakeback och upp till 200% ins\u00e4ttnings bonus n\u00e4r du registrerar dig.","og_url":"https:\/\/www.rakemonkey.com\/se\/recensioner\/interpoker-rakeback\/","og_site_name":"RakeMonkey.com","twitter_card":"summary","twitter_misc":{"Est. reading time":"2 minutes"},"schema":{"@context":"https:\/\/schema.org","@graph":[{"@type":"WebPage","@id":"https:\/\/www.rakemonkey.com\/se\/recensioner\/interpoker-rakeback\/","url":"https:\/\/www.rakemonkey.com\/se\/recensioner\/interpoker-rakeback\/","name":"InterPoker Rakeback Recension \u2013 30% till Nya Spelare","isPartOf":{"@id":"https:\/\/www.rakemonkey.com\/se\/#website"},"datePublished":"2013-03-06T22:11:54+00:00","dateModified":"2013-03-06T22:11:54+00:00","description":"Ta ut din InterPoker rakeback dagligen n\u00e4r du registrerar ett NYTT konto h\u00e4r hos RakeMonkey.com. 30% rakeback och upp till 200% ins\u00e4ttnings bonus n\u00e4r du registrerar dig.","breadcrumb":{"@id":"https:\/\/www.rakemonkey.com\/se\/recensioner\/interpoker-rakeback\/#breadcrumb"},"inLanguage":"en-US","potentialAction":[{"@type":"ReadAction","target":["https:\/\/www.rakemonkey.com\/se\/recensioner\/interpoker-rakeback\/"]}]},{"@type":"BreadcrumbList","@id":"https:\/\/www.rakemonkey.com\/se\/recensioner\/interpoker-rakeback\/#breadcrumb","itemListElement":[{"@type":"ListItem","position":1,"name":"Home","item":"https:\/\/www.rakemonkey.com\/se\/"},{"@type":"ListItem","position":2,"name":"Rakeback Recensioner Online | Pokerrum Som Erbjuder Rakeback","item":"https:\/\/www.rakemonkey.com\/se\/recensioner\/"},{"@type":"ListItem","position":3,"name":"InterPoker Rakeback"}]},{"@type":"WebSite","@id":"https:\/\/www.rakemonkey.com\/se\/#website","url":"https:\/\/www.rakemonkey.com\/se\/","name":"RakeMonkey.com","description":"","potentialAction":[{"@type":"SearchAction","target":{"@type":"EntryPoint","urlTemplate":"https:\/\/www.rakemonkey.com\/se\/?s={search_term_string}"},"query-input":"required name=search_term_string"}],"inLanguage":"en-US"}]}},"_links":{"self":[{"href":"https:\/\/www.rakemonkey.com\/se\/wp-json\/wp\/v2\/pages\/34"}],"collection":[{"href":"https:\/\/www.rakemonkey.com\/se\/wp-json\/wp\/v2\/pages"}],"about":[{"href":"https:\/\/www.rakemonkey.com\/se\/wp-json\/wp\/v2\/types\/page"}],"author":[{"embeddable":true,"href":"https:\/\/www.rakemonkey.com\/se\/wp-json\/wp\/v2\/users\/9"}],"replies":[{"embeddable":true,"href":"https:\/\/www.rakemonkey.com\/se\/wp-json\/wp\/v2\/comments?post=34"}],"version-history":[{"count":0,"href":"https:\/\/www.rakemonkey.com\/se\/wp-json\/wp\/v2\/pages\/34\/revisions"}],"up":[{"embeddable":true,"href":"https:\/\/www.rakemonkey.com\/se\/wp-json\/wp\/v2\/pages\/5"}],"wp:attachment":[{"href":"https:\/\/www.rakemonkey.com\/se\/wp-json\/wp\/v2\/media?parent=34"}],"curies":[{"name":"wp","href":"https:\/\/api.w.org\/{rel}","templated":true}]}}