{"id":37,"date":"2013-03-06T22:33:04","date_gmt":"2013-03-06T22:33:04","guid":{"rendered":"http:\/\/rakemonkey.com\/se\/?page_id=37"},"modified":"2013-03-06T22:33:04","modified_gmt":"2013-03-06T22:33:04","slug":"intertops-poker","status":"publish","type":"page","link":"https:\/\/www.rakemonkey.com\/se\/recensioner\/intertops-poker\/","title":{"rendered":"Intertops Poker Recension"},"content":{"rendered":"<p><strong>Intertops Poker Recension<\/strong><\/p>\n<p><strong>F\u00f6retagets Historia<\/strong><\/p>\n<p>Intertops \u00e4r ett online pokerrum och en sportsbook som \u00e4r en del av Revolution Gaming n\u00e4tverket. Intertops \u00e4r en sann pionj\u00e4r inom spel och dobbel som har varit med sedan 1996! Intertops var faktiskt den f\u00f6rsta betting sidan som till\u00e4t vad slagning f\u00f6r riktiga pengar. F\u00f6retaget har mer \u00e4n 15 \u00e5rs erfarenhet av spel och dobbel online och dem har sk\u00f6tt sig fl\u00e4ckfritt. Intertops Poker \u00e4r licensierat och reglerat i b\u00e5de Nederl\u00e4nderna Antilles och Cypern.<\/p>\n<p>Intertops tar f\u00f6r tillf\u00e4llet inte emot amerikanska spelare men spelare fr\u00e5n USA som har konto sedan tidigare kan fortfarande spela poker f\u00f6r riktiga pengar. Utbetalnings tider har inte \u00e4ndrats f\u00f6r dessa spelare. \u00c4ven om Intertops inte till\u00e5ter spelare fr\u00e5n USA att registrera sig s\u00e5 kan \u201detablerade\u201d spelare bjuda in amerikaner. Etablerad betyder f\u00f6rmodligen en spelare som har varit aktiv och har en l\u00e5ng historik av att s\u00e4tta in pengar.<\/p>\n<p>Intertops Poker har nyligen sagt att dem inte accepterar nya amerikanska spelare just nu vilket betyder att det troligen kan \u00e4ndras i framtiden. Andra Revolution Gaming rum \u201dskins\u201d f\u00f6ljer inte detta utan tar emot amerikanska spelare med \u00f6ppna armar. Ett stort antal spelare har registrerat sig efter att dem flyttade ifr\u00e5n Cake Poker n\u00e4tverket och kan kanske ha \u00f6verbelastat Intertops som kanske kommer sluta ta emot nya spelare kortare perioder f\u00f6r att hinna ikapp den stora efterfr\u00e5gan. Det \u00e4r b\u00e4st att h\u00e5lla koll p\u00e5 Intertops Poker f\u00f6r mycket kan f\u00f6r\u00e4ndras dem n\u00e4rmaste m\u00e5naderna.<\/p>\n<p><strong>Mjukvara<\/strong><\/p>\n<p>Intertops Poker anv\u00e4nder den uppgraderade Revolution Gaming klienten och den \u00e4r v\u00e4ldigt lik den f\u00f6rra versionen av Cake Poker n\u00e4tverkets klient. Men, den har blivit en aning uppgraderad.<\/p>\n<p>Grafiken i klienten \u00e4r definitivt inte den snyggaste p\u00e5 marknaden men den \u00e4r helt bugg fri och flyter p\u00e5 riktigt bra \u00e4ven fast man spelar p\u00e5 fler bord samtidigt. Borden kan justeras i storlek och spelaren kan arrangera f\u00f6nstren: tiling, cascading och four corners finns att v\u00e4lja mellan. Lobby filtren \u00e4r avancerade och det finns gott om alternativ.<\/p>\n<p>Sen dem flyttade till Revolution Gaming s\u00e5 har Intertops Poker f\u00e5tt tillbaka sin position av heads-up statistik. Nu kan spelare anv\u00e4nda HUDs och mjukvaran \u00e4r kompatibel med b\u00e5de PokerTracker och Holdem Manager.<\/p>\n<p><strong>Support<\/strong><\/p>\n<p>Intertops Poker har riktigt bra support. Inte nog med att pokerrummet har support n\u00e4stan dygnet runt, dem har \u00e4ven live chat och email dedikerat f\u00f6r endast poker. N\u00e4r dem har \u00f6ppet beror p\u00e5 vart man bor men dem har representativa som n\u00e4stan alltid finns online. Man kan ringa Intertops Poker via Skype vilket g\u00f6r dem \u00e4n mer tillg\u00e4ngliga. Supporten \u00e4r alltid \u00f6ppen f\u00f6r att h\u00f6ra p\u00e5 klagom\u00e5l och vad som kan f\u00f6rb\u00e4ttras.<\/p>\n<p><strong>Ins\u00e4ttningar<\/strong><\/p>\n<p>Intertops accepterar ins\u00e4ttningar f\u00f6r internationella spelare och amerikanska spelare s\u00e5 ins\u00e4ttnings valen varierar beroende p\u00e5 vart man bor. Internationella spelare har ett dussintal ins\u00e4ttnings val f\u00f6r att Intertops vill att du som spelare ska ha s\u00e5 mycket som m\u00f6jligt att v\u00e4lja mellan.<\/p>\n<p>Det mest popul\u00e4ra valen f\u00f6r internationella spelare \u00e4r e-pl\u00e5nb\u00f6ckerna Neteller och Moneybookers. Rummet accepterar och ett stort urval av kreditkort och bland dem finns VISA och Mastercard.<\/p>\n<p><strong>Utbetalning<\/strong><\/p>\n<p>\u00c5ter igen s\u00e5 varierar valen beroende p\u00e5 vart man bor. Internationella spelare har en stor lista utav utbetalnings s\u00e4tt. Medans spelare fr\u00e5n USA har n\u00e5gra f\u00e5 att v\u00e4lja mellan. De flesta s\u00e4tten f\u00f6r internationella spelare \u00e4r gratis och tar normalt sett upp till 48 timmar innan det \u00e4r klart. N\u00e5gra av valen \u00e4r Moneybookers, Neteller, Instadebit och m\u00e5nga fler.<\/p>\n<p><strong>VIP Och Bonus<\/strong><\/p>\n<p>Intertops Poker har ett VIP program med flera niv\u00e5er och ger spelare FPP\u2019s n\u00e4r dem spelar med riktiga pengar p\u00e5 cash borden och i turneringar. En spelare f\u00e5r 1 FPP f\u00f6r varje $1 man betalt i rake och 7 FPP f\u00f6r varje $1 i turnerings avgift. Dessa FPP kan bytas ut mot guld kort som sedan kan anv\u00e4ndas f\u00f6r att f\u00e5 pengar bonusar och\/eller intr\u00e4den till turneringar.<\/p>\n<p>FPP anv\u00e4nds ocks\u00e5 f\u00f6r att \u00e5ka i VIP niv\u00e5 och det finns hela 50 niv\u00e5er i detta VIP programmet. Spelare kommer tj\u00e4na mer po\u00e4ng snabbare efter varje g\u00e5ng dem kommer upp i niv\u00e5. Intertops Poker har ocks\u00e5 varje m\u00e5nad ett rake race som \u00e4r baserat p\u00e5 FPP, h\u00e4r finns tusentals dollar i prispotten.<\/p>\n<p>Just nu \u00e4r bonusen man f\u00e5r n\u00e4r man g\u00f6r sin f\u00f6rsta ins\u00e4ttning 200% upp till $1,000. Bonusen f\u00e5r man ut successivt n\u00e4r man f\u00e5r ihop FPP\u2019s. Dock s\u00e5 \u00e4r kraven ganska h\u00e5rda eftersom man m\u00e5ste tj\u00e4na ihop 83 FPP f\u00f6r att f\u00e5 ut $5. F\u00f6rutom en h\u00f6g ins\u00e4ttnings bonus s\u00e5 till\u00e5ter Intertops att man klarar av flera bonusar samtidigt och erbjuder reload bonusar ofta.<\/p>\n<p>Intertops har en rakeback p\u00e5 36% under den s\u00e5 kallade \u201ddealt\u201d metoden. Bonusarna r\u00e4knas inte av fr\u00e5n det man tj\u00e4na p\u00e5 rakebacken men spelare kommer tj\u00e4na po\u00e4ng 50% l\u00e5ngsammare \u00e4n spelare som inte har rakeback.<\/p>\n<p><strong>Spelar trafik och Motst\u00e5nd<\/strong><\/p>\n<p>N\u00e4r Intertops gick ifr\u00e5n Cake Poker n\u00e4tverket och \u00e5teretablerade sig hos n\u00e4tverket Revolution Gaming s\u00e5 steg spelar antalet. Just nu s\u00e5 delar Revolution Gaming sin plats med Merge Gaming f\u00f6r amerikanska spelare. N\u00e4tverket har \u00f6ver 30 \u201dskins\u201d och spelar antalet \u00f6kar fort. Det finns tusentals spelare online samtidigt under de b\u00e4sta timmarna p\u00e5 cash borden och mycket fler p\u00e5 turnerings borden.<\/p>\n<p>Motst\u00e5ndet p\u00e5 Intertops \u00e4r generellt sett svagt. Det finns m\u00e5nga bra spelare som \u00e5terkommer till borden men det verkar alltid finnas en stor str\u00f6m av fisk. Och tack vare att m\u00e5nga rum har sportsbook och casino g\u00f6r att det alltid kommer in mycket fisk.<\/p>\n<p><strong>Cash spel<\/strong><\/p>\n<p>Intertops erbjuder Holdem limit och no limit, Omaha och Omaha Hi\/Lo. No Limit Holdem har action dygnet runt men som mest \u00e4r det p\u00e5 kv\u00e4llarna. Det \u00e4r fruktansv\u00e4rt mycket action p\u00e5 mikro niv\u00e5erna med 40 eller fler bord dygnet runt. Medel och de h\u00f6ga niv\u00e5erna \u00e4r ocks\u00e5 ganska aktivt med m\u00e5nga 6-max och full rings bord.<\/p>\n<p>Limit Holdem action \u00e4r ganska s\u00e5 of\u00f6ruts\u00e4gbar och k\u00f6rs som mest p\u00e5 kv\u00e4llarna men det kan vara lite av en hitt eller miss. Pot Limit Omaha har f\u00e5tt en bra \u00f6kning tack vare flytten till Revolution Gaming och h\u00e4r finns det gott om action dygnet runt.<\/p>\n<p><strong>Turneringar<\/strong><\/p>\n<p>Turnerings biten har ocks\u00e5 \u00f6kat sedan flytten till Revolution Gaming n\u00e4tverket. Stora garanterade turneringar \u00e4r nu en helt normal sak d\u00e4r spelare erbjuds en $80K garanterad turnering varje s\u00f6ndag, varje l\u00f6rdag s\u00e5 finns det en $15K och en $7,500 garanterad poker turnering. Det finns m\u00e5nga variationer s\u00e5 som Deep stack och bounty turneringar.<\/p>\n<p>Det finns konstant action med Sit and Go upp till $50 niv\u00e5n med m\u00e5nga spel alternativ som heads-up, 6-max, turbo, double ups och hyper turbo. Strukturen f\u00f6r SNG var helt omgjort efter att dem gick \u00f6ver till Revolution Gaming och detta efter spelares \u00f6nskem\u00e5l.<\/p>\n<p><strong>Slutsats <\/strong><\/p>\n<p>Intertops \u00e4r helt enkelt ett underbart st\u00e4lle f\u00f6r poker spelare. Intertops \u00e4r riktigt hederliga och ett v\u00e4ldigt kompetent och fullst\u00e4digt pokerrum. Poker sidan har en bra v\u00e4lkomst bonus p\u00e5 upp till $1,000, en stor m\u00e4ngd fisk och har en av de snabbaste utbetalningarna inom denna industri. Vad kan man mer \u00f6nska som poker spelare?<\/p>\n","protected":false},"excerpt":{"rendered":"<p>Intertops Poker Recension F\u00f6retagets Historia Intertops \u00e4r ett online pokerrum och en sportsbook som \u00e4r en del av Revolution Gaming n\u00e4tverket. Intertops \u00e4r en sann pionj\u00e4r inom spel och dobbel som har varit med sedan 1996! Intertops var faktiskt den<a class=\"post-link\" href=\"https:\/\/www.rakemonkey.com\/se\/recensioner\/intertops-poker\/\"> read more&#8230;<\/a><\/p>\n","protected":false},"author":9,"featured_media":0,"parent":5,"menu_order":0,"comment_status":"closed","ping_status":"open","template":"rm_review.php","meta":[],"acf":[],"yoast_head":"<!-- This site is optimized with the Yoast SEO plugin v19.6.1 - https:\/\/yoast.com\/wordpress\/plugins\/seo\/ -->\n<title>Intertops Poker Recension \u2013 36% Rakeback och $1,000 Bonus<\/title>\n<meta name=\"description\" content=\"Kolla in Intertops Poker, ett av det mest p\u00e5litliga internationella pokerrummet f\u00f6r nyb\u00f6rjare och mellan niv\u00e5 spelare. F\u00e5 din $1K bonus och 36% rakeback idag!\" \/>\n<meta name=\"robots\" content=\"index, follow, max-snippet:-1, max-image-preview:large, max-video-preview:-1\" \/>\n<link rel=\"canonical\" href=\"https:\/\/www.rakemonkey.com\/se\/recensioner\/intertops-poker\/\" \/>\n<meta property=\"og:locale\" content=\"en_US\" \/>\n<meta property=\"og:type\" content=\"article\" \/>\n<meta property=\"og:title\" content=\"Intertops Poker Recension \u2013 36% Rakeback och $1,000 Bonus\" \/>\n<meta property=\"og:description\" content=\"Kolla in Intertops Poker, ett av det mest p\u00e5litliga internationella pokerrummet f\u00f6r nyb\u00f6rjare och mellan niv\u00e5 spelare. F\u00e5 din $1K bonus och 36% rakeback idag!\" \/>\n<meta property=\"og:url\" content=\"https:\/\/www.rakemonkey.com\/se\/recensioner\/intertops-poker\/\" \/>\n<meta property=\"og:site_name\" content=\"RakeMonkey.com\" \/>\n<meta name=\"twitter:card\" content=\"summary\" \/>\n<meta name=\"twitter:label1\" content=\"Est. reading time\" \/>\n\t<meta name=\"twitter:data1\" content=\"6 minutes\" \/>\n<script type=\"application\/ld+json\" class=\"yoast-schema-graph\">{\"@context\":\"https:\/\/schema.org\",\"@graph\":[{\"@type\":\"WebPage\",\"@id\":\"https:\/\/www.rakemonkey.com\/se\/recensioner\/intertops-poker\/\",\"url\":\"https:\/\/www.rakemonkey.com\/se\/recensioner\/intertops-poker\/\",\"name\":\"Intertops Poker Recension \u2013 36% Rakeback och $1,000 Bonus\",\"isPartOf\":{\"@id\":\"https:\/\/www.rakemonkey.com\/se\/#website\"},\"datePublished\":\"2013-03-06T22:33:04+00:00\",\"dateModified\":\"2013-03-06T22:33:04+00:00\",\"description\":\"Kolla in Intertops Poker, ett av det mest p\u00e5litliga internationella pokerrummet f\u00f6r nyb\u00f6rjare och mellan niv\u00e5 spelare. F\u00e5 din $1K bonus och 36% rakeback idag!\",\"breadcrumb\":{\"@id\":\"https:\/\/www.rakemonkey.com\/se\/recensioner\/intertops-poker\/#breadcrumb\"},\"inLanguage\":\"en-US\",\"potentialAction\":[{\"@type\":\"ReadAction\",\"target\":[\"https:\/\/www.rakemonkey.com\/se\/recensioner\/intertops-poker\/\"]}]},{\"@type\":\"BreadcrumbList\",\"@id\":\"https:\/\/www.rakemonkey.com\/se\/recensioner\/intertops-poker\/#breadcrumb\",\"itemListElement\":[{\"@type\":\"ListItem\",\"position\":1,\"name\":\"Home\",\"item\":\"https:\/\/www.rakemonkey.com\/se\/\"},{\"@type\":\"ListItem\",\"position\":2,\"name\":\"Rakeback Recensioner Online | Pokerrum Som Erbjuder Rakeback\",\"item\":\"https:\/\/www.rakemonkey.com\/se\/recensioner\/\"},{\"@type\":\"ListItem\",\"position\":3,\"name\":\"Intertops Poker Recension\"}]},{\"@type\":\"WebSite\",\"@id\":\"https:\/\/www.rakemonkey.com\/se\/#website\",\"url\":\"https:\/\/www.rakemonkey.com\/se\/\",\"name\":\"RakeMonkey.com\",\"description\":\"\",\"potentialAction\":[{\"@type\":\"SearchAction\",\"target\":{\"@type\":\"EntryPoint\",\"urlTemplate\":\"https:\/\/www.rakemonkey.com\/se\/?s={search_term_string}\"},\"query-input\":\"required name=search_term_string\"}],\"inLanguage\":\"en-US\"}]}<\/script>\n<!-- \/ Yoast SEO plugin. -->","yoast_head_json":{"title":"Intertops Poker Recension \u2013 36% Rakeback och $1,000 Bonus","description":"Kolla in Intertops Poker, ett av det mest p\u00e5litliga internationella pokerrummet f\u00f6r nyb\u00f6rjare och mellan niv\u00e5 spelare. F\u00e5 din $1K bonus och 36% rakeback idag!","robots":{"index":"index","follow":"follow","max-snippet":"max-snippet:-1","max-image-preview":"max-image-preview:large","max-video-preview":"max-video-preview:-1"},"canonical":"https:\/\/www.rakemonkey.com\/se\/recensioner\/intertops-poker\/","og_locale":"en_US","og_type":"article","og_title":"Intertops Poker Recension \u2013 36% Rakeback och $1,000 Bonus","og_description":"Kolla in Intertops Poker, ett av det mest p\u00e5litliga internationella pokerrummet f\u00f6r nyb\u00f6rjare och mellan niv\u00e5 spelare. F\u00e5 din $1K bonus och 36% rakeback idag!","og_url":"https:\/\/www.rakemonkey.com\/se\/recensioner\/intertops-poker\/","og_site_name":"RakeMonkey.com","twitter_card":"summary","twitter_misc":{"Est. reading time":"6 minutes"},"schema":{"@context":"https:\/\/schema.org","@graph":[{"@type":"WebPage","@id":"https:\/\/www.rakemonkey.com\/se\/recensioner\/intertops-poker\/","url":"https:\/\/www.rakemonkey.com\/se\/recensioner\/intertops-poker\/","name":"Intertops Poker Recension \u2013 36% Rakeback och $1,000 Bonus","isPartOf":{"@id":"https:\/\/www.rakemonkey.com\/se\/#website"},"datePublished":"2013-03-06T22:33:04+00:00","dateModified":"2013-03-06T22:33:04+00:00","description":"Kolla in Intertops Poker, ett av det mest p\u00e5litliga internationella pokerrummet f\u00f6r nyb\u00f6rjare och mellan niv\u00e5 spelare. F\u00e5 din $1K bonus och 36% rakeback idag!","breadcrumb":{"@id":"https:\/\/www.rakemonkey.com\/se\/recensioner\/intertops-poker\/#breadcrumb"},"inLanguage":"en-US","potentialAction":[{"@type":"ReadAction","target":["https:\/\/www.rakemonkey.com\/se\/recensioner\/intertops-poker\/"]}]},{"@type":"BreadcrumbList","@id":"https:\/\/www.rakemonkey.com\/se\/recensioner\/intertops-poker\/#breadcrumb","itemListElement":[{"@type":"ListItem","position":1,"name":"Home","item":"https:\/\/www.rakemonkey.com\/se\/"},{"@type":"ListItem","position":2,"name":"Rakeback Recensioner Online | Pokerrum Som Erbjuder Rakeback","item":"https:\/\/www.rakemonkey.com\/se\/recensioner\/"},{"@type":"ListItem","position":3,"name":"Intertops Poker Recension"}]},{"@type":"WebSite","@id":"https:\/\/www.rakemonkey.com\/se\/#website","url":"https:\/\/www.rakemonkey.com\/se\/","name":"RakeMonkey.com","description":"","potentialAction":[{"@type":"SearchAction","target":{"@type":"EntryPoint","urlTemplate":"https:\/\/www.rakemonkey.com\/se\/?s={search_term_string}"},"query-input":"required name=search_term_string"}],"inLanguage":"en-US"}]}},"_links":{"self":[{"href":"https:\/\/www.rakemonkey.com\/se\/wp-json\/wp\/v2\/pages\/37"}],"collection":[{"href":"https:\/\/www.rakemonkey.com\/se\/wp-json\/wp\/v2\/pages"}],"about":[{"href":"https:\/\/www.rakemonkey.com\/se\/wp-json\/wp\/v2\/types\/page"}],"author":[{"embeddable":true,"href":"https:\/\/www.rakemonkey.com\/se\/wp-json\/wp\/v2\/users\/9"}],"replies":[{"embeddable":true,"href":"https:\/\/www.rakemonkey.com\/se\/wp-json\/wp\/v2\/comments?post=37"}],"version-history":[{"count":0,"href":"https:\/\/www.rakemonkey.com\/se\/wp-json\/wp\/v2\/pages\/37\/revisions"}],"up":[{"embeddable":true,"href":"https:\/\/www.rakemonkey.com\/se\/wp-json\/wp\/v2\/pages\/5"}],"wp:attachment":[{"href":"https:\/\/www.rakemonkey.com\/se\/wp-json\/wp\/v2\/media?parent=37"}],"curies":[{"name":"wp","href":"https:\/\/api.w.org\/{rel}","templated":true}]}}