{"id":39,"date":"2013-03-06T23:27:37","date_gmt":"2013-03-06T23:27:37","guid":{"rendered":"http:\/\/rakemonkey.com\/se\/?page_id=39"},"modified":"2013-03-06T23:27:37","modified_gmt":"2013-03-06T23:27:37","slug":"juicy-stakes-rakeback","status":"publish","type":"page","link":"https:\/\/www.rakemonkey.com\/se\/recensioner\/juicy-stakes-rakeback\/","title":{"rendered":"Juicy Stakes Rakeback"},"content":{"rendered":"<p><strong>Juicy Stakes Sammanfattning<\/strong><\/p>\n<p>Juicy Stakes Poker slog upp sina d\u00f6rrar 2006 och blev snabbt ett av topp rummen f\u00f6r amerikanska spelare och spelare v\u00e4rlden \u00f6ver. Juicy Stakes Poker var fr\u00e5n b\u00f6rjan en del utav Cake Poker n\u00e4tverket men flyttade under 2012 till Revolution Gaming Network. Detta n\u00e4tverket har ett dussintals olika \u201dskins\u201d och \u00e4r ett av de mest popul\u00e4ra n\u00e4tverket f\u00f6r amerikanska spelare.<\/p>\n<h2>Juicy Stakes Poker Rakeback<\/h2>\n<p>Genom att registrera sig f\u00f6r en Juicy Stakes rakeback med bonuskoden \u201dREDUCTION\u201d s\u00e5 f\u00e5r du en Dealt rakeback p\u00e5 36% fr\u00e5n Juicy Stakes. Dealt rakeback metoden \u00e4r v\u00e4ldigt popul\u00e4r eftersom en spelare inte beh\u00f6ver bidra med n\u00e5got i potten f\u00f6r att f\u00e5 rakeback. S\u00e5 l\u00e4nge du f\u00e5r kort och potten blir rakad s\u00e5 f\u00e5r du din rakeback.<\/p>\n<p>Dealt rakeback \u00e4r popul\u00e4rt f\u00f6r att seri\u00f6sa poker spelare brukar oftast spela riktigt tight. Detta betyder att dem sl\u00e4nger fler h\u00e4nder \u00e4n vad dem spelar eftersom dem v\u00e4ljer att inte vara med n\u00e4r dem f\u00e5r en d\u00e5lig hand. Det finns ingen annan rakeback metod som betalar spelare som inte \u00e4r med och betalar i potten.<\/p>\n<p>Juicy Stakes rakeback betalas normalt s\u00e4tt ut en g\u00e5ng i veckan till ditt poker konto, MEN, hos RakeMonkey.com kan du f\u00e5 ut din Juicy Stakes Rakeback dagligen genom att logga in p\u00e5 v\u00e5ran hemsida.<\/p>\n<h2>Juicy Stakes V\u00e4lkomst Bonus<\/h2>\n<p>F\u00f6rutom att du f\u00e5r en 36% Juicy Stakes Poker Rakeback s\u00e5 kommer du \u00e4ven att f\u00e5 en poker bonus p\u00e5 hela 200% upp till $2,000! Detta \u00e4r en av dem st\u00f6rsta poker bonusarna som finns och den kommer inte alltid att vara tillg\u00e4nglig.<\/p>\n<p>Juicy Stakes v\u00e4lkomst bonus f\u00e5r man genom att spela ihop FPP (Frequent Player Points). Varje $0.01 du betalar till raken ger dig 0.01 FPP och varje $1 du betalar i turnerings avgift ger dig 7 FPP. Du f\u00e5r $5 utav din bonus \u00e5t g\u00e5ngen.<\/p>\n<p>En annan enast\u00e5ende bonus som man f\u00e5r p\u00e5 denna sida \u00e4r deras v\u00e4rva-en-v\u00e4n program som ger dig upp till $100 f\u00f6r varje v\u00e4n du v\u00e4rvar till sidan. Varje m\u00e5nad f\u00e5r du \u00e4ven in pengar f\u00f6r din v\u00e4n beroende p\u00e5 hur mycket han har rakat, det kan bli en trevlig inkomst.<\/p>\n<p><strong>Juicy Stakes \u201dGuld\u201d Bonusar<\/strong><\/p>\n<p>Juicy Stakes har en unik bonus som ger spelare guld chips och guld kort.<\/p>\n<p>Varje g\u00e5ng du har tj\u00e4nat ihop tillr\u00e4kligt med FPP s\u00e5 f\u00e5r du ett guld chip. Du kan se din guld chip m\u00e4tare inne p\u00e5 ditt spelar konto och n\u00e4r denna m\u00e4tare blir full s\u00e5 f\u00e5r du ett nytt guld chip. Hur m\u00e5nga FPP du beh\u00f6ver spela ihop beror helt p\u00e5 vilken VIP status du har och hur m\u00e5nga guld chip du lyckats spela ihop under m\u00e5naden. Tillexempel s\u00e5 kr\u00e4ver det f\u00f6rsta guld kortet f\u00f6r m\u00e5naden mer en det femte, n\u00e4r du lyckats spela ihop 5 guld kort s\u00e5 f\u00e5r du det sj\u00e4tte gratis plus att resten av korten du tj\u00e4nar ihop under m\u00e5naden endast kr\u00e4ver vad det femte kortet gjorde, Mindre \u00e4n 70 FPP\u2019s. Guld chip anv\u00e4nder du f\u00f6r att k\u00f6pa saker i Juicy Stakes aff\u00e4r och entr\u00e9er till stora poker turneringar etc.<\/p>\n<p>Guld kort \u00e4r lite annorlunda f\u00f6r att du beh\u00f6ver inte g\u00f6ra n\u00e5got f\u00f6rutom att spela f\u00f6r riktiga pengar p\u00e5 cash borden. Efter att bordet har kommit upp i en viss m\u00e4ngd rake s\u00e5 tas ett guld kort ut ur valvet och l\u00e4ggs p\u00e5 bordet och den spelare som har detta kortet i handen f\u00e5r guld kortet. Det finns dagliga lotterier, ledarbor och andra promotions som involverar dessa guld kort, dem g\u00e5r aldrig ut och blir bara mer och mer v\u00e4rdefulla med tiden.<\/p>\n<h2>Spel utbud<\/h2>\n<p>Juicy Stakes har ett imponerande utbud av poker spel tillg\u00e4ngligt i deras lobby och dessa inkluderar Texas Hold\u2019em, Omaha, Omaha Hi-Lo, 7 Card Stud, 7 Card stud Hi-Lo och Razz. Insatserna g\u00e5r fr\u00e5n $0.02\/$0.04 upp till $500\/$1,000. Vi uppskattar alla dessa spel typerna men tyv\u00e4rr \u00e4r det inte mycket som h\u00e4nder i Razz och i Stud spelen.<\/p>\n<p>Deras turnerings lista inkluderar ett stort urval av poker turnerings typer och dessa \u00e4r garanterade turneringar, freerolls, Re-buys, Bounties och live events satelliter. Den st\u00f6rsta garanterade poker turnering \u00e4r $100K GTD som g\u00e5r varje vecka och $250K GTD s\u00e5 g\u00e5r varje m\u00e5nad. Live event satelliterna skickar spelare till olika turneringar v\u00e4rlden \u00f6ver s\u00e5 som WSOP f\u00f6r endast $2 ink\u00f6p. \u00d6ver $20 miljoner betalas ut varje m\u00e5nad i poker turneringar.<\/p>\n<p><strong>Ins\u00e4ttning och Uttag<\/strong><\/p>\n<p>Juicy Stakes erbjuder f\u00f6ljande ins\u00e4ttnings m\u00f6jligheter: Visa, MasterCard, Diners, Solo, Maestro, Laser, Euro6000, Visa Delta, Visa Electron, eWalletXpress, NETeller, Moneybookers, PaySafeCard, ClickandBuy, WebMoney, UseMyWallet, Ukash, EcoCard, POLi, GiroPay, Sofort, CartiSi, PostePay, 4B, Inteligo, MTransfer, Polski, Dankort och ENets.<\/p>\n<p><strong>Spelar trafik och motst\u00e5nd<\/strong><\/p>\n<p>Juicy Stakes har inte trafiken dem hade f\u00f6r n\u00e5gra \u00e5r sedan men dem ligger fortfarande p\u00e5 topp tio listan i v\u00e4rlden f\u00f6r cash spel. Under de b\u00e4sta timmarna p\u00e5 dygnet s\u00e5 finns det tusentals spelare som spelar om de stora pengarna hos Juicy Stakes Poker.<\/p>\n<p>Efter dem bytte n\u00e4tverk s\u00e5 anses dem ha gott om fisk p\u00e5 b\u00e5de pengar borden och i poker turneringarna. Dessa f\u00f6r\u00e4ndringar har lockat till sig gott om nya spelare till n\u00e4tverket som inte har haft konto inom detta n\u00e4tverk sedan tidigare. M\u00e5nga av \u201dskinnen\u201d inom Revolution Gaming \u00e4r betting sidor vilket g\u00f6r att Juicy Stakes f\u00e5r \u00e4n del oerfarna spelare.<\/p>\n<p><strong>Mjukvara<\/strong><\/p>\n<p>Juicy Stakes har en bl\u00e5 klient och den funkar riktigt bra och har inte en massa flashiga saker som st\u00f6r. Grafiken \u00e4r visserligen lite utdaterad men klienten funkar och flyter p\u00e5 bra. Deras klient har heller inget max tak f\u00f6r hur m\u00e5nga bord du kan ha uppe och den funkar \u00e4ven p\u00e5 Mac datorer.<\/p>\n<p>Bordsvalen \u00e4r fullt tillr\u00e4kliga, borden kan justeras i storlek och d\u00e4r av v\u00e4ldigt l\u00e4tt att spela p\u00e5 flera bord samtidigt. Att hitta ett spel \u00e4r enkelt tack vare deras filter som \u00e4r riktigt bra.<\/p>\n<p>Mjukvaran st\u00f6der Holdem Manager och PokerTracker s\u00e5 att f\u00f6lja ditt spel \u00e4r enkelt. Nu \u00e4r inte Juicy Stakes mjukvara h\u00f6gteknologiskt men det funkar bra med v\u00e4ldigt f\u00e5 buggar.<\/p>\n<p><strong>Support<\/strong><\/p>\n<p>Juicy Stakes har endast email support och dem svara oftast inom 48 timmar efter att du skickat. Du kan n\u00e5 dem 24 timmar om dygnet, 7 dagar i veckan och dem hj\u00e4lper gladeligen spelare.<\/p>\n<p><strong>Juicy Stakes Poker Slutsats<\/strong><\/p>\n<p>Vi tycker att Juicy Stakes har ett av de b\u00e4sta rakeback erbjudandet online och ut\u00f6ver detta s\u00e5 har dem en fullsp\u00e4ckad lista med andra erbjudanden fr\u00e5n v\u00e4lkomst bonusen till $15K rake race till det stora utbudet av cash spel, poker turneringar och live event m\u00f6jligheter.<\/p>\n<p>Om du h\u00e5ller med, registrera dig d\u00e5 hos Juicy Stakes Poker redan idag och b\u00f6rja tj\u00e4na pengar med din 36% rakeback. Anv\u00e4nd v\u00e5ran bonuskod \u201dReduction\u201d och b\u00f6rja tj\u00e4na ihop din bonus p\u00e5 hela 200% upp till $2,000 redan idag.<\/p>\n","protected":false},"excerpt":{"rendered":"<p>Juicy Stakes Sammanfattning Juicy Stakes Poker slog upp sina d\u00f6rrar 2006 och blev snabbt ett av topp rummen f\u00f6r amerikanska spelare och spelare v\u00e4rlden \u00f6ver. Juicy Stakes Poker var fr\u00e5n b\u00f6rjan en del utav Cake Poker n\u00e4tverket men flyttade under<a class=\"post-link\" href=\"https:\/\/www.rakemonkey.com\/se\/recensioner\/juicy-stakes-rakeback\/\"> read more&#8230;<\/a><\/p>\n","protected":false},"author":9,"featured_media":0,"parent":5,"menu_order":0,"comment_status":"closed","ping_status":"open","template":"rm_review.php","meta":[],"acf":[],"yoast_head":"<!-- This site is optimized with the Yoast SEO plugin v19.6.1 - https:\/\/yoast.com\/wordpress\/plugins\/seo\/ -->\n<title>Juicy Stakes Rakeback Recension | 36% Rake Back Betald Dagligen<\/title>\n<meta name=\"description\" content=\"Registrera dig hos Juicy Stakes Poker genom RakeMonkey.com kommer ge dig en maximal rakeback p\u00e5 36% plus en bonus p\u00e5 $2,000!!!\" \/>\n<meta name=\"robots\" content=\"index, follow, max-snippet:-1, max-image-preview:large, max-video-preview:-1\" \/>\n<link rel=\"canonical\" href=\"https:\/\/www.rakemonkey.com\/se\/recensioner\/juicy-stakes-rakeback\/\" \/>\n<meta property=\"og:locale\" content=\"en_US\" \/>\n<meta property=\"og:type\" content=\"article\" \/>\n<meta property=\"og:title\" content=\"Juicy Stakes Rakeback Recension | 36% Rake Back Betald Dagligen\" \/>\n<meta property=\"og:description\" content=\"Registrera dig hos Juicy Stakes Poker genom RakeMonkey.com kommer ge dig en maximal rakeback p\u00e5 36% plus en bonus p\u00e5 $2,000!!!\" \/>\n<meta property=\"og:url\" content=\"https:\/\/www.rakemonkey.com\/se\/recensioner\/juicy-stakes-rakeback\/\" \/>\n<meta property=\"og:site_name\" content=\"RakeMonkey.com\" \/>\n<meta name=\"twitter:card\" content=\"summary\" \/>\n<meta name=\"twitter:label1\" content=\"Est. reading time\" \/>\n\t<meta name=\"twitter:data1\" content=\"6 minutes\" \/>\n<script type=\"application\/ld+json\" class=\"yoast-schema-graph\">{\"@context\":\"https:\/\/schema.org\",\"@graph\":[{\"@type\":\"WebPage\",\"@id\":\"https:\/\/www.rakemonkey.com\/se\/recensioner\/juicy-stakes-rakeback\/\",\"url\":\"https:\/\/www.rakemonkey.com\/se\/recensioner\/juicy-stakes-rakeback\/\",\"name\":\"Juicy Stakes Rakeback Recension | 36% Rake Back Betald Dagligen\",\"isPartOf\":{\"@id\":\"https:\/\/www.rakemonkey.com\/se\/#website\"},\"datePublished\":\"2013-03-06T23:27:37+00:00\",\"dateModified\":\"2013-03-06T23:27:37+00:00\",\"description\":\"Registrera dig hos Juicy Stakes Poker genom RakeMonkey.com kommer ge dig en maximal rakeback p\u00e5 36% plus en bonus p\u00e5 $2,000!!!\",\"breadcrumb\":{\"@id\":\"https:\/\/www.rakemonkey.com\/se\/recensioner\/juicy-stakes-rakeback\/#breadcrumb\"},\"inLanguage\":\"en-US\",\"potentialAction\":[{\"@type\":\"ReadAction\",\"target\":[\"https:\/\/www.rakemonkey.com\/se\/recensioner\/juicy-stakes-rakeback\/\"]}]},{\"@type\":\"BreadcrumbList\",\"@id\":\"https:\/\/www.rakemonkey.com\/se\/recensioner\/juicy-stakes-rakeback\/#breadcrumb\",\"itemListElement\":[{\"@type\":\"ListItem\",\"position\":1,\"name\":\"Home\",\"item\":\"https:\/\/www.rakemonkey.com\/se\/\"},{\"@type\":\"ListItem\",\"position\":2,\"name\":\"Rakeback Recensioner Online | Pokerrum Som Erbjuder Rakeback\",\"item\":\"https:\/\/www.rakemonkey.com\/se\/recensioner\/\"},{\"@type\":\"ListItem\",\"position\":3,\"name\":\"Juicy Stakes Rakeback\"}]},{\"@type\":\"WebSite\",\"@id\":\"https:\/\/www.rakemonkey.com\/se\/#website\",\"url\":\"https:\/\/www.rakemonkey.com\/se\/\",\"name\":\"RakeMonkey.com\",\"description\":\"\",\"potentialAction\":[{\"@type\":\"SearchAction\",\"target\":{\"@type\":\"EntryPoint\",\"urlTemplate\":\"https:\/\/www.rakemonkey.com\/se\/?s={search_term_string}\"},\"query-input\":\"required name=search_term_string\"}],\"inLanguage\":\"en-US\"}]}<\/script>\n<!-- \/ Yoast SEO plugin. -->","yoast_head_json":{"title":"Juicy Stakes Rakeback Recension | 36% Rake Back Betald Dagligen","description":"Registrera dig hos Juicy Stakes Poker genom RakeMonkey.com kommer ge dig en maximal rakeback p\u00e5 36% plus en bonus p\u00e5 $2,000!!!","robots":{"index":"index","follow":"follow","max-snippet":"max-snippet:-1","max-image-preview":"max-image-preview:large","max-video-preview":"max-video-preview:-1"},"canonical":"https:\/\/www.rakemonkey.com\/se\/recensioner\/juicy-stakes-rakeback\/","og_locale":"en_US","og_type":"article","og_title":"Juicy Stakes Rakeback Recension | 36% Rake Back Betald Dagligen","og_description":"Registrera dig hos Juicy Stakes Poker genom RakeMonkey.com kommer ge dig en maximal rakeback p\u00e5 36% plus en bonus p\u00e5 $2,000!!!","og_url":"https:\/\/www.rakemonkey.com\/se\/recensioner\/juicy-stakes-rakeback\/","og_site_name":"RakeMonkey.com","twitter_card":"summary","twitter_misc":{"Est. reading time":"6 minutes"},"schema":{"@context":"https:\/\/schema.org","@graph":[{"@type":"WebPage","@id":"https:\/\/www.rakemonkey.com\/se\/recensioner\/juicy-stakes-rakeback\/","url":"https:\/\/www.rakemonkey.com\/se\/recensioner\/juicy-stakes-rakeback\/","name":"Juicy Stakes Rakeback Recension | 36% Rake Back Betald Dagligen","isPartOf":{"@id":"https:\/\/www.rakemonkey.com\/se\/#website"},"datePublished":"2013-03-06T23:27:37+00:00","dateModified":"2013-03-06T23:27:37+00:00","description":"Registrera dig hos Juicy Stakes Poker genom RakeMonkey.com kommer ge dig en maximal rakeback p\u00e5 36% plus en bonus p\u00e5 $2,000!!!","breadcrumb":{"@id":"https:\/\/www.rakemonkey.com\/se\/recensioner\/juicy-stakes-rakeback\/#breadcrumb"},"inLanguage":"en-US","potentialAction":[{"@type":"ReadAction","target":["https:\/\/www.rakemonkey.com\/se\/recensioner\/juicy-stakes-rakeback\/"]}]},{"@type":"BreadcrumbList","@id":"https:\/\/www.rakemonkey.com\/se\/recensioner\/juicy-stakes-rakeback\/#breadcrumb","itemListElement":[{"@type":"ListItem","position":1,"name":"Home","item":"https:\/\/www.rakemonkey.com\/se\/"},{"@type":"ListItem","position":2,"name":"Rakeback Recensioner Online | Pokerrum Som Erbjuder Rakeback","item":"https:\/\/www.rakemonkey.com\/se\/recensioner\/"},{"@type":"ListItem","position":3,"name":"Juicy Stakes Rakeback"}]},{"@type":"WebSite","@id":"https:\/\/www.rakemonkey.com\/se\/#website","url":"https:\/\/www.rakemonkey.com\/se\/","name":"RakeMonkey.com","description":"","potentialAction":[{"@type":"SearchAction","target":{"@type":"EntryPoint","urlTemplate":"https:\/\/www.rakemonkey.com\/se\/?s={search_term_string}"},"query-input":"required name=search_term_string"}],"inLanguage":"en-US"}]}},"_links":{"self":[{"href":"https:\/\/www.rakemonkey.com\/se\/wp-json\/wp\/v2\/pages\/39"}],"collection":[{"href":"https:\/\/www.rakemonkey.com\/se\/wp-json\/wp\/v2\/pages"}],"about":[{"href":"https:\/\/www.rakemonkey.com\/se\/wp-json\/wp\/v2\/types\/page"}],"author":[{"embeddable":true,"href":"https:\/\/www.rakemonkey.com\/se\/wp-json\/wp\/v2\/users\/9"}],"replies":[{"embeddable":true,"href":"https:\/\/www.rakemonkey.com\/se\/wp-json\/wp\/v2\/comments?post=39"}],"version-history":[{"count":0,"href":"https:\/\/www.rakemonkey.com\/se\/wp-json\/wp\/v2\/pages\/39\/revisions"}],"up":[{"embeddable":true,"href":"https:\/\/www.rakemonkey.com\/se\/wp-json\/wp\/v2\/pages\/5"}],"wp:attachment":[{"href":"https:\/\/www.rakemonkey.com\/se\/wp-json\/wp\/v2\/media?parent=39"}],"curies":[{"name":"wp","href":"https:\/\/api.w.org\/{rel}","templated":true}]}}