{"id":44,"date":"2013-03-06T23:44:15","date_gmt":"2013-03-06T23:44:15","guid":{"rendered":"http:\/\/rakemonkey.com\/se\/?page_id=44"},"modified":"2013-03-06T23:44:15","modified_gmt":"2013-03-06T23:44:15","slug":"party-poker-rakeback","status":"publish","type":"page","link":"https:\/\/www.rakemonkey.com\/se\/recensioner\/party-poker-rakeback\/","title":{"rendered":"Party Poker Rakeback"},"content":{"rendered":"<h2>PartyPoker Recension<\/h2>\n<p>Trots att Party Poker inte l\u00e5ter amerikanska spelare spela h\u00e4r s\u00e5 \u00e4r det fortfarande ett av det mest popul\u00e4ra st\u00e4llet i v\u00e4rlden att spela online poker p\u00e5. Det \u00e4r bara att inse, du kan inte t\u00e4nka p\u00e5 party Poker utan att t\u00e4nka p\u00e5 deras lilla jingel Puh-puh-puh-Party Poker!<\/p>\n<p>Party Poker erbjuder nu spelare som registrerar sig via Rake Monkey m\u00f6jligheten att f\u00e5 upp till hela 40% tillbaka p\u00e5 det du spelar.<\/p>\n<p>N\u00e4r du som ny spelare registrerar dig hos Party Poker via oss s\u00e5 blir du kvalificerad f\u00f6r deras Party Poker VIP och VIP Cash Back system. Dem kallar det inte rakeback hos Party Poker men s\u00e5h\u00e4r fungerar det, du samlar ihop s\u00e5 mycket po\u00e4ng som det kr\u00e4vs och i slutet av m\u00e5naden f\u00e5r du pengar tillbaka p\u00e5 ditt konto. Kalla det vad du vill.<\/p>\n<h2>Party Poker Rakeback \u2013 Hur VIP Programmet Fungerar<\/h2>\n<p>Party Poker\u2019s cashback deal \u00e4r faktiskt generellt s\u00e4tt b\u00e4ttre \u00e4n en rakeback deal. Hur m\u00e5nga rum vet du som erbjuder upp till 40% rakeback? Du kanske kommer p\u00e5 n\u00e5gra stycken, framf\u00f6rallt om du har l\u00e4st v\u00e5ra recensioner men, hur m\u00e5nga av dem pokerrummen \u00e4r lika k\u00e4nda som Party Poker? Party \u00e4r en av det st\u00f6rsta och mest aktiva online pokerrummet i v\u00e4rlden!<\/p>\n<p>Efter att du registrerat dig h\u00e4r f\u00f6r att f\u00e5 din cashback deal s\u00e5 kommer du f\u00e5 pengar tillbaka genom att tj\u00e4na ihop Party Poker po\u00e4ng och dessa po\u00e4ng r\u00e4knas sedan ut en g\u00e5ng i m\u00e5naden. Po\u00e4ngen tj\u00e4nar man ihop precis som om man hade en rakeback deal p\u00e5 n\u00e5got annat rum, genom att spela poker.<\/p>\n<p>Varje g\u00e5ng du spelar i ett ringspel s\u00e5 tj\u00e4nar du ihop VIP po\u00e4ng, tyv\u00e4rr f\u00e5r man ingen cashback bel\u00f6ning genom att spela i poker turneringar. Ist\u00e4llet f\u00f6r att bara skicka in din rakeback vinst p\u00e5 ditt konto genom den s\u00e5kallade MGR metoden s\u00e5 bel\u00f6nar Party Poker dig med po\u00e4ng helt beroende p\u00e5 din VIP status. \u00c4r du en lojal Party Poker spelare s\u00e5 kommer du f\u00f6rmodligen att f\u00e5 mest pengar tillbaka. T.ex., \u00e4r du en Palladium Elite medlem s\u00e5 f\u00e5r du hela 30% pengar tillbaka (Cashback) hos Party Poker medans om du \u00e4r en Bronze medlem s\u00e5 f\u00f6r du 5%.<\/p>\n<h2>Party Poker Cashback Bel\u00f6ningar<\/h2>\n<ul>\n<li>Bronze Medlem \u2013 5% Party Poker Cash Back<\/li>\n<li>Silver Medlem \u2013 6.67% Party Poker Cash Back<\/li>\n<li>Gold Medlem \u2013 10% Party Poker Cash Back<\/li>\n<li>Palladium Medlem \u2013 12-15% Party Poker Cash Back<\/li>\n<li>Palladium Elite Medlem \u2013 30% Party Poker Cash Back<\/li>\n<\/ul>\n<p>Du kanske s\u00e5g att vi skrev tidigare att du kunde tj\u00e4na upp till motsvarande 40% rakeback hos Party Poker men det h\u00f6gsta du kan tj\u00e4na genom deras lojalitets program \u00e4r 30%. F\u00f6r att f\u00e5 dom d\u00e4r extra 10% s\u00e5 kan du byta in dina po\u00e4ng mot pengar bonusar. Alla po\u00e4ng du tj\u00e4nar ihop kan du faktiskt byta mot bonusar.<\/p>\n<h2>Party Poker Rakeback \u2013 Konto Information<\/h2>\n<p>F\u00f6r att se hur mycket pengar du har p\u00e5 ditt spelar konto och se hur m\u00e5nga VIP po\u00e4ng du har och p\u00e5 vilken VIP niv\u00e5 du ligger p\u00e5 s\u00e5 beh\u00f6ver du bara \u00f6ppna lobbyn i klienten, d\u00e4r finns all information du beh\u00f6ver.<\/p>\n<p>Dina inbetalningar kommer direkt in p\u00e5 ditt konto.<\/p>\n<p>Nya spelare som registrerar sig hos Party Poker f\u00f6r en cashback deal genom oss h\u00e4r p\u00e5 RakeMonkey kan komma tillbaka hit (bookmarka oss genast!) varje dag och f\u00e5 ut sina intj\u00e4nade cashback pengar.<\/p>\n<h2>Ins\u00e4ttning hos Party Poker<\/h2>\n<p>Party Poker har de flesta ins\u00e4ttnings metoder f\u00f6r att f\u00f6ra \u00f6ver pengar men ocks\u00e5 n\u00e5gra lite mer ovanliga alternativ som du kanske inte har h\u00f6rt talas om innan du l\u00e4ste denna recension. Dessa ins\u00e4ttnings metoder \u00e4r f\u00f6ljande:<\/p>\n<ul>\n<li>Visa<\/li>\n<li>Maestro<\/li>\n<li>PaySafeCard<\/li>\n<li>MasterCard<\/li>\n<li>EntroPay<\/li>\n<li>Ukash<\/li>\n<li>Switch<\/li>\n<li>NETeller<\/li>\n<li>myCitadel<\/li>\n<li>Solo<\/li>\n<li>Click &amp; Buy<\/li>\n<li>eWire<\/li>\n<li>Laser<\/li>\n<li>Click2Pay<\/li>\n<li>Przleway24<\/li>\n<li>Moneybookers<\/li>\n<li>UseMyBank<\/li>\n<li>EPS<\/li>\n<li>WebMoney<\/li>\n<li>Mister Cash<\/li>\n<li>iDeal<\/li>\n<li>GiroPay<\/li>\n<li>Bank Wire<\/li>\n<li>DirectPay24<\/li>\n<li>POLi<\/li>\n<li>Bank \u00f6verf\u00f6ring<\/li>\n<li>EC-ELV<\/li>\n<li>Electronic Transfer<\/li>\n<\/ul>\n<h2>Turnerings Rakeback hos Party Poker<\/h2>\n<p>Party Poker erbjuder ingen rakeback eller cashback f\u00f6r poker turneringar, detta inkluderar MTT turneringar, Sit and Go\u2019s, heads-up turneringar etc.<\/p>\n<h2>Party Poker Rakeback \u2013 Bonus Avdrag<\/h2>\n<p>Om du f\u00e5r in en av v\u00e5ra underbara poker bonusar s\u00e5 kommer du se ett avdrag p\u00e5 din cashback ers\u00e4ttning.<\/p>\n<h2>Tj\u00e4na Po\u00e4ng Genom Att Spela Rakade H\u00e4nder<\/h2>\n<p>Poker spelare hos Party Poker kan tj\u00e4na upp till 10 po\u00e4ng p\u00e5 6 rakade h\u00e4nder men detta beror ocks\u00e5 sj\u00e4lvklart p\u00e5 vad f\u00f6r spel typ du spelar och vad insatserna ligger p\u00e5.<\/p>\n<p>Om en spelare v\u00e4ljer att spela p\u00e5 mikro niv\u00e5er (detta rekommenderar vi inte f\u00f6r det \u00e4r inte ett bra s\u00e4tt att tj\u00e4na ihop en bra bankrulle p\u00e5) s\u00e5 beh\u00f6ver spelaren spela 700 h\u00e4nder som \u00e4r rake kapade f\u00f6r att f\u00e5 ihop 10 po\u00e4ng.<\/p>\n<p>Men, om du spelar p\u00e5 de mest vanligaste $2\/$4 limit borden (mycket popul\u00e4rt \u00e4ven p\u00e5 landbaserade kasinon) s\u00e5 beh\u00f6ver du endast spela 18 h\u00e4nder f\u00f6r att f\u00e5 ihop 10 po\u00e4ng.<\/p>\n<h2>Att Avancera i VIP Niv\u00e5<\/h2>\n<p>Varje ny spelare hos Party Poker b\u00f6rjar p\u00e5 Bronze niv\u00e5n och d\u00e4r av kvalificerar sig f\u00f6r 5% cashback fr\u00e5n f\u00f6rsta b\u00f6rjan. Efter detta s\u00e5 beh\u00f6vs det ett visst antal po\u00e4ng f\u00f6r att komma upp sig i VIP niv\u00e5n och po\u00e4ngen som beh\u00f6vs \u00e4r:<\/p>\n<ul>\n<li>Silver \u2013 400<\/li>\n<li>Gold \u2013 1,000<\/li>\n<li>Palladium \u2013 9,000<\/li>\n<\/ul>\n<h2>Party Poker Bonus<\/h2>\n<p>N\u00e4r du f\u00f6rst registrerar dig som ny spelare hos Party Poker och g\u00f6r din allra f\u00f6rsta ins\u00e4ttning skriv d\u00e5 in V\u00c5RAN BONUSKOD s\u00e5 f\u00e5r du en poker bonus p\u00e5 100% upp till $100 som en v\u00e4lkomstbonus. Du tj\u00e4nar ihop denna poker bonus precis p\u00e5 samma s\u00e4tt som du tj\u00e4na cashback, genom att f\u00e5 ihop po\u00e4ng, du har 60 dagar p\u00e5 dig att klara bonusen.<\/p>\n<h2>Poker spel hos Party Poker<\/h2>\n<ul>\n<li>Texas Holdem<\/li>\n<li>Omaha<\/li>\n<li>Omaha Hi-Lo<\/li>\n<li>7 Card Stud<\/li>\n<li>7 Card Hi Lo<\/li>\n<\/ul>\n<p>Insatserna g\u00e5r fr\u00e5n $0.02\/$0.02 mikro limit bord till hela $250\/$500.<\/p>\n<h2>Turneringar hos Party Poker<\/h2>\n<p>Party Poker \u00e4r ett av de \u00e4ldsta i v\u00e4rlden s\u00e5 dem har erfarenhet och vet precis vad spelare vill ha utav ett online pokerrum. Dem erbjuder stora freerolls, freerolls f\u00f6r nya spelare med pott p\u00e5 $500, $1500 och freerolls f\u00f6r alla. Och s\u00e5 klart po\u00e4ng turneringar f\u00f6r dem ins\u00e4ttare som inte vill beh\u00f6va spela emot freeroll whores.<\/p>\n<h2>Extra Utdelning fr\u00e5n Rake Monkey<\/h2>\n<p>V\u00e5rt team h\u00e4r p\u00e5 Rake Monkey tj\u00e4nar sin br\u00f6df\u00f6da p\u00e5 att f\u00f6rhandla f\u00f6r just dig. S\u00e5 \u00e4r du en Rake Monkey spelare s\u00e5 \u00e4r du \u00e4ven ber\u00e4ttigad till v\u00e5ra exklusiva Party Poker f\u00f6rm\u00e5ner som t.ex. intr\u00e4de till v\u00e5ran exklusiva $5,000.00 Loose change freeroll varje vecka.<\/p>\n<p>Rake Monkey spelare \u00e4r ocks\u00e5 inbjudna till att vara med i m\u00e5nads rake chases d\u00e4r du kan vinna s\u00e5 mycket som $6000.00.<\/p>\n<h2>Pengar Turneringar hos Party Poker<\/h2>\n<p>F\u00f6r alla MTT spelare d\u00e4r ute s\u00e5 k\u00f6r Party Poker en m\u00e4ngd olika poker turneringar som t.ex. $300K Guaranteed Price Pool turneringarna som g\u00e5r varje vecka. Ink\u00f6pen finns f\u00f6r s\u00e5 l\u00e5gt som $1, men \u00e4ven h\u00f6ga insatser finns ocks\u00e5.<\/p>\n<p>En bra sak med att spela poker turneringar hos Party Poker och det \u00e4r att du aldrig kommer beh\u00f6va betala mer en $10 i turnerings avgift.<\/p>\n","protected":false},"excerpt":{"rendered":"<p>PartyPoker Recension Trots att Party Poker inte l\u00e5ter amerikanska spelare spela h\u00e4r s\u00e5 \u00e4r det fortfarande ett av det mest popul\u00e4ra st\u00e4llet i v\u00e4rlden att spela online poker p\u00e5. Det \u00e4r bara att inse, du kan inte t\u00e4nka p\u00e5 party<a class=\"post-link\" href=\"https:\/\/www.rakemonkey.com\/se\/recensioner\/party-poker-rakeback\/\"> read more&#8230;<\/a><\/p>\n","protected":false},"author":9,"featured_media":0,"parent":5,"menu_order":0,"comment_status":"closed","ping_status":"open","template":"rm_review.php","meta":[],"acf":[],"yoast_head":"<!-- This site is optimized with the Yoast SEO plugin v19.6.1 - https:\/\/yoast.com\/wordpress\/plugins\/seo\/ -->\n<title>PartyPoker Rakeback Recension \u2013 40% VIP Cashback till Nya Spelare<\/title>\n<meta name=\"description\" content=\"F\u00e5 ett exklusivt Party Poker erbjudande fr\u00e5n RakeMonkey n\u00e4r du \u00f6ppnar ett NYTT konto idag. Upp till 40% cashback g\u00f6r Party\u2019s VIP program helt fantastiskt.\" \/>\n<meta name=\"robots\" content=\"index, follow, max-snippet:-1, max-image-preview:large, max-video-preview:-1\" \/>\n<link rel=\"canonical\" href=\"https:\/\/www.rakemonkey.com\/se\/recensioner\/party-poker-rakeback\/\" \/>\n<meta property=\"og:locale\" content=\"en_US\" \/>\n<meta property=\"og:type\" content=\"article\" \/>\n<meta property=\"og:title\" content=\"PartyPoker Rakeback Recension \u2013 40% VIP Cashback till Nya Spelare\" \/>\n<meta property=\"og:description\" content=\"F\u00e5 ett exklusivt Party Poker erbjudande fr\u00e5n RakeMonkey n\u00e4r du \u00f6ppnar ett NYTT konto idag. Upp till 40% cashback g\u00f6r Party\u2019s VIP program helt fantastiskt.\" \/>\n<meta property=\"og:url\" content=\"https:\/\/www.rakemonkey.com\/se\/recensioner\/party-poker-rakeback\/\" \/>\n<meta property=\"og:site_name\" content=\"RakeMonkey.com\" \/>\n<meta name=\"twitter:card\" content=\"summary\" \/>\n<meta name=\"twitter:label1\" content=\"Est. reading time\" \/>\n\t<meta name=\"twitter:data1\" content=\"6 minutes\" \/>\n<script type=\"application\/ld+json\" class=\"yoast-schema-graph\">{\"@context\":\"https:\/\/schema.org\",\"@graph\":[{\"@type\":\"WebPage\",\"@id\":\"https:\/\/www.rakemonkey.com\/se\/recensioner\/party-poker-rakeback\/\",\"url\":\"https:\/\/www.rakemonkey.com\/se\/recensioner\/party-poker-rakeback\/\",\"name\":\"PartyPoker Rakeback Recension \u2013 40% VIP Cashback till Nya Spelare\",\"isPartOf\":{\"@id\":\"https:\/\/www.rakemonkey.com\/se\/#website\"},\"datePublished\":\"2013-03-06T23:44:15+00:00\",\"dateModified\":\"2013-03-06T23:44:15+00:00\",\"description\":\"F\u00e5 ett exklusivt Party Poker erbjudande fr\u00e5n RakeMonkey n\u00e4r du \u00f6ppnar ett NYTT konto idag. Upp till 40% cashback g\u00f6r Party\u2019s VIP program helt fantastiskt.\",\"breadcrumb\":{\"@id\":\"https:\/\/www.rakemonkey.com\/se\/recensioner\/party-poker-rakeback\/#breadcrumb\"},\"inLanguage\":\"en-US\",\"potentialAction\":[{\"@type\":\"ReadAction\",\"target\":[\"https:\/\/www.rakemonkey.com\/se\/recensioner\/party-poker-rakeback\/\"]}]},{\"@type\":\"BreadcrumbList\",\"@id\":\"https:\/\/www.rakemonkey.com\/se\/recensioner\/party-poker-rakeback\/#breadcrumb\",\"itemListElement\":[{\"@type\":\"ListItem\",\"position\":1,\"name\":\"Home\",\"item\":\"https:\/\/www.rakemonkey.com\/se\/\"},{\"@type\":\"ListItem\",\"position\":2,\"name\":\"Rakeback Recensioner Online | Pokerrum Som Erbjuder Rakeback\",\"item\":\"https:\/\/www.rakemonkey.com\/se\/recensioner\/\"},{\"@type\":\"ListItem\",\"position\":3,\"name\":\"Party Poker Rakeback\"}]},{\"@type\":\"WebSite\",\"@id\":\"https:\/\/www.rakemonkey.com\/se\/#website\",\"url\":\"https:\/\/www.rakemonkey.com\/se\/\",\"name\":\"RakeMonkey.com\",\"description\":\"\",\"potentialAction\":[{\"@type\":\"SearchAction\",\"target\":{\"@type\":\"EntryPoint\",\"urlTemplate\":\"https:\/\/www.rakemonkey.com\/se\/?s={search_term_string}\"},\"query-input\":\"required name=search_term_string\"}],\"inLanguage\":\"en-US\"}]}<\/script>\n<!-- \/ Yoast SEO plugin. -->","yoast_head_json":{"title":"PartyPoker Rakeback Recension \u2013 40% VIP Cashback till Nya Spelare","description":"F\u00e5 ett exklusivt Party Poker erbjudande fr\u00e5n RakeMonkey n\u00e4r du \u00f6ppnar ett NYTT konto idag. Upp till 40% cashback g\u00f6r Party\u2019s VIP program helt fantastiskt.","robots":{"index":"index","follow":"follow","max-snippet":"max-snippet:-1","max-image-preview":"max-image-preview:large","max-video-preview":"max-video-preview:-1"},"canonical":"https:\/\/www.rakemonkey.com\/se\/recensioner\/party-poker-rakeback\/","og_locale":"en_US","og_type":"article","og_title":"PartyPoker Rakeback Recension \u2013 40% VIP Cashback till Nya Spelare","og_description":"F\u00e5 ett exklusivt Party Poker erbjudande fr\u00e5n RakeMonkey n\u00e4r du \u00f6ppnar ett NYTT konto idag. Upp till 40% cashback g\u00f6r Party\u2019s VIP program helt fantastiskt.","og_url":"https:\/\/www.rakemonkey.com\/se\/recensioner\/party-poker-rakeback\/","og_site_name":"RakeMonkey.com","twitter_card":"summary","twitter_misc":{"Est. reading time":"6 minutes"},"schema":{"@context":"https:\/\/schema.org","@graph":[{"@type":"WebPage","@id":"https:\/\/www.rakemonkey.com\/se\/recensioner\/party-poker-rakeback\/","url":"https:\/\/www.rakemonkey.com\/se\/recensioner\/party-poker-rakeback\/","name":"PartyPoker Rakeback Recension \u2013 40% VIP Cashback till Nya Spelare","isPartOf":{"@id":"https:\/\/www.rakemonkey.com\/se\/#website"},"datePublished":"2013-03-06T23:44:15+00:00","dateModified":"2013-03-06T23:44:15+00:00","description":"F\u00e5 ett exklusivt Party Poker erbjudande fr\u00e5n RakeMonkey n\u00e4r du \u00f6ppnar ett NYTT konto idag. Upp till 40% cashback g\u00f6r Party\u2019s VIP program helt fantastiskt.","breadcrumb":{"@id":"https:\/\/www.rakemonkey.com\/se\/recensioner\/party-poker-rakeback\/#breadcrumb"},"inLanguage":"en-US","potentialAction":[{"@type":"ReadAction","target":["https:\/\/www.rakemonkey.com\/se\/recensioner\/party-poker-rakeback\/"]}]},{"@type":"BreadcrumbList","@id":"https:\/\/www.rakemonkey.com\/se\/recensioner\/party-poker-rakeback\/#breadcrumb","itemListElement":[{"@type":"ListItem","position":1,"name":"Home","item":"https:\/\/www.rakemonkey.com\/se\/"},{"@type":"ListItem","position":2,"name":"Rakeback Recensioner Online | Pokerrum Som Erbjuder Rakeback","item":"https:\/\/www.rakemonkey.com\/se\/recensioner\/"},{"@type":"ListItem","position":3,"name":"Party Poker Rakeback"}]},{"@type":"WebSite","@id":"https:\/\/www.rakemonkey.com\/se\/#website","url":"https:\/\/www.rakemonkey.com\/se\/","name":"RakeMonkey.com","description":"","potentialAction":[{"@type":"SearchAction","target":{"@type":"EntryPoint","urlTemplate":"https:\/\/www.rakemonkey.com\/se\/?s={search_term_string}"},"query-input":"required name=search_term_string"}],"inLanguage":"en-US"}]}},"_links":{"self":[{"href":"https:\/\/www.rakemonkey.com\/se\/wp-json\/wp\/v2\/pages\/44"}],"collection":[{"href":"https:\/\/www.rakemonkey.com\/se\/wp-json\/wp\/v2\/pages"}],"about":[{"href":"https:\/\/www.rakemonkey.com\/se\/wp-json\/wp\/v2\/types\/page"}],"author":[{"embeddable":true,"href":"https:\/\/www.rakemonkey.com\/se\/wp-json\/wp\/v2\/users\/9"}],"replies":[{"embeddable":true,"href":"https:\/\/www.rakemonkey.com\/se\/wp-json\/wp\/v2\/comments?post=44"}],"version-history":[{"count":0,"href":"https:\/\/www.rakemonkey.com\/se\/wp-json\/wp\/v2\/pages\/44\/revisions"}],"up":[{"embeddable":true,"href":"https:\/\/www.rakemonkey.com\/se\/wp-json\/wp\/v2\/pages\/5"}],"wp:attachment":[{"href":"https:\/\/www.rakemonkey.com\/se\/wp-json\/wp\/v2\/media?parent=44"}],"curies":[{"name":"wp","href":"https:\/\/api.w.org\/{rel}","templated":true}]}}