{"id":48,"date":"2013-03-06T23:57:31","date_gmt":"2013-03-06T23:57:31","guid":{"rendered":"http:\/\/rakemonkey.com\/se\/?page_id=48"},"modified":"2013-03-06T23:57:31","modified_gmt":"2013-03-06T23:57:31","slug":"pkr-rakeback","status":"publish","type":"page","link":"https:\/\/www.rakemonkey.com\/se\/recensioner\/pkr-rakeback\/","title":{"rendered":"PKR Rakeback"},"content":{"rendered":"<h2>PKR Poker Sammanfattning<\/h2>\n<p>PKR Poker \u00f6ppnade sina d\u00f6rrar \u00e5r 2007. Online poker v\u00e4rlden blev genast f\u00f6r\u00e4lskad och det \u00e4r ingen hemlighet att m\u00e5nga som spelar poker \u00e4r gamers, PKR skapade just det som fattades inom online poker, spel grafiken och spel k\u00e4nslan. Perfekt f\u00f6r 80talisten som vuxit upp med Mario och den 18 \u00e5rige som spela Halo p\u00e5 dens fritid eller f\u00f6r personen som ibland vill sitta och grinda online poker.<\/p>\n<p>PKR \u00e4r inte ett litet paket, om du \u00e4r en gamer s\u00e5 har du f\u00f6rmodligen ett system som l\u00e4tt kan klara av deras mjukvara, m\u00e5nga gillar PKR\u2019s mjukvara men datorn kanske inte riktigt h\u00e5ller med om just detta f\u00f6r det kan vara tungdrivet med en vek dator.<\/p>\n<p>Men det \u00e4r definitivt v\u00e4rt att g\u00e5 med i PKR\u2019s virtuella poker v\u00e4rld f\u00f6r att f\u00e5 m\u00f6ta den mer yngre generationen.<\/p>\n<p>PKR \u00e4r ett helt sj\u00e4lvst\u00e4ndigt n\u00e4tverk som inte delar sin trafik med n\u00e5gra andra pokerrum och \u00e4nd\u00e5 har lyckats f\u00e5 \u00f6ver 2 miljoner registrerade poker spelare! PKR\u2019s moderbolag \u00e4r licensierat av Alderney Gaming Commission och ligger i Storbritannien. PKR Technologies Limit \u00e4r den enda poker klienten som \u00e4r licensierad utav Storbritanniens regering.<\/p>\n<h2>PKR Rakeback och V\u00e4lkomstbonus<\/h2>\n<p>N\u00e4r du registrerar dig f\u00f6r ett erbjudande hos PKR genom Rake Monkey s\u00e5 f\u00e5r du 30% rackback. PKR har ocks\u00e5 tre olika ins\u00e4ttnings bonusar att v\u00e4lja mellan n\u00e4r du registrerar dig som spelare h\u00e4r.<\/p>\n<p>F\u00f6r nyb\u00f6rjare eller mikro spelare s\u00e5 kan du anv\u00e4nda PKR bonuskod \u201dWELCOME5\u201d f\u00f6r att f\u00e5 $5 eller $10 insatt direkt p\u00e5 ditt spelar konto. PKR erbjuder \u00e4ven en poker bonus p\u00e5 100% upp till $150 med bonuskoden \u201dWELCOME150\u201d d\u00e4r spelaren f\u00e5r ut 5% utav sin bonus \u00e5t g\u00e5ngen. Och slutligen s\u00e5 finns det en stor bonus p\u00e5 hela 125% upp till $500 med bonuskoden \u201dWELCOME500\u201d och denna tj\u00e4nas in dubbelt s\u00e5 snabbt, man f\u00e5r 10% \u00e5t g\u00e5ngen insatt p\u00e5 kontot.<\/p>\n<p><strong>Rakeback Utbetalning hos PKR<\/strong><\/p>\n<p>Varje dag s\u00e5 r\u00e4knar PKR Poker ut vad du har tj\u00e4nat ihop genom din rakeback och betalningen sker sedan den 4:e varje m\u00e5nad. Men vill du f\u00e5 pengarna tidigare s\u00e5 kan du f\u00e5 ut det n\u00e4r du vill.<\/p>\n<p><strong>Turnerings Avdrag hos PKR<\/strong><\/p>\n<p>PKR erbjuder inga avdrag eller rakeback f\u00f6r deras poker turneringar s\u00e5 vill du spela turneringar s\u00e5 f\u00e5r du betala fullt pris och f\u00e5r inga rakeback f\u00f6rm\u00e5ner. Detta betyder att PKR \u00e4r v\u00e4ldigt bra f\u00f6r ringspel men tyv\u00e4rr inte f\u00f6r turneringar n\u00e4r det g\u00e4ller rakeback vill s\u00e4ga.<\/p>\n<p><strong>PKR Bonusar och Avdrag<\/strong><\/p>\n<p>Genom att registrera dig hos PKR genom Rake Monkey s\u00e5 f\u00e5r du inte bara en v\u00e4ldigt bra rakeback deal utan ocks\u00e5 en riktigt saftig v\u00e4lkomstbonus. 125% upp till hela $500 f\u00e5r du av PKR n\u00e4r du g\u00f6r din f\u00f6rsta ins\u00e4ttning.<\/p>\n<p>Men det finns en hake f\u00f6r folk som spelar med rakeback hos PKR. Dina bonus pengar \u00e4r avr\u00e4knade innan din rakebacken \u00e4r r\u00e4knad s\u00e5 du f\u00e5r din bonus och din rake men du f\u00e5r ingen rake p\u00e5 din bonus.<\/p>\n<p><strong>PKR \u2013 Poker Rake<\/strong><\/p>\n<p>P\u00e5 ytan s\u00e5 tar PKR samma summa av raken som de flesta andra poker rum online, en industri standard p\u00e5 5% men det finns en lite chans att tj\u00e4na extra rakeback hos PKR som du inte kan n\u00e5gon annanstans. PKR s\u00e4nker inte raken n\u00e4r man spelar i ringspel p\u00e5 mikro niv\u00e5er, raken \u00e4r precis den samma p\u00e5 alla insatser. Detta g\u00f6r att \u00e4ven om du spelar p\u00e5 mikro niv\u00e5er s\u00e5 tj\u00e4nar du fortfarande rake.<\/p>\n<p>PKR har en s\u00e5 kallad \u201dNo Flop No Drop\u201d policy som du inte hittar n\u00e5gon annanstans online, det spelar allts\u00e5 ingen roll hur mycket eller lite som har sattsats f\u00f6re floppen, ingen rake kommer tas bort om floppen inte kommer upp.<\/p>\n<p>S\u00e5 om din strategi \u00e4r att g\u00e5 all-in p\u00e5 floppen s\u00e5 r\u00e4kna med att betala max raken.<\/p>\n<p><strong>PKR Ins\u00e4ttnings Alternativ <\/strong><\/p>\n<p>PKR erbjuder ett dussintal olika ins\u00e4ttnings alternativ vilket ger dig gott om val n\u00e4r du ska s\u00e4tta in pengar hos PKR. PKR \u00e4r ett internationellt poker rum och det \u00e4r mest oss europ\u00e9er som spelar h\u00e4r men sj\u00e4lvklart finns det spelare fr\u00e5n v\u00e4rlden \u00f6ver. Det mest popul\u00e4ra ins\u00e4ttnings alternativet f\u00f6r oss svenskar \u00e4r Visa och Mastercard men ocks\u00e5 Neteller, Paypal och Moneybookers. Sj\u00e4lvklar finns det en rad andra alternativ ocks\u00e5. Hos PKR Poker f\u00e5r ej amerikanska spelare spela f\u00f6r pengar.<\/p>\n<p><strong>B\u00e4sta E-Pl\u00e5nb\u00f6ckerna<\/strong><\/p>\n<p>En E-pl\u00e5nbok \u00e4r mer eller mindre en bank online d\u00e4r du kan s\u00e4tta in pengar och f\u00e5 in pengar och detta \u00e4r v\u00e4ldigt popul\u00e4rt att anv\u00e4nda sig utav n\u00e4r man vill spela poker online. De mest popul\u00e4ra f\u00f6r oss svenska \u00e4r Neteller, Paypal och Moneybookers. Men det finns gott om andra popul\u00e4ra varianter att v\u00e4lja mellan ocks\u00e5. Ins\u00e4ttnings- och uttags avgifter betalas utav PKR.<\/p>\n<p><strong>Kredit Kort<\/strong><\/p>\n<p>Kredit kort \u00e4r ett snabbt och enkelt s\u00e4tt att snabbt f\u00e5 in pengar online s\u00e5 man snabbt kan b\u00f6rja spela. PKR accepterar Visa, Mastercard, delta, Maestro, Switch och Visa Electron. N\u00e4r du gjort din ins\u00e4ttning s\u00e5 syns det direkt p\u00e5 ditt konto och det tillkommer inga avgifter.<\/p>\n<p>Andra alternativ<\/p>\n<p>Det finns gott om andra alternativ s\u00e5 som bank\u00f6verf\u00f6ring, Paysafecard, Paypoint, Click2Pay, EntroPay och Click &amp; Buy.<\/p>\n<p><strong>PKR Mjukvara<\/strong><\/p>\n<p>PKR\u2019s spelar klient \u00e4r skapad av dem sj\u00e4lva och \u00e4r verkligen i en klass f\u00f6r sig sj\u00e4lv. Att spela poker hos PKR \u00e4r s\u00e5 n\u00e4ra du kan komma att spela live utan att faktiskt spela live, du kan sj\u00e4lv skapa dig din avatar och spelet \u00e4r helt i 3d precis som i ett datorspel.<\/p>\n<p>PKR forts\u00e4tter att uppdatera sin klient och nyligen detta \u00e5ret 2012 s\u00e5 sl\u00e4ppte dem version 2.0 och dem forts\u00e4tta att l\u00e4gga till mer och mer funktioner f\u00f6r varje m\u00e5nad som g\u00e5r. Nu kan du t.ex. k\u00f6pa dig en virtuell dryck i baren som du sedan kan dricka ur medans du spelar poker, eller varf\u00f6r inte bjuda laget runt p\u00e5 en omg\u00e5ng!<\/p>\n<p>PKR ger en upplevelse som alla borde prova p\u00e5. Online poker blir till en show med spelar k\u00e4nslor och atmosf\u00e4risk bakgrund som inte finns n\u00e5gonstans online. PKR ger dig verkligen den sanna k\u00e4nslan att spela live med f\u00f6rdelen att man inte beh\u00f6ver \u00e5ka n\u00e5gonstans. Klienten g\u00e5r v\u00e4ldigt bra och har en omfattande lobby med gott om mycket bra filter. Alla standard alternativen som man \u00e4r van vid finns och mycket mer. Bord och spel inst\u00e4llningar finns det gott om. PKR har till och med lektioner om hur du anv\u00e4nder klienten, detta \u00e4r bra om man \u00e4r en nyb\u00f6rjare och snabbt vill b\u00f6rja spela.<\/p>\n<p>PKR st\u00f6ds utav tredjepart programmet Holdem Manager som hj\u00e4lper en att h\u00e5lla koll p\u00e5 sitt spelande, tyv\u00e4rr s\u00e5 funkar inte PokerTracker just nu men utvecklarna av PokerTracker jobbar p\u00e5 att f\u00e5 det att funka p\u00e5 PKR inom kort. PKR kan du spela p\u00e5 b\u00e5de Mac och PC och dem har \u00e4ven en ner skalad klient f\u00f6r dem med en sl\u00f6 dator, ingen beh\u00f6ver k\u00e4nna sig utanf\u00f6r hos PKR.<\/p>\n<p><strong>PKR Support<\/strong><\/p>\n<p>PKR erbjuder en mycket bra support och kan ge dig en virtuell assistans som oftast kan hj\u00e4lpa dig utan att du ska beh\u00f6va Maila dem. Men n\u00f6jer du dig inte med detta s\u00e5 finns det sj\u00e4lvklart email support att tillg\u00e5 som svarar inom 48 timmar men oftast s\u00e5 g\u00e5r det mycket snabbare \u00e4n s\u00e5. Men inte nog med detta s\u00e5 har dem \u00e4ven live chat. Att spela hos PKR k\u00e4nns verkligen som ett hemma spel med kompisarna och PKR g\u00f6r allt f\u00f6r att du ska ha en s\u00e5 trevlig upplevelse som m\u00f6jligt.<\/p>\n<p><strong>VIP och Bonus<\/strong><\/p>\n<p>Beroende p\u00e5 vilket ins\u00e4ttningsbonus man v\u00e4ljer s\u00e5 f\u00e5r man sin bonus antingen 5% \u00e5t g\u00e5ngen eller 10%. Deras h\u00f6gsta ins\u00e4ttningsbonus just nu \u00e4r en bonus p\u00e5 hela 125% upp till $500.<\/p>\n<p>Spelare l\u00e5ser upp sin bonus genom att tj\u00e4na ihop PKR po\u00e4ng och genom att vara med i PKR\u2019s VIP program, Club PKR. Spelare g\u00e5r automatiskt med i deras VIP program n\u00e4r dem g\u00f6r sin f\u00f6rsta ins\u00e4ttning och det finns 5 olika VIP niv\u00e5er. Det b\u00e4sta med detta \u00e4r att s\u00e5 fort du g\u00e5r upp i niv\u00e5 s\u00e5 stannar man d\u00e4r f\u00f6r resten av sitt liv, man kan allts\u00e5 inte \u00e5ka ner i niv\u00e5, finns inga krav p\u00e5 att man m\u00e5ste spela ihop ett visst antal po\u00e4ng f\u00f6r att vara kvar.<\/p>\n<p>Med PKR po\u00e4ng kan du \u00e4ven k\u00f6pa lyxiga prylar i PKR egna aff\u00e4r, exklusiva live och offline turnerings erbjudanden, reload bonusar och \u00e4ven VIP intr\u00e4den till PKR events. PKR teamet l\u00e4gger st\u00e4ndigt till nya bel\u00f6ningar att f\u00e5 och det b\u00e4sta utav allt, \u00e4ven fast du spenderar dina PKR po\u00e4ng s\u00e5 \u00f6kar du fortfarande i VIP niv\u00e5 f\u00f6r dem r\u00e4knas fortfarande in.<\/p>\n<p><strong>Spelar trafik och Motst\u00e5nd<\/strong><\/p>\n<p>Som vi n\u00e4mnde f\u00f6rut s\u00e5 \u00e4r PKR ett eget n\u00e4tverk s\u00e5 spelar trafiken \u00e4r inte lika stor som hos n\u00e5gra av dem andra poker rummen som delar sin trafik med ett dussintals andra pokerrum. Men PKR har fortfarande en hel del trafik och under de b\u00e4sta timmarna p\u00e5 dygnet s\u00e5 \u00e4r det ett antal tusen poker spelare h\u00e4r.<\/p>\n<p>PKR har generellt s\u00e4tt v\u00e4ldigt mycket fisk, den fina grafiken och dom h\u00e4ftiga funktionerna lockar till sig mycket nyb\u00f6rjare. PKR till\u00e4t endast 4 bord samtidigt f\u00f6rut vilket avskr\u00e4ckte duktiga spelare som gillar att spela p\u00e5 flera bord samtidigt. Men efter en uppdatering i b\u00f6rjan av 2012 s\u00e5 kan man nu spela med upp till 9 bord samtidigt. Nya spelare drar sig \u00e4ven till PKR\u2019s kasino som \u00e4r v\u00e4ldigt Vegas likt och mycket imponerade.<\/p>\n<p><strong>Ringspel<\/strong><\/p>\n<p>PKR erbjuder 3 typer av spel, Holdem, Omaha och Omaha Hi\/Lo. Stud varianter och andra lite mer ovanliga spel erbjuds ej. Dem har en stor spelar bas p\u00e5 mikro niv\u00e5erna men ocks\u00e5 en hel del spel p\u00e5 medel till de h\u00f6gre niv\u00e5erna n\u00e4r det g\u00e4ller No Limit Holdem. Pot Limit Omaha \u00e4r ocks\u00e5 popul\u00e4rt och det finns gott om action upp till medel niv\u00e5er. PKR erbjuder heads-up, 6 manna bord och fulla bord f\u00f6r alla spel typer. Under de b\u00e4sta timmarna p\u00e5 dygnet kommer du inte ha n\u00e5gra problem att hitta spel p\u00e5 n\u00e5gon niv\u00e5.<\/p>\n<p><strong>Turneringar<\/strong><\/p>\n<p>PKR erbjuder sina spelare Sit and Go turneringar fr\u00e5n mikro insatser, medel och \u00e4nda upp till $1000 ink\u00f6p f\u00f6r SNG\u2019s. PKR har en ganska unik SNG struktur som \u00e4ndrades 2012, spelare b\u00f6rjar nu med hela $10000 i marker och blindsen b\u00f6rjar p\u00e5 $50\/$100. Det finns standard alternativet f\u00f6r SNG men ocks\u00e5 snabb och v\u00e4ldigt snabb varianter. Det finns ocks\u00e5 speciella Fas Turneringar likt Pokerstars \u201dStep Turneringar\u201d och \u201dDouble Thrus\u201d ocks\u00e5 k\u00e4nt som 50\/50 turneringar. Dessa turneringar dubblar helt enkelt spelarens ink\u00f6p efter att h\u00e4lften av spelarna har \u00e5kt ut.<\/p>\n<p>Det finns inte konstant action inom SNG hos PKR men om man g\u00e5r med i en turnering s\u00e5 tar det inte mer en 10-20 minuter att f\u00e5 ihop alla spelare man beh\u00f6ver f\u00f6r att starta en omg\u00e5ng. Sit and Go med l\u00e5gt ink\u00f6p \u00e4r mycket enklare att f\u00e5 ig\u00e5ng.<\/p>\n<p>\u00c4ven fast PKR \u00e4r ett litet pokerrum s\u00e5 erbjuder dem en otrolig m\u00e4ngd MTT turneringar att v\u00e4lja mellan. Deras flaggskepp heter \u201dThe Master $100K Guaranteed Tournament\u201d och denna k\u00f6rs en g\u00e5ng i m\u00e5naden p\u00e5 en s\u00f6ndag och s\u00e4nds p\u00e5 PKR tv som flera miljoner kan kolla p\u00e5. Detta eventet kostar $270 men det finns \u00e4ven satelliter som leder till denna turneringen f\u00f6r s\u00e5 l\u00e5gt som $2 ink\u00f6p. \u201dThe Sunday Open $15K\u201d \u00e4r en annan turnering som g\u00e5r 3 s\u00f6ndagar i m\u00e5naden med ett ink\u00f6p av $22. PKR erbjuder \u00e4ven \u201dBounty turneringar\u201d d\u00e4r man kan sl\u00e5 ut PKR proffs och tj\u00e4na extra pengar.<\/p>\n<p><strong>Sammanfattning utav PKR<\/strong><\/p>\n<p>PKR \u00e4r en ny och unik upplevelse som skiljer sig fr\u00e5n de andra pokerrummen som endast erbjuder 2D. Detta \u00e4r en anledning till att pr\u00f6va p\u00e5 PKR. De erbjuder en fantastisk v\u00e4lkomstbonus och mycket bra support. Ett aktivt forum av spelare och sj\u00e4lvklar en virtuell 3D v\u00e4rld d\u00e4r man kan spela poker i.<\/p>\n","protected":false},"excerpt":{"rendered":"<p>PKR Poker Sammanfattning PKR Poker \u00f6ppnade sina d\u00f6rrar \u00e5r 2007. Online poker v\u00e4rlden blev genast f\u00f6r\u00e4lskad och det \u00e4r ingen hemlighet att m\u00e5nga som spelar poker \u00e4r gamers, PKR skapade just det som fattades inom online poker, spel grafiken och<a class=\"post-link\" href=\"https:\/\/www.rakemonkey.com\/se\/recensioner\/pkr-rakeback\/\"> read more&#8230;<\/a><\/p>\n","protected":false},"author":9,"featured_media":0,"parent":5,"menu_order":0,"comment_status":"closed","ping_status":"open","template":"rm_review.php","meta":[],"acf":[],"yoast_head":"<!-- This site is optimized with the Yoast SEO plugin v19.6.1 - https:\/\/yoast.com\/wordpress\/plugins\/seo\/ -->\n<title>PKR Poker Rakeback Recension \u2013 30% Rakeback till Nya Spelare<\/title>\n<meta name=\"description\" content=\"PKR Poker \u00e4r v\u00e4rlden f\u00f6rsta rum att erbjuda poker helt i 3D och en av RakeMonkey.com mest rekommenderade pokerrum. F\u00e5 en STOR bonus och en 30% rakeback genom denna sida.\" \/>\n<meta name=\"robots\" content=\"index, follow, max-snippet:-1, max-image-preview:large, max-video-preview:-1\" \/>\n<link rel=\"canonical\" href=\"https:\/\/www.rakemonkey.com\/se\/recensioner\/pkr-rakeback\/\" \/>\n<meta property=\"og:locale\" content=\"en_US\" \/>\n<meta property=\"og:type\" content=\"article\" \/>\n<meta property=\"og:title\" content=\"PKR Poker Rakeback Recension \u2013 30% Rakeback till Nya Spelare\" \/>\n<meta property=\"og:description\" content=\"PKR Poker \u00e4r v\u00e4rlden f\u00f6rsta rum att erbjuda poker helt i 3D och en av RakeMonkey.com mest rekommenderade pokerrum. F\u00e5 en STOR bonus och en 30% rakeback genom denna sida.\" \/>\n<meta property=\"og:url\" content=\"https:\/\/www.rakemonkey.com\/se\/recensioner\/pkr-rakeback\/\" \/>\n<meta property=\"og:site_name\" content=\"RakeMonkey.com\" \/>\n<meta name=\"twitter:card\" content=\"summary\" \/>\n<meta name=\"twitter:label1\" content=\"Est. reading time\" \/>\n\t<meta name=\"twitter:data1\" content=\"11 minutes\" \/>\n<script type=\"application\/ld+json\" class=\"yoast-schema-graph\">{\"@context\":\"https:\/\/schema.org\",\"@graph\":[{\"@type\":\"WebPage\",\"@id\":\"https:\/\/www.rakemonkey.com\/se\/recensioner\/pkr-rakeback\/\",\"url\":\"https:\/\/www.rakemonkey.com\/se\/recensioner\/pkr-rakeback\/\",\"name\":\"PKR Poker Rakeback Recension \u2013 30% Rakeback till Nya Spelare\",\"isPartOf\":{\"@id\":\"https:\/\/www.rakemonkey.com\/se\/#website\"},\"datePublished\":\"2013-03-06T23:57:31+00:00\",\"dateModified\":\"2013-03-06T23:57:31+00:00\",\"description\":\"PKR Poker \u00e4r v\u00e4rlden f\u00f6rsta rum att erbjuda poker helt i 3D och en av RakeMonkey.com mest rekommenderade pokerrum. F\u00e5 en STOR bonus och en 30% rakeback genom denna sida.\",\"breadcrumb\":{\"@id\":\"https:\/\/www.rakemonkey.com\/se\/recensioner\/pkr-rakeback\/#breadcrumb\"},\"inLanguage\":\"en-US\",\"potentialAction\":[{\"@type\":\"ReadAction\",\"target\":[\"https:\/\/www.rakemonkey.com\/se\/recensioner\/pkr-rakeback\/\"]}]},{\"@type\":\"BreadcrumbList\",\"@id\":\"https:\/\/www.rakemonkey.com\/se\/recensioner\/pkr-rakeback\/#breadcrumb\",\"itemListElement\":[{\"@type\":\"ListItem\",\"position\":1,\"name\":\"Home\",\"item\":\"https:\/\/www.rakemonkey.com\/se\/\"},{\"@type\":\"ListItem\",\"position\":2,\"name\":\"Rakeback Recensioner Online | Pokerrum Som Erbjuder Rakeback\",\"item\":\"https:\/\/www.rakemonkey.com\/se\/recensioner\/\"},{\"@type\":\"ListItem\",\"position\":3,\"name\":\"PKR Rakeback\"}]},{\"@type\":\"WebSite\",\"@id\":\"https:\/\/www.rakemonkey.com\/se\/#website\",\"url\":\"https:\/\/www.rakemonkey.com\/se\/\",\"name\":\"RakeMonkey.com\",\"description\":\"\",\"potentialAction\":[{\"@type\":\"SearchAction\",\"target\":{\"@type\":\"EntryPoint\",\"urlTemplate\":\"https:\/\/www.rakemonkey.com\/se\/?s={search_term_string}\"},\"query-input\":\"required name=search_term_string\"}],\"inLanguage\":\"en-US\"}]}<\/script>\n<!-- \/ Yoast SEO plugin. -->","yoast_head_json":{"title":"PKR Poker Rakeback Recension \u2013 30% Rakeback till Nya Spelare","description":"PKR Poker \u00e4r v\u00e4rlden f\u00f6rsta rum att erbjuda poker helt i 3D och en av RakeMonkey.com mest rekommenderade pokerrum. F\u00e5 en STOR bonus och en 30% rakeback genom denna sida.","robots":{"index":"index","follow":"follow","max-snippet":"max-snippet:-1","max-image-preview":"max-image-preview:large","max-video-preview":"max-video-preview:-1"},"canonical":"https:\/\/www.rakemonkey.com\/se\/recensioner\/pkr-rakeback\/","og_locale":"en_US","og_type":"article","og_title":"PKR Poker Rakeback Recension \u2013 30% Rakeback till Nya Spelare","og_description":"PKR Poker \u00e4r v\u00e4rlden f\u00f6rsta rum att erbjuda poker helt i 3D och en av RakeMonkey.com mest rekommenderade pokerrum. F\u00e5 en STOR bonus och en 30% rakeback genom denna sida.","og_url":"https:\/\/www.rakemonkey.com\/se\/recensioner\/pkr-rakeback\/","og_site_name":"RakeMonkey.com","twitter_card":"summary","twitter_misc":{"Est. reading time":"11 minutes"},"schema":{"@context":"https:\/\/schema.org","@graph":[{"@type":"WebPage","@id":"https:\/\/www.rakemonkey.com\/se\/recensioner\/pkr-rakeback\/","url":"https:\/\/www.rakemonkey.com\/se\/recensioner\/pkr-rakeback\/","name":"PKR Poker Rakeback Recension \u2013 30% Rakeback till Nya Spelare","isPartOf":{"@id":"https:\/\/www.rakemonkey.com\/se\/#website"},"datePublished":"2013-03-06T23:57:31+00:00","dateModified":"2013-03-06T23:57:31+00:00","description":"PKR Poker \u00e4r v\u00e4rlden f\u00f6rsta rum att erbjuda poker helt i 3D och en av RakeMonkey.com mest rekommenderade pokerrum. F\u00e5 en STOR bonus och en 30% rakeback genom denna sida.","breadcrumb":{"@id":"https:\/\/www.rakemonkey.com\/se\/recensioner\/pkr-rakeback\/#breadcrumb"},"inLanguage":"en-US","potentialAction":[{"@type":"ReadAction","target":["https:\/\/www.rakemonkey.com\/se\/recensioner\/pkr-rakeback\/"]}]},{"@type":"BreadcrumbList","@id":"https:\/\/www.rakemonkey.com\/se\/recensioner\/pkr-rakeback\/#breadcrumb","itemListElement":[{"@type":"ListItem","position":1,"name":"Home","item":"https:\/\/www.rakemonkey.com\/se\/"},{"@type":"ListItem","position":2,"name":"Rakeback Recensioner Online | Pokerrum Som Erbjuder Rakeback","item":"https:\/\/www.rakemonkey.com\/se\/recensioner\/"},{"@type":"ListItem","position":3,"name":"PKR Rakeback"}]},{"@type":"WebSite","@id":"https:\/\/www.rakemonkey.com\/se\/#website","url":"https:\/\/www.rakemonkey.com\/se\/","name":"RakeMonkey.com","description":"","potentialAction":[{"@type":"SearchAction","target":{"@type":"EntryPoint","urlTemplate":"https:\/\/www.rakemonkey.com\/se\/?s={search_term_string}"},"query-input":"required name=search_term_string"}],"inLanguage":"en-US"}]}},"_links":{"self":[{"href":"https:\/\/www.rakemonkey.com\/se\/wp-json\/wp\/v2\/pages\/48"}],"collection":[{"href":"https:\/\/www.rakemonkey.com\/se\/wp-json\/wp\/v2\/pages"}],"about":[{"href":"https:\/\/www.rakemonkey.com\/se\/wp-json\/wp\/v2\/types\/page"}],"author":[{"embeddable":true,"href":"https:\/\/www.rakemonkey.com\/se\/wp-json\/wp\/v2\/users\/9"}],"replies":[{"embeddable":true,"href":"https:\/\/www.rakemonkey.com\/se\/wp-json\/wp\/v2\/comments?post=48"}],"version-history":[{"count":0,"href":"https:\/\/www.rakemonkey.com\/se\/wp-json\/wp\/v2\/pages\/48\/revisions"}],"up":[{"embeddable":true,"href":"https:\/\/www.rakemonkey.com\/se\/wp-json\/wp\/v2\/pages\/5"}],"wp:attachment":[{"href":"https:\/\/www.rakemonkey.com\/se\/wp-json\/wp\/v2\/media?parent=48"}],"curies":[{"name":"wp","href":"https:\/\/api.w.org\/{rel}","templated":true}]}}