{"id":50,"date":"2013-03-07T00:28:53","date_gmt":"2013-03-07T00:28:53","guid":{"rendered":"http:\/\/rakemonkey.com\/se\/?page_id=50"},"modified":"2013-03-07T00:28:53","modified_gmt":"2013-03-07T00:28:53","slug":"pokerstars-vip","status":"publish","type":"page","link":"https:\/\/www.rakemonkey.com\/se\/recensioner\/pokerstars-vip\/","title":{"rendered":"PokerStars VIP Bel\u00f6ningar"},"content":{"rendered":"<p><strong>Stars motsvarighet till cashback<\/strong><\/p>\n<p>Pokerstars har ett speciellt VIP program som motsvarar upp till 40% i rakeback. Letar du efter ett rakeback erbjudande hos Pokerstars s\u00e5 kommer du inte hitta n\u00e5gon. Av alla pokerrum p\u00e5 internet s\u00e5 \u00e4r Pokerstars den som \u00e4r mest anti-rakeback.<\/p>\n<p>Jag vet, jag vet, ett VIP program l\u00e5ter som en kass ers\u00e4ttning till en rakeback deal men lyssna p\u00e5 mig. Det \u00e4r inte alls s\u00e5 d\u00e5ligt som det l\u00e5ter, Pokerstars blev inte den st\u00f6rsta och mest respekterade poker sidan i v\u00e4rlden av en tillf\u00e4llighet.<\/p>\n<p><a href=\"#\">&gt;&gt; Ladda ner Pokerstars h\u00e4r och b\u00f6rja tj\u00e4na med din VIP cashback &lt;&lt;<\/a><\/p>\n<p><strong>Bonuskod: STARS600<\/strong><\/p>\n<p><strong>Pokerstars Motsvarighet Till Rakeback<\/strong><\/p>\n<p>Ist\u00e4llet f\u00f6r att Pokerstars erbjuder rakeback till sina spelare s\u00e5 anv\u00e4nder Pokerstars pengarna till att ge spelarna ett v\u00e4ldigt bra VIP program som spelarna verkligen kan tj\u00e4na p\u00e5. Genom att du spelar med riktiga pengar hos Pokerstars s\u00e5 tj\u00e4nar du automatiskt FPP\u2019s som du sedan kan anv\u00e4nda f\u00f6r att k\u00f6pa saker i deras aff\u00e4r, f\u00e5 gratis intr\u00e4den till stora poker turneringar och l\u00e5sa upp bonusar.<\/p>\n<p>N\u00e4r jag s\u00e4ger bonusar s\u00e5 menar jag inte n\u00e5gra fjuttiga sm\u00e5 summor som g\u00f6r att du knappt vill spela hos Pokerstars utan jag menar riktigt stora summor pengar. Ta t.ex. Pokerstars Milestone bonusar:<\/p>\n<ul>\n<li>$800 f\u00f6r 100,000 VPP (Jag kommer f\u00f6rklara skillnaden mellan VPP\u2019s och FPP\u2019s snart)<\/li>\n<li>$2,000 f\u00f6r 200,000 VPP<\/li>\n<li>$3,000 f\u00f6r 300,000 VPP<\/li>\n<li>$4,000 f\u00f6r 400,000 VPP<\/li>\n<li>$5,000 f\u00f6r 500,000 VPP<\/li>\n<li>$6,000 f\u00f6r 600,000 VPP<\/li>\n<li>$8,000 f\u00f6r 800,000 VPP<\/li>\n<\/ul>\n<p>Detta \u00e4r n\u00e4stan $30,000 i rena pengar. Det b\u00e4sta av allt \u00e4r att dessa milestone bonusar inte \u00e4r inr\u00e4knade i dem vanliga poker bonusarna som du kan k\u00f6pa i deras VIP aff\u00e4r.<\/p>\n<p><strong>Hur Pokerstars VIP program fungerar<\/strong><\/p>\n<p>Det finns 6 niv\u00e5er i Pokerstars VIP program:<\/p>\n<ul>\n<li>BronzeStar<\/li>\n<li>SilverStar<\/li>\n<li>GoldStar<\/li>\n<li>PlatinumStar<\/li>\n<li>Supernova<\/li>\n<li>Supernova Elite<\/li>\n<\/ul>\n<p>Du b\u00f6rjar automatiskt p\u00e5 BronzeStar niv\u00e5n och jobbar dig upp fr\u00e5n denna niv\u00e5 baserat p\u00e5 hur mycket poker du spelar. N\u00e4r du spelar poker hos Pokerstars s\u00e5 tj\u00e4nar du automatiskt tv\u00e5 typer utav po\u00e4ng:<\/p>\n<ul>\n<li>VIP Player Points (VPPs)<\/li>\n<li>Frequent Player Points (FPPs)<\/li>\n<\/ul>\n<p>Dina VPP\u2019s anv\u00e4nds helt enkelt till att r\u00e4kna ut din VIP niv\u00e5 och dina FPP\u2019s \u00e4r po\u00e4ngen du anv\u00e4nder n\u00e4r du vill k\u00f6pa n\u00e5got i Pokerstars VIP aff\u00e4r. P\u00e5 f\u00f6rsta niv\u00e5n s\u00e5 tj\u00e4nar du lika mycket VPP som du tj\u00e4nar FPP men genom att \u00f6ka i VIP niv\u00e5 s\u00e5 f\u00e5r du mer FPP\u2019s f\u00f6r varje VPP intj\u00e4nad. P\u00e5 den h\u00f6gsta niv\u00e5n s\u00e5 tj\u00e4nar du 5 FPP\u2019s f\u00f6r varje 1 VPP.<\/p>\n<p><strong>F\u00f6rdelar f\u00f6r varje niv\u00e5<\/strong><\/p>\n<p>Ju h\u00f6gra upp i VIP niv\u00e5 desto mer f\u00f6rdelar f\u00e5r du och h\u00e4r \u00e4r en snabb sammanfattning utav dessa:<\/p>\n<p><strong>BronzeStar<\/strong> \u2013 H\u00e4r startar alla. Som en BronzeStar medlem s\u00e5 kan du k\u00f6pa saker fr\u00e5n deras BronzeStar VIP aff\u00e4r och f\u00e5r tillg\u00e5ng till tv\u00e5 stycken $1,000 freerolls per dag. Varje m\u00e5nad \u00e4r det en $2,500 BronzeStar turnering som kostar 200 FPP\u2019s i intr\u00e4de.<\/p>\n<p><strong>SilverStar<\/strong> \u2013 F\u00e5r du ihop 750 VPP under en m\u00e5nad s\u00e5 blir du en SilverStar spelare. Detta \u00e4r v\u00e4ldigt enkelt och borde inte ta l\u00e5ng tid alls att uppn\u00e5. F\u00f6r varje 1 VPP du tj\u00e4nar ihop s\u00e5 f\u00e5r du 1,5 FPP. Varje vecka f\u00e5r du entr\u00e9 till en $30,000 freeroll och varje m\u00e5nad s\u00e5 kan du spela i en $100,000 freeroll. P\u00e5 denna niv\u00e5 kan du \u00e4ven k\u00f6pa en $50 bonus i Pokerstars VIP aff\u00e4r.<\/p>\n<p><strong>GoldStar<\/strong> \u2013 Tj\u00e4na ihop 3,000 VPP under en m\u00e5nad och du blir GoldStar medlem. En $285 bonus finns nu tillg\u00e4nglig f\u00f6r dig i Pokerstars VIP aff\u00e4r och du har \u00e4ven tillg\u00e5ng till alla poker turneringar som finns f\u00f6r SilverStar medlemmar plus en $75,000 VIP turnering varje vecka. S\u00e5 l\u00e4nge du \u00e4r en GoldStar medlem s\u00e5 tj\u00e4nar du 2 FPP f\u00f6r varje 1 VPP intj\u00e4nad.<\/p>\n<p><strong>PlatinumStar<\/strong> \u2013 Det kr\u00e4vs att du tj\u00e4nar ihop 7,500 VPP under en m\u00e5nad f\u00f6r att bli PlatinumStar medlem. Nu kan du k\u00f6pa en poker bonus p\u00e5 $650 i VIP aff\u00e4ren. Du har \u00e4ven tillg\u00e5ng till hela PlatinumStar sektionen i Pokerstars VIP aff\u00e4r. Du kan ocks\u00e5 anv\u00e4nda dina FPP\u2019s till att k\u00f6pa in dig i World Championship of Online Poker, European Poker Tour och World Series of Poker (WSOP).<\/p>\n<p><strong>Supernova<\/strong> \u2013 Denna niv\u00e5 \u00e4r sv\u00e5r att hamna i men den kommer med stora f\u00f6rdelar. Du m\u00e5ste tj\u00e4na ihop 100,000 VPP under ett \u00e5rs tid f\u00f6r att bli en Supernova medlem. Det betyder allts\u00e5 att det spelar ingen roll hur l\u00e5ng tid det tar f\u00f6r dig att komma upp i 100,000 VPP bara det \u00e4r under ett \u00e5rs tid. P\u00e5 denna niv\u00e5 f\u00e5r du 3,5 FPP f\u00f6r varje 1VPP.<\/p>\n<p>Som en Supernova medlem s\u00e5 \u00e4r du nu ocks\u00e5 kvalificerad till alla milestone bonusar som skrevs om ovan. Dessa bonusar blir en total summa av $28,800 i rena pengar. Du kan ocks\u00e5 k\u00f6pa $1,500 och $4,000 bonusar i deras VIP aff\u00e4r. Du kan \u00e4ven l\u00f6pa in dig i World Series of Pokers huvudevent.<\/p>\n<p><strong>Supernova Elite<\/strong> \u2013 Denna niv\u00e5 \u00e4r f\u00f6r dem absolut b\u00e4sta poker spelarna. Lyckas du komma till denna niv\u00e5 s\u00e5 f\u00e5r du g\u00f6ra dig beredd p\u00e5 ett riktigt kungligt bem\u00f6tande. Men det \u00e4r inte enkelt. Du m\u00e5ste spela ihop hela 1,000,000 VPP under ett \u00e5r f\u00f6r att vara med i denna niv\u00e5. N\u00e4r du n\u00e5tt denna niv\u00e5 f\u00e5r du en plats i World Championship of Online Pokers huvudevent helt gratis och ett utav tv\u00e5 paket, du v\u00e4ljer:<\/p>\n<ul>\n<li>Paket 1: Tv\u00e5 paket fr\u00e5n Pokerstars Caribbean Adventure, WSOP Main Event, EPT Monte Carlo, APPT Sydney.<\/li>\n<li>Paket 2: Ett av paketen ovan plus $10,000 i rena pengar.<\/li>\n<\/ul>\n<p>Detta \u00e4r inte allt dock, du \u00e4r \u00e4ven kvalificerad till dessa milestone bonusar:<\/p>\n<ul>\n<li>$10,000 f\u00f6r 1,250,000 VPPs<\/li>\n<li>$10,000 f\u00f6r 1,500,000 VPPs<\/li>\n<li>$10,000 f\u00f6r 1,750,000 VPPs<\/li>\n<li>$20,000 f\u00f6r 2,000,000 VPPs<\/li>\n<li>$10,000 f\u00f6r 2,250,000 VPPs<\/li>\n<li>$10,000 f\u00f6r 2,750,000 VPPs<\/li>\n<li>$20,000 f\u00f6r 3,000,000 VPPs<\/li>\n<\/ul>\n<p>Dessa bonusar \u00e4r inte n\u00e5gon fluff utan spelare n\u00e5r faktiskt Supernova Elie. Det var en spelare som n\u00e5dde Supernova Elie p\u00e5 under 3 m\u00e5nader, det \u00e4r inte l\u00e4tt men det \u00e4r sj\u00e4lvklart m\u00f6jligt.<\/p>\n<p><strong>Att tj\u00e4na VPP\u2019s och FPP\u2019s<\/strong><\/p>\n<p>F\u00f6r varje $1 i turnerings avgift f\u00e5r du 5 VPP, t.ex., spelar du i en $20 + $2 turnering s\u00e5 f\u00e5r du 10 VPP. Det \u00e4r lite mer komplicerat p\u00e5 pengar borden men f\u00f6r enkelhetens skull s\u00e5 kan du tj\u00e4na upp till 3 VPP per hand spelad.<\/p>\n<p>Dina FPP funkar likadant f\u00f6rutom n\u00e4r du g\u00e5r upp i niv\u00e5. Varje g\u00e5ng du g\u00e5r upp i niv\u00e5 s\u00e5 f\u00e5r du mer FPP f\u00f6r varje VPP. T.ex. en GoldStar medlem f\u00e5r 2 FPP f\u00f6r varje 1 VPP intj\u00e4nad (gl\u00f6m inte att anv\u00e4nda en officiell Pokerstars bonuskod s\u00e5 du f\u00e5r en full bonus)<\/p>\n<p><strong>Pokerstars Mjukvara<\/strong><\/p>\n<p>Pokerstars \u00e4r b\u00e4st n\u00e4r det g\u00e4ller poker klient, detta \u00e4r n\u00e5got dem i stort s\u00e4tt alltid varit b\u00e4st i. Pokerstars aktuella klient har alla typer av funktioner en poker spelare kan dr\u00f6mma om och \u00e4r en av de b\u00e4st online.<\/p>\n<p>Den \u00e4r snygg, snabb och \u00e4r v\u00e4ldigt behaglig att spela poker i. Cash och turnerings lobbyn \u00e4r v\u00e4ldigt organiserad och har otroligt bra lobby filter som \u00e4r riktigt avancerade. Det finns s\u00e5 mycket du kan skr\u00e4ddarsy i deras klient vilket g\u00f6r den unik f\u00f6r varje spelare.<\/p>\n<p>Bord kan enkelt justeras i storlek och g\u00f6r den till en dr\u00f6m att spela i om du gillar att spela p\u00e5 flera bord samtidigt. Just nu kan du max spela p\u00e5 64 bord samtidigt.<\/p>\n<p>Stars klient spelas utav tiotals miljoner spelare v\u00e4rlden \u00f6ver och \u00e4r en stor del av varf\u00f6r dem \u00e4r nummer ett inom online poker. Stars kan man \u00e4ven spela p\u00e5 i mobilen och p\u00e5 sin surfplatta, s\u00e5 nu kan du spela var du \u00e4n befinner dig.<\/p>\n<p><strong>Pokerstars Support<\/strong><\/p>\n<p>Pokerstars \u00e4r bland de b\u00e4sta p\u00e5 support och dem \u00e4r k\u00e4nda f\u00f6r att vara glada, v\u00e4ldigt hj\u00e4lpsamma och riktigt roliga n\u00e4r dem hj\u00e4lper sina Pokerstars spelare. Dem erbjuder inte telefon eller chat men dem \u00e4r en av de snabbaste p\u00e5 att svara i email. Dem har \u00e4ven en riktigt stor FAQ sida som \u00e4r l\u00e4tt den b\u00e4sta utav alla pokerrum online. Pokerstars personal \u00e4r en av anledningarna till att dem \u00e4r nummer ett i v\u00e4rlden p\u00e5 online poker.<\/p>\n<p><strong>Ins\u00e4ttning och Uttag<\/strong><\/p>\n<p>Pokerstars har gott om valm\u00f6jligheter till spelare som vill s\u00e4tta in pengar p\u00e5 sitt spelar konto. Valen kan variera beroende p\u00e5 vilket land du bor i. Alla ins\u00e4ttningar och utbetalningar hos Pokerstars \u00e4r gratis och det minsta du kan s\u00e4tta in \u00e4r $10.<\/p>\n<p>VISA och Mastercard \u00e4r en av de b\u00e4sta och snabbaste s\u00e4tten att f\u00f6ra in pengar till Stars. Dessa g\u00e5r direkt och \u00e4r tillg\u00e4ngligt f\u00f6r alla som har n\u00e5got av dessa tv\u00e5 korten. Men E-pl\u00e5nb\u00f6cker \u00e4r det mest popul\u00e4ra s\u00e4ttet att f\u00f6ra in pengar p\u00e5 och n\u00e5gra av dessa \u00e4r Moneybookers och Neteller som har varit med l\u00e4nge.<\/p>\n<p>F\u00f6rutom dessa s\u00e5 finns det ett dussintal mer val att v\u00e4lja p\u00e5 om du vill s\u00e4tta in pengar hos Stars som t.ex. Entropay, bank \u00f6verf\u00f6ring, INSTADEBIT, checkar och m\u00e5nga fler. Spelare kan ocks\u00e5 f\u00f6ra \u00f6ver pengar fr\u00e5n sitt Full Tilt Poker konto till sitt Pokerstars konto och vise versa. Dem flesta utbetalningarna \u00e4r gjorda mellan 24 och 48 timmar.<\/p>\n<p><strong>Pokerstars VIP och Bonus<\/strong><\/p>\n<p>Vi skrev ovan om Pokerstars VIP program men vi vill upprepa lite av det igen. Pokerstars har det absolut b\u00e4sta VIP programmet i v\u00e4rlden just nu, de h\u00f6gre niv\u00e5erna sl\u00e5r l\u00e4tt vad du hade tj\u00e4nat med rakeback.<\/p>\n<p>Poker spelare som s\u00e4tter in pengar f\u00f6r f\u00f6rsta g\u00e5ngen hos Pokerstars f\u00e5r ocks\u00e5 en 100% poker bonus p\u00e5 upp till $600. Denna poker bonus klarar man av p\u00e5 precis samma s\u00e4tt som n\u00e4r man \u00f6kar i VIP niv\u00e5, genom att tj\u00e4na VPP\u2019s. Pokerstars ger ocks\u00e5 \u201dreload\u201d bonusar \u00e5ret runt vilket ger dig chansen till mer gratis pengar.<\/p>\n<p><strong>Pokerstars Spelar Trafik och Motst\u00e5nd<\/strong><\/p>\n<p>Pokerstars \u00e4r v\u00e4rldens st\u00f6rsta pokerrum online och det med stor marginal. Under de b\u00e4sta timmarna p\u00e5 dygnet s\u00e5 finns det hela 130,000 spelare online samtidigt. Pokerstars har inga s\u00e5 kallade \u201dskins\u201d som m\u00e5nga andra n\u00e4tverk har utan \u00e4r helt sj\u00e4lva vilket g\u00f6r denna siffra \u00e4n mer imponerande.<\/p>\n<p>Pokerstars \u00e4r definitivt ingen fisk damm utan dem har faktiskt ett rykte om att vara bland det sv\u00e5raste rummet online. Vi h\u00e4r p\u00e5 Rake Monkey tycker dock att du ska ta det med en nypa salt. Visst, spelen \u00e4r sv\u00e5rare h\u00e4r \u00e4n n\u00e5gon annanstans men det finns ocks\u00e5 bra mycket fler bord att v\u00e4lja mellan. En duktig spelare kommer inte ha n\u00e5gra problem att hitta ett bra spel med gott om action.<\/p>\n<p><strong>Pokerstars Bordsspel<\/strong><\/p>\n<p>Pokerstars har allt mellan himmel och jord n\u00e4r det g\u00e4ller spel val. Den popul\u00e4raste \u00e4r No Limit Hold\u2019em och Pot Limit Omaha men alla stud och Omaha varianter finns att spela s\u00e5 som Stud Hi\/Lo, Omaha Hi\/Lo och \u00e4ven Five Card Draw.<\/p>\n<p>Micro niv\u00e5er hos Pokerstars finns det en uppsj\u00f6 av och kommer ger dig action dygnet runt. Dem erbjuder 6-max och 9-hands bord.<\/p>\n<p>Under \u00e5rens g\u00e5ng s\u00e5 har Pokersars \u00e4ven lagt till Zoom Poker. Zoom Poker \u00e4r n\u00e4sta likadant som Full Tilt pokers Rush Poker och g\u00f6r s\u00e5 att spelare kan spela hundratals h\u00e4nder per timma genom att anv\u00e4nda ett unikt system. M\u00e5nga kallar detta framtidens poker spel.<\/p>\n<p><strong>Pokerstars Turneringar <\/strong><\/p>\n<p>Pokerstars \u00e4r kung \u00f6ver poker turneringar online och deras flaggskepp heter Sunday Million och ink\u00f6pet kostar $200+$15. Dem har \u00e4ven dussintals dagliga poker turneringar och mer eller mindre all action man kan t\u00e4nkas klara av. Deras \u00e5rliga poker turnering World Championship of Online Poker och Micro Millions. Det finns \u00e4ven turnerings leaderboards s\u00e5 spelare kan h\u00e5lla kolla p\u00e5 sina resultat och vinna priser.<\/p>\n<p>Sit and Go \u00e4r enormt hos Stars med m\u00e5nga variationer s\u00e5 som SNG\u2019s med vanlig fart, turbo och hyper turbo. Pokerstars ger all action man kan t\u00e4nkas beh\u00f6va. SNG\u2019s finns med heads-up, 6-max, 9 manna och flerbords SNG\u2019s. Pokerstars har \u201dBattle Of The Planets\u201d leaderboard som ger ut $3 miljoner \u00e5rligen till sina spelare.<\/p>\n<p><strong>Allt Som Allt<\/strong><\/p>\n<p>Vad kan man mer s\u00e4ga om Stars? Dem \u00e4r v\u00e4rldens p\u00e5litligaste pokerrum online och erbjuder mest spel p\u00e5 alla niv\u00e5er och har en v\u00e4rldsklassig support. Vi gillar inte att v\u00e4lja ut n\u00e5n favorit h\u00e4r p\u00e5 Rake Monkey men om vi var tvungna s\u00e5 skulle det med l\u00e4tthet bli Pokerstars<\/p>\n","protected":false},"excerpt":{"rendered":"<p>Stars motsvarighet till cashback Pokerstars har ett speciellt VIP program som motsvarar upp till 40% i rakeback. Letar du efter ett rakeback erbjudande hos Pokerstars s\u00e5 kommer du inte hitta n\u00e5gon. Av alla pokerrum p\u00e5 internet s\u00e5 \u00e4r Pokerstars den<a class=\"post-link\" href=\"https:\/\/www.rakemonkey.com\/se\/recensioner\/pokerstars-vip\/\"> read more&#8230;<\/a><\/p>\n","protected":false},"author":9,"featured_media":0,"parent":5,"menu_order":0,"comment_status":"closed","ping_status":"open","template":"rm_review.php","meta":[],"acf":[],"yoast_head":"<!-- This site is optimized with the Yoast SEO plugin v19.6.1 - https:\/\/yoast.com\/wordpress\/plugins\/seo\/ -->\n<title>PokerStars VIP Bel\u00f6ningar | Stars Lojalitets Bel\u00f6nings Program<\/title>\n<meta name=\"description\" content=\"Hos PokerStars s\u00e5 kan nya och redan existerande spelare f\u00e5 pengar genom att tj\u00e4na FPP\u2019s och VPP\u2019s genom att spela p\u00e5 cash borden, sit and go och turneringar.\" \/>\n<meta name=\"robots\" content=\"index, follow, max-snippet:-1, max-image-preview:large, max-video-preview:-1\" \/>\n<link rel=\"canonical\" href=\"https:\/\/www.rakemonkey.com\/se\/recensioner\/pokerstars-vip\/\" \/>\n<meta property=\"og:locale\" content=\"en_US\" \/>\n<meta property=\"og:type\" content=\"article\" \/>\n<meta property=\"og:title\" content=\"PokerStars VIP Bel\u00f6ningar | Stars Lojalitets Bel\u00f6nings Program\" \/>\n<meta property=\"og:description\" content=\"Hos PokerStars s\u00e5 kan nya och redan existerande spelare f\u00e5 pengar genom att tj\u00e4na FPP\u2019s och VPP\u2019s genom att spela p\u00e5 cash borden, sit and go och turneringar.\" \/>\n<meta property=\"og:url\" content=\"https:\/\/www.rakemonkey.com\/se\/recensioner\/pokerstars-vip\/\" \/>\n<meta property=\"og:site_name\" content=\"RakeMonkey.com\" \/>\n<meta name=\"twitter:card\" content=\"summary\" \/>\n<meta name=\"twitter:label1\" content=\"Est. reading time\" \/>\n\t<meta name=\"twitter:data1\" content=\"11 minutes\" \/>\n<script type=\"application\/ld+json\" class=\"yoast-schema-graph\">{\"@context\":\"https:\/\/schema.org\",\"@graph\":[{\"@type\":\"WebPage\",\"@id\":\"https:\/\/www.rakemonkey.com\/se\/recensioner\/pokerstars-vip\/\",\"url\":\"https:\/\/www.rakemonkey.com\/se\/recensioner\/pokerstars-vip\/\",\"name\":\"PokerStars VIP Bel\u00f6ningar | Stars Lojalitets Bel\u00f6nings Program\",\"isPartOf\":{\"@id\":\"https:\/\/www.rakemonkey.com\/se\/#website\"},\"datePublished\":\"2013-03-07T00:28:53+00:00\",\"dateModified\":\"2013-03-07T00:28:53+00:00\",\"description\":\"Hos PokerStars s\u00e5 kan nya och redan existerande spelare f\u00e5 pengar genom att tj\u00e4na FPP\u2019s och VPP\u2019s genom att spela p\u00e5 cash borden, sit and go och turneringar.\",\"breadcrumb\":{\"@id\":\"https:\/\/www.rakemonkey.com\/se\/recensioner\/pokerstars-vip\/#breadcrumb\"},\"inLanguage\":\"en-US\",\"potentialAction\":[{\"@type\":\"ReadAction\",\"target\":[\"https:\/\/www.rakemonkey.com\/se\/recensioner\/pokerstars-vip\/\"]}]},{\"@type\":\"BreadcrumbList\",\"@id\":\"https:\/\/www.rakemonkey.com\/se\/recensioner\/pokerstars-vip\/#breadcrumb\",\"itemListElement\":[{\"@type\":\"ListItem\",\"position\":1,\"name\":\"Home\",\"item\":\"https:\/\/www.rakemonkey.com\/se\/\"},{\"@type\":\"ListItem\",\"position\":2,\"name\":\"Rakeback Recensioner Online | Pokerrum Som Erbjuder Rakeback\",\"item\":\"https:\/\/www.rakemonkey.com\/se\/recensioner\/\"},{\"@type\":\"ListItem\",\"position\":3,\"name\":\"PokerStars VIP Bel\u00f6ningar\"}]},{\"@type\":\"WebSite\",\"@id\":\"https:\/\/www.rakemonkey.com\/se\/#website\",\"url\":\"https:\/\/www.rakemonkey.com\/se\/\",\"name\":\"RakeMonkey.com\",\"description\":\"\",\"potentialAction\":[{\"@type\":\"SearchAction\",\"target\":{\"@type\":\"EntryPoint\",\"urlTemplate\":\"https:\/\/www.rakemonkey.com\/se\/?s={search_term_string}\"},\"query-input\":\"required name=search_term_string\"}],\"inLanguage\":\"en-US\"}]}<\/script>\n<!-- \/ Yoast SEO plugin. -->","yoast_head_json":{"title":"PokerStars VIP Bel\u00f6ningar | Stars Lojalitets Bel\u00f6nings Program","description":"Hos PokerStars s\u00e5 kan nya och redan existerande spelare f\u00e5 pengar genom att tj\u00e4na FPP\u2019s och VPP\u2019s genom att spela p\u00e5 cash borden, sit and go och turneringar.","robots":{"index":"index","follow":"follow","max-snippet":"max-snippet:-1","max-image-preview":"max-image-preview:large","max-video-preview":"max-video-preview:-1"},"canonical":"https:\/\/www.rakemonkey.com\/se\/recensioner\/pokerstars-vip\/","og_locale":"en_US","og_type":"article","og_title":"PokerStars VIP Bel\u00f6ningar | Stars Lojalitets Bel\u00f6nings Program","og_description":"Hos PokerStars s\u00e5 kan nya och redan existerande spelare f\u00e5 pengar genom att tj\u00e4na FPP\u2019s och VPP\u2019s genom att spela p\u00e5 cash borden, sit and go och turneringar.","og_url":"https:\/\/www.rakemonkey.com\/se\/recensioner\/pokerstars-vip\/","og_site_name":"RakeMonkey.com","twitter_card":"summary","twitter_misc":{"Est. reading time":"11 minutes"},"schema":{"@context":"https:\/\/schema.org","@graph":[{"@type":"WebPage","@id":"https:\/\/www.rakemonkey.com\/se\/recensioner\/pokerstars-vip\/","url":"https:\/\/www.rakemonkey.com\/se\/recensioner\/pokerstars-vip\/","name":"PokerStars VIP Bel\u00f6ningar | Stars Lojalitets Bel\u00f6nings Program","isPartOf":{"@id":"https:\/\/www.rakemonkey.com\/se\/#website"},"datePublished":"2013-03-07T00:28:53+00:00","dateModified":"2013-03-07T00:28:53+00:00","description":"Hos PokerStars s\u00e5 kan nya och redan existerande spelare f\u00e5 pengar genom att tj\u00e4na FPP\u2019s och VPP\u2019s genom att spela p\u00e5 cash borden, sit and go och turneringar.","breadcrumb":{"@id":"https:\/\/www.rakemonkey.com\/se\/recensioner\/pokerstars-vip\/#breadcrumb"},"inLanguage":"en-US","potentialAction":[{"@type":"ReadAction","target":["https:\/\/www.rakemonkey.com\/se\/recensioner\/pokerstars-vip\/"]}]},{"@type":"BreadcrumbList","@id":"https:\/\/www.rakemonkey.com\/se\/recensioner\/pokerstars-vip\/#breadcrumb","itemListElement":[{"@type":"ListItem","position":1,"name":"Home","item":"https:\/\/www.rakemonkey.com\/se\/"},{"@type":"ListItem","position":2,"name":"Rakeback Recensioner Online | Pokerrum Som Erbjuder Rakeback","item":"https:\/\/www.rakemonkey.com\/se\/recensioner\/"},{"@type":"ListItem","position":3,"name":"PokerStars VIP Bel\u00f6ningar"}]},{"@type":"WebSite","@id":"https:\/\/www.rakemonkey.com\/se\/#website","url":"https:\/\/www.rakemonkey.com\/se\/","name":"RakeMonkey.com","description":"","potentialAction":[{"@type":"SearchAction","target":{"@type":"EntryPoint","urlTemplate":"https:\/\/www.rakemonkey.com\/se\/?s={search_term_string}"},"query-input":"required name=search_term_string"}],"inLanguage":"en-US"}]}},"_links":{"self":[{"href":"https:\/\/www.rakemonkey.com\/se\/wp-json\/wp\/v2\/pages\/50"}],"collection":[{"href":"https:\/\/www.rakemonkey.com\/se\/wp-json\/wp\/v2\/pages"}],"about":[{"href":"https:\/\/www.rakemonkey.com\/se\/wp-json\/wp\/v2\/types\/page"}],"author":[{"embeddable":true,"href":"https:\/\/www.rakemonkey.com\/se\/wp-json\/wp\/v2\/users\/9"}],"replies":[{"embeddable":true,"href":"https:\/\/www.rakemonkey.com\/se\/wp-json\/wp\/v2\/comments?post=50"}],"version-history":[{"count":0,"href":"https:\/\/www.rakemonkey.com\/se\/wp-json\/wp\/v2\/pages\/50\/revisions"}],"up":[{"embeddable":true,"href":"https:\/\/www.rakemonkey.com\/se\/wp-json\/wp\/v2\/pages\/5"}],"wp:attachment":[{"href":"https:\/\/www.rakemonkey.com\/se\/wp-json\/wp\/v2\/media?parent=50"}],"curies":[{"name":"wp","href":"https:\/\/api.w.org\/{rel}","templated":true}]}}