{"id":52,"date":"2013-03-07T00:35:13","date_gmt":"2013-03-07T00:35:13","guid":{"rendered":"http:\/\/rakemonkey.com\/se\/?page_id=52"},"modified":"2013-03-07T00:35:13","modified_gmt":"2013-03-07T00:35:13","slug":"red-star-poker","status":"publish","type":"page","link":"https:\/\/www.rakemonkey.com\/se\/recensioner\/red-star-poker\/","title":{"rendered":"Red Star Poker Recension"},"content":{"rendered":"<p>Red Star Poker lanserades 2005 som ett frist\u00e5ende online pokerrum med en egen mjukvara. Detta pokerrum tar emot spelare fr\u00e5n v\u00e4rlden \u00f6ver men dem specialiserar sig fr\u00e4mst till ryska spelare. Pokerrummet hade sv\u00e5rt att f\u00e5 sin lilla spelar bas att v\u00e4xa s\u00e5 dem flyttade \u00f6ver till Cake Poker n\u00e4tverket 2006 och h\u00e4r har dem blivit kvar. Cake Poker n\u00e4tverket \u00e4r nu mer k\u00e4nt som Revolution Gaming n\u00e4tverket och Red Star Poker delar nu spelare med stora namn som Lock Poker och Intertops.<\/p>\n<p>Red Star accepterar spelare fr\u00e5n USA och av alla pokerrum inom Revolution Gaming n\u00e4tverket s\u00e5 har Red Star Poker den b\u00e4sta supporten och de snabbaste utbetalningarna. Internationella spelare kan s\u00e4tta in pengar via VISA, Mastercard, Neteller, Skrill, Webmoney, Moneta.ru, Ukash, och Western Union. Utbetalningar kan g\u00f6ras med Visa, Webmoney, Neteller, Skrill, Western Union och bank \u00f6verf\u00f6ring.<\/p>\n<p><strong>Red Star Poker Rakeback<\/strong><\/p>\n<p>Spelare som registrerar sig via Rake Monkey kommer f\u00e5 en Red Star Poker rakeback p\u00e5 36%. Rakeback betalas ut varje torsdag av det man spelat ihop fr\u00e5n onsdag till tisdag. Red Star Poker anv\u00e4nder sig utav \u201ddealt\u201d metoden f\u00f6r deras rakeback vilket betyder att spelare inte beh\u00f6ver vara med och betala i potten f\u00f6r att f\u00e5 sin rake. Alla spelare som blir tilldelade kort kommer att f\u00e5 en rake.<\/p>\n<p>F\u00f6rutom att man f\u00e5r rakeback p\u00e5 sitt cash spel s\u00e5 f\u00e5r man ocks\u00e5 rakeback p\u00e5 sitt turnerings spel. Det finns inga avdra p\u00e5 Red Star Pokers rakeback och spelare f\u00e5r endast ha ett rakeback konto p\u00e5 Revolution Gaming N\u00e4tverket.<\/p>\n<p><strong>Red Star Poker Bonus<\/strong><\/p>\n<p>Red Star Poker erbjuder Rake Monkey spelare en poker bonus p\u00e5 250% upp till $1,500 p\u00e5 sin f\u00f6rsta ins\u00e4ttning. Det kr\u00e4vs 16,67 FPPs f\u00f6r varje $1 i bonus och en FPP f\u00e5r man f\u00f6r varje $2 i rake, och detta i cash spel. Spelar man turneringar s\u00e5 f\u00e5r man 3,5 FPP f\u00f6r varje $1 i turnerings avgift. Poker bonusen f\u00e5r man ut $5 \u00e5t g\u00e5ngen och det beloppen man har kvar p\u00e5 bonusen efter 90 dagar utg\u00e5r.<\/p>\n<p>Red Star Poker erbjuder ocks\u00e5 reload bonusar varje m\u00e5nad och Red Star\u2019s bonusar l\u00e4gger p\u00e5 18-27% p\u00e5 den 36% rakeback man f\u00e5 ut hos Red Star i och med deras bonusar. Spelare tj\u00e4nar upp till 63% rakeback medans dem klarar av sin bonus och bonusarna r\u00e4knas inte av fr\u00e5n rakebacken. Sin rakeback statistik kan man se genom att p\u00e5 in p\u00e5 My Account\/VIP Status i Red Star Poker\u2019s klient.<\/p>\n<p><strong>Red Star Poker Promotions<\/strong><\/p>\n<p>Red Star Poker har gott om erbjudanden till sina spelare. Deras VIP program kallas f\u00f6r Loyalty Levels. Rakeback spelare kan vara med i detta VIP program och det finns 50 niv\u00e5er i detta VIP programmet. Varje niv\u00e5 har sin egna bel\u00f6ning och denna kan dubblas eller tredubblas om man \u00f6kar till niv\u00e5n snabbt. De l\u00e4gre niv\u00e5erna bel\u00f6nas med guld chip och de h\u00f6gre bel\u00f6nas med rena pengar som man kan ta ut, det finns inga krav.<\/p>\n<p>Guld chip kan man anv\u00e4nda f\u00f6r att spela i speciella poker turneringar. Vissa av dessa poker turneringar ger guld chip och andra guld chip turneringar \u00e4r satelliter som leder till stora garanterade turneringar.<\/p>\n<p><strong>Red Star Poker Cash Spel<\/strong><\/p>\n<p>Red Star poker specialiserar sig i No Limit Texas Holdem och de mest popul\u00e4ra spelen \u00e4r 6 och 9 manna bord mellan $.02\/$.04 och $2\/$4 i blinds. N\u00e5gra short-handed p\u00e5 h\u00f6gre niv\u00e5er finns ocks\u00e5 under de b\u00e4sta timmarna p\u00e5 dygnet.<\/p>\n<p>Det finns ocks\u00e5 en del Fixed Limit spel upp till \u00a310\/$20 niv\u00e5n och de flesta \u00e4r 6 manna bord. Pot Limit Omaha, Pot Limit Omaha High\/Low och Limit Omaha High\/Low \u00e4r ocks\u00e5 ofta utbrett. Red Star Poker erbjuder inga ovanliga spel, inte ens Seven Card Stud.<\/p>\n<p><strong>Red Star Poker Turneringar<\/strong><\/p>\n<p>N\u00e4st intill alla poker turneringar hos Red Stars Poker \u00e4r No Limit texas Holdem men det finns n\u00e5gra Pot Limit Omaha och Pot Limit Omaha High\/Low turneringar ocks\u00e5. Turnerings ink\u00f6p startar fr\u00e5n $.50 och g\u00e5r s\u00e5 h\u00f6gt som $530 och alla turneringar har en garanterad prispott.<\/p>\n<p><strong>Red Star Motst\u00e5nd och Spelar Trafik<\/strong><\/p>\n<p>Som vi sagt tidigare s\u00e5 \u00e4r Red Star poker en del av Revolution Gaming n\u00e4tverket som \u00e4r i niv\u00e5 med Merge Gaming n\u00e4tverket n\u00e4r det g\u00e4ller amerikanska spelare. De flesta cash spel och turneringar p\u00e5 mikro upp till medel niv\u00e5 \u00e4r normalt sett alltid befolkat, framf\u00f6rallt p\u00e5 kv\u00e4llarna. Under de b\u00e4sta timmarna s\u00e5 finns det runt 5,000 spelare online samtidigt.<\/p>\n<p>Red Star har gott om fisk i deras spel. Revolution N\u00e4tverket fokuserar h\u00e5rt p\u00e5 sportsbook och casino f\u00f6rutom poker. Det finns oftast alltid spel p\u00e5 oavsett niv\u00e5 och spel typ.<\/p>\n<p><strong>Red Star Poker Freerolls<\/strong><\/p>\n<p>Red Star Poker har m\u00e5nga freerolls dagligen och m\u00e5nga av dessa \u00e4r super sateliter till garanterade poker turneringar. M\u00e5nga av de freerolls har en prispott p\u00e5 $25 upp till $250.<\/p>\n<p><strong>Red Star Slutsats<\/strong><\/p>\n<p>Red Star \u00e4r ett bra val f\u00f6r amerikanska spelare och kan vara det b\u00e4sta pokerrummet i Revolution Gaming n\u00e4tverket. Med bra bonusar, snabba utbetalningar s\u00e5 \u00e4r vi \u00f6verraskade att detta rum inte \u00e4r mer popul\u00e4rt v\u00e4rlden \u00f6ver.<\/p>\n","protected":false},"excerpt":{"rendered":"<p>Red Star Poker lanserades 2005 som ett frist\u00e5ende online pokerrum med en egen mjukvara. Detta pokerrum tar emot spelare fr\u00e5n v\u00e4rlden \u00f6ver men dem specialiserar sig fr\u00e4mst till ryska spelare. Pokerrummet hade sv\u00e5rt att f\u00e5 sin lilla spelar bas att<a class=\"post-link\" href=\"https:\/\/www.rakemonkey.com\/se\/recensioner\/red-star-poker\/\"> read more&#8230;<\/a><\/p>\n","protected":false},"author":9,"featured_media":0,"parent":5,"menu_order":0,"comment_status":"closed","ping_status":"open","template":"rm_review.php","meta":[],"acf":[],"yoast_head":"<!-- This site is optimized with the Yoast SEO plugin v19.6.1 - https:\/\/yoast.com\/wordpress\/plugins\/seo\/ -->\n<title>Red Star Poker Recension \u2013 36% Rakeback &amp; $1,500 i Bonus Pengar<\/title>\n<meta name=\"description\" content=\"F\u00e5 $1,500 i bonus pengar n\u00e4r du \u00f6ppnar ett nytt konto och 36% rakeback hos Revolution\u2019s hetaste skin, Red Star Poker.\" \/>\n<meta name=\"robots\" content=\"index, follow, max-snippet:-1, max-image-preview:large, max-video-preview:-1\" \/>\n<link rel=\"canonical\" href=\"https:\/\/www.rakemonkey.com\/se\/recensioner\/red-star-poker\/\" \/>\n<meta property=\"og:locale\" content=\"en_US\" \/>\n<meta property=\"og:type\" content=\"article\" \/>\n<meta property=\"og:title\" content=\"Red Star Poker Recension \u2013 36% Rakeback &amp; $1,500 i Bonus Pengar\" \/>\n<meta property=\"og:description\" content=\"F\u00e5 $1,500 i bonus pengar n\u00e4r du \u00f6ppnar ett nytt konto och 36% rakeback hos Revolution\u2019s hetaste skin, Red Star Poker.\" \/>\n<meta property=\"og:url\" content=\"https:\/\/www.rakemonkey.com\/se\/recensioner\/red-star-poker\/\" \/>\n<meta property=\"og:site_name\" content=\"RakeMonkey.com\" \/>\n<meta name=\"twitter:card\" content=\"summary\" \/>\n<meta name=\"twitter:label1\" content=\"Est. reading time\" \/>\n\t<meta name=\"twitter:data1\" content=\"4 minutes\" \/>\n<script type=\"application\/ld+json\" class=\"yoast-schema-graph\">{\"@context\":\"https:\/\/schema.org\",\"@graph\":[{\"@type\":\"WebPage\",\"@id\":\"https:\/\/www.rakemonkey.com\/se\/recensioner\/red-star-poker\/\",\"url\":\"https:\/\/www.rakemonkey.com\/se\/recensioner\/red-star-poker\/\",\"name\":\"Red Star Poker Recension \u2013 36% Rakeback & $1,500 i Bonus Pengar\",\"isPartOf\":{\"@id\":\"https:\/\/www.rakemonkey.com\/se\/#website\"},\"datePublished\":\"2013-03-07T00:35:13+00:00\",\"dateModified\":\"2013-03-07T00:35:13+00:00\",\"description\":\"F\u00e5 $1,500 i bonus pengar n\u00e4r du \u00f6ppnar ett nytt konto och 36% rakeback hos Revolution\u2019s hetaste skin, Red Star Poker.\",\"breadcrumb\":{\"@id\":\"https:\/\/www.rakemonkey.com\/se\/recensioner\/red-star-poker\/#breadcrumb\"},\"inLanguage\":\"en-US\",\"potentialAction\":[{\"@type\":\"ReadAction\",\"target\":[\"https:\/\/www.rakemonkey.com\/se\/recensioner\/red-star-poker\/\"]}]},{\"@type\":\"BreadcrumbList\",\"@id\":\"https:\/\/www.rakemonkey.com\/se\/recensioner\/red-star-poker\/#breadcrumb\",\"itemListElement\":[{\"@type\":\"ListItem\",\"position\":1,\"name\":\"Home\",\"item\":\"https:\/\/www.rakemonkey.com\/se\/\"},{\"@type\":\"ListItem\",\"position\":2,\"name\":\"Rakeback Recensioner Online | Pokerrum Som Erbjuder Rakeback\",\"item\":\"https:\/\/www.rakemonkey.com\/se\/recensioner\/\"},{\"@type\":\"ListItem\",\"position\":3,\"name\":\"Red Star Poker Recension\"}]},{\"@type\":\"WebSite\",\"@id\":\"https:\/\/www.rakemonkey.com\/se\/#website\",\"url\":\"https:\/\/www.rakemonkey.com\/se\/\",\"name\":\"RakeMonkey.com\",\"description\":\"\",\"potentialAction\":[{\"@type\":\"SearchAction\",\"target\":{\"@type\":\"EntryPoint\",\"urlTemplate\":\"https:\/\/www.rakemonkey.com\/se\/?s={search_term_string}\"},\"query-input\":\"required name=search_term_string\"}],\"inLanguage\":\"en-US\"}]}<\/script>\n<!-- \/ Yoast SEO plugin. -->","yoast_head_json":{"title":"Red Star Poker Recension \u2013 36% Rakeback & $1,500 i Bonus Pengar","description":"F\u00e5 $1,500 i bonus pengar n\u00e4r du \u00f6ppnar ett nytt konto och 36% rakeback hos Revolution\u2019s hetaste skin, Red Star Poker.","robots":{"index":"index","follow":"follow","max-snippet":"max-snippet:-1","max-image-preview":"max-image-preview:large","max-video-preview":"max-video-preview:-1"},"canonical":"https:\/\/www.rakemonkey.com\/se\/recensioner\/red-star-poker\/","og_locale":"en_US","og_type":"article","og_title":"Red Star Poker Recension \u2013 36% Rakeback & $1,500 i Bonus Pengar","og_description":"F\u00e5 $1,500 i bonus pengar n\u00e4r du \u00f6ppnar ett nytt konto och 36% rakeback hos Revolution\u2019s hetaste skin, Red Star Poker.","og_url":"https:\/\/www.rakemonkey.com\/se\/recensioner\/red-star-poker\/","og_site_name":"RakeMonkey.com","twitter_card":"summary","twitter_misc":{"Est. reading time":"4 minutes"},"schema":{"@context":"https:\/\/schema.org","@graph":[{"@type":"WebPage","@id":"https:\/\/www.rakemonkey.com\/se\/recensioner\/red-star-poker\/","url":"https:\/\/www.rakemonkey.com\/se\/recensioner\/red-star-poker\/","name":"Red Star Poker Recension \u2013 36% Rakeback & $1,500 i Bonus Pengar","isPartOf":{"@id":"https:\/\/www.rakemonkey.com\/se\/#website"},"datePublished":"2013-03-07T00:35:13+00:00","dateModified":"2013-03-07T00:35:13+00:00","description":"F\u00e5 $1,500 i bonus pengar n\u00e4r du \u00f6ppnar ett nytt konto och 36% rakeback hos Revolution\u2019s hetaste skin, Red Star Poker.","breadcrumb":{"@id":"https:\/\/www.rakemonkey.com\/se\/recensioner\/red-star-poker\/#breadcrumb"},"inLanguage":"en-US","potentialAction":[{"@type":"ReadAction","target":["https:\/\/www.rakemonkey.com\/se\/recensioner\/red-star-poker\/"]}]},{"@type":"BreadcrumbList","@id":"https:\/\/www.rakemonkey.com\/se\/recensioner\/red-star-poker\/#breadcrumb","itemListElement":[{"@type":"ListItem","position":1,"name":"Home","item":"https:\/\/www.rakemonkey.com\/se\/"},{"@type":"ListItem","position":2,"name":"Rakeback Recensioner Online | Pokerrum Som Erbjuder Rakeback","item":"https:\/\/www.rakemonkey.com\/se\/recensioner\/"},{"@type":"ListItem","position":3,"name":"Red Star Poker Recension"}]},{"@type":"WebSite","@id":"https:\/\/www.rakemonkey.com\/se\/#website","url":"https:\/\/www.rakemonkey.com\/se\/","name":"RakeMonkey.com","description":"","potentialAction":[{"@type":"SearchAction","target":{"@type":"EntryPoint","urlTemplate":"https:\/\/www.rakemonkey.com\/se\/?s={search_term_string}"},"query-input":"required name=search_term_string"}],"inLanguage":"en-US"}]}},"_links":{"self":[{"href":"https:\/\/www.rakemonkey.com\/se\/wp-json\/wp\/v2\/pages\/52"}],"collection":[{"href":"https:\/\/www.rakemonkey.com\/se\/wp-json\/wp\/v2\/pages"}],"about":[{"href":"https:\/\/www.rakemonkey.com\/se\/wp-json\/wp\/v2\/types\/page"}],"author":[{"embeddable":true,"href":"https:\/\/www.rakemonkey.com\/se\/wp-json\/wp\/v2\/users\/9"}],"replies":[{"embeddable":true,"href":"https:\/\/www.rakemonkey.com\/se\/wp-json\/wp\/v2\/comments?post=52"}],"version-history":[{"count":0,"href":"https:\/\/www.rakemonkey.com\/se\/wp-json\/wp\/v2\/pages\/52\/revisions"}],"up":[{"embeddable":true,"href":"https:\/\/www.rakemonkey.com\/se\/wp-json\/wp\/v2\/pages\/5"}],"wp:attachment":[{"href":"https:\/\/www.rakemonkey.com\/se\/wp-json\/wp\/v2\/media?parent=52"}],"curies":[{"name":"wp","href":"https:\/\/api.w.org\/{rel}","templated":true}]}}