{"id":63,"date":"2013-03-07T00:56:28","date_gmt":"2013-03-07T00:56:28","guid":{"rendered":"http:\/\/rakemonkey.com\/se\/?page_id=63"},"modified":"2013-03-07T00:56:28","modified_gmt":"2013-03-07T00:56:28","slug":"poker-rakeback-forklaring","status":"publish","type":"page","link":"https:\/\/www.rakemonkey.com\/se\/poker-rakeback-forklaring\/","title":{"rendered":"Poker Rakeback F\u00f6rklaring"},"content":{"rendered":"<h2>Rakeback definierad och F\u00f6rklarad<\/h2>\n<p><strong>Poker rakeback<\/strong> \u00e4r en speciell deal d\u00e4r en poker spelare f\u00e5r tillbaka en viss procent fr\u00e5n den rake han betalar till pokerrummet varje m\u00e5nad. M\u00e5nga poker spelare f\u00f6rst\u00e5r inte att raken tar en stor bit fr\u00e5n deras f\u00f6rtj\u00e4nst varje m\u00e5nad. Med en rakeback deal s\u00e5 f\u00e5r du tillbaka en del av den varje m\u00e5nad.<\/p>\n<p>S\u00e5 h\u00e4r funkar det: l\u00e5t oss s\u00e4ga att du f\u00e5r 30% rakeback p\u00e5 en poker sida. Om du betalar totalt s\u00e4tt $1,000 i rake under en m\u00e5nads tid s\u00e5 f\u00e5r du tillbaka $300 i rakeback f\u00f6r den m\u00e5naden. Oavsett om du \u00e4r amat\u00f6r eller proffs s\u00e5 kommer en rakeback deal ge dig pengar tillbaka varje m\u00e5nad som du annars inte skulle f\u00e5.<\/p>\n<p><strong>Varf\u00f6r ger poker sidor rakeback<\/strong><\/p>\n<p>Poker sidor ger ut rakeback f\u00f6r att g\u00f6ra sina spelare n\u00f6jda och f\u00f6r att attrahera fler nya spelare. \u00c4ven fast dessa rakeback betalningar minskar deras och deras affiliates vinster s\u00e5 kommer volymen spelare kompenserar f\u00f6r detta. Det \u00e4r en win-win situation f\u00f6r alla.<\/p>\n<p><strong>F\u00f6rdelar med Rakeback<\/strong><\/p>\n<p>Det fina med rakeback \u00e4ven fast det \u00e4r pengar som du redan betalat till pokerrummet s\u00e5 k\u00e4nns det inte som du f\u00f6rtj\u00e4nat pengarna du f\u00e5r. Du k\u00e4nner f\u00f6rmodligen inte av den rake du betalar till pokerrummet just nu f\u00f6r att det \u00e4r s\u00e5 sm\u00e5 summor \u00e5t g\u00e5ngen och du betalar endast n\u00e4r du vinner en pott. Om du \u00e4r van vid att spela utan rakeback s\u00e5 kommer det k\u00e4nnas som gratis pengar.<\/p>\n<p>En annan bra sak med rakeback \u00e4r att du inte beh\u00f6ver vara en vinnande poker spelare. Oavsett hur mycket eller hur lite du vinner s\u00e5 kommer du fortfarande betala rake till pokerrummet. Du kan vara den st\u00f6rsta vinnaren eller den st\u00f6rsta f\u00f6rloraren, du kommer fortfarande f\u00e5 din rakeback varje m\u00e5nad.<\/p>\n<p><strong>Nackdelar med Rakeback<\/strong><\/p>\n<p>Det finns inga nackdelar med rakeback. Rakeback ger inte ut pengar om du inte faktiskt spelar. Rakebacken du f\u00e5r varje m\u00e5nad kommer fr\u00e5n pengar du faktiskt betalat till pokerrummet. Det k\u00e4nns bara inte s\u00e5 eftersom du betalar s\u00e5 sm\u00e5 summor \u00e5t g\u00e5ngen medans det du f\u00e5r tillbaka \u00e4r en stor summa pengar.<\/p>\n<p><strong>Hur man f\u00e5r Rakeback<\/strong><\/p>\n<p>Du kan f\u00e5 en rakeback deal genom att registrera dig p\u00e5 n\u00e5gon av dem poker sidorna vi har som accepterar rakeback. Varje sida vi har, har en egen sida med steg f\u00f6r steg instruktioner om hur du g\u00e5r tillv\u00e4ga f\u00f6r att f\u00e5 rakeback. Processen \u00e4r enkel, klicka p\u00e5 en speciell l\u00e4nk f\u00f6r att komma till pokerrummet, anv\u00e4nd v\u00e5r bonuskod och sedan emaila oss ditt alias f\u00f6r pokerrummet. Du hittar mer information p\u00e5 de olika sidorna vi har.<\/p>\n<p>F\u00f6r det mest s\u00e5 kan du inte redan vara registrerad hos pokerrummet. De flest pokerrum till\u00e5ter inte redan existerade spelare att byta till ett rakeback konto. Ibland kan vi konvertera ett redan existerande konto s\u00e5 skicka ett email till oss om du har n\u00e5gra fr\u00e5gor.<\/p>\n","protected":false},"excerpt":{"rendered":"<p>Rakeback definierad och F\u00f6rklarad Poker rakeback \u00e4r en speciell deal d\u00e4r en poker spelare f\u00e5r tillbaka en viss procent fr\u00e5n den rake han betalar till pokerrummet varje m\u00e5nad. M\u00e5nga poker spelare f\u00f6rst\u00e5r inte att raken tar en stor bit fr\u00e5n<a class=\"post-link\" href=\"https:\/\/www.rakemonkey.com\/se\/poker-rakeback-forklaring\/\"> read more&#8230;<\/a><\/p>\n","protected":false},"author":9,"featured_media":0,"parent":0,"menu_order":0,"comment_status":"closed","ping_status":"open","template":"","meta":[],"acf":[],"yoast_head":"<!-- This site is optimized with the Yoast SEO plugin v19.6.1 - https:\/\/yoast.com\/wordpress\/plugins\/seo\/ -->\n<title>Online Poker Rakeback F\u00f6rklarat | Varf\u00f6r Rakeback Existerar<\/title>\n<meta name=\"description\" content=\"Rakeback kan vara en sv\u00e5r sak att f\u00f6rklara f\u00f6r en ny spelare s\u00e5 denna artikel pratar om varf\u00f6r rakeback \u00e4r viktigt f\u00f6r grinders \u2013 samt nackdelarna.\" \/>\n<meta name=\"robots\" content=\"index, follow, max-snippet:-1, max-image-preview:large, max-video-preview:-1\" \/>\n<link rel=\"canonical\" href=\"https:\/\/www.rakemonkey.com\/se\/poker-rakeback-forklaring\/\" \/>\n<meta property=\"og:locale\" content=\"en_US\" \/>\n<meta property=\"og:type\" content=\"article\" \/>\n<meta property=\"og:title\" content=\"Online Poker Rakeback F\u00f6rklarat | Varf\u00f6r Rakeback Existerar\" \/>\n<meta property=\"og:description\" content=\"Rakeback kan vara en sv\u00e5r sak att f\u00f6rklara f\u00f6r en ny spelare s\u00e5 denna artikel pratar om varf\u00f6r rakeback \u00e4r viktigt f\u00f6r grinders \u2013 samt nackdelarna.\" \/>\n<meta property=\"og:url\" content=\"https:\/\/www.rakemonkey.com\/se\/poker-rakeback-forklaring\/\" \/>\n<meta property=\"og:site_name\" content=\"RakeMonkey.com\" \/>\n<meta name=\"twitter:card\" content=\"summary\" \/>\n<meta name=\"twitter:label1\" content=\"Est. reading time\" \/>\n\t<meta name=\"twitter:data1\" content=\"3 minutes\" \/>\n<script type=\"application\/ld+json\" class=\"yoast-schema-graph\">{\"@context\":\"https:\/\/schema.org\",\"@graph\":[{\"@type\":\"WebPage\",\"@id\":\"https:\/\/www.rakemonkey.com\/se\/poker-rakeback-forklaring\/\",\"url\":\"https:\/\/www.rakemonkey.com\/se\/poker-rakeback-forklaring\/\",\"name\":\"Online Poker Rakeback F\u00f6rklarat | Varf\u00f6r Rakeback Existerar\",\"isPartOf\":{\"@id\":\"https:\/\/www.rakemonkey.com\/se\/#website\"},\"datePublished\":\"2013-03-07T00:56:28+00:00\",\"dateModified\":\"2013-03-07T00:56:28+00:00\",\"description\":\"Rakeback kan vara en sv\u00e5r sak att f\u00f6rklara f\u00f6r en ny spelare s\u00e5 denna artikel pratar om varf\u00f6r rakeback \u00e4r viktigt f\u00f6r grinders \u2013 samt nackdelarna.\",\"breadcrumb\":{\"@id\":\"https:\/\/www.rakemonkey.com\/se\/poker-rakeback-forklaring\/#breadcrumb\"},\"inLanguage\":\"en-US\",\"potentialAction\":[{\"@type\":\"ReadAction\",\"target\":[\"https:\/\/www.rakemonkey.com\/se\/poker-rakeback-forklaring\/\"]}]},{\"@type\":\"BreadcrumbList\",\"@id\":\"https:\/\/www.rakemonkey.com\/se\/poker-rakeback-forklaring\/#breadcrumb\",\"itemListElement\":[{\"@type\":\"ListItem\",\"position\":1,\"name\":\"Home\",\"item\":\"https:\/\/www.rakemonkey.com\/se\/\"},{\"@type\":\"ListItem\",\"position\":2,\"name\":\"Poker Rakeback F\u00f6rklaring\"}]},{\"@type\":\"WebSite\",\"@id\":\"https:\/\/www.rakemonkey.com\/se\/#website\",\"url\":\"https:\/\/www.rakemonkey.com\/se\/\",\"name\":\"RakeMonkey.com\",\"description\":\"\",\"potentialAction\":[{\"@type\":\"SearchAction\",\"target\":{\"@type\":\"EntryPoint\",\"urlTemplate\":\"https:\/\/www.rakemonkey.com\/se\/?s={search_term_string}\"},\"query-input\":\"required name=search_term_string\"}],\"inLanguage\":\"en-US\"}]}<\/script>\n<!-- \/ Yoast SEO plugin. -->","yoast_head_json":{"title":"Online Poker Rakeback F\u00f6rklarat | Varf\u00f6r Rakeback Existerar","description":"Rakeback kan vara en sv\u00e5r sak att f\u00f6rklara f\u00f6r en ny spelare s\u00e5 denna artikel pratar om varf\u00f6r rakeback \u00e4r viktigt f\u00f6r grinders \u2013 samt nackdelarna.","robots":{"index":"index","follow":"follow","max-snippet":"max-snippet:-1","max-image-preview":"max-image-preview:large","max-video-preview":"max-video-preview:-1"},"canonical":"https:\/\/www.rakemonkey.com\/se\/poker-rakeback-forklaring\/","og_locale":"en_US","og_type":"article","og_title":"Online Poker Rakeback F\u00f6rklarat | Varf\u00f6r Rakeback Existerar","og_description":"Rakeback kan vara en sv\u00e5r sak att f\u00f6rklara f\u00f6r en ny spelare s\u00e5 denna artikel pratar om varf\u00f6r rakeback \u00e4r viktigt f\u00f6r grinders \u2013 samt nackdelarna.","og_url":"https:\/\/www.rakemonkey.com\/se\/poker-rakeback-forklaring\/","og_site_name":"RakeMonkey.com","twitter_card":"summary","twitter_misc":{"Est. reading time":"3 minutes"},"schema":{"@context":"https:\/\/schema.org","@graph":[{"@type":"WebPage","@id":"https:\/\/www.rakemonkey.com\/se\/poker-rakeback-forklaring\/","url":"https:\/\/www.rakemonkey.com\/se\/poker-rakeback-forklaring\/","name":"Online Poker Rakeback F\u00f6rklarat | Varf\u00f6r Rakeback Existerar","isPartOf":{"@id":"https:\/\/www.rakemonkey.com\/se\/#website"},"datePublished":"2013-03-07T00:56:28+00:00","dateModified":"2013-03-07T00:56:28+00:00","description":"Rakeback kan vara en sv\u00e5r sak att f\u00f6rklara f\u00f6r en ny spelare s\u00e5 denna artikel pratar om varf\u00f6r rakeback \u00e4r viktigt f\u00f6r grinders \u2013 samt nackdelarna.","breadcrumb":{"@id":"https:\/\/www.rakemonkey.com\/se\/poker-rakeback-forklaring\/#breadcrumb"},"inLanguage":"en-US","potentialAction":[{"@type":"ReadAction","target":["https:\/\/www.rakemonkey.com\/se\/poker-rakeback-forklaring\/"]}]},{"@type":"BreadcrumbList","@id":"https:\/\/www.rakemonkey.com\/se\/poker-rakeback-forklaring\/#breadcrumb","itemListElement":[{"@type":"ListItem","position":1,"name":"Home","item":"https:\/\/www.rakemonkey.com\/se\/"},{"@type":"ListItem","position":2,"name":"Poker Rakeback F\u00f6rklaring"}]},{"@type":"WebSite","@id":"https:\/\/www.rakemonkey.com\/se\/#website","url":"https:\/\/www.rakemonkey.com\/se\/","name":"RakeMonkey.com","description":"","potentialAction":[{"@type":"SearchAction","target":{"@type":"EntryPoint","urlTemplate":"https:\/\/www.rakemonkey.com\/se\/?s={search_term_string}"},"query-input":"required name=search_term_string"}],"inLanguage":"en-US"}]}},"_links":{"self":[{"href":"https:\/\/www.rakemonkey.com\/se\/wp-json\/wp\/v2\/pages\/63"}],"collection":[{"href":"https:\/\/www.rakemonkey.com\/se\/wp-json\/wp\/v2\/pages"}],"about":[{"href":"https:\/\/www.rakemonkey.com\/se\/wp-json\/wp\/v2\/types\/page"}],"author":[{"embeddable":true,"href":"https:\/\/www.rakemonkey.com\/se\/wp-json\/wp\/v2\/users\/9"}],"replies":[{"embeddable":true,"href":"https:\/\/www.rakemonkey.com\/se\/wp-json\/wp\/v2\/comments?post=63"}],"version-history":[{"count":0,"href":"https:\/\/www.rakemonkey.com\/se\/wp-json\/wp\/v2\/pages\/63\/revisions"}],"wp:attachment":[{"href":"https:\/\/www.rakemonkey.com\/se\/wp-json\/wp\/v2\/media?parent=63"}],"curies":[{"name":"wp","href":"https:\/\/api.w.org\/{rel}","templated":true}]}}