{"id":72,"date":"2013-03-07T01:13:02","date_gmt":"2013-03-07T01:13:02","guid":{"rendered":"http:\/\/rakemonkey.com\/se\/?page_id=72"},"modified":"2013-03-07T01:13:02","modified_gmt":"2013-03-07T01:13:02","slug":"bjud-in-en-van","status":"publish","type":"page","link":"https:\/\/www.rakemonkey.com\/se\/bjud-in-en-van\/","title":{"rendered":"Bjud in en V\u00e4n"},"content":{"rendered":"<p>I rakeback branschen s\u00e5 \u00e4r djungeltelegrafen ett av det b\u00e4sta s\u00e4ttet att annonsera p\u00e5. Poker spelare tenderar att k\u00e4nna andra poker spelare s\u00e5 vi vill att det ska vara v\u00e4rt att n\u00e4mna v\u00e5rt namn till dina v\u00e4nner n\u00e4r ni pratar om rakeback. Med det i \u00e5tanke s\u00e5 skapade vi det h\u00f6gst betalda v\u00e4rvar programmet i v\u00e5r bransch. <\/p>\n<p>N\u00e4r du v\u00e4rvar en v\u00e4n till RakeMonkey.com s\u00e5 f\u00e5r du mellan 4 och 6% av vad denna spelaren rakar livet ut. T.ex., Om du skickar 3 spelare till oss som genererar $10,000 i rake varje m\u00e5nad s\u00e5 f\u00e5r du $400 i m\u00e5naden av dessa spelare. Ju fler spelare du v\u00e4rvar desto mer tj\u00e4nar du varje m\u00e5nad.<\/p>\n<h2>Bjud in en V\u00e4n F\u00f6rtj\u00e4nst<\/h2>\n<p>Procenten du f\u00e5r p\u00e5 dem du v\u00e4rvar \u00e4r baserad p\u00e5 hur mycket rake dem genererar som grupp:<\/p>\n<p><strong>Rake Genererad | Din Del<\/strong><\/p>\n<ul>\n<li>$0 \u2013 $19,999 | 4% <\/li>\n<li>$20,000 \u2013 $49,999 | 5% <\/li>\n<li>$50,000 + | 6%<\/li>\n<\/ul>\n<p>L\u00e5t oss s\u00e4ga att du v\u00e4rvar 10 h\u00f6gvolyms spelare och s\u00e5 genererar dem totalt $50,000 i rake per m\u00e5nad. D\u00e5 kommer du tj\u00e4na $3,000 i m\u00e5naden p\u00e5 dessa spelare. S\u00e5 l\u00e4nge som dem spelar s\u00e5 tj\u00e4nar du pengar p\u00e5 dem utan att beh\u00f6va g\u00f6ra n\u00e5got alls. Detta \u00e4r extra pengar som du f\u00e5r ut\u00f6ver din vanliga rakeback och de pengar du vinner i v\u00e5ra rake races och rake chases.<\/p>\n<p>\u00c4nnu b\u00e4ttre \u00e4r att vi har ett v\u00e4rvar program med 5 niv\u00e5er. Detta betyder att du inte endast f\u00e5r pengar f\u00f6r spelar du v\u00e4rvar, du f\u00e5r \u00e4ven pengar f\u00f6r spelare som dem v\u00e4rvar. Detta g\u00e5r 5 niv\u00e5er ner\u00e5t. <\/p>\n<p>Ju fler spelare du skickar till RakeMonkey.com, desto st\u00f6rre chans \u00e4r det att dem v\u00e4rvar sina v\u00e4nner. Det kan bli en riktig sn\u00f6bolls effekt med v\u00e5rat 5 niv\u00e5 program.<\/p>\n<p>F\u00f6rtj\u00e4nst per niv\u00e5<\/p>\n<p>Niv\u00e5 # | Din Andel<\/p>\n<ul>\n<li>1 | 4% to 6% <\/li>\n<li>2 | 1% <\/li>\n<li>3 | .75% <\/li>\n<li>4 | .50% <\/li>\n<li>5 | .25%<\/li>\n<\/ul>\n<h2>Bjud in en V\u00e4n T\u00e4vling<\/h2>\n<p>Varje m\u00e5nad s\u00e5 ger vi iv\u00e4g $2,000 i prispengar till de 20 b\u00e4sta spelarna som v\u00e4rvar flest spelare till RakeMonkey.com. F\u00f6r att en v\u00e4rvning ska r\u00e4knas in i t\u00e4vlingen s\u00e5 m\u00e5ste spelaren g\u00f6ra en ins\u00e4ttning och spela poker.<\/p>\n","protected":false},"excerpt":{"rendered":"<p>I rakeback branschen s\u00e5 \u00e4r djungeltelegrafen ett av det b\u00e4sta s\u00e4ttet att annonsera p\u00e5. Poker spelare tenderar att k\u00e4nna andra poker spelare s\u00e5 vi vill att det ska vara v\u00e4rt att n\u00e4mna v\u00e5rt namn till dina v\u00e4nner n\u00e4r ni pratar<a class=\"post-link\" href=\"https:\/\/www.rakemonkey.com\/se\/bjud-in-en-van\/\"> read more&#8230;<\/a><\/p>\n","protected":false},"author":9,"featured_media":0,"parent":0,"menu_order":0,"comment_status":"closed","ping_status":"open","template":"","meta":[],"acf":[],"yoast_head":"<!-- This site is optimized with the Yoast SEO plugin v19.6.1 - https:\/\/yoast.com\/wordpress\/plugins\/seo\/ -->\n<title>Bjud in en V\u00e4n Program hos RakeMonkey.com<\/title>\n<meta name=\"description\" content=\"Tj\u00e4na upp till 6% av vad din v\u00e4n bidrar i rake per m\u00e5nad bara genom att skicka dina v\u00e4nner till RakeMonkey.com och f\u00e5 dem att registrera sig.\" \/>\n<meta name=\"robots\" content=\"index, follow, max-snippet:-1, max-image-preview:large, max-video-preview:-1\" \/>\n<link rel=\"canonical\" href=\"https:\/\/www.rakemonkey.com\/se\/bjud-in-en-van\/\" \/>\n<meta property=\"og:locale\" content=\"en_US\" \/>\n<meta property=\"og:type\" content=\"article\" \/>\n<meta property=\"og:title\" content=\"Bjud in en V\u00e4n Program hos RakeMonkey.com\" \/>\n<meta property=\"og:description\" content=\"Tj\u00e4na upp till 6% av vad din v\u00e4n bidrar i rake per m\u00e5nad bara genom att skicka dina v\u00e4nner till RakeMonkey.com och f\u00e5 dem att registrera sig.\" \/>\n<meta property=\"og:url\" content=\"https:\/\/www.rakemonkey.com\/se\/bjud-in-en-van\/\" \/>\n<meta property=\"og:site_name\" content=\"RakeMonkey.com\" \/>\n<meta name=\"twitter:card\" content=\"summary\" \/>\n<meta name=\"twitter:label1\" content=\"Est. reading time\" \/>\n\t<meta name=\"twitter:data1\" content=\"2 minutes\" \/>\n<script type=\"application\/ld+json\" class=\"yoast-schema-graph\">{\"@context\":\"https:\/\/schema.org\",\"@graph\":[{\"@type\":\"WebPage\",\"@id\":\"https:\/\/www.rakemonkey.com\/se\/bjud-in-en-van\/\",\"url\":\"https:\/\/www.rakemonkey.com\/se\/bjud-in-en-van\/\",\"name\":\"Bjud in en V\u00e4n Program hos RakeMonkey.com\",\"isPartOf\":{\"@id\":\"https:\/\/www.rakemonkey.com\/se\/#website\"},\"datePublished\":\"2013-03-07T01:13:02+00:00\",\"dateModified\":\"2013-03-07T01:13:02+00:00\",\"description\":\"Tj\u00e4na upp till 6% av vad din v\u00e4n bidrar i rake per m\u00e5nad bara genom att skicka dina v\u00e4nner till RakeMonkey.com och f\u00e5 dem att registrera sig.\",\"breadcrumb\":{\"@id\":\"https:\/\/www.rakemonkey.com\/se\/bjud-in-en-van\/#breadcrumb\"},\"inLanguage\":\"en-US\",\"potentialAction\":[{\"@type\":\"ReadAction\",\"target\":[\"https:\/\/www.rakemonkey.com\/se\/bjud-in-en-van\/\"]}]},{\"@type\":\"BreadcrumbList\",\"@id\":\"https:\/\/www.rakemonkey.com\/se\/bjud-in-en-van\/#breadcrumb\",\"itemListElement\":[{\"@type\":\"ListItem\",\"position\":1,\"name\":\"Home\",\"item\":\"https:\/\/www.rakemonkey.com\/se\/\"},{\"@type\":\"ListItem\",\"position\":2,\"name\":\"Bjud in en V\u00e4n\"}]},{\"@type\":\"WebSite\",\"@id\":\"https:\/\/www.rakemonkey.com\/se\/#website\",\"url\":\"https:\/\/www.rakemonkey.com\/se\/\",\"name\":\"RakeMonkey.com\",\"description\":\"\",\"potentialAction\":[{\"@type\":\"SearchAction\",\"target\":{\"@type\":\"EntryPoint\",\"urlTemplate\":\"https:\/\/www.rakemonkey.com\/se\/?s={search_term_string}\"},\"query-input\":\"required name=search_term_string\"}],\"inLanguage\":\"en-US\"}]}<\/script>\n<!-- \/ Yoast SEO plugin. -->","yoast_head_json":{"title":"Bjud in en V\u00e4n Program hos RakeMonkey.com","description":"Tj\u00e4na upp till 6% av vad din v\u00e4n bidrar i rake per m\u00e5nad bara genom att skicka dina v\u00e4nner till RakeMonkey.com och f\u00e5 dem att registrera sig.","robots":{"index":"index","follow":"follow","max-snippet":"max-snippet:-1","max-image-preview":"max-image-preview:large","max-video-preview":"max-video-preview:-1"},"canonical":"https:\/\/www.rakemonkey.com\/se\/bjud-in-en-van\/","og_locale":"en_US","og_type":"article","og_title":"Bjud in en V\u00e4n Program hos RakeMonkey.com","og_description":"Tj\u00e4na upp till 6% av vad din v\u00e4n bidrar i rake per m\u00e5nad bara genom att skicka dina v\u00e4nner till RakeMonkey.com och f\u00e5 dem att registrera sig.","og_url":"https:\/\/www.rakemonkey.com\/se\/bjud-in-en-van\/","og_site_name":"RakeMonkey.com","twitter_card":"summary","twitter_misc":{"Est. reading time":"2 minutes"},"schema":{"@context":"https:\/\/schema.org","@graph":[{"@type":"WebPage","@id":"https:\/\/www.rakemonkey.com\/se\/bjud-in-en-van\/","url":"https:\/\/www.rakemonkey.com\/se\/bjud-in-en-van\/","name":"Bjud in en V\u00e4n Program hos RakeMonkey.com","isPartOf":{"@id":"https:\/\/www.rakemonkey.com\/se\/#website"},"datePublished":"2013-03-07T01:13:02+00:00","dateModified":"2013-03-07T01:13:02+00:00","description":"Tj\u00e4na upp till 6% av vad din v\u00e4n bidrar i rake per m\u00e5nad bara genom att skicka dina v\u00e4nner till RakeMonkey.com och f\u00e5 dem att registrera sig.","breadcrumb":{"@id":"https:\/\/www.rakemonkey.com\/se\/bjud-in-en-van\/#breadcrumb"},"inLanguage":"en-US","potentialAction":[{"@type":"ReadAction","target":["https:\/\/www.rakemonkey.com\/se\/bjud-in-en-van\/"]}]},{"@type":"BreadcrumbList","@id":"https:\/\/www.rakemonkey.com\/se\/bjud-in-en-van\/#breadcrumb","itemListElement":[{"@type":"ListItem","position":1,"name":"Home","item":"https:\/\/www.rakemonkey.com\/se\/"},{"@type":"ListItem","position":2,"name":"Bjud in en V\u00e4n"}]},{"@type":"WebSite","@id":"https:\/\/www.rakemonkey.com\/se\/#website","url":"https:\/\/www.rakemonkey.com\/se\/","name":"RakeMonkey.com","description":"","potentialAction":[{"@type":"SearchAction","target":{"@type":"EntryPoint","urlTemplate":"https:\/\/www.rakemonkey.com\/se\/?s={search_term_string}"},"query-input":"required name=search_term_string"}],"inLanguage":"en-US"}]}},"_links":{"self":[{"href":"https:\/\/www.rakemonkey.com\/se\/wp-json\/wp\/v2\/pages\/72"}],"collection":[{"href":"https:\/\/www.rakemonkey.com\/se\/wp-json\/wp\/v2\/pages"}],"about":[{"href":"https:\/\/www.rakemonkey.com\/se\/wp-json\/wp\/v2\/types\/page"}],"author":[{"embeddable":true,"href":"https:\/\/www.rakemonkey.com\/se\/wp-json\/wp\/v2\/users\/9"}],"replies":[{"embeddable":true,"href":"https:\/\/www.rakemonkey.com\/se\/wp-json\/wp\/v2\/comments?post=72"}],"version-history":[{"count":0,"href":"https:\/\/www.rakemonkey.com\/se\/wp-json\/wp\/v2\/pages\/72\/revisions"}],"wp:attachment":[{"href":"https:\/\/www.rakemonkey.com\/se\/wp-json\/wp\/v2\/media?parent=72"}],"curies":[{"name":"wp","href":"https:\/\/api.w.org\/{rel}","templated":true}]}}