{"id":74,"date":"2013-03-07T01:16:47","date_gmt":"2013-03-07T01:16:47","guid":{"rendered":"http:\/\/rakemonkey.com\/se\/?page_id=74"},"modified":"2013-03-07T01:16:47","modified_gmt":"2013-03-07T01:16:47","slug":"rakeback-faq","status":"publish","type":"page","link":"https:\/\/www.rakemonkey.com\/se\/rakeback-faq\/","title":{"rendered":"FAQ\u2019s"},"content":{"rendered":"<p><strong>Vad \u00e4r rake?<\/strong><\/p>\n<p>Rake \u00e4r ett s\u00e4tt f\u00f6r ett pokerrum att tj\u00e4na pengar. En liten procent tas fr\u00e5n varje pott och beh\u00e5lls utav pokerrummet som inkomst. Detta \u00e4r hur poker sidor tj\u00e4nar sina pengar.<\/p>\n<p><strong>Vad \u00e4r rakeback?<\/strong><\/p>\n<p>Rakeback \u00e4r ett avtal d\u00e4r du f\u00e5r en viss procent av din rake tillbaka varje m\u00e5nad. T.ex., om du har en 27% rakeback deal s\u00e5 f\u00e5r du 27% av din rake tillbaka varje m\u00e5nad.<\/p>\n<p><strong>Hur kan jag f\u00e5 rakeback?<\/strong><\/p>\n<p>Du kan f\u00e5 rakeback genom att registrera dig hos n\u00e5gon av v\u00e5ra rakeback sidor. S\u00e5 l\u00e4nge du registrerar dig hos n\u00e5got utav de pokerrum vi har h\u00e4r hos RakeMonkey.com s\u00e5 f\u00e5r du en rakeback livet ut p\u00e5 ditt poker konto. Vi ger ocks\u00e5 steg f\u00f6r steg hur du ska registrera dig. Registrerings formul\u00e4ret \u00e4r enkelt och vi kr\u00e4ver endast din email och det alias du anv\u00e4nder p\u00e5 pokerrummet efter att du laddat ner mjukvaran och registrerat dig.<\/p>\n<p><strong>\u00c4r rakeback s\u00e4kert?<\/strong><\/p>\n<p>Ja. Rakeback \u00e4r en utstr\u00e4ckt aff\u00e4rsmodell. M\u00e5nga pokerrum ger rakeback borts\u00e4tt fr\u00e5n n\u00e5gra f\u00e5. Men, dessa rum har speciella VIP program som g\u00f6r att man tj\u00e4nar bra \u00e4nd\u00e5.<\/p>\n<p><strong>\u00c4r rakeback till\u00e5tet av pokerrummen?<\/strong><\/p>\n<p>Ja. Poker sidorna vi har h\u00e4r hos RakeMonkey.com till\u00e5ter rakeback avtal.<\/p>\n<p><strong>Varf\u00f6r ger sidor som Rakemonkey.com ut rakeback?<\/strong><\/p>\n<p>Varje g\u00e5ng en sida som denna skickar en poker spelare till ett online pokerrum s\u00e5 tj\u00e4nar vi en vis procent p\u00e5 denna spelares rake livet ut. Rakebacken vi ger tar en stor del utav v\u00e5r f\u00f6rtj\u00e4nst men vi f\u00e5r tillbaka det genom att skicka m\u00e5nga spelare. Alla vill ha rakeback!<\/p>\n<p><strong>Kan jag hitta ett b\u00e4ttre rakeback avtal n\u00e5gon annanstans? <\/strong><\/p>\n<p>Nej. Rakeback branschen har blivit v\u00e4ldigt t\u00e4vlingsinriktad de senaste \u00e5ren s\u00e5 alla rakeback sidor som denna ger ut den absolut h\u00f6gsta rakebacken som \u00e4r till\u00e5tet av pokerrummet. Hittar du en sida som ger en h\u00f6gre rakeback \u00e4n vad vi listar h\u00e4r s\u00e5 borde du akta dig. F\u00f6rmodligen s\u00e5 bryter den sidan mot pokerrummets regler. S\u00e5 om din rakeback leverant\u00f6r f\u00f6rsvinner s\u00e5 kommer du sluta f\u00e5 rakeback p\u00e5 det pokerrummet.<\/p>\n<p><strong>Hur ofta f\u00e5 jag betalt?<\/strong><\/p>\n<p>H\u00e4r hos RakeMonkey.com s\u00e5 beh\u00f6ver du endast logga in direkt p\u00e5 v\u00e5r sida, h\u00e4r kan du se din statistik och har ocks\u00e5 m\u00f6jligheten att ta ut dina pengar n\u00e4r du vill, DAGLIGEN. Det finns inga dr\u00f6jsm\u00e5l n\u00e4r du vill ta ut pengar, vi \u00e4r inte som m\u00e5nga andra rakeback leverant\u00f6rer som endast betalar ut en g\u00e5ng i m\u00e5naden.<\/p>\n<p><strong>Hur f\u00e5r jag betalt?<\/strong><\/p>\n<p>Hos n\u00e5gra pokerrum s\u00e5 hanterar pokerrummet sj\u00e4lva automatiskt \u00f6verf\u00f6ringen utav din rakeback till ditt spelar konto. Och hos vissa pokerrum s\u00e5 tar vi hand om utbetalningen och skickar pengarna till ditt poker konto, Neteller och andra e-pl\u00e5nb\u00f6cker. <\/p>\n<p><strong>Hur mycket kan jag tj\u00e4na med rakeback?<\/strong><\/p>\n<p>Det finns inget tak p\u00e5 f\u00f6r hur mycket du kan tj\u00e4na med rakeback. Ju mer poker du spelare desto mer rake betalar du och detta g\u00f6r att du f\u00e5r mer rakeback. N\u00e5gra av v\u00e5ra h\u00f6gvolym spelare tj\u00e4nar tusentals dollar varje m\u00e5nad p\u00e5 rakeback.<\/p>\n<p><strong>Varf\u00f6r borde jag ha rakeback?<\/strong><\/p>\n<p>Rakeback \u00e4r v\u00e4ldigt viktigt f\u00f6r en poker spelare. En rakeback deal ger dig mer pengar varje m\u00e5nad. Det \u00e4nda du beh\u00f6ver g\u00f6ra \u00e4r att spela poker som vanligt, du beh\u00f6ver inte ens vara en vinnande poker spelare f\u00f6r att tj\u00e4na rakeback varje m\u00e5nad.<\/p>\n<p><strong>Kan jag f\u00e5 rakeback p\u00e5 mitt befintliga konto?<\/strong><\/p>\n<p>Normalts\u00e4tt s\u00e5 \u00e4r svaret p\u00e5 denna fr\u00e5ga nej. Men, det finns pokerrum som kan ge dig en rakeback p\u00e5 ditt redan befintliga konto. Om du har n\u00e5gra fr\u00e5gor om detta s\u00e5 kan du kontakta oss.<\/p>\n<p><strong>Vad \u00e4r haken?<\/strong><\/p>\n<p>Det finns ingen hake, kostnad eller f\u00f6rpliktelse. Allt du beh\u00f6ver g\u00f6ra \u00e4r att registrera dig p\u00e5 n\u00e5got av v\u00e5ra pokerrum och b\u00f6rja spela poker.<\/p>\n<p><strong>Kan jag ha rakeback hos mer en ett pokerrum?<\/strong><\/p>\n<p>Sj\u00e4lvklart. Du kan ha rakeback p\u00e5 alla pokerrum vi listar h\u00e4r.<\/p>\n<p><strong>Vad \u00e4r skillnaden p\u00e5 tredjeparts och intern rake?<\/strong><\/p>\n<p>Vad \u00e4r skillnaden p\u00e5 tredjeparts och intern rake?<\/p>\n<p><strong>Vad \u00e4r avdrag \u201ddeductions\u201d?<\/strong><\/p>\n<p>Avdrag \u00e4r kostnader som pokerrummet betalar mot din genererade rake. T.ex., om du genererar $1,000 i rake en m\u00e5nad men du tj\u00e4nar ocks\u00e5 $100 i bonus s\u00e5 r\u00e4knas din rakeback ut XX% av $900.<\/p>\n<p>\u00c4ven fast din rakeback blir lidande utav detta s\u00e5 \u00e4r det fortfarande v\u00e4rt att klara din bonus n\u00e4r du f\u00e5r en. Du f\u00e5r din bonus plus all rake som blir \u00f6ver.<\/p>\n<p>Du beh\u00f6ver inte vara orolig, du g\u00e5r v\u00e4ldigt s\u00e4llan negativt och g\u00f6r du det s\u00e5 rensas detta n\u00e4r m\u00e5naden \u00e4r \u00f6ver. Du kommer aldrig vara skyldig pengar pga. Avdrag.<\/p>\n","protected":false},"excerpt":{"rendered":"<p>Vad \u00e4r rake? Rake \u00e4r ett s\u00e4tt f\u00f6r ett pokerrum att tj\u00e4na pengar. En liten procent tas fr\u00e5n varje pott och beh\u00e5lls utav pokerrummet som inkomst. Detta \u00e4r hur poker sidor tj\u00e4nar sina pengar. Vad \u00e4r rakeback? Rakeback \u00e4r ett<a class=\"post-link\" href=\"https:\/\/www.rakemonkey.com\/se\/rakeback-faq\/\"> read more&#8230;<\/a><\/p>\n","protected":false},"author":9,"featured_media":0,"parent":0,"menu_order":0,"comment_status":"closed","ping_status":"open","template":"","meta":[],"acf":[],"yoast_head":"<!-- This site is optimized with the Yoast SEO plugin v19.6.1 - https:\/\/yoast.com\/wordpress\/plugins\/seo\/ -->\n<title>Rakeback FAQ\u2019s | Allt Du Beh\u00f6ver Veta Om Rakeback<\/title>\n<meta name=\"description\" content=\"L\u00e4r dig grunderna om att f\u00e5 rakeback genom v\u00e5r uppdaterade FAQ sida. Vi svarar p\u00e5 dina fr\u00e5gor g\u00e4llande rake, rakeback, utbetalningar och andra f\u00f6rfr\u00e5gningar.\" \/>\n<meta name=\"robots\" content=\"index, follow, max-snippet:-1, max-image-preview:large, max-video-preview:-1\" \/>\n<link rel=\"canonical\" href=\"https:\/\/www.rakemonkey.com\/se\/rakeback-faq\/\" \/>\n<meta property=\"og:locale\" content=\"en_US\" \/>\n<meta property=\"og:type\" content=\"article\" \/>\n<meta property=\"og:title\" content=\"Rakeback FAQ\u2019s | Allt Du Beh\u00f6ver Veta Om Rakeback\" \/>\n<meta property=\"og:description\" content=\"L\u00e4r dig grunderna om att f\u00e5 rakeback genom v\u00e5r uppdaterade FAQ sida. Vi svarar p\u00e5 dina fr\u00e5gor g\u00e4llande rake, rakeback, utbetalningar och andra f\u00f6rfr\u00e5gningar.\" \/>\n<meta property=\"og:url\" content=\"https:\/\/www.rakemonkey.com\/se\/rakeback-faq\/\" \/>\n<meta property=\"og:site_name\" content=\"RakeMonkey.com\" \/>\n<meta name=\"twitter:card\" content=\"summary\" \/>\n<meta name=\"twitter:label1\" content=\"Est. reading time\" \/>\n\t<meta name=\"twitter:data1\" content=\"4 minutes\" \/>\n<script type=\"application\/ld+json\" class=\"yoast-schema-graph\">{\"@context\":\"https:\/\/schema.org\",\"@graph\":[{\"@type\":\"WebPage\",\"@id\":\"https:\/\/www.rakemonkey.com\/se\/rakeback-faq\/\",\"url\":\"https:\/\/www.rakemonkey.com\/se\/rakeback-faq\/\",\"name\":\"Rakeback FAQ\u2019s | Allt Du Beh\u00f6ver Veta Om Rakeback\",\"isPartOf\":{\"@id\":\"https:\/\/www.rakemonkey.com\/se\/#website\"},\"datePublished\":\"2013-03-07T01:16:47+00:00\",\"dateModified\":\"2013-03-07T01:16:47+00:00\",\"description\":\"L\u00e4r dig grunderna om att f\u00e5 rakeback genom v\u00e5r uppdaterade FAQ sida. Vi svarar p\u00e5 dina fr\u00e5gor g\u00e4llande rake, rakeback, utbetalningar och andra f\u00f6rfr\u00e5gningar.\",\"breadcrumb\":{\"@id\":\"https:\/\/www.rakemonkey.com\/se\/rakeback-faq\/#breadcrumb\"},\"inLanguage\":\"en-US\",\"potentialAction\":[{\"@type\":\"ReadAction\",\"target\":[\"https:\/\/www.rakemonkey.com\/se\/rakeback-faq\/\"]}]},{\"@type\":\"BreadcrumbList\",\"@id\":\"https:\/\/www.rakemonkey.com\/se\/rakeback-faq\/#breadcrumb\",\"itemListElement\":[{\"@type\":\"ListItem\",\"position\":1,\"name\":\"Home\",\"item\":\"https:\/\/www.rakemonkey.com\/se\/\"},{\"@type\":\"ListItem\",\"position\":2,\"name\":\"FAQ\u2019s\"}]},{\"@type\":\"WebSite\",\"@id\":\"https:\/\/www.rakemonkey.com\/se\/#website\",\"url\":\"https:\/\/www.rakemonkey.com\/se\/\",\"name\":\"RakeMonkey.com\",\"description\":\"\",\"potentialAction\":[{\"@type\":\"SearchAction\",\"target\":{\"@type\":\"EntryPoint\",\"urlTemplate\":\"https:\/\/www.rakemonkey.com\/se\/?s={search_term_string}\"},\"query-input\":\"required name=search_term_string\"}],\"inLanguage\":\"en-US\"}]}<\/script>\n<!-- \/ Yoast SEO plugin. -->","yoast_head_json":{"title":"Rakeback FAQ\u2019s | Allt Du Beh\u00f6ver Veta Om Rakeback","description":"L\u00e4r dig grunderna om att f\u00e5 rakeback genom v\u00e5r uppdaterade FAQ sida. Vi svarar p\u00e5 dina fr\u00e5gor g\u00e4llande rake, rakeback, utbetalningar och andra f\u00f6rfr\u00e5gningar.","robots":{"index":"index","follow":"follow","max-snippet":"max-snippet:-1","max-image-preview":"max-image-preview:large","max-video-preview":"max-video-preview:-1"},"canonical":"https:\/\/www.rakemonkey.com\/se\/rakeback-faq\/","og_locale":"en_US","og_type":"article","og_title":"Rakeback FAQ\u2019s | Allt Du Beh\u00f6ver Veta Om Rakeback","og_description":"L\u00e4r dig grunderna om att f\u00e5 rakeback genom v\u00e5r uppdaterade FAQ sida. Vi svarar p\u00e5 dina fr\u00e5gor g\u00e4llande rake, rakeback, utbetalningar och andra f\u00f6rfr\u00e5gningar.","og_url":"https:\/\/www.rakemonkey.com\/se\/rakeback-faq\/","og_site_name":"RakeMonkey.com","twitter_card":"summary","twitter_misc":{"Est. reading time":"4 minutes"},"schema":{"@context":"https:\/\/schema.org","@graph":[{"@type":"WebPage","@id":"https:\/\/www.rakemonkey.com\/se\/rakeback-faq\/","url":"https:\/\/www.rakemonkey.com\/se\/rakeback-faq\/","name":"Rakeback FAQ\u2019s | Allt Du Beh\u00f6ver Veta Om Rakeback","isPartOf":{"@id":"https:\/\/www.rakemonkey.com\/se\/#website"},"datePublished":"2013-03-07T01:16:47+00:00","dateModified":"2013-03-07T01:16:47+00:00","description":"L\u00e4r dig grunderna om att f\u00e5 rakeback genom v\u00e5r uppdaterade FAQ sida. Vi svarar p\u00e5 dina fr\u00e5gor g\u00e4llande rake, rakeback, utbetalningar och andra f\u00f6rfr\u00e5gningar.","breadcrumb":{"@id":"https:\/\/www.rakemonkey.com\/se\/rakeback-faq\/#breadcrumb"},"inLanguage":"en-US","potentialAction":[{"@type":"ReadAction","target":["https:\/\/www.rakemonkey.com\/se\/rakeback-faq\/"]}]},{"@type":"BreadcrumbList","@id":"https:\/\/www.rakemonkey.com\/se\/rakeback-faq\/#breadcrumb","itemListElement":[{"@type":"ListItem","position":1,"name":"Home","item":"https:\/\/www.rakemonkey.com\/se\/"},{"@type":"ListItem","position":2,"name":"FAQ\u2019s"}]},{"@type":"WebSite","@id":"https:\/\/www.rakemonkey.com\/se\/#website","url":"https:\/\/www.rakemonkey.com\/se\/","name":"RakeMonkey.com","description":"","potentialAction":[{"@type":"SearchAction","target":{"@type":"EntryPoint","urlTemplate":"https:\/\/www.rakemonkey.com\/se\/?s={search_term_string}"},"query-input":"required name=search_term_string"}],"inLanguage":"en-US"}]}},"_links":{"self":[{"href":"https:\/\/www.rakemonkey.com\/se\/wp-json\/wp\/v2\/pages\/74"}],"collection":[{"href":"https:\/\/www.rakemonkey.com\/se\/wp-json\/wp\/v2\/pages"}],"about":[{"href":"https:\/\/www.rakemonkey.com\/se\/wp-json\/wp\/v2\/types\/page"}],"author":[{"embeddable":true,"href":"https:\/\/www.rakemonkey.com\/se\/wp-json\/wp\/v2\/users\/9"}],"replies":[{"embeddable":true,"href":"https:\/\/www.rakemonkey.com\/se\/wp-json\/wp\/v2\/comments?post=74"}],"version-history":[{"count":0,"href":"https:\/\/www.rakemonkey.com\/se\/wp-json\/wp\/v2\/pages\/74\/revisions"}],"wp:attachment":[{"href":"https:\/\/www.rakemonkey.com\/se\/wp-json\/wp\/v2\/media?parent=74"}],"curies":[{"name":"wp","href":"https:\/\/api.w.org\/{rel}","templated":true}]}}