{"id":76,"date":"2013-03-07T01:20:56","date_gmt":"2013-03-07T01:20:56","guid":{"rendered":"http:\/\/rakemonkey.com\/se\/?page_id=76"},"modified":"2013-03-07T01:20:56","modified_gmt":"2013-03-07T01:20:56","slug":"freerolls","status":"publish","type":"page","link":"https:\/\/www.rakemonkey.com\/se\/freerolls\/","title":{"rendered":"Freerolls"},"content":{"rendered":"<h2>Loose Change Freerolls \u2013 Varje Vecka<\/h2>\n<blockquote>\n<p>\n<em><br \/>\n<strong><br \/>\n<span style=\"color: #ff0000\">\u201dF\u00f6r att vara ber\u00e4ttigad till den dagliga rakeback utbetalningen och de freerolls, rake race och rake chases s\u00e5 m\u00e5ste du \u00f6ppna ett NYTT poker konto och inte ha ett konto sedan innan f\u00f6r den klienten du laddar ner idag. Har du redan ett konto sedan innan s\u00e5 \u00e4r du inte ber\u00e4ttigad till rakebacken som RakeMonkey.com erbjuder, inte heller till n\u00e5gon av de freerolls och andra erbjudanden vi erbjuder h\u00e4r p\u00e5 RakeMokey.com. Dubbla konton \u00e4r inte till\u00e5tet genom RakeMonkey &#8211; S\u00e5 va medveten om det h\u00e4r n\u00e4r du registrerar dig p\u00e5 n\u00e5gra av de poker sidor vi listar h\u00e4r. \u201d<\/span><br \/>\n<\/strong><br \/>\n<\/em>\n<\/p>\n<\/blockquote>\n<p>Loose Change freerolls \u00e4r freeroll turneringar vi h\u00e5ller varje s\u00f6ndag 3:00 PM EST med en garanterad prispott p\u00e5 $5,000. Vi l\u00e4gger in $2,500 i varje turnering och alla v\u00e5ra spelare har sedan m\u00f6jligheten att vara med. Varje dag s\u00e5 tar vi \u201dthe loose change\u201d fr\u00e5n varje spelare som vill medverka och l\u00e4gger detta i prispotten.<\/p>\n<p>T.ex., Om ditt rakeback konto slutade p\u00e5 $73.42 en dag s\u00e5 tar vi $0.42 fr\u00e5n ditt konto och l\u00e4gger p\u00e5 det i prispotten. Om vi n\u00e5gon vecka inte kommer upp i $5,000 s\u00e5 l\u00e4gger vi in de resterande pengarna sj\u00e4lva s\u00e5 att prispotten blir $5,000.<\/p>\n<p>Totalt s\u00e4tt s\u00e5 ger vi iv\u00e4g $20,000 garanterat varje m\u00e5nad i v\u00e5ra Loose Change Freerolls. Detta \u00e4r ett av alla s\u00e4tt som skiljer oss fr\u00e5n v\u00e5ra konkurrenter. Det enda dem h\u00e4r poker turneringar kostar dig \u00e4r din l\u00f6sa v\u00e4xel p\u00e5 ditt konto.<\/p>\n<p>Dessa turneringar \u00e4r ett bra sett att \u00f6ka din bankrulle p\u00e5, framf\u00f6rallt f\u00f6r nya spelare. En av dem b\u00e4sta sakerna med v\u00e5ra Loose Change freerolls \u00e4r att m\u00e5nga av dem som kvalificerar sig till dessa dyker inte ens upp. Det finns gott om pengar d\u00e4r ute som inte har n\u00e5gon \u00e4gare, allt du beh\u00f6ver g\u00f6ra \u00e4r att ta dem.<\/p>\n<h2>Hur du Deltar<\/h2>\n<p>S\u00e5 fort du \u00e4r med i v\u00e5r Loose Change freerolls s\u00e5 beh\u00f6ver du ge minst $0.01 till prispotten. Det minsta du kan ge \u00e4r $0.01 och det st\u00f6rsta \u00e4r om du r\u00e5kar ha 99 cent p\u00e5 ditt konto varje dag. Med andra ord s\u00e5 kan du som mest betala $6.93.<\/p>\n<h2>Du beh\u00f6ver inte ens spela hos Full Tilt f\u00f6r att vara med<\/h2>\n<p>Du kan registrera dig i v\u00e5ra Loose Change freerolls oavsett vilket rakeback rum du spelar i. S\u00e5 l\u00e4nge du har ett konto hos oss s\u00e5 kan du delta i v\u00e5ra Loose Change freerolls och sedan spela det hos Full Tilt Poker varje s\u00f6ndag. Ditt Full Tilt konto beh\u00f6ver inte ens vara l\u00e4nkat till oss. S\u00e5 det \u00e4r bara att spela p\u00e5 sidan du brukar spela hos och sedan logga in hos Full Tilt Poker varje vecka f\u00f6r att delta i freerollen. <\/p>\n<h2>Har du inget Full Tilt Konto?<\/h2>\n<p>Bes\u00f6k v\u00e5r Full Tilt Poker registrerings sida f\u00f6r att f\u00e5 ett rakeback konto hos Full Tilt. Full Tilt \u00e4r en av v\u00e5ra favorit sidor f\u00f6r rakeback, detta p\u00e5grund av deras val utav spel.<\/p>\n","protected":false},"excerpt":{"rendered":"<p>Loose Change Freerolls \u2013 Varje Vecka \u201dF\u00f6r att vara ber\u00e4ttigad till den dagliga rakeback utbetalningen och de freerolls, rake race och rake chases s\u00e5 m\u00e5ste du \u00f6ppna ett NYTT poker konto och inte ha ett konto sedan innan f\u00f6r den<a class=\"post-link\" href=\"https:\/\/www.rakemonkey.com\/se\/freerolls\/\"> read more&#8230;<\/a><\/p>\n","protected":false},"author":9,"featured_media":0,"parent":0,"menu_order":0,"comment_status":"closed","ping_status":"open","template":"","meta":[],"acf":[],"yoast_head":"<!-- This site is optimized with the Yoast SEO plugin v19.6.1 - https:\/\/yoast.com\/wordpress\/plugins\/seo\/ -->\n<title>$5,000 Vecko Freerolls Tack Vare RakeMonkey.com<\/title>\n<meta name=\"description\" content=\"F\u00e5 ditt intr\u00e4de till v\u00e5r vecko freeroll p\u00e5 $5K bara genom att spela n\u00e5gra rakade h\u00e4nder och bidra med lite extra v\u00e4xel till prispotten.\" \/>\n<meta name=\"robots\" content=\"index, follow, max-snippet:-1, max-image-preview:large, max-video-preview:-1\" \/>\n<link rel=\"canonical\" href=\"https:\/\/www.rakemonkey.com\/se\/freerolls\/\" \/>\n<meta property=\"og:locale\" content=\"en_US\" \/>\n<meta property=\"og:type\" content=\"article\" \/>\n<meta property=\"og:title\" content=\"$5,000 Vecko Freerolls Tack Vare RakeMonkey.com\" \/>\n<meta property=\"og:description\" content=\"F\u00e5 ditt intr\u00e4de till v\u00e5r vecko freeroll p\u00e5 $5K bara genom att spela n\u00e5gra rakade h\u00e4nder och bidra med lite extra v\u00e4xel till prispotten.\" \/>\n<meta property=\"og:url\" content=\"https:\/\/www.rakemonkey.com\/se\/freerolls\/\" \/>\n<meta property=\"og:site_name\" content=\"RakeMonkey.com\" \/>\n<meta name=\"twitter:card\" content=\"summary\" \/>\n<meta name=\"twitter:label1\" content=\"Est. reading time\" \/>\n\t<meta name=\"twitter:data1\" content=\"3 minutes\" \/>\n<script type=\"application\/ld+json\" class=\"yoast-schema-graph\">{\"@context\":\"https:\/\/schema.org\",\"@graph\":[{\"@type\":\"WebPage\",\"@id\":\"https:\/\/www.rakemonkey.com\/se\/freerolls\/\",\"url\":\"https:\/\/www.rakemonkey.com\/se\/freerolls\/\",\"name\":\"$5,000 Vecko Freerolls Tack Vare RakeMonkey.com\",\"isPartOf\":{\"@id\":\"https:\/\/www.rakemonkey.com\/se\/#website\"},\"datePublished\":\"2013-03-07T01:20:56+00:00\",\"dateModified\":\"2013-03-07T01:20:56+00:00\",\"description\":\"F\u00e5 ditt intr\u00e4de till v\u00e5r vecko freeroll p\u00e5 $5K bara genom att spela n\u00e5gra rakade h\u00e4nder och bidra med lite extra v\u00e4xel till prispotten.\",\"breadcrumb\":{\"@id\":\"https:\/\/www.rakemonkey.com\/se\/freerolls\/#breadcrumb\"},\"inLanguage\":\"en-US\",\"potentialAction\":[{\"@type\":\"ReadAction\",\"target\":[\"https:\/\/www.rakemonkey.com\/se\/freerolls\/\"]}]},{\"@type\":\"BreadcrumbList\",\"@id\":\"https:\/\/www.rakemonkey.com\/se\/freerolls\/#breadcrumb\",\"itemListElement\":[{\"@type\":\"ListItem\",\"position\":1,\"name\":\"Home\",\"item\":\"https:\/\/www.rakemonkey.com\/se\/\"},{\"@type\":\"ListItem\",\"position\":2,\"name\":\"Freerolls\"}]},{\"@type\":\"WebSite\",\"@id\":\"https:\/\/www.rakemonkey.com\/se\/#website\",\"url\":\"https:\/\/www.rakemonkey.com\/se\/\",\"name\":\"RakeMonkey.com\",\"description\":\"\",\"potentialAction\":[{\"@type\":\"SearchAction\",\"target\":{\"@type\":\"EntryPoint\",\"urlTemplate\":\"https:\/\/www.rakemonkey.com\/se\/?s={search_term_string}\"},\"query-input\":\"required name=search_term_string\"}],\"inLanguage\":\"en-US\"}]}<\/script>\n<!-- \/ Yoast SEO plugin. -->","yoast_head_json":{"title":"$5,000 Vecko Freerolls Tack Vare RakeMonkey.com","description":"F\u00e5 ditt intr\u00e4de till v\u00e5r vecko freeroll p\u00e5 $5K bara genom att spela n\u00e5gra rakade h\u00e4nder och bidra med lite extra v\u00e4xel till prispotten.","robots":{"index":"index","follow":"follow","max-snippet":"max-snippet:-1","max-image-preview":"max-image-preview:large","max-video-preview":"max-video-preview:-1"},"canonical":"https:\/\/www.rakemonkey.com\/se\/freerolls\/","og_locale":"en_US","og_type":"article","og_title":"$5,000 Vecko Freerolls Tack Vare RakeMonkey.com","og_description":"F\u00e5 ditt intr\u00e4de till v\u00e5r vecko freeroll p\u00e5 $5K bara genom att spela n\u00e5gra rakade h\u00e4nder och bidra med lite extra v\u00e4xel till prispotten.","og_url":"https:\/\/www.rakemonkey.com\/se\/freerolls\/","og_site_name":"RakeMonkey.com","twitter_card":"summary","twitter_misc":{"Est. reading time":"3 minutes"},"schema":{"@context":"https:\/\/schema.org","@graph":[{"@type":"WebPage","@id":"https:\/\/www.rakemonkey.com\/se\/freerolls\/","url":"https:\/\/www.rakemonkey.com\/se\/freerolls\/","name":"$5,000 Vecko Freerolls Tack Vare RakeMonkey.com","isPartOf":{"@id":"https:\/\/www.rakemonkey.com\/se\/#website"},"datePublished":"2013-03-07T01:20:56+00:00","dateModified":"2013-03-07T01:20:56+00:00","description":"F\u00e5 ditt intr\u00e4de till v\u00e5r vecko freeroll p\u00e5 $5K bara genom att spela n\u00e5gra rakade h\u00e4nder och bidra med lite extra v\u00e4xel till prispotten.","breadcrumb":{"@id":"https:\/\/www.rakemonkey.com\/se\/freerolls\/#breadcrumb"},"inLanguage":"en-US","potentialAction":[{"@type":"ReadAction","target":["https:\/\/www.rakemonkey.com\/se\/freerolls\/"]}]},{"@type":"BreadcrumbList","@id":"https:\/\/www.rakemonkey.com\/se\/freerolls\/#breadcrumb","itemListElement":[{"@type":"ListItem","position":1,"name":"Home","item":"https:\/\/www.rakemonkey.com\/se\/"},{"@type":"ListItem","position":2,"name":"Freerolls"}]},{"@type":"WebSite","@id":"https:\/\/www.rakemonkey.com\/se\/#website","url":"https:\/\/www.rakemonkey.com\/se\/","name":"RakeMonkey.com","description":"","potentialAction":[{"@type":"SearchAction","target":{"@type":"EntryPoint","urlTemplate":"https:\/\/www.rakemonkey.com\/se\/?s={search_term_string}"},"query-input":"required name=search_term_string"}],"inLanguage":"en-US"}]}},"_links":{"self":[{"href":"https:\/\/www.rakemonkey.com\/se\/wp-json\/wp\/v2\/pages\/76"}],"collection":[{"href":"https:\/\/www.rakemonkey.com\/se\/wp-json\/wp\/v2\/pages"}],"about":[{"href":"https:\/\/www.rakemonkey.com\/se\/wp-json\/wp\/v2\/types\/page"}],"author":[{"embeddable":true,"href":"https:\/\/www.rakemonkey.com\/se\/wp-json\/wp\/v2\/users\/9"}],"replies":[{"embeddable":true,"href":"https:\/\/www.rakemonkey.com\/se\/wp-json\/wp\/v2\/comments?post=76"}],"version-history":[{"count":0,"href":"https:\/\/www.rakemonkey.com\/se\/wp-json\/wp\/v2\/pages\/76\/revisions"}],"wp:attachment":[{"href":"https:\/\/www.rakemonkey.com\/se\/wp-json\/wp\/v2\/media?parent=76"}],"curies":[{"name":"wp","href":"https:\/\/api.w.org\/{rel}","templated":true}]}}