{"id":79,"date":"2013-03-07T01:23:34","date_gmt":"2013-03-07T01:23:34","guid":{"rendered":"http:\/\/rakemonkey.com\/se\/?page_id=79"},"modified":"2013-03-07T01:23:34","modified_gmt":"2013-03-07T01:23:34","slug":"om-oss","status":"publish","type":"page","link":"https:\/\/www.rakemonkey.com\/se\/om-oss\/","title":{"rendered":"Om Oss"},"content":{"rendered":"<h2>Varf\u00f6r Ska Du V\u00e4lja RakeMonkey.com<\/h2>\n<p>RakeMonkey.com \u00e4r en av det mest betrodda rakeback leverant\u00f6ren inom spel och dobbel. Inom rakeback s\u00e5 \u00e4r f\u00f6rtroende den absolut viktigaste faktorn. RakeMonkey.com ger inte endast ut rakeback (alla kan g\u00f6ra detta) utan vi ger ocks\u00e5 utm\u00e4rkt spelar support och hundra tusentals dollar i olika promotions varje m\u00e5nad.<\/p>\n<p>Det finns 3 stora faktorer som avg\u00f6r kvalit\u00e9n du f\u00e5r fr\u00e5n din rakeback leverant\u00f6r. Den viktigaste faktorn \u00e4r att du ska kunna lita p\u00e5 dem som ger dig rakeback och deras rykte, men ocks\u00e5 deras utbetalningar och bel\u00f6ningar till spelare.  Varje faktor \u00e4r viktig men ryktet dem har och att man ska kunna lita p\u00e5 dem \u00e4r det absolut viktigaste.<\/p>\n<h2>F\u00f6rtroende och Rykte<\/h2>\n<p>Alla kan s\u00e4ga att dem \u00e4r den mest betrodda rakeback leverant\u00f6ren i v\u00e4rlden men RakeMonkey.com \u00e4r en sponsor av TwoPlusTwo.com, PokerTracker och SharkScope. Med dessa stora namn i ryggen s\u00e5 \u00e4r RakeMonkey.com betrodda och dem tar hand om sina spelare i f\u00f6rsta hand.<\/p>\n<p>Framg\u00e5ng inom rakeback industrin f\u00e5r man genom att poker spelare litar p\u00e5 en och att man behandlar dem bra. F\u00f6r det mesta s\u00e5 \u00e4r poker spelare en tight samling m\u00e4nniskor d\u00e4r ryktet en rakeback leverant\u00f6r har om att ta hand om sina spelare \u00e4r ett m\u00e5ste. Alla som \u00e4r medlemmar i n\u00e5got poker forum vet hur snabbt nyheter sprids.<\/p>\n<p>Med det i \u00e5tanke s\u00e5 fokuserar RakeMonkey.com p\u00e5 att ge sina spelare den absolut b\u00e4sta upplevelsen och hj\u00e4lpen n\u00e4r det g\u00e4ller rakeback. De vet att om dem f\u00f6rsts\u00e4tter att vara en betrodd och p\u00e5litlig rakeback k\u00e4lla s\u00e5 kommer poker spelare att rekommendera RakeMonkey.com till sina v\u00e4nner. <\/p>\n<p>Du kan n\u00e5 oss vilken tid som helst p\u00e5 dygnet genom att skicka iv\u00e4g ett mail till support@rakemonkey.com<\/p>\n<h2>24\/7 Utbetalningar<\/h2>\n<p>En annan sak som spelare \u00e4lskar hos RakeMonkey.com \u00e4r deras 24\/7 utbetalnings policy. N\u00e4r du registrerar dig genom RakeMonkey.com s\u00e5 beh\u00f6ver du inte v\u00e4nta i en m\u00e5nad mellan varje g\u00e5ng du f\u00e5r betalt. Du kan se din rakeback statistik dagligen och ta ut dina pengar n\u00e4r du vill. RakeMonkey.com \u00e4r inte ett f\u00f6retag som h\u00e5ller i dina pengar f\u00f6revigt. N\u00e4r du k\u00e4nner f\u00f6r att ta ut s\u00e5 kan du g\u00f6ra detta, det \u00e4r dina pengar.<\/p>\n<h2>Bel\u00f6ningar f\u00f6r Spelare<\/h2>\n<p>RakeMonkey.com ger $150,000 varje m\u00e5nad i rake race, rake chases och freerolls. Spelare som registrerar sig p\u00e5 en poker sida genom RakeMonkey.com \u00e4r automatiskt kvalificerad till dessa t\u00e4vlingar bara genom att spela poker som vanligt.<\/p>\n<p>En av de b\u00e4sta sakerna med dessa t\u00e4vlingar \u00e4r att spelare av alla niv\u00e5er kan dra nytta av dem. Small stakes spelare kan fortfarande vinna pengar i RakeMonkey\u2019s kampanjer f\u00f6r att pengar bel\u00f6ningar ges ut oavsett vilken niv\u00e5 man spelar p\u00e5, h\u00f6g volyms spelare kan vinna tillr\u00e4kligt med pengar att det faktiskt k\u00e4nns i deras bankroll.<\/p>\n<p>Slutligen, Bjud-in-din-v\u00e4n programmet \u00e4r ett av de b\u00e4sta inom denna bransch, spelare kan tj\u00e4na mellan 4% till 6% p\u00e5 alla man v\u00e4rvat till RakeMonkey.com. Det \u00e4r sv\u00e5rt att konkurrera med s\u00e5na siffror bara genom att v\u00e4rva sina v\u00e4nner. Vissa rakeback spelare tj\u00e4na tusentals dollar varje m\u00e5nad p\u00e5 endast deras v\u00e4rvade v\u00e4nner.<\/p>\n","protected":false},"excerpt":{"rendered":"<p>Varf\u00f6r Ska Du V\u00e4lja RakeMonkey.com RakeMonkey.com \u00e4r en av det mest betrodda rakeback leverant\u00f6ren inom spel och dobbel. Inom rakeback s\u00e5 \u00e4r f\u00f6rtroende den absolut viktigaste faktorn. RakeMonkey.com ger inte endast ut rakeback (alla kan g\u00f6ra detta) utan vi ger<a class=\"post-link\" href=\"https:\/\/www.rakemonkey.com\/se\/om-oss\/\"> read more&#8230;<\/a><\/p>\n","protected":false},"author":9,"featured_media":0,"parent":0,"menu_order":0,"comment_status":"closed","ping_status":"open","template":"","meta":[],"acf":[],"yoast_head":"<!-- This site is optimized with the Yoast SEO plugin v19.6.1 - https:\/\/yoast.com\/wordpress\/plugins\/seo\/ -->\n<title>RakeMonkey.com\u2019s verksamhetside &amp; Varf\u00f6r Du Borde V\u00e4lja Oss.<\/title>\n<meta name=\"description\" content=\"V\u00e5rt uppdrag h\u00e4r hos RakeMonkey.com \u00e4r att ge v\u00e5ra kunder en unik rakeback deal, 24\/7 kund support, dagliga uttag och andra erbjudanden.\" \/>\n<meta name=\"robots\" content=\"index, follow, max-snippet:-1, max-image-preview:large, max-video-preview:-1\" \/>\n<link rel=\"canonical\" href=\"https:\/\/www.rakemonkey.com\/se\/om-oss\/\" \/>\n<meta property=\"og:locale\" content=\"en_US\" \/>\n<meta property=\"og:type\" content=\"article\" \/>\n<meta property=\"og:title\" content=\"RakeMonkey.com\u2019s verksamhetside &amp; Varf\u00f6r Du Borde V\u00e4lja Oss.\" \/>\n<meta property=\"og:description\" content=\"V\u00e5rt uppdrag h\u00e4r hos RakeMonkey.com \u00e4r att ge v\u00e5ra kunder en unik rakeback deal, 24\/7 kund support, dagliga uttag och andra erbjudanden.\" \/>\n<meta property=\"og:url\" content=\"https:\/\/www.rakemonkey.com\/se\/om-oss\/\" \/>\n<meta property=\"og:site_name\" content=\"RakeMonkey.com\" \/>\n<meta name=\"twitter:card\" content=\"summary\" \/>\n<meta name=\"twitter:label1\" content=\"Est. reading time\" \/>\n\t<meta name=\"twitter:data1\" content=\"3 minutes\" \/>\n<script type=\"application\/ld+json\" class=\"yoast-schema-graph\">{\"@context\":\"https:\/\/schema.org\",\"@graph\":[{\"@type\":\"WebPage\",\"@id\":\"https:\/\/www.rakemonkey.com\/se\/om-oss\/\",\"url\":\"https:\/\/www.rakemonkey.com\/se\/om-oss\/\",\"name\":\"RakeMonkey.com\u2019s verksamhetside & Varf\u00f6r Du Borde V\u00e4lja Oss.\",\"isPartOf\":{\"@id\":\"https:\/\/www.rakemonkey.com\/se\/#website\"},\"datePublished\":\"2013-03-07T01:23:34+00:00\",\"dateModified\":\"2013-03-07T01:23:34+00:00\",\"description\":\"V\u00e5rt uppdrag h\u00e4r hos RakeMonkey.com \u00e4r att ge v\u00e5ra kunder en unik rakeback deal, 24\/7 kund support, dagliga uttag och andra erbjudanden.\",\"breadcrumb\":{\"@id\":\"https:\/\/www.rakemonkey.com\/se\/om-oss\/#breadcrumb\"},\"inLanguage\":\"en-US\",\"potentialAction\":[{\"@type\":\"ReadAction\",\"target\":[\"https:\/\/www.rakemonkey.com\/se\/om-oss\/\"]}]},{\"@type\":\"BreadcrumbList\",\"@id\":\"https:\/\/www.rakemonkey.com\/se\/om-oss\/#breadcrumb\",\"itemListElement\":[{\"@type\":\"ListItem\",\"position\":1,\"name\":\"Home\",\"item\":\"https:\/\/www.rakemonkey.com\/se\/\"},{\"@type\":\"ListItem\",\"position\":2,\"name\":\"Om Oss\"}]},{\"@type\":\"WebSite\",\"@id\":\"https:\/\/www.rakemonkey.com\/se\/#website\",\"url\":\"https:\/\/www.rakemonkey.com\/se\/\",\"name\":\"RakeMonkey.com\",\"description\":\"\",\"potentialAction\":[{\"@type\":\"SearchAction\",\"target\":{\"@type\":\"EntryPoint\",\"urlTemplate\":\"https:\/\/www.rakemonkey.com\/se\/?s={search_term_string}\"},\"query-input\":\"required name=search_term_string\"}],\"inLanguage\":\"en-US\"}]}<\/script>\n<!-- \/ Yoast SEO plugin. -->","yoast_head_json":{"title":"RakeMonkey.com\u2019s verksamhetside & Varf\u00f6r Du Borde V\u00e4lja Oss.","description":"V\u00e5rt uppdrag h\u00e4r hos RakeMonkey.com \u00e4r att ge v\u00e5ra kunder en unik rakeback deal, 24\/7 kund support, dagliga uttag och andra erbjudanden.","robots":{"index":"index","follow":"follow","max-snippet":"max-snippet:-1","max-image-preview":"max-image-preview:large","max-video-preview":"max-video-preview:-1"},"canonical":"https:\/\/www.rakemonkey.com\/se\/om-oss\/","og_locale":"en_US","og_type":"article","og_title":"RakeMonkey.com\u2019s verksamhetside & Varf\u00f6r Du Borde V\u00e4lja Oss.","og_description":"V\u00e5rt uppdrag h\u00e4r hos RakeMonkey.com \u00e4r att ge v\u00e5ra kunder en unik rakeback deal, 24\/7 kund support, dagliga uttag och andra erbjudanden.","og_url":"https:\/\/www.rakemonkey.com\/se\/om-oss\/","og_site_name":"RakeMonkey.com","twitter_card":"summary","twitter_misc":{"Est. reading time":"3 minutes"},"schema":{"@context":"https:\/\/schema.org","@graph":[{"@type":"WebPage","@id":"https:\/\/www.rakemonkey.com\/se\/om-oss\/","url":"https:\/\/www.rakemonkey.com\/se\/om-oss\/","name":"RakeMonkey.com\u2019s verksamhetside & Varf\u00f6r Du Borde V\u00e4lja Oss.","isPartOf":{"@id":"https:\/\/www.rakemonkey.com\/se\/#website"},"datePublished":"2013-03-07T01:23:34+00:00","dateModified":"2013-03-07T01:23:34+00:00","description":"V\u00e5rt uppdrag h\u00e4r hos RakeMonkey.com \u00e4r att ge v\u00e5ra kunder en unik rakeback deal, 24\/7 kund support, dagliga uttag och andra erbjudanden.","breadcrumb":{"@id":"https:\/\/www.rakemonkey.com\/se\/om-oss\/#breadcrumb"},"inLanguage":"en-US","potentialAction":[{"@type":"ReadAction","target":["https:\/\/www.rakemonkey.com\/se\/om-oss\/"]}]},{"@type":"BreadcrumbList","@id":"https:\/\/www.rakemonkey.com\/se\/om-oss\/#breadcrumb","itemListElement":[{"@type":"ListItem","position":1,"name":"Home","item":"https:\/\/www.rakemonkey.com\/se\/"},{"@type":"ListItem","position":2,"name":"Om Oss"}]},{"@type":"WebSite","@id":"https:\/\/www.rakemonkey.com\/se\/#website","url":"https:\/\/www.rakemonkey.com\/se\/","name":"RakeMonkey.com","description":"","potentialAction":[{"@type":"SearchAction","target":{"@type":"EntryPoint","urlTemplate":"https:\/\/www.rakemonkey.com\/se\/?s={search_term_string}"},"query-input":"required name=search_term_string"}],"inLanguage":"en-US"}]}},"_links":{"self":[{"href":"https:\/\/www.rakemonkey.com\/se\/wp-json\/wp\/v2\/pages\/79"}],"collection":[{"href":"https:\/\/www.rakemonkey.com\/se\/wp-json\/wp\/v2\/pages"}],"about":[{"href":"https:\/\/www.rakemonkey.com\/se\/wp-json\/wp\/v2\/types\/page"}],"author":[{"embeddable":true,"href":"https:\/\/www.rakemonkey.com\/se\/wp-json\/wp\/v2\/users\/9"}],"replies":[{"embeddable":true,"href":"https:\/\/www.rakemonkey.com\/se\/wp-json\/wp\/v2\/comments?post=79"}],"version-history":[{"count":0,"href":"https:\/\/www.rakemonkey.com\/se\/wp-json\/wp\/v2\/pages\/79\/revisions"}],"wp:attachment":[{"href":"https:\/\/www.rakemonkey.com\/se\/wp-json\/wp\/v2\/media?parent=79"}],"curies":[{"name":"wp","href":"https:\/\/api.w.org\/{rel}","templated":true}]}}