{"id":81,"date":"2013-03-07T01:28:00","date_gmt":"2013-03-07T01:28:00","guid":{"rendered":"http:\/\/rakemonkey.com\/se\/?page_id=81"},"modified":"2013-03-07T01:28:00","modified_gmt":"2013-03-07T01:28:00","slug":"rake-race","status":"publish","type":"page","link":"https:\/\/www.rakemonkey.com\/se\/rake-race\/","title":{"rendered":"Rake Race"},"content":{"rendered":"<h2>Vad \u00e4r Rake Races och Chases?<\/h2>\n<p>Rake Races och Chases \u00e4r ett av m\u00e5nga s\u00e4tt vi bel\u00f6nar v\u00e5ra spelare med som har ett rakeback konto och som spelar poker. Vi vill att v\u00e5ra spelare ska vara glada s\u00e5 vi ger ut $150,000 varje m\u00e5nad i rake races och rake chases. Vi g\u00f6r det ocks\u00e5 m\u00f6jligt att ta ut sina pengar varje dag s\u00e5 du kan f\u00e5 dina pengar n\u00e4r du vill, inte endast en g\u00e5ng i m\u00e5naden som s\u00e5 m\u00e5nga andra rakeback sidor.<\/p>\n<p>Rake races \u00e4r en t\u00e4vlig d\u00e4r de b\u00e4sta 50 spelare eller s\u00e5 som tj\u00e4nar mest rake varje m\u00e5nad f\u00e5r speciella pengar priser. Det \u00e4r som en turnering d\u00e4r den spelare som har rakat mest f\u00e5r mest pengar, den som kom tv\u00e5 f\u00e5r aningen mindre osv. <\/p>\n<p>Rake chases \u00e4r liknande races men skillnaden \u00e4r att i races s\u00e5 handlar det om att komma upp i s\u00e5 h\u00f6g niv\u00e5 av rake som m\u00f6jligt. Ju h\u00f6gre niv\u00e5 du n\u00e5r ju mer f\u00e5r du betalt i slutet av m\u00e5naden. Varje niv\u00e5 har endast n\u00e5gra prispallar s\u00e5 du m\u00e5ste vara en av de f\u00f6rsta spelarna f\u00f6r att f\u00e5 priser.<\/p>\n<p>Rake races och chases se kan du se nedan, h\u00e4r ser du den totala summan av priser som ges ut varje m\u00e5nad beroende p\u00e5 poker sida. T.ex. en $21,000 rake race ger ut ett v\u00e4rde av $21,000 i priser<\/p>\n<h2>Rake Races<\/h2>\n<p><strong>$21,000 Rake Races<\/strong><\/p>\n<ul>\n<li>Ultimate Bet <\/li>\n<li>Absolute Poker <\/li>\n<li>Full Tilt Poker<\/li>\n<\/ul>\n<p><strong>$15,000 Rake Races<\/strong><\/p>\n<ul>\n<li>Cake Poker<\/li>\n<\/ul>\n<h2>Rake Chases<\/h2>\n<p><strong>$10,000 Rake Chases<\/strong><\/p>\n<ul>\n<li>Molten Poker <\/li>\n<li>Carbon Poker<\/li>\n<li>NoIQ Poker<\/li>\n<li>Aced Poker<\/li>\n<\/ul>\n<p><strong>$6,000 Rake Chases<\/strong><\/p>\n<ul>\n<li>InterPoker<\/li>\n<li>PKR Poker<\/li>\n<\/ul>\n<h2>Delta i Rake Races och Chases<\/h2>\n<p>S\u00e5 l\u00e4nge som du har ett rakeback konto hos oss genom n\u00e5gon av dessa sidor ovan s\u00e5 \u00e4r du automatiskt med i dessa rake races och chases varje m\u00e5nad. Allt du beh\u00f6ver g\u00f6ra \u00e4r att spela poker precis som du alltid har gjort, dina framsteg kommer automatiskt f\u00f6ljas.<\/p>\n<p>N\u00e4r du \u00e4r med i n\u00e5gon utav v\u00e5ra races och chases s\u00e5 kommer vi meddela dig och betala dig f\u00f6ljande m\u00e5nad. Dina rakeback pengar kommer alltid att vara tillg\u00e4ngliga men v\u00e5ra rake races och rake chase pris pengar betalas endast ut en g\u00e5ng i m\u00e5naden.<\/p>\n<h2>F\u00f6rdelar med Rake Races och Chases<\/h2>\n<p>Rake races och chases \u00e4r extremt f\u00f6rdelaktiga f\u00f6r att dem kr\u00e4ver inget extra fr\u00e5n dig mer \u00e4n det du normalt s\u00e4tt g\u00f6r: spela poker. Du f\u00e5r inte endast din rakeback utan du vinner ocks\u00e5 extra pengar genom att g\u00f6ra bra ifr\u00e5n dig i v\u00e5ra rake races och rake chases.<\/p>\n<p>N\u00e4r du \u00e4r redo att starta s\u00e5 bes\u00f6k n\u00e5gon av v\u00e5ra recensioner som vi rekommenderar. D\u00e4r igenom kan du l\u00e4sa allt om pokerrummet och hur du registrerar dig f\u00f6r rakeback. Efter det s\u00e5 har du ett rakeback konto hos oss och kan b\u00f6rja tj\u00e4na pengar p\u00e5 rakeback.<\/p>\n<p><b>**VILLKOR**<br \/>\nF\u00f6r att vara ber\u00e4ttigad till den dagliga rakeback utbetalningen och de freerolls, rake race och rake chases s\u00e5 m\u00e5ste du \u00f6ppna ett NYTT poker konto och inte ha ett konto sedan innan f\u00f6r den klienten du laddar ner idag. Har du redan ett konto sedan innan s\u00e5 \u00e4r du inte ber\u00e4ttigad till rakebacken som RakeMonkey.com erbjuder, inte heller till n\u00e5gon av de freerolls och andra erbjudanden vi erbjuder h\u00e4r p\u00e5 RakeMokey.com. Dubbla konton \u00e4r inte till\u00e5tet genom RakeMonkey &#8211; S\u00e5 va medveten om det h\u00e4r n\u00e4r du registrerar dig p\u00e5 n\u00e5gra av de poker sidor vi listar h\u00e4r.<br \/>\n<\/b><\/p>\n","protected":false},"excerpt":{"rendered":"<p>Vad \u00e4r Rake Races och Chases? Rake Races och Chases \u00e4r ett av m\u00e5nga s\u00e4tt vi bel\u00f6nar v\u00e5ra spelare med som har ett rakeback konto och som spelar poker. Vi vill att v\u00e5ra spelare ska vara glada s\u00e5 vi ger<a class=\"post-link\" href=\"https:\/\/www.rakemonkey.com\/se\/rake-race\/\"> read more&#8230;<\/a><\/p>\n","protected":false},"author":9,"featured_media":0,"parent":0,"menu_order":0,"comment_status":"closed","ping_status":"open","template":"","meta":[],"acf":[],"yoast_head":"<!-- This site is optimized with the Yoast SEO plugin v19.6.1 - https:\/\/yoast.com\/wordpress\/plugins\/seo\/ -->\n<title>Rake Races och Chases |$150,000 i Priser Varje M\u00e5nad<\/title>\n<meta name=\"description\" content=\"Hos RakeMonkey.com ger vi v\u00e5ra spelare mer bel\u00f6ningar f\u00f6r att spela i v\u00e5ra rake races och chases varje m\u00e5nad plus en freeroll p\u00e5 $5,000 varje vecka!\" \/>\n<meta name=\"robots\" content=\"index, follow, max-snippet:-1, max-image-preview:large, max-video-preview:-1\" \/>\n<link rel=\"canonical\" href=\"https:\/\/www.rakemonkey.com\/se\/rake-race\/\" \/>\n<meta property=\"og:locale\" content=\"en_US\" \/>\n<meta property=\"og:type\" content=\"article\" \/>\n<meta property=\"og:title\" content=\"Rake Races och Chases |$150,000 i Priser Varje M\u00e5nad\" \/>\n<meta property=\"og:description\" content=\"Hos RakeMonkey.com ger vi v\u00e5ra spelare mer bel\u00f6ningar f\u00f6r att spela i v\u00e5ra rake races och chases varje m\u00e5nad plus en freeroll p\u00e5 $5,000 varje vecka!\" \/>\n<meta property=\"og:url\" content=\"https:\/\/www.rakemonkey.com\/se\/rake-race\/\" \/>\n<meta property=\"og:site_name\" content=\"RakeMonkey.com\" \/>\n<meta name=\"twitter:card\" content=\"summary\" \/>\n<meta name=\"twitter:label1\" content=\"Est. reading time\" \/>\n\t<meta name=\"twitter:data1\" content=\"3 minutes\" \/>\n<script type=\"application\/ld+json\" class=\"yoast-schema-graph\">{\"@context\":\"https:\/\/schema.org\",\"@graph\":[{\"@type\":\"WebPage\",\"@id\":\"https:\/\/www.rakemonkey.com\/se\/rake-race\/\",\"url\":\"https:\/\/www.rakemonkey.com\/se\/rake-race\/\",\"name\":\"Rake Races och Chases |$150,000 i Priser Varje M\u00e5nad\",\"isPartOf\":{\"@id\":\"https:\/\/www.rakemonkey.com\/se\/#website\"},\"datePublished\":\"2013-03-07T01:28:00+00:00\",\"dateModified\":\"2013-03-07T01:28:00+00:00\",\"description\":\"Hos RakeMonkey.com ger vi v\u00e5ra spelare mer bel\u00f6ningar f\u00f6r att spela i v\u00e5ra rake races och chases varje m\u00e5nad plus en freeroll p\u00e5 $5,000 varje vecka!\",\"breadcrumb\":{\"@id\":\"https:\/\/www.rakemonkey.com\/se\/rake-race\/#breadcrumb\"},\"inLanguage\":\"en-US\",\"potentialAction\":[{\"@type\":\"ReadAction\",\"target\":[\"https:\/\/www.rakemonkey.com\/se\/rake-race\/\"]}]},{\"@type\":\"BreadcrumbList\",\"@id\":\"https:\/\/www.rakemonkey.com\/se\/rake-race\/#breadcrumb\",\"itemListElement\":[{\"@type\":\"ListItem\",\"position\":1,\"name\":\"Home\",\"item\":\"https:\/\/www.rakemonkey.com\/se\/\"},{\"@type\":\"ListItem\",\"position\":2,\"name\":\"Rake Race\"}]},{\"@type\":\"WebSite\",\"@id\":\"https:\/\/www.rakemonkey.com\/se\/#website\",\"url\":\"https:\/\/www.rakemonkey.com\/se\/\",\"name\":\"RakeMonkey.com\",\"description\":\"\",\"potentialAction\":[{\"@type\":\"SearchAction\",\"target\":{\"@type\":\"EntryPoint\",\"urlTemplate\":\"https:\/\/www.rakemonkey.com\/se\/?s={search_term_string}\"},\"query-input\":\"required name=search_term_string\"}],\"inLanguage\":\"en-US\"}]}<\/script>\n<!-- \/ Yoast SEO plugin. -->","yoast_head_json":{"title":"Rake Races och Chases |$150,000 i Priser Varje M\u00e5nad","description":"Hos RakeMonkey.com ger vi v\u00e5ra spelare mer bel\u00f6ningar f\u00f6r att spela i v\u00e5ra rake races och chases varje m\u00e5nad plus en freeroll p\u00e5 $5,000 varje vecka!","robots":{"index":"index","follow":"follow","max-snippet":"max-snippet:-1","max-image-preview":"max-image-preview:large","max-video-preview":"max-video-preview:-1"},"canonical":"https:\/\/www.rakemonkey.com\/se\/rake-race\/","og_locale":"en_US","og_type":"article","og_title":"Rake Races och Chases |$150,000 i Priser Varje M\u00e5nad","og_description":"Hos RakeMonkey.com ger vi v\u00e5ra spelare mer bel\u00f6ningar f\u00f6r att spela i v\u00e5ra rake races och chases varje m\u00e5nad plus en freeroll p\u00e5 $5,000 varje vecka!","og_url":"https:\/\/www.rakemonkey.com\/se\/rake-race\/","og_site_name":"RakeMonkey.com","twitter_card":"summary","twitter_misc":{"Est. reading time":"3 minutes"},"schema":{"@context":"https:\/\/schema.org","@graph":[{"@type":"WebPage","@id":"https:\/\/www.rakemonkey.com\/se\/rake-race\/","url":"https:\/\/www.rakemonkey.com\/se\/rake-race\/","name":"Rake Races och Chases |$150,000 i Priser Varje M\u00e5nad","isPartOf":{"@id":"https:\/\/www.rakemonkey.com\/se\/#website"},"datePublished":"2013-03-07T01:28:00+00:00","dateModified":"2013-03-07T01:28:00+00:00","description":"Hos RakeMonkey.com ger vi v\u00e5ra spelare mer bel\u00f6ningar f\u00f6r att spela i v\u00e5ra rake races och chases varje m\u00e5nad plus en freeroll p\u00e5 $5,000 varje vecka!","breadcrumb":{"@id":"https:\/\/www.rakemonkey.com\/se\/rake-race\/#breadcrumb"},"inLanguage":"en-US","potentialAction":[{"@type":"ReadAction","target":["https:\/\/www.rakemonkey.com\/se\/rake-race\/"]}]},{"@type":"BreadcrumbList","@id":"https:\/\/www.rakemonkey.com\/se\/rake-race\/#breadcrumb","itemListElement":[{"@type":"ListItem","position":1,"name":"Home","item":"https:\/\/www.rakemonkey.com\/se\/"},{"@type":"ListItem","position":2,"name":"Rake Race"}]},{"@type":"WebSite","@id":"https:\/\/www.rakemonkey.com\/se\/#website","url":"https:\/\/www.rakemonkey.com\/se\/","name":"RakeMonkey.com","description":"","potentialAction":[{"@type":"SearchAction","target":{"@type":"EntryPoint","urlTemplate":"https:\/\/www.rakemonkey.com\/se\/?s={search_term_string}"},"query-input":"required name=search_term_string"}],"inLanguage":"en-US"}]}},"_links":{"self":[{"href":"https:\/\/www.rakemonkey.com\/se\/wp-json\/wp\/v2\/pages\/81"}],"collection":[{"href":"https:\/\/www.rakemonkey.com\/se\/wp-json\/wp\/v2\/pages"}],"about":[{"href":"https:\/\/www.rakemonkey.com\/se\/wp-json\/wp\/v2\/types\/page"}],"author":[{"embeddable":true,"href":"https:\/\/www.rakemonkey.com\/se\/wp-json\/wp\/v2\/users\/9"}],"replies":[{"embeddable":true,"href":"https:\/\/www.rakemonkey.com\/se\/wp-json\/wp\/v2\/comments?post=81"}],"version-history":[{"count":0,"href":"https:\/\/www.rakemonkey.com\/se\/wp-json\/wp\/v2\/pages\/81\/revisions"}],"wp:attachment":[{"href":"https:\/\/www.rakemonkey.com\/se\/wp-json\/wp\/v2\/media?parent=81"}],"curies":[{"name":"wp","href":"https:\/\/api.w.org\/{rel}","templated":true}]}}