{"id":83,"date":"2013-03-07T01:32:05","date_gmt":"2013-03-07T01:32:05","guid":{"rendered":"http:\/\/rakemonkey.com\/se\/?page_id=83"},"modified":"2013-03-07T01:32:05","modified_gmt":"2013-03-07T01:32:05","slug":"registrerings-instruktioner","status":"publish","type":"page","link":"https:\/\/www.rakemonkey.com\/se\/registrerings-instruktioner\/","title":{"rendered":"Registrering"},"content":{"rendered":"<h2>Konto Registrering hos RakeMonkey.com<\/h2>\n<p>Att registrera sig f\u00f6r ett rakeback konto \u00e4r enkelt, endast tv\u00e5 steg.<\/p>\n<ul>\n<li>1. Bes\u00f6k n\u00e5gon av poker sidorna vi listar till v\u00e4nster och f\u00f6lj instruktionerna f\u00f6r att skapa ett konto hos pokerrummet.<\/li>\n<li>2. Efter att du skapat ditt poker konto, g\u00e5 tillbaka till recensions sidan och skriv in ditt anv\u00e4ndarnamn och email som \u00e4r kopplat till det pokerrum du nyss registrerat dig hos.<\/li>\n<\/ul>\n<p>Efter att du \u00e4r klar med dessa tv\u00e5 steg s\u00e5 kommer du f\u00e5 rakeback p\u00e5 det poker kontot. Du kommer ocks\u00e5 f\u00e5 ett email som inneh\u00e5ller ditt login namn och l\u00f6senord f\u00f6r att kunna logga in hos RakeMonkey.com. Till h\u00f6ger kan du \u201dLogga In\u201d och d\u00e4r kan du f\u00f6lja hur mycket rake du har.<\/p>\n<p>Direkt l\u00e4nken f\u00f6r att logga in ser du h\u00e4r nedan:<\/p>\n<p><a href=\"http:\/\/rakemonkey-rb.pokeraffiliatesolutions.com\/\">http:\/\/rakemonkey-rb.pokeraffiliatesolutions.com\/<\/a><\/p>\n<p>RakeMonkey.com \u00e4r driven av Poker Affiliate Solutions, detta \u00e4r den mest betrodda back-end servicen som rakeback leverant\u00f6rer som oss sj\u00e4lva anv\u00e4nder f\u00f6r att f\u00e5 detaljerad statistik fr\u00e5n varje spelare.<\/p>\n<p>Detta \u00e4r varf\u00f6r du kommer till <b>http:\/\/rakemonkey-rb.pokeraffiliatesolutions.com\/<\/b> n\u00e4r du klickar p\u00e5 logga in knappen. Skriv in ditt login namn och l\u00f6senord till h\u00f6ger p\u00e5 sidan.<\/p>\n<p>Det \u00e4r d\u00e4r du alltid loggar in n\u00e4r du vill se din rakeback statistik.<\/p>\n<p>OBS: Du ska f\u00e5 ditt email med dina login uppgifter inom 48 timmar. Om du av n\u00e5gon anledning inte skulle f\u00e5 ditt bekr\u00e4ftelse email, skicka ett email till <b>RakeMonkey@gmail.com<\/b> s\u00e5 fixar vi detta. Se till att kolla din spam box om du inte har f\u00e5tt n\u00e5got email. <\/p>\n","protected":false},"excerpt":{"rendered":"<p>Konto Registrering hos RakeMonkey.com Att registrera sig f\u00f6r ett rakeback konto \u00e4r enkelt, endast tv\u00e5 steg. 1. Bes\u00f6k n\u00e5gon av poker sidorna vi listar till v\u00e4nster och f\u00f6lj instruktionerna f\u00f6r att skapa ett konto hos pokerrummet. 2. Efter att du<a class=\"post-link\" href=\"https:\/\/www.rakemonkey.com\/se\/registrerings-instruktioner\/\"> read more&#8230;<\/a><\/p>\n","protected":false},"author":9,"featured_media":0,"parent":0,"menu_order":0,"comment_status":"closed","ping_status":"open","template":"","meta":[],"acf":[],"yoast_head":"<!-- This site is optimized with the Yoast SEO plugin v19.6.1 - https:\/\/yoast.com\/wordpress\/plugins\/seo\/ -->\n<title>RakeMonkey.com Registrerings Instruktioner | Registrera dig f\u00f6r Rakeback<\/title>\n<meta name=\"description\" content=\"Denna sida talar om exakt hur du skall g\u00e5 tillv\u00e4ga n\u00e4r du ska registrera dig f\u00f6r rakeback hos de pokerrum vi listar hos RakeMonkey.com.\" \/>\n<meta name=\"robots\" content=\"index, follow, max-snippet:-1, max-image-preview:large, max-video-preview:-1\" \/>\n<link rel=\"canonical\" href=\"https:\/\/www.rakemonkey.com\/se\/registrerings-instruktioner\/\" \/>\n<meta property=\"og:locale\" content=\"en_US\" \/>\n<meta property=\"og:type\" content=\"article\" \/>\n<meta property=\"og:title\" content=\"RakeMonkey.com Registrerings Instruktioner | Registrera dig f\u00f6r Rakeback\" \/>\n<meta property=\"og:description\" content=\"Denna sida talar om exakt hur du skall g\u00e5 tillv\u00e4ga n\u00e4r du ska registrera dig f\u00f6r rakeback hos de pokerrum vi listar hos RakeMonkey.com.\" \/>\n<meta property=\"og:url\" content=\"https:\/\/www.rakemonkey.com\/se\/registrerings-instruktioner\/\" \/>\n<meta property=\"og:site_name\" content=\"RakeMonkey.com\" \/>\n<meta name=\"twitter:card\" content=\"summary\" \/>\n<meta name=\"twitter:label1\" content=\"Est. reading time\" \/>\n\t<meta name=\"twitter:data1\" content=\"1 minute\" \/>\n<script type=\"application\/ld+json\" class=\"yoast-schema-graph\">{\"@context\":\"https:\/\/schema.org\",\"@graph\":[{\"@type\":\"WebPage\",\"@id\":\"https:\/\/www.rakemonkey.com\/se\/registrerings-instruktioner\/\",\"url\":\"https:\/\/www.rakemonkey.com\/se\/registrerings-instruktioner\/\",\"name\":\"RakeMonkey.com Registrerings Instruktioner | Registrera dig f\u00f6r Rakeback\",\"isPartOf\":{\"@id\":\"https:\/\/www.rakemonkey.com\/se\/#website\"},\"datePublished\":\"2013-03-07T01:32:05+00:00\",\"dateModified\":\"2013-03-07T01:32:05+00:00\",\"description\":\"Denna sida talar om exakt hur du skall g\u00e5 tillv\u00e4ga n\u00e4r du ska registrera dig f\u00f6r rakeback hos de pokerrum vi listar hos RakeMonkey.com.\",\"breadcrumb\":{\"@id\":\"https:\/\/www.rakemonkey.com\/se\/registrerings-instruktioner\/#breadcrumb\"},\"inLanguage\":\"en-US\",\"potentialAction\":[{\"@type\":\"ReadAction\",\"target\":[\"https:\/\/www.rakemonkey.com\/se\/registrerings-instruktioner\/\"]}]},{\"@type\":\"BreadcrumbList\",\"@id\":\"https:\/\/www.rakemonkey.com\/se\/registrerings-instruktioner\/#breadcrumb\",\"itemListElement\":[{\"@type\":\"ListItem\",\"position\":1,\"name\":\"Home\",\"item\":\"https:\/\/www.rakemonkey.com\/se\/\"},{\"@type\":\"ListItem\",\"position\":2,\"name\":\"Registrering\"}]},{\"@type\":\"WebSite\",\"@id\":\"https:\/\/www.rakemonkey.com\/se\/#website\",\"url\":\"https:\/\/www.rakemonkey.com\/se\/\",\"name\":\"RakeMonkey.com\",\"description\":\"\",\"potentialAction\":[{\"@type\":\"SearchAction\",\"target\":{\"@type\":\"EntryPoint\",\"urlTemplate\":\"https:\/\/www.rakemonkey.com\/se\/?s={search_term_string}\"},\"query-input\":\"required name=search_term_string\"}],\"inLanguage\":\"en-US\"}]}<\/script>\n<!-- \/ Yoast SEO plugin. -->","yoast_head_json":{"title":"RakeMonkey.com Registrerings Instruktioner | Registrera dig f\u00f6r Rakeback","description":"Denna sida talar om exakt hur du skall g\u00e5 tillv\u00e4ga n\u00e4r du ska registrera dig f\u00f6r rakeback hos de pokerrum vi listar hos RakeMonkey.com.","robots":{"index":"index","follow":"follow","max-snippet":"max-snippet:-1","max-image-preview":"max-image-preview:large","max-video-preview":"max-video-preview:-1"},"canonical":"https:\/\/www.rakemonkey.com\/se\/registrerings-instruktioner\/","og_locale":"en_US","og_type":"article","og_title":"RakeMonkey.com Registrerings Instruktioner | Registrera dig f\u00f6r Rakeback","og_description":"Denna sida talar om exakt hur du skall g\u00e5 tillv\u00e4ga n\u00e4r du ska registrera dig f\u00f6r rakeback hos de pokerrum vi listar hos RakeMonkey.com.","og_url":"https:\/\/www.rakemonkey.com\/se\/registrerings-instruktioner\/","og_site_name":"RakeMonkey.com","twitter_card":"summary","twitter_misc":{"Est. reading time":"1 minute"},"schema":{"@context":"https:\/\/schema.org","@graph":[{"@type":"WebPage","@id":"https:\/\/www.rakemonkey.com\/se\/registrerings-instruktioner\/","url":"https:\/\/www.rakemonkey.com\/se\/registrerings-instruktioner\/","name":"RakeMonkey.com Registrerings Instruktioner | Registrera dig f\u00f6r Rakeback","isPartOf":{"@id":"https:\/\/www.rakemonkey.com\/se\/#website"},"datePublished":"2013-03-07T01:32:05+00:00","dateModified":"2013-03-07T01:32:05+00:00","description":"Denna sida talar om exakt hur du skall g\u00e5 tillv\u00e4ga n\u00e4r du ska registrera dig f\u00f6r rakeback hos de pokerrum vi listar hos RakeMonkey.com.","breadcrumb":{"@id":"https:\/\/www.rakemonkey.com\/se\/registrerings-instruktioner\/#breadcrumb"},"inLanguage":"en-US","potentialAction":[{"@type":"ReadAction","target":["https:\/\/www.rakemonkey.com\/se\/registrerings-instruktioner\/"]}]},{"@type":"BreadcrumbList","@id":"https:\/\/www.rakemonkey.com\/se\/registrerings-instruktioner\/#breadcrumb","itemListElement":[{"@type":"ListItem","position":1,"name":"Home","item":"https:\/\/www.rakemonkey.com\/se\/"},{"@type":"ListItem","position":2,"name":"Registrering"}]},{"@type":"WebSite","@id":"https:\/\/www.rakemonkey.com\/se\/#website","url":"https:\/\/www.rakemonkey.com\/se\/","name":"RakeMonkey.com","description":"","potentialAction":[{"@type":"SearchAction","target":{"@type":"EntryPoint","urlTemplate":"https:\/\/www.rakemonkey.com\/se\/?s={search_term_string}"},"query-input":"required name=search_term_string"}],"inLanguage":"en-US"}]}},"_links":{"self":[{"href":"https:\/\/www.rakemonkey.com\/se\/wp-json\/wp\/v2\/pages\/83"}],"collection":[{"href":"https:\/\/www.rakemonkey.com\/se\/wp-json\/wp\/v2\/pages"}],"about":[{"href":"https:\/\/www.rakemonkey.com\/se\/wp-json\/wp\/v2\/types\/page"}],"author":[{"embeddable":true,"href":"https:\/\/www.rakemonkey.com\/se\/wp-json\/wp\/v2\/users\/9"}],"replies":[{"embeddable":true,"href":"https:\/\/www.rakemonkey.com\/se\/wp-json\/wp\/v2\/comments?post=83"}],"version-history":[{"count":0,"href":"https:\/\/www.rakemonkey.com\/se\/wp-json\/wp\/v2\/pages\/83\/revisions"}],"wp:attachment":[{"href":"https:\/\/www.rakemonkey.com\/se\/wp-json\/wp\/v2\/media?parent=83"}],"curies":[{"name":"wp","href":"https:\/\/api.w.org\/{rel}","templated":true}]}}