{"id":89,"date":"2013-07-03T09:10:52","date_gmt":"2013-07-03T09:10:52","guid":{"rendered":"http:\/\/rakemonkey.com\/se\/?page_id=89"},"modified":"2017-08-01T06:38:26","modified_gmt":"2017-08-01T06:38:26","slug":"poker-rakeback","status":"publish","type":"page","link":"https:\/\/www.rakemonkey.com\/se\/","title":{"rendered":"Poker Rakeback"},"content":{"rendered":"<h3>F\u00f6r Spelare, Av Spelare<\/h3>\n<p>RakeMonkey skapades utav online pokerspelare och om v\u00e5r erfarenhet har l\u00e4rt oss n\u00e5got s\u00e5 \u00e4r det att rakeback \u00e4r viktigt. Vilken t\u00e4vlingsinriktad poker spelare som helst vet att det inte finns n\u00e5gra s\u00e4kerheter n\u00e4r det g\u00e4ller korten man f\u00e5r. M\u00e5nga sessioner slutar v\u00e4l, men ibland kommer en nedg\u00e5ng som kan f\u00e5 spelaren ur balans och bankrullen att sjunka. Men en sak \u00e4r s\u00e4ker, rakeback kommer hj\u00e4lpa din bankrulle och g\u00f6ra nedg\u00e5ngarna enklare att handskas med.<\/p>\n<p>Hos RakeMonkey s\u00e5 erbjuder vi dagliga utbetalningar f\u00f6r vi f\u00f6rst\u00e5r att man aldrig kan veta n\u00e4r sin bankrulle beh\u00f6ver st\u00f6djas av sina h\u00e5rt f\u00f6rtj\u00e4nade rakeback pengar. Rake racet \u00e4r en extra bonus f\u00f6r dem dedikerade pokerspelarna som \u00e4r villiga att l\u00e4gga ner de timmar som kr\u00e4vs f\u00f6r att lyckas i denna poker v\u00e4rld. Detta \u00e4r n\u00e5got som vi respekterar och tycker att ni f\u00f6rtj\u00e4nar f\u00f6rutom den rakeback vi ger till alla v\u00e5ra medlemmar. Vi f\u00f6rst\u00e5r hur spelare t\u00e4nker, och vi \u00e4r h\u00e4r f\u00f6r att ge det som har hj\u00e4lpt oss i v\u00e5ra karri\u00e4rer.<\/p>\n<p>&nbsp;<\/p>\n<p><a href=\"http:\/\/rakemonkey.com\/se\/registrerings-instruktioner\/\"><span style=\"color: red\"><strong>Starta din bankrulle NU \u2013 F\u00e5 din Rakeback nu.<\/strong><\/span><\/a><\/p>\n","protected":false},"excerpt":{"rendered":"<p>F\u00f6r Spelare, Av Spelare RakeMonkey skapades utav online pokerspelare och om v\u00e5r erfarenhet har l\u00e4rt oss n\u00e5got s\u00e5 \u00e4r det att rakeback \u00e4r viktigt. Vilken t\u00e4vlingsinriktad poker spelare som helst vet att det inte finns n\u00e5gra s\u00e4kerheter n\u00e4r det g\u00e4ller<a class=\"post-link\" href=\"https:\/\/www.rakemonkey.com\/se\/\"> read more&#8230;<\/a><\/p>\n","protected":false},"author":9,"featured_media":0,"parent":0,"menu_order":0,"comment_status":"closed","ping_status":"open","template":"startpage.php","meta":[],"acf":[],"yoast_head":"<!-- This site is optimized with the Yoast SEO plugin v19.6.1 - https:\/\/yoast.com\/wordpress\/plugins\/seo\/ -->\n<title>RakeMonkey.com \u2013 B\u00e4sta Poker Sidorna och VIP programmen 2026<\/title>\n<meta name=\"robots\" content=\"index, follow, max-snippet:-1, max-image-preview:large, max-video-preview:-1\" \/>\n<link rel=\"canonical\" href=\"https:\/\/www.rakemonkey.com\/se\/\" \/>\n<meta property=\"og:locale\" content=\"en_US\" \/>\n<meta property=\"og:type\" content=\"article\" \/>\n<meta property=\"og:title\" content=\"RakeMonkey.com \u2013 B\u00e4sta Poker Sidorna och VIP programmen 2026\" \/>\n<meta property=\"og:description\" content=\"F\u00f6r Spelare, Av Spelare RakeMonkey skapades utav online pokerspelare och om v\u00e5r erfarenhet har l\u00e4rt oss n\u00e5got s\u00e5 \u00e4r det att rakeback \u00e4r viktigt. Vilken t\u00e4vlingsinriktad poker spelare som helst vet att det inte finns n\u00e5gra s\u00e4kerheter n\u00e4r det g\u00e4ller read more...\" \/>\n<meta property=\"og:url\" content=\"https:\/\/www.rakemonkey.com\/se\/\" \/>\n<meta property=\"og:site_name\" content=\"RakeMonkey.com\" \/>\n<meta property=\"article:modified_time\" content=\"2017-08-01T06:38:26+00:00\" \/>\n<meta name=\"twitter:card\" content=\"summary\" \/>\n<meta name=\"twitter:label1\" content=\"Est. reading time\" \/>\n\t<meta name=\"twitter:data1\" content=\"1 minute\" \/>\n<script type=\"application\/ld+json\" class=\"yoast-schema-graph\">{\"@context\":\"https:\/\/schema.org\",\"@graph\":[{\"@type\":\"WebPage\",\"@id\":\"https:\/\/www.rakemonkey.com\/se\/\",\"url\":\"https:\/\/www.rakemonkey.com\/se\/\",\"name\":\"RakeMonkey.com \u2013 B\u00e4sta Poker Sidorna och VIP programmen 2026\",\"isPartOf\":{\"@id\":\"https:\/\/www.rakemonkey.com\/se\/#website\"},\"datePublished\":\"2013-07-03T09:10:52+00:00\",\"dateModified\":\"2017-08-01T06:38:26+00:00\",\"breadcrumb\":{\"@id\":\"https:\/\/www.rakemonkey.com\/se\/#breadcrumb\"},\"inLanguage\":\"en-US\",\"potentialAction\":[{\"@type\":\"ReadAction\",\"target\":[\"https:\/\/www.rakemonkey.com\/se\/\"]}]},{\"@type\":\"BreadcrumbList\",\"@id\":\"https:\/\/www.rakemonkey.com\/se\/#breadcrumb\",\"itemListElement\":[{\"@type\":\"ListItem\",\"position\":1,\"name\":\"Home\",\"item\":\"https:\/\/www.rakemonkey.com\/se\/\"},{\"@type\":\"ListItem\",\"position\":2,\"name\":\"Poker Rakeback\"}]},{\"@type\":\"WebSite\",\"@id\":\"https:\/\/www.rakemonkey.com\/se\/#website\",\"url\":\"https:\/\/www.rakemonkey.com\/se\/\",\"name\":\"RakeMonkey.com\",\"description\":\"\",\"potentialAction\":[{\"@type\":\"SearchAction\",\"target\":{\"@type\":\"EntryPoint\",\"urlTemplate\":\"https:\/\/www.rakemonkey.com\/se\/?s={search_term_string}\"},\"query-input\":\"required name=search_term_string\"}],\"inLanguage\":\"en-US\"}]}<\/script>\n<!-- \/ Yoast SEO plugin. -->","yoast_head_json":{"title":"RakeMonkey.com \u2013 B\u00e4sta Poker Sidorna och VIP programmen 2026","robots":{"index":"index","follow":"follow","max-snippet":"max-snippet:-1","max-image-preview":"max-image-preview:large","max-video-preview":"max-video-preview:-1"},"canonical":"https:\/\/www.rakemonkey.com\/se\/","og_locale":"en_US","og_type":"article","og_title":"RakeMonkey.com \u2013 B\u00e4sta Poker Sidorna och VIP programmen 2026","og_description":"F\u00f6r Spelare, Av Spelare RakeMonkey skapades utav online pokerspelare och om v\u00e5r erfarenhet har l\u00e4rt oss n\u00e5got s\u00e5 \u00e4r det att rakeback \u00e4r viktigt. Vilken t\u00e4vlingsinriktad poker spelare som helst vet att det inte finns n\u00e5gra s\u00e4kerheter n\u00e4r det g\u00e4ller read more...","og_url":"https:\/\/www.rakemonkey.com\/se\/","og_site_name":"RakeMonkey.com","article_modified_time":"2017-08-01T06:38:26+00:00","twitter_card":"summary","twitter_misc":{"Est. reading time":"1 minute"},"schema":{"@context":"https:\/\/schema.org","@graph":[{"@type":"WebPage","@id":"https:\/\/www.rakemonkey.com\/se\/","url":"https:\/\/www.rakemonkey.com\/se\/","name":"RakeMonkey.com \u2013 B\u00e4sta Poker Sidorna och VIP programmen 2026","isPartOf":{"@id":"https:\/\/www.rakemonkey.com\/se\/#website"},"datePublished":"2013-07-03T09:10:52+00:00","dateModified":"2017-08-01T06:38:26+00:00","breadcrumb":{"@id":"https:\/\/www.rakemonkey.com\/se\/#breadcrumb"},"inLanguage":"en-US","potentialAction":[{"@type":"ReadAction","target":["https:\/\/www.rakemonkey.com\/se\/"]}]},{"@type":"BreadcrumbList","@id":"https:\/\/www.rakemonkey.com\/se\/#breadcrumb","itemListElement":[{"@type":"ListItem","position":1,"name":"Home","item":"https:\/\/www.rakemonkey.com\/se\/"},{"@type":"ListItem","position":2,"name":"Poker Rakeback"}]},{"@type":"WebSite","@id":"https:\/\/www.rakemonkey.com\/se\/#website","url":"https:\/\/www.rakemonkey.com\/se\/","name":"RakeMonkey.com","description":"","potentialAction":[{"@type":"SearchAction","target":{"@type":"EntryPoint","urlTemplate":"https:\/\/www.rakemonkey.com\/se\/?s={search_term_string}"},"query-input":"required name=search_term_string"}],"inLanguage":"en-US"}]}},"_links":{"self":[{"href":"https:\/\/www.rakemonkey.com\/se\/wp-json\/wp\/v2\/pages\/89"}],"collection":[{"href":"https:\/\/www.rakemonkey.com\/se\/wp-json\/wp\/v2\/pages"}],"about":[{"href":"https:\/\/www.rakemonkey.com\/se\/wp-json\/wp\/v2\/types\/page"}],"author":[{"embeddable":true,"href":"https:\/\/www.rakemonkey.com\/se\/wp-json\/wp\/v2\/users\/9"}],"replies":[{"embeddable":true,"href":"https:\/\/www.rakemonkey.com\/se\/wp-json\/wp\/v2\/comments?post=89"}],"version-history":[{"count":0,"href":"https:\/\/www.rakemonkey.com\/se\/wp-json\/wp\/v2\/pages\/89\/revisions"}],"wp:attachment":[{"href":"https:\/\/www.rakemonkey.com\/se\/wp-json\/wp\/v2\/media?parent=89"}],"curies":[{"name":"wp","href":"https:\/\/api.w.org\/{rel}","templated":true}]}}